{"id":572,"date":"2012-04-24T02:13:33","date_gmt":"2012-04-24T02:13:33","guid":{"rendered":"https:\/\/sacod.ufpr.br\/ppgdesign\/?page_id=572"},"modified":"2012-04-24T02:27:21","modified_gmt":"2012-04-24T02:27:21","slug":"acomodacao","status":"publish","type":"page","link":"https:\/\/sacod.ufpr.br\/ppgdesign\/infraestrutura-2\/acomodacao\/","title":{"rendered":"<!--:en-->Accomodation<!--:--><!--:pt-->Acomoda\u00e7\u00e3o<!--:-->"},"content":{"rendered":"<p><!--:pt-->Abaixo est\u00e3o as dicas e informa\u00e7\u00f5es de moradia para estudantes em Curitiba: \u2022 A CASA DA ESTUDANTE UNIVERSIT\u00c1RIA DE CURITIBA (CEUC) Entidade Filantr\u00f3pica, acolhe estudantes do sexo FEMININO de todo o Brasil, que estejam matriculadas na UFPR, disp\u00f5e-se a alojar, em per\u00edodos de f\u00e9rias, candidatas na \u00e9poca do Processo Seletivo (Vestibular). A casa oferece, para as alojadas, caf\u00e9 da manh\u00e3 e instala\u00e7\u00f5es apropriadas para o estudo. Informe-se sobre a reserva. Rua Gal. Carneiro, 360 &#8211; 80060-150 &#8211; Curitiba, PR &#8211; Tel (41) 264-6244 \u2022 A FUNDA\u00c7\u00c3O CASA DO ESTUDANTE UNIVERSIT\u00c1RIO (CEU) Desde 1950 a CEU presta servi\u00e7os \u00e0 comunidade paranaense, hospedando estudantes universit\u00e1rios das diversas \u00e1reas, com toda infra-estrutura necess\u00e1ria. A casa oferece, para os alojados, caf\u00e9 da manh\u00e3 e instala\u00e7\u00f5es apropriadas para o estudo. Informe-se sobre a reserva. Rua Luis Le\u00e3o, 1 &#8211; 80030-010 &#8211; Curitiba, PR &#8211; Tel (41) 222-4911 \u2022 LAR DA ACAD\u00caMICA DE CURITIBA (LAC) Entidade filantr\u00f3pica que acolhe universit\u00e1rias n\u00e3o domiciliadas em Curitiba. A casa oferece instala\u00e7\u00f5es apropriadas para o estudo. Informe-se sobre a reserva. Rua Dr. Salvador de Maio, 81 (Jardim Bot\u00e2nico) &#8211; 80215-350 &#8211; Curitiba, PR &#8211; Tel (41) 262-2633 \u2022 CASA DO ESTUDANTE LUTERANO UNIVERSIT\u00c1RIO (CELU) Entidade filantr\u00f3pica, h\u00e1 33 anos presta servi\u00e7os \u00e0 comunidade paranaense. Al\u00e9m de oferecer moradia a estudantes universit\u00e1rios, disp\u00f5e de toda infra-estrutura para oferecer alojamento para vestibulandos de ambos os sexos. A casa oferece caf\u00e9 da manh\u00e3 e ambientes preparados para o estudo, al\u00e9m da localiza\u00e7\u00e3o estrat\u00e9gica no centro de Curitiba, com f\u00e1cil acesso aos locais de prova. Maiores informa\u00e7\u00f5es podem ser adquiridas na rua presidente Carlos Cavalcanti, 239, centro, Curitiba, 80.020-280 ou pelo telefone (41) 324-3313.<!--:--><\/p>\n","protected":false},"excerpt":{"rendered":"<p>Abaixo est\u00e3o as dicas e informa\u00e7\u00f5es de moradia para estudantes em Curitiba: \u2022 A CASA DA ESTUDANTE UNIVERSIT\u00c1RIA DE CURITIBA (CEUC) Entidade Filantr\u00f3pica, acolhe estudantes do sexo FEMININO de todo o Brasil, que estejam matriculadas na UFPR, disp\u00f5e-se a alojar, &hellip; <a href=\"https:\/\/sacod.ufpr.br\/ppgdesign\/infraestrutura-2\/acomodacao\/\">&#8230;<\/a><\/p>\n","protected":false},"author":66,"featured_media":0,"parent":274,"menu_order":5,"comment_status":"open","ping_status":"closed","template":"","meta":{"_acf_changed":false,"ngg_post_thumbnail":0,"footnotes":""},"class_list":["post-572","page","type-page","status-publish","hentry"],"acf":[],"_links":{"self":[{"href":"https:\/\/sacod.ufpr.br\/ppgdesign\/wp-json\/wp\/v2\/pages\/572","targetHints":{"allow":["GET"]}}],"collection":[{"href":"https:\/\/sacod.ufpr.br\/ppgdesign\/wp-json\/wp\/v2\/pages"}],"about":[{"href":"https:\/\/sacod.ufpr.br\/ppgdesign\/wp-json\/wp\/v2\/types\/page"}],"author":[{"embeddable":true,"href":"https:\/\/sacod.ufpr.br\/ppgdesign\/wp-json\/wp\/v2\/users\/66"}],"replies":[{"embeddable":true,"href":"https:\/\/sacod.ufpr.br\/ppgdesign\/wp-json\/wp\/v2\/comments?post=572"}],"version-history":[{"count":9,"href":"https:\/\/sacod.ufpr.br\/ppgdesign\/wp-json\/wp\/v2\/pages\/572\/revisions"}],"predecessor-version":[{"id":575,"href":"https:\/\/sacod.ufpr.br\/ppgdesign\/wp-json\/wp\/v2\/pages\/572\/revisions\/575"}],"up":[{"embeddable":true,"href":"https:\/\/sacod.ufpr.br\/ppgdesign\/wp-json\/wp\/v2\/pages\/274"}],"wp:attachment":[{"href":"https:\/\/sacod.ufpr.br\/ppgdesign\/wp-json\/wp\/v2\/media?parent=572"}],"curies":[{"name":"wp","href":"https:\/\/api.w.org\/{rel}","templated":true}]}}