{"id":50,"date":"2011-11-08T17:57:18","date_gmt":"2011-11-08T17:57:18","guid":{"rendered":"https:\/\/sacod.ufpr.br\/ppgdesign\/?page_id=50"},"modified":"2012-02-12T11:51:24","modified_gmt":"2012-02-12T11:51:24","slug":"publicacoes","status":"publish","type":"page","link":"https:\/\/sacod.ufpr.br\/ppgdesign\/publicacoes\/","title":{"rendered":"<!--:en-->Publications<!--:--><!--:pt-->Publica\u00e7\u00f5es<!--:-->"},"content":{"rendered":"<p><!--:pt--><strong>PERI\u00d3DICOS<\/strong><\/p>\n<p>ABBONIZIO, M. ; FONTOURA, A. M. . Reflex\u00f5es sobre as interven\u00e7\u00f5es de design no Artesanato sob a \u00f3tica dos C\u00edrculos de Cultura de Paulo Freire. Estudos em Design (Online), v. 18, p. 2617-2626, 2010.<\/p>\n<p>Araujo, Edmilson ; OKIMOTO, M. L. L. R. . REVIS\u00c3O DA APLICA\u00c7\u00c3O DE PRODUTOS BIOPOL\u00cdMEROS OBTIDOS PELA RECICLAGEM DE PL\u00c1STICOS EM DESIGN. Revista Iberoamericana de Pol\u00edmeros, v. V10(5), p. 244-259, 2009.<\/p>\n<p>BALBINOT, G. ; GONTIJO, L. A. ; OKIMOTO, M. L. L. R. . A MULTIDISCIPLINARIDADE EM BUSCA DOS DIREITOS FUNDAMENTAIS DOS PROFISSIONAIS DA IND\u00daSTRIA : UMA REVIS\u00c3O TE\u00d3RICO-PR\u00c1TICO SOBRE O TEMA. Cadernos da Escola de Neg\u00f3cios da UniBrasil, v. V6, p. 1-21, 2008.<\/p>\n<p>OKIMOTO, M. L. L. R. ; GUEDES, W. M. . Procedimento para a avalia\u00e7\u00e3o quantitativa de usabilidade em pain\u00e9is de instrumentos. REVISTA D: design, educa\u00e7\u00e3o, sociedade e sustentabilidade, v. 1, p. 81-100, 2007.<\/p>\n<p>CARDOZO, M. A. ; KISTMANN, V. B. . Modulariza\u00e7\u00e3o e design na ind\u00fastria automotiva: O caso do modelo Fox da Volkswagen do Brasil. Revista Produ\u00e7\u00e3o Online, v. 9, p. 146-169, 2009.<\/p>\n<p>CHAVES, Liliane Iten . Design for Sustainability: a methodological approach for the introduction of environmental requirements in the furniture sector. Product (IGDP), v. 6, p. 167-171, 2008.<\/p>\n<p>CHAVES, Liliane Iten . DESIGN PARA A SUSTENTABILIDADE AMBIENTAL: ESTRAT\u00c9GIAS, M\u00c9TODOS E FERRAMENTAS DE DESIGN PARA O SETOR DE M\u00d3VEIS. Estudos em Design (Online), v. 18.1, p. 4, 2010.<\/p>\n<p>COSTA JUNIOR, J. ; PEREIRA, J. V. I. ; ZACAR, C. R. H. ; ENRICONI, A. M. ; GOMES, N. S. ; SANTOS, A. . Sistema Produto+Servi\u00e7o para o cozinhar sustent\u00e1vel: Estudo de Caso Projeto Monno. Revista Projetica, v. 1, p. 155-171, 2010.<\/p>\n<p>EL MARGHANI, Viviane Gaspar Ribas ; TANURE, RAFFAELA ; MONTEIRO, F. C. . AVALIA\u00c7\u00c3O DO MOBILI\u00c1RIO URBANO COM \u00caNFASE NA ACESSIBILIDADE. A\u00e7\u00e3o Ergon\u00f4mica, v. 5, p. 27-34, 2010.<\/p>\n<p>FONTOURA, A. M. ; ZACAR, C. R. H. . Blobjects. ABC Design, v. 1, p. 14-16, 2009.<\/p>\n<p>FONTOURA, A. M. ; ZACAR, C. R. H. . Quando o design mexe com a gente. ABC Design, v. 1, p. 3-32, 2008.<\/p>\n<p>TEIXIERIA, E. R. ; OKIMOTO, M. L. L. R. ; GONTIJO, L. A. . Indice the Levantamento da Equa\u00e7\u00e3o do Niosh e Lombalgia. Revista Produ\u00e7\u00e3o Online, v. 11, p. 735-756, 2011.<\/p>\n<p>FUJITA, P. T. ; SPINILLO, C. G. . Design da informa\u00e7\u00e3o em bulas de medicamento: an\u00e1lise e classifica\u00e7\u00e3o da estrutura e apresenta\u00e7\u00e3o gr\u00e1fica de seu conte\u00fado textual.. Infodesign (SBDI. Online), v. 3, p. 01-10, 2008.<\/p>\n<p>GIACOMINI, J. ; SANTOS, A. . Implica\u00e7\u00f5es dos conceitos da sustentabilidade no design: uma revis\u00e3o cr\u00edtica. Revista Tecnologia &amp; Sociedade, v. 08, p. 1-13, 2009.<\/p>\n<p>GIACOMINI, J. ; SANTOS, A. . O conceito de sistemas produto-servi\u00e7o: um estudo introdut\u00f3rio. MIG Revista Cient\u00edfica de Design, v. 3, p. 81-86, 2009.<\/p>\n<p>GODOI, K. A. ; PADOVANI, S. . Avalia\u00e7\u00e3o de material did\u00e1tico digital centrada no usu\u00e1rio: uma investiga\u00e7\u00e3o de instrumentos pass\u00edveis de utiliza\u00e7\u00e3o por professores. Produ\u00e7\u00e3o (S\u00e3o Paulo. Impresso), v. 19, p. 445-457, 2009.<\/p>\n<p>GODOI, K. A. ; PADOVANI, S. . Instrumentos avaliativos de software educativo: uma investiga\u00e7\u00e3o de sua utiliza\u00e7\u00e3o por professores. Estudos em Design (Online), v. 19, p. 01-23, 2011.<\/p>\n<p>GODOI, K. A. ; PADOVANI, S. . Proposta de diretrizes para o desenvolvimento de instrumentos avaliativos para software educativo. Infodesign (SBDI. Online), v. 07, p. 01-18, 2011.<\/p>\n<p>HEEMANN, A. ; PEREIRA, J. C. . O Futuro sob a \u00d3tica do Design de Produtos: tend\u00eancia de sustentabilidade e responsabilidade social. MIG Revista Cient\u00edfica de Design, v. 2, p. 30-34, 2008.<\/p>\n<p>KISTMANN, V. B. . Do feij\u00e3o com arroz ao blini de arroz com pat\u00e9 apimentado de feij\u00e3o. ABC Design, v. 18, p. 01-<\/p>\n<p>KR\u00dcGER, E. ; OKIMOTO, M. L. L. R. ; MARCHI, S. . INFLU\u00caNCIA DA COR DAS PAREDES E DO LAYOUT DAS ABERTURAS NO APROVEITAMENTO DA LUZ NATURAL DO AMBIENTE. Estudos em Design (Online), v. 16, p. 1-26, 2009.<\/p>\n<p>KUPCZIK, V. ; PADOVANI, S. . Avalia\u00e7\u00e3o de usabilidade das interfaces dos sites brasileiros de mobile banking para iPhone. Revista Arcos (ESDI\/UERJ), v. 5, p. 55-68, 2009.<\/p>\n<p>Lepre, P. ; OKIMOTO, M. L. L. R. ; SANTOS, Aguinaldo dos . A IMPORT\u00c2NCIA DA ERGONOMIA E USABILIDADE NO PARADIGMA DA SUSTENTABILIDADE E DE SUAS FERRAMENTAS PARA O DESIGN SUSTENT\u00c1VEL. A\u00e7\u00e3o Ergon\u00f4mica, v. 5, p. 46-51, 2010.<\/p>\n<p>LEPRE, P. R. ; OKIMOTO, Maria Lucia Leite Ribeiro ; SANTOS, A. . A import\u00e2ncia da ergonomia e usabilidade no paradigma da sustentabilidade e suas ferramentas para o design sustent\u00e1vel. A\u00e7\u00e3o Ergon\u00f4mica, v. 5, p. 46-51, 2010.<\/p>\n<p>LOPES, M. O. ; SPINILLO, C. G. . Estudo experimental de leitura de uma bula de medicamentos, transcrita para o Sistema Braille, por usu\u00e1rios portadores de cegueira.. Infodesign (SBDI), v. 5, p. 11-20, 2008.<\/p>\n<p>MOURA, D. ; PADOVANI, S. . Aux\u00edlios \u00e0 orienta\u00e7\u00e3o e \u00e0 navega\u00e7\u00e3o: uma compara\u00e7\u00e3o entre ambientes f\u00edsicos e ambientes virtuais. Estudos em Design, v. 14, p. 09-32, 2006.<\/p>\n<p>OKIMOTO, M. L. L. R. ; MARCHI, S. R. . A cor no ambiente do trabalho. Estudos em Design, v. 1, p. 1, 2006.<\/p>\n<p>SCARIOT, C. ; HEEMANN, A. ; PADOVANI, S. . Understanding the collaborative-participatory design. Work: A Journal of Prevention, Assessment and Rehabilitation, v. 41, p. 2701-2705, 2012.<\/p>\n<p>OKIMOTO, M. L. L. R. ; TEIXEIRA, E . Proposed procedures for measuring the lifting task variables required by the Revised NIOSH Lifting Equation A case study. International Journal of Industrial Ergonomics , v. 39, p. 15-22, 2009.<\/p>\n<p>PADOVANI, S. . Navega\u00e7\u00e3o em hiperm\u00eddia: efeitos do uso de met\u00e1foras, ferramentas de aux\u00edlio \u00e0 navega\u00e7\u00e3o e restri\u00e7\u00e3o de tempo.. Estudos em Design, v. 15, p. 09-27, 2007.<\/p>\n<p>PADOVANI, S. ; PECE, C. A. Z. . Aprendizagem colaborativa impulsionando o desenvolvimento de disserta\u00e7\u00f5es de mestrado em design: uma proposta did\u00e1tico-metodol\u00f3gica. Revista Design em Foco (Salvador. Impresso), Salvador, v. 3, n. 1, p. 63-79, 2006.<\/p>\n<p>PADOVANI, S. ; SMYTHE, K. C. A. S. . Avalia\u00e7\u00e3o de representa\u00e7\u00f5es gr\u00e1ficas utilizadas em m\u00e9todos de an\u00e1lise da tarefa. A\u00e7\u00e3o Ergon\u00f4mica, v. 05, p. 19-26, 2010.<\/p>\n<p>PADOVANI, S. ; SPINILLO, C. ; MATA, I. . Desenvolvimento e aplica\u00e7\u00e3o de modelo descritivo-normativo para an\u00e1lise de websites. Produ\u00e7\u00e3o (S\u00e3o Paulo. Impresso), v. 19, p. 514-528, 2009.<\/p>\n<p>PADOVANI, S. ; SPINILLO, C. G. ; MATA, I. . Desenvolvimento e aplica\u00e7\u00e3o de modelo descritivo-normativo para an\u00e1lise de websites.. Produ\u00e7\u00e3o (S\u00e3o Paulo. Impresso), v. 19, p. 514-528, 2009.<\/p>\n<p>PADOVANI, S. ; SPINILLO, C. G. ; MATA, I. . Desenvolvimento e aplica\u00e7\u00e3o de modelo descritivo-normativo para an\u00e1lise de websites.. Revista Produ\u00e7\u00e3o Online, v. 19, p. 514-528, 2009.<\/p>\n<p>PADOVANI, S. ; VELOZO, J. . Melhorando a usabilidade de mapas de navega\u00e7\u00e3o em hipertextos atrav\u00e9s de t\u00e9cnicas gr\u00e1ficas de diferencia\u00e7\u00e3o. Infodesign (SBDI), v. 2, p. 40-51, 2007.<\/p>\n<p>PECE, C. A. Z. ; PADOVANI, S. ; COUTINHO, S. ; ALMEIDA, S. F. M. . Diretrizes de projeto de fam\u00edlia tipogr\u00e1fica para nota\u00e7\u00f5es de engenharia. Estudos em Design (Impresso), v. 16, p. 29-56, 2010.<\/p>\n<p>PECE, C. A. Z. ; PADOVANI, S. ; MAFIOLETTI, D. ; GALEB, A. C. ; PARANHOS, P. . Desenvolvimento de material did\u00e1tico instrucional para geometria descritiva: uma experi\u00eancia de design participativo. Infodesign (SBDI. Online), v. 06, p. 01-16, 2009.<\/p>\n<p>PECE, C. A. Z. ; PADOVANI, S. ; SPINILLO, C. . Proposta de m\u00e9todo para avalia\u00e7\u00e3o dos aspectos gr\u00e1fico-informacionais de nota\u00e7\u00f5es de engenharia. A\u00e7\u00e3o Ergon\u00f4mica, v. 3, p. 59-65, 2010.<\/p>\n<p>PODLASEK, C. L. ; AGUDELO, L. P. P. ; SILVA, R. R. ; CASAGRANDE JUNIOR, E. F. ; LIMA, E. G. ; CHAVES, Liliane Iten . A abordagem ambiental em cursos de gradua\u00e7\u00e3o em design: as considera\u00e7\u00f5es do Minist\u00e9rio de Educa\u00e7\u00e3o e Cultura e os m\u00e9todos de quatro escolas do sul do Brasil. Revista Educa\u00e7\u00e3o &amp; Tecnologia (Curitiba), v. Esp., p. 77-92, 2009.<\/p>\n<p>RAZERA, Dalton Luiz ; SANTOS, A. . Compress\u00e3o a Frio de Produtos Moldados a Base de Res\u00edduos de Madeira como Alternativa para a Manufatura Sustent\u00e1vel no Setor Florestal. Estudos em Design (Impresso), v. 16, p. 1-16, 2009.<\/p>\n<p>SANTOS, A. . The strategic use of sustainable design: A case study on a large corporation. Strategic Design Research Journal, v. 2, p. 83-87, 2009.<\/p>\n<p>SANTOS, A. ; Fukushima, N. . Vantagem competitiva atrav\u00e9s do design sustent\u00e1vel. MIG Revista Cient\u00edfica de Design, v. 3, p. 105-110, 2009.<\/p>\n<p>SANTOS, A. ; Jaeger-Erben, Melanie ; Santos, Aguinaldo . Leapfrogging to Sustainable Consumption? An Explorative Survey of Consumption Habits and Orientations in Southern Brazil. Journal of Consumer Policy, p. 1-22, 2011.<\/p>\n<p>SANTOS, A. ; Kr\u00e4mer, A. ; Vezzoli . Design Brings Innovation to the Base of the Pyramid. Design Management Review, v. 20, p. 83-89, 2009.<\/p>\n<p>SANTOS, A. ; LEPRE, P. R. . Implica\u00e7\u00f5es da sustentabilidade no escopo de atua\u00e7\u00e3o do design. Estudos em Design (Impresso), v. 16, p. 1-13, 2009.<\/p>\n<p>SANTOS, A. ; RAZERA, Dalton Luiz ; SAMPAIO, Cl\u00e1udio Pereira de . O uso das formas de Wucius Wong na gera\u00e7\u00e3o de alternativas para aproveitamento de res\u00edduos de rochas ornamentais. Revista Design em Foco (Salvador), v. IV, p. 125-134, 2008.<\/p>\n<p>SANTOS, A. ; ROCHA, C. ; LEPRE, P. R. . &#8216;The Design of Do-It-Yourself Solution as a Strategy for Improving Living Standards within Low-income Houses. Journal of Construction on Developing Countries, v. 15, p. 1-13, 2010.<\/p>\n<p>SANTOS, A. ; SAMPAIO, Claudio Pereira ; Vezzoli . Cascade Approach on Recycling for Marble and Granit Product Design. Materials and Design , v. ?, p. 1, 2008.<\/p>\n<p>SANTOS, A. ; Vezzoli ; MORAIS JUNIOR, Devani de . Linking lean production and design for sustainability on the issue of waste reduction. Product (IGDP), v. 6, p. 2-135, 2008.<\/p>\n<p>SOMMAVILLA, A. C. C. ; PADOVANI, S. . Avalia\u00e7\u00e3o de mapas de transporte coletivo em terminais urbanos de \u00f4nibus da cidade de Curitiba. Infodesign (SBDI. Online), v. 06, p. 24-27, 2009.<\/p>\n<p>SOUZA, J. M. B. ; DYSON, M. . Are animated demonstrations the clearest and most comfortable way to communicate on-screen instructions?. Information Design Journal, v. 16, p. 107-124, 2<\/p>\n<p>SPINILLO, C. ; PADOVANI, S. ; LANZONI, C. . Ergonomia informacional em bulas de medicamentos e na tarefa de uso: um estudo sobre f\u00e1rmaco em suspens\u00e3o oral. A\u00e7\u00e3o Ergon\u00f4mica, v. 05, p. 02-10, 2010.<\/p>\n<p>SPINILLO, C. G. . Editorial: Visualiza\u00e7\u00e3o da informa\u00e7\u00e3o e im(ex)press\u00f5es de usu\u00e1rios no uso e desenvolvimento de projetos em design da informa\u00e7\u00e3o. Infodesign (SBDI. Online), v. 6, p. 1-5, 2009.<\/p>\n<p>SPINILLO, C. G. ; FARIAS, P. . Editorial: Design da informa\u00e7\u00e3o em medicamentos.. Infodesign (SBDI), v. 5, p. 1-1, 2008.<\/p>\n<p>SPINILLO, C. G. ; FARIAS, P. . Editorial: Tipografia e Design da informa\u00e7\u00e3o. S\u00e3o Paulo: Sociedade Brasileira de Design da Informa\u00e7\u00e3o, 2007.. Infodesign (SBDI. Online), v. 1, p. 1-2, 2007.<\/p>\n<p>SPINILLO, C. G. ; FARIAS, P. . Editorial: Web, jogos, virtualidade e design participativo: abordagens e contribui\u00e7\u00f5es em design da informa\u00e7\u00e3o. Infodesign (SBDI. Online), v. 6, p. 1-4, 2009.<\/p>\n<p>SPINILLO, C. G. ; FUJITA, P. T. . DIY furniture for social interest housing: a study on assembling a cardboard bench in Brazil. Journal TIES &#8211; Theoretical Issues in Ergonomics Science, v. 01, p. 135-145, 2011.<\/p>\n<p>SPINILLO, C. G. ; PADOVANI, S. ; LANZONI, C. . ERGONOMIA INFORMACIONAL EM BULAS DE MEDICAMENTOS E NA TAREFA DE USO: um estudo sobre f\u00e1rmaco em suspens\u00e3o oral. A\u00e7\u00e3o Ergon\u00f4mica, v. 5, p. 02-10, 2010.<\/p>\n<p>&nbsp;<\/p>\n<p><strong>PARA A LISTAGEM COMPLETA DE PUBLICA\u00c7\u00d5ES CONSULTAR O CURR\u00cdCULO LATTES DOS PROFESSORES:<\/strong><\/p>\n<p>Prof. Dr. Aguinaldo dos Santos &#8211;\u00a0<a href=\"http:\/\/buscatextual.cnpq.br\/buscatextual\/visualizacv.do?id=B667088\">http:\/\/buscatextual.cnpq.br\/buscatextual\/visualizacv.do?id=B667088<\/a><\/p>\n<p>Prof. Dr. Dalton Luiz Razera &#8211;\u00a0<a href=\"http:\/\/buscatextual.cnpq.br\/buscatextual\/visualizacv.do?id=P66907\">http:\/\/buscatextual.cnpq.br\/buscatextual\/visualizacv.do?id=P66907<\/a><\/p>\n<p>Prof. Dr. Alexandre Vieira Pelegrini &#8211;\u00a0<a href=\"http:\/\/buscatextual.cnpq.br\/buscatextual\/visualizacv.do?id=N313613\">http:\/\/buscatextual.cnpq.br\/buscatextual\/visualizacv.do?id=N313613<\/a><\/p>\n<p>Profa. Dra. Carla Galv\u00e3o Spinillo &#8211;\u00a0<a href=\"http:\/\/buscatextual.cnpq.br\/buscatextual\/visualizacv.do?id=E288213\">http:\/\/buscatextual.cnpq.br\/buscatextual\/visualizacv.do?id=E288213<\/a><\/p>\n<p>Profa. Dra. Viviane Gaspar Ribas El Marghani &#8211;\u00a0<a href=\"http:\/\/buscatextual.cnpq.br\/buscatextual\/visualizacv.do?id=B533411\">http:\/\/buscatextual.cnpq.br\/buscatextual\/visualizacv.do?id=B533411<\/a><\/p>\n<p>Profa. Dra. Liliane Iten Chavs &#8211;\u00a0<a href=\"http:\/\/buscatextual.cnpq.br\/buscatextual\/visualizacv.do?id=N703757\">http:\/\/buscatextual.cnpq.br\/buscatextual\/visualizacv.do?id=N703757<\/a><\/p>\n<p>Prof. Dr. Adriano Heemann &#8211;\u00a0<a href=\"http:\/\/buscatextual.cnpq.br\/buscatextual\/visualizacv.do?id=N129408\">http:\/\/buscatextual.cnpq.br\/buscatextual\/visualizacv.do?id=N129408<\/a><\/p>\n<p>Prof. Dr. Antonio Martiniano Fontoura &#8211;\u00a0<a href=\"http:\/\/buscatextual.cnpq.br\/buscatextual\/visualizacv.do?id=N028688\">http:\/\/buscatextual.cnpq.br\/buscatextual\/visualizacv.do?id=N028688<\/a><\/p>\n<p>Profa. Dra. Maria Lucia Ribeiro Okimoto &#8211;\u00a0<a href=\"http:\/\/buscatextual.cnpq.br\/buscatextual\/visualizacv.do?id=B602636\">http:\/\/buscatextual.cnpq.br\/buscatextual\/visualizacv.do?id=B602636<\/a><\/p>\n<p>Profa. Dra. Stephania Padovani &#8211;\u00a0<a href=\"http:\/\/buscatextual.cnpq.br\/buscatextual\/visualizacv.do?id=B007168\">http:\/\/buscatextual.cnpq.br\/buscatextual\/visualizacv.do?id=B007168<\/a><\/p>\n<p>Prof. Dr. Andr\u00e9 Luiz Battaiola &#8211;\u00a0<a href=\"http:\/\/buscatextual.cnpq.br\/buscatextual\/visualizacv.do?id=W47530\">http:\/\/buscatextual.cnpq.br\/buscatextual\/visualizacv.do?id=W47530<\/a><\/p>\n<p>Prof. Dr. Jos\u00e9 Marconi Bezerra de Souza &#8211;\u00a0<a href=\"http:\/\/buscatextual.cnpq.br\/buscatextual\/visualizacv.do?id=E262107\">http:\/\/buscatextual.cnpq.br\/buscatextual\/visualizacv.do?id=E262107<\/a><\/p>\n<p>Profa. Dra.\u00a0Virginia Souza de Carvalho Borges Kistmann &#8211;\u00a0<a href=\"http:\/\/buscatextual.cnpq.br\/buscatextual\/visualizacv.do?id=P83259\">http:\/\/buscatextual.cnpq.br\/buscatextual\/visualizacv.do?id=P83259<\/a><\/p>\n<p>&nbsp;<\/p>\n<p><strong>DISSERTA\u00c7\u00d5ES<\/strong><\/p>\n<ul>\n<li>\n<div>\n<div><a href=\"http:\/\/dspace.c3sl.ufpr.br\/dspace\/handle\/1884\/26092\">Tipografia para livro de literatura infantil<\/a><\/div>\n<div>Louren\u00e7o, Daniel Alvares\u00a0(2011-09-05)<\/div>\n<\/div>\n<\/li>\n<li>\n<div>\n<div><a href=\"http:\/\/dspace.c3sl.ufpr.br\/dspace\/handle\/1884\/25992\">Quatro C\u00eas: uma proposta de modelo conceitual para ambientes virtuais de aprendizagem em EdaDe<\/a><\/div>\n<div>Mazzarotto Filho, Marco Andr\u00e9\u00a0(2011-08-23)<\/div>\n<\/div>\n<\/li>\n<li>\n<div>\n<div><a href=\"http:\/\/dspace.c3sl.ufpr.br\/dspace\/handle\/1884\/25983\">Design experimental em websites p\u00f3s-modernos<\/a><\/div>\n<div>Catapam, Leandro Tadeu\u00a0(2011-08-23)<\/div>\n<\/div>\n<\/li>\n<li>\n<div>\n<div><a href=\"http:\/\/dspace.c3sl.ufpr.br\/dspace\/handle\/1884\/25809\">Protocolo de avalia\u00e7\u00e3o expedita para determina\u00e7\u00e3o de prioridades sociais para o processo de desenvolvimento de produtos.<\/a><\/div>\n<div>Prado, Gheysa Caroline\u00a0(2011-06-28)<\/div>\n<\/div>\n<\/li>\n<li>\n<div>\n<div><a href=\"http:\/\/dspace.c3sl.ufpr.br\/dspace\/handle\/1884\/25574\">A inclus\u00e3o da EdaDe nos livros did\u00e1ticos de 4\u00ba ano do ensino fundamental da escolas p\u00fablicas<\/a><\/div>\n<div>Egg, Silmara Simone Takazaki\u00a0(2011-05-06)<\/div>\n<\/div>\n<\/li>\n<li>\n<div>\n<div><a href=\"http:\/\/dspace.c3sl.ufpr.br\/dspace\/handle\/1884\/25017\">As for\u00e7as da gest\u00e3o do design nos n\u00edveis estrat\u00e9tigo, t\u00e1tico e operacional<\/a><\/div>\n<div>Silva, Sandra de Brito da\u00a0(2012-01-23)<\/div>\n<\/div>\n<\/li>\n<li>\n<div>\n<div><a href=\"http:\/\/dspace.c3sl.ufpr.br\/dspace\/handle\/1884\/24662\">Estudo da aplica\u00e7\u00e3o de comp\u00f3sito madeira\/pl\u00e1stico em gabinete de eletrodom\u00e9sticos &#8220;linha branca&#8221;<\/a><\/div>\n<div>Veroneze, S\u00f4nia Maria Assun\u00e7\u00e3o\u00a0(2010-10-22)<\/div>\n<\/div>\n<\/li>\n<li>\n<div>\n<div><a href=\"http:\/\/dspace.c3sl.ufpr.br\/dspace\/handle\/1884\/24524\">Proposta de bula de medicamentos em braille direcionada ao usu\u00e1rio cego<\/a><\/div>\n<div>Lopes, Maria Olinda\u00a0(2010-10-15)<\/div>\n<\/div>\n<\/li>\n<li>\n<div>\n<div><a href=\"http:\/\/dspace.c3sl.ufpr.br\/dspace\/handle\/1884\/24073\">Jogos eletr\u00f4nicos educativos<\/a><\/div>\n<div>Aguiar, Michelle Pereira de\u00a0(2010-07-07)<\/div>\n<\/div>\n<\/li>\n<li>\n<div>\n<div><a href=\"http:\/\/dspace.c3sl.ufpr.br\/dspace\/handle\/1884\/24072\">Lou\u00e7a Sanit\u00e1ria Verde<\/a><\/div>\n<div>Nascimento, Leonardo de Santos\u00a0(2010-07-07)<\/div>\n<\/div>\n<\/li>\n<li>\n<div>\n<div><a href=\"http:\/\/dspace.c3sl.ufpr.br\/dspace\/handle\/1884\/24071\">O design da interface como facilitador ao professor na utiliza\u00e7\u00e3o de ambientes virtuais de aprendizagem<\/a><\/div>\n<div>Kuntz, Viviane Helena\u00a0(2010-07-07)<\/div>\n<\/div>\n<\/li>\n<li>\n<div>\n<div><a href=\"http:\/\/dspace.c3sl.ufpr.br\/dspace\/handle\/1884\/24070\">Diretrizes para o design de sistema produto-servi\u00e7o voltado ao trabalho remoto<\/a><\/div>\n<div>Silva, Jucelia Salete Giacomini da\u00a0(2010-07-07)<\/div>\n<\/div>\n<\/li>\n<li>\n<div>\n<div><a href=\"http:\/\/dspace.c3sl.ufpr.br\/dspace\/handle\/1884\/24068\">Uma proposta de diretrizes para inser\u00e7\u00e3o da sustentabilidade em cursos superiores de design gr\u00e1fico<\/a><\/div>\n<div>Smythe Junior, Nelson Luis\u00a0(2010-06-30)<\/div>\n<\/div>\n<\/li>\n<li>\n<div>\n<div><a href=\"http:\/\/dspace.c3sl.ufpr.br\/dspace\/handle\/1884\/23736\">A imagem &#8211; texto no ensino aprendizagem de lingua estrangeira<\/a><\/div>\n<div>Paiva, Rodrigo Calatrone\u00a0(2010-05-28)<\/div>\n<\/div>\n<\/li>\n<li>\n<div>\n<div><a href=\"http:\/\/dspace.c3sl.ufpr.br\/dspace\/handle\/1884\/22956\">Pesquisa explorat\u00f3ria sobre avalia\u00e7\u00e3o ergon\u00f4mica de interfaces de sites de Mobile Banking brasileiras para iphone<\/a><\/div>\n<div>Kupczik, Vanessa\u00a0(2010-04-30)<\/div>\n<\/div>\n<\/li>\n<li>\n<div>\n<div><a href=\"http:\/\/dspace.c3sl.ufpr.br\/dspace\/handle\/1884\/22333\">Design e flexibilidade<\/a><\/div>\n<div>Zacar, Cl\u00e1udia Regina Hasegawa\u00a0(2010-03-18)<\/div>\n<\/div>\n<\/li>\n<li>\n<div>\n<div><a href=\"http:\/\/dspace.c3sl.ufpr.br\/dspace\/handle\/1884\/22364\">Educa\u00e7\u00e3o atrav\u00e9s do design e as pr\u00e1ticas educacionais sobre consumo sustent\u00e1vel no ensino fundamental p\u00fablico de Curitiba<\/a><\/div>\n<div>Gomes, Liziane Regina, 1983-\u00a0(2010-03-12)<\/div>\n<\/div>\n<\/li>\n<li>\n<div>\n<div><a href=\"http:\/\/dspace.c3sl.ufpr.br\/dspace\/handle\/1884\/21097\">Aproxima\u00e7\u00e3o te\u00f3rica das interven\u00e7\u00f5es de design no artesanato com os princ\u00edpios pedag\u00f3gicos de Paulo Freire<\/a><\/div>\n<div>Abbonizio, Marco Aur\u00e9lio de Oliveira\u00a0(2010-01-06)<\/div>\n<\/div>\n<\/li>\n<li>\n<div>\n<div><a href=\"http:\/\/dspace.c3sl.ufpr.br\/dspace\/handle\/1884\/20931\">Dimens\u00e3o social do design sustent\u00e1vel<\/a><\/div>\n<div>Fukushima, Naotake\u00a0(2010-01-06)<\/div>\n<\/div>\n<\/li>\n<li>\n<div>\n<div><a href=\"http:\/\/dspace.c3sl.ufpr.br\/dspace\/handle\/1884\/20937\">Investiga\u00e7\u00e3o da aplicabilidade da TAE.web-u (T\u00e9cnica de Avalia\u00e7\u00e3o Est\u00e9tica de websites por usu\u00e1rios) no contexto dos desenvolvedores de websites<\/a><\/div>\n<div>Porto, Marcos Pereira\u00a0(2009-11-11)<\/div>\n<\/div>\n<\/li>\n<li>\n<div>\n<div><a href=\"http:\/\/dspace.c3sl.ufpr.br\/dspace\/handle\/1884\/20213\">An\u00e1lise gr\u00e1fica de receitas m\u00e9dicas<\/a><\/div>\n<div>Martins, Ricardo Alexandre Leite\u00a0(2009-11-10)<\/div>\n<\/div>\n<\/li>\n<li>\n<div>\n<div><a href=\"http:\/\/dspace.c3sl.ufpr.br\/dspace\/handle\/1884\/19080\">Diretrizes para o design de embalagens em papelao ondulado movimentadas entre empresas com base em sistemas produto-servi\u00e7o<\/a><\/div>\n<div>Sampaio, Claudio Pereira de\u00a0(2009-07-13)<\/div>\n<\/div>\n<\/li>\n<li>\n<div>\n<div><a href=\"http:\/\/dspace.c3sl.ufpr.br\/dspace\/handle\/1884\/18336\">Analise da apresenta\u00e7\u00e3o grafica do conteudo textual da bula de medicamento na perspectiva de leitura do paciente em contexto de uso<\/a><\/div>\n<div>Fujita, Patricia Tiemi Lopes\u00a0(2009-06-29)<\/div>\n<\/div>\n<\/li>\n<li>\n<div>\n<div><a href=\"http:\/\/dspace.c3sl.ufpr.br\/dspace\/handle\/1884\/18366\">Tendencias<\/a><\/div>\n<div>Jayme, Maria Emilia Mendes\u00a0(2009-06-24)<\/div>\n<\/div>\n<\/li>\n<li>\n<div>\n<div><a href=\"http:\/\/dspace.c3sl.ufpr.br\/dspace\/handle\/1884\/17860\">Gest\u00e3o de design e artesanato<\/a><\/div>\n<div>Carniatto, Izamara Vanessa\u00a0(2009-06-24)<\/div>\n<\/div>\n<\/li>\n<li>\n<div>\n<div><a href=\"http:\/\/dspace.c3sl.ufpr.br\/dspace\/handle\/1884\/18444\">Diretrizes para aplica\u00e7\u00e3o de dispositivos poka-yoke no design de monili\u00e1rio<\/a><\/div>\n<div>Lepre, Priscilla Ramalho (2009-06-24)<\/div>\n<\/div>\n<\/li>\n<li>\n<div>\n<div><a href=\"http:\/\/dspace.c3sl.ufpr.br\/dspace\/handle\/1884\/18180\">Design (tipo) gr\u00e1fico e Semi\u00f3tica<\/a><\/div>\n<div>Brisolara, Daniela Velleda\u00a0(2009-06-22)<\/div>\n<\/div>\n<\/li>\n<li>\n<div>\n<div><a href=\"http:\/\/dspace.c3sl.ufpr.br\/dspace\/handle\/1884\/17862\">Valida\u00e7\u00e3o participativa de instrumentos avaliativos de software educativo por professores do ensino fundamental e m\u00e9dio<\/a><\/div>\n<div>Godoi, Katia Alexandra de\u00a0(2009-06-08)<\/div>\n<\/div>\n<\/li>\n<li>\n<div>\n<div><a href=\"http:\/\/dspace.c3sl.ufpr.br\/dspace\/handle\/1884\/17653\">O uso do gr\u00e9s no design cer\u00e2mico de embalagens para cosm\u00e9ticos \/<\/a><\/div>\n<div>Silva, Alice Maria Ribeiro da\u00a0(2008)<\/div>\n<\/div>\n<\/li>\n<li>\n<div>\n<div><a href=\"http:\/\/dspace.c3sl.ufpr.br\/dspace\/handle\/1884\/16739\">A inser\u00e7\u0103o da usabilidade ao Design de Produtos \/<\/a><\/div>\n<div>Tanure, Raffaela Leane Zenni\u00a0(2008)<\/div>\n<\/div>\n<\/li>\n<li>\n<div>\n<div><a href=\"http:\/\/dspace.c3sl.ufpr.br\/dspace\/handle\/1884\/16709\">Arquitetura como fator de intera\u00e7\u0103o no design de museus virtuais \/<\/a><\/div>\n<div>Telma, Talita Christine Pacheco\u00a0(2008)<\/div>\n<\/div>\n<\/li>\n<\/ul>\n<p>&nbsp;<!--:--><\/p>\n","protected":false},"excerpt":{"rendered":"<p>PERI\u00d3DICOS ABBONIZIO, M. ; FONTOURA, A. M. . Reflex\u00f5es sobre as interven\u00e7\u00f5es de design no Artesanato sob a \u00f3tica dos C\u00edrculos de Cultura de Paulo Freire. Estudos em Design (Online), v. 18, p. 2617-2626, 2010. Araujo, Edmilson ; OKIMOTO, M. &hellip; <a href=\"https:\/\/sacod.ufpr.br\/ppgdesign\/publicacoes\/\">&#8230;<\/a><\/p>\n","protected":false},"author":1,"featured_media":0,"parent":0,"menu_order":0,"comment_status":"open","ping_status":"open","template":"","meta":{"_acf_changed":false,"ngg_post_thumbnail":0,"footnotes":""},"class_list":["post-50","page","type-page","status-publish","hentry"],"acf":[],"_links":{"self":[{"href":"https:\/\/sacod.ufpr.br\/ppgdesign\/wp-json\/wp\/v2\/pages\/50","targetHints":{"allow":["GET"]}}],"collection":[{"href":"https:\/\/sacod.ufpr.br\/ppgdesign\/wp-json\/wp\/v2\/pages"}],"about":[{"href":"https:\/\/sacod.ufpr.br\/ppgdesign\/wp-json\/wp\/v2\/types\/page"}],"author":[{"embeddable":true,"href":"https:\/\/sacod.ufpr.br\/ppgdesign\/wp-json\/wp\/v2\/users\/1"}],"replies":[{"embeddable":true,"href":"https:\/\/sacod.ufpr.br\/ppgdesign\/wp-json\/wp\/v2\/comments?post=50"}],"version-history":[{"count":4,"href":"https:\/\/sacod.ufpr.br\/ppgdesign\/wp-json\/wp\/v2\/pages\/50\/revisions"}],"predecessor-version":[{"id":488,"href":"https:\/\/sacod.ufpr.br\/ppgdesign\/wp-json\/wp\/v2\/pages\/50\/revisions\/488"}],"wp:attachment":[{"href":"https:\/\/sacod.ufpr.br\/ppgdesign\/wp-json\/wp\/v2\/media?parent=50"}],"curies":[{"name":"wp","href":"https:\/\/api.w.org\/{rel}","templated":true}]}}