{"id":5,"date":"2011-11-01T17:26:19","date_gmt":"2011-11-01T17:26:19","guid":{"rendered":"https:\/\/sacod.ufpr.br\/ppgdesign\/?page_id=5"},"modified":"2018-02-20T17:20:45","modified_gmt":"2018-02-20T20:20:45","slug":"apresentacao","status":"publish","type":"page","link":"https:\/\/sacod.ufpr.br\/ppgdesign\/apresentacao\/","title":{"rendered":"<!--:en-->Presentation<!--:--><!--:pt-->Apresenta\u00e7\u00e3o<!--:-->"},"content":{"rendered":"<p><!--:en--><\/p>\n<div style=\"text-align: left\">Programa de P\u00f3s-Gradua\u00e7\u00e3o em Design \u00a0<a href=\"http:\/\/conteudoweb.capes.gov.br\/conteudoweb\/ProjetoRelacaoCursosServlet?acao=detalhamentoIes&amp;codigoPrograma=40001016053P0&amp;descricaoGrandeArea=CI%CANCIAS+SOCIAIS+APLICADAS++++++++++++++++++++++++++++++++++&amp;descricaoAreaConhecimento=DESENHO+INDUSTRIAL\">reconhecido pela CAPES com nota 4<\/a>.<\/div>\n<ul style=\"text-align: left\">\n<li><span style=\"font-size: 13px\">Curso de Mestrado em Design (dura\u00e7\u00e3o de at\u00e9 24 meses)<\/span><\/li>\n<li><span style=\"font-size: 13px\">Curso de Doutorado em Design (dura\u00e7\u00e3o de 36 at\u00e9 48 meses)<\/span><\/li>\n<li><span style=\"font-size: 13px\">Est\u00e1gios de P\u00f3s-Doutorado (dura\u00e7\u00e3o vari\u00e1vel)<\/span><\/li>\n<\/ul>\n<p style=\"text-align: left\">Hor\u00e1rio das aulas:\u00a0segunda-feira \u00e0 sexta-feira das 14:00h \u00e0s 18:00h<\/p>\n<p style=\"text-align: left\"><strong>Coordenador<\/strong>: Prof. Dr. Andr\u00e9 Luiz Battaiola<\/p>\n<p style=\"text-align: left\"><strong>Vice-Coordenador: <\/strong>Prof. Dr. Ronaldo de Oliveira Corr\u00eaa<\/p>\n<p style=\"text-align: left\"><strong>Secret\u00e1ria:<\/strong> Lucimara B. M. Albuquerque<\/p>\n<p style=\"text-align: left\"><span style=\"font-size: 13px\">E-mail: ppgdesign@ufpr.br \u00a0 <\/span><\/p>\n<p style=\"text-align: left\"><span style=\"font-size: 13px\">Telefone: (41) 3360-5238<\/span><\/p>\n<p><!--:--><\/p>\n","protected":false},"excerpt":{"rendered":"<p>Programa de P\u00f3s-Gradua\u00e7\u00e3o em Design \u00a0reconhecido pela CAPES com nota 4. Curso de Mestrado em Design (dura\u00e7\u00e3o de at\u00e9 24 meses) Curso de Doutorado em Design (dura\u00e7\u00e3o de 36 at\u00e9 48 meses) Est\u00e1gios de P\u00f3s-Doutorado (dura\u00e7\u00e3o vari\u00e1vel) Hor\u00e1rio das aulas:\u00a0segunda-feira &hellip; <a href=\"https:\/\/sacod.ufpr.br\/ppgdesign\/apresentacao\/\">&#8230;<\/a><\/p>\n","protected":false},"author":5,"featured_media":0,"parent":0,"menu_order":0,"comment_status":"open","ping_status":"open","template":"","meta":{"_acf_changed":false,"ngg_post_thumbnail":0,"footnotes":""},"class_list":["post-5","page","type-page","status-publish","hentry"],"acf":[],"_links":{"self":[{"href":"https:\/\/sacod.ufpr.br\/ppgdesign\/wp-json\/wp\/v2\/pages\/5","targetHints":{"allow":["GET"]}}],"collection":[{"href":"https:\/\/sacod.ufpr.br\/ppgdesign\/wp-json\/wp\/v2\/pages"}],"about":[{"href":"https:\/\/sacod.ufpr.br\/ppgdesign\/wp-json\/wp\/v2\/types\/page"}],"author":[{"embeddable":true,"href":"https:\/\/sacod.ufpr.br\/ppgdesign\/wp-json\/wp\/v2\/users\/5"}],"replies":[{"embeddable":true,"href":"https:\/\/sacod.ufpr.br\/ppgdesign\/wp-json\/wp\/v2\/comments?post=5"}],"version-history":[{"count":13,"href":"https:\/\/sacod.ufpr.br\/ppgdesign\/wp-json\/wp\/v2\/pages\/5\/revisions"}],"predecessor-version":[{"id":2690,"href":"https:\/\/sacod.ufpr.br\/ppgdesign\/wp-json\/wp\/v2\/pages\/5\/revisions\/2690"}],"wp:attachment":[{"href":"https:\/\/sacod.ufpr.br\/ppgdesign\/wp-json\/wp\/v2\/media?parent=5"}],"curies":[{"name":"wp","href":"https:\/\/api.w.org\/{rel}","templated":true}]}}