{"id":402,"date":"2011-12-14T21:47:34","date_gmt":"2011-12-14T21:47:34","guid":{"rendered":"https:\/\/sacod.ufpr.br\/ppgdesign\/?page_id=402"},"modified":"2019-01-21T14:35:19","modified_gmt":"2019-01-21T16:35:19","slug":"download","status":"publish","type":"page","link":"https:\/\/sacod.ufpr.br\/ppgdesign\/download\/","title":{"rendered":"<!--:en-->Download<!--:--><!--:pt-->Download<!--:-->"},"content":{"rendered":"<p><!--:en--><!--:--><\/p>\n<p style=\"text-align: left\"><span style=\"color: #000000\"><strong>EDITAIS:<\/strong><\/span><\/p>\n<p>&nbsp;<\/p>\n<p style=\"text-align: left\"><span style=\"color: #000000\"><strong>MATR\u00cdCULA NO MESTRADO E NO DOUTORADO:<\/strong>&nbsp;Para alunos regulares exclusivamente pelo SIGA e para alunos especiais atrav\u00e9s de requerimento.<\/span><\/p>\n<p>Per\u00edodo de matr\u00edcula nas disciplinas regulares do 1\u00ba trimestre de 2019: de <strong>04\/03 a 08\/03\/2019<\/strong>.<\/p>\n<p>In\u00edcio das aulas do 1\u00ba trimestre de 2019: <strong>11\/03\/2019<\/strong><\/p>\n<p>Prazo para trancamento de matr\u00edcula em disciplinas do 1\u00ba trimestre: .<\/p>\n<p style=\"text-align: left\"><span style=\"color: #0000ff\"><a style=\"color: #0000ff\" href=\"https:\/\/sacod.ufpr.br\/ppgdesign\/wp-content\/uploads\/sites\/6\/2013\/08\/CURRICULO-DO-PPGDESIGN-2013.pdf\" target=\"_blank\" rel=\"noopener\">Curr\u00edculo Geral do PPGDesign<\/a><\/span><\/p>\n<p><span style=\"color: #0000ff\"><a style=\"color: #0000ff\" href=\"https:\/\/sacod.ufpr.br\/ppgdesign\/wp-content\/uploads\/sites\/6\/2019\/01\/MATR\u00cdCULA-2019-site-2.pdf\" target=\"_blank\" rel=\"noopener\">Instru\u00e7\u00f5es para Matr\u00edcula \u2013 Turma 2019<\/a><\/span><\/p>\n<p style=\"text-align: left\"><span style=\"color: #0000ff\"><span style=\"color: #000000\"><span style=\"color: #0000ff\"><a style=\"color: #0000ff\" href=\"https:\/\/sacod.ufpr.br\/ppgdesign\/wp-content\/uploads\/sites\/6\/2019\/01\/Previsao-Disciplinas-2019-v1.pdf\" target=\"_blank\" rel=\"noopener\">Previs\u00e3o de Disciplinas 2019<\/a><\/span>&nbsp;vers\u00e3o&nbsp;1 (sujeito a altera\u00e7\u00e3o)<\/span><\/span><\/p>\n<p><span style=\"color: #0000ff\">Requerimento de matr\u00edcula alunos especiais para as disciplinas do 1\u00ba trimestre de 2019<\/span><\/p>\n<p style=\"text-align: left\"><strong style=\"font-size: 13px\">INFORMA\u00c7\u00d5ES PARA PLANEJAMENTO:<\/strong><\/p>\n<p><span style=\"color: #0000ff\"><a style=\"color: #0000ff\" href=\"https:\/\/sacod.ufpr.br\/ppgdesign\/wp-content\/uploads\/sites\/6\/2011\/12\/PLANO-ESTRAT\u00c9GICO-DE-AFASTAMENTO-PARA-CAPACITA\u00c7\u00c3O-2014-2024.pdf\">Plano Estrat\u00e9gico de Afastamento para Capacita\u00e7\u00e3o 2014-2024<\/a> <\/span><\/p>\n<p style=\"text-align: left\"><span style=\"color: #0000ff\"><a style=\"color: #0000ff\" href=\"https:\/\/sacod.ufpr.br\/ppgdesign\/wp-content\/uploads\/sites\/6\/2011\/12\/RELA\u00c7\u00c3O-DE-PERI\u00d3DICOS-RELEVANTES-NO-COMIT\u00ca-DA-CAPES-PARA-A-\u00c1REA-DE.pdf\">Rela\u00e7\u00e3o de Peri\u00f3dicos Relevantes ao Design &#8211; CAPES<\/a><\/span><\/p>\n<p style=\"text-align: left\"><span style=\"color: #0000ff\"><a style=\"color: #0000ff\" href=\"https:\/\/sacod.ufpr.br\/ppgdesign\/wp-content\/uploads\/sites\/6\/2019\/01\/Agendamento-de-Defesas-e-Qualifica\u00e7\u00f5es-2019-1.pdf\">Agendamento de Defesas e Qualifica\u00e7\u00f5es 2019<\/a><\/span><\/p>\n<p><strong>RESOLU\u00c7\u00d5ES:<\/strong><\/p>\n<p style=\"text-align: left\"><span style=\"color: #0000ff\"><a style=\"color: #0000ff\" href=\"https:\/\/sacod.ufpr.br\/ppgdesign\/wp-content\/uploads\/sites\/6\/2011\/12\/Regimento-PPGDesign-2016-Resolucao-01_2017.pdf\">Regimento do PPGDesign 01_2017<\/a><\/span><\/p>\n<p style=\"text-align: left\"><span style=\"color: #0000ff\"><a style=\"color: #0000ff\" href=\"https:\/\/sacod.ufpr.br\/ppgdesign\/wp-content\/uploads\/sites\/6\/2011\/12\/1.Res_.-32-17-CEPE-Normas-para-o-curso-de-P\u00f3s-Gradua\u00e7\u00e3o-stricto-sensu.pdf\">Resolu\u00e7\u00e3o 32\/17 CEPE &#8211; Normas gerais para os cursos de p\u00f3s-gradua\u00e7\u00e3o stricto sensu da UFPR<\/a><\/span><\/p>\n<p style=\"text-align: left\"><span style=\"color: #0000ff\"><a style=\"color: #0000ff\" href=\"https:\/\/sacod.ufpr.br\/ppgdesign\/wp-content\/uploads\/sites\/6\/2011\/12\/Regulamento_Portaria_CAPES_76_Bolsistas.pdf\">Resolu\u00e7\u00e3o da CAPES para Bolsistas<\/a><\/span><\/p>\n<p style=\"text-align: left\"><span style=\"color: #0000ff\"><a style=\"color: #0000ff\" href=\"https:\/\/sacod.ufpr.br\/ppgdesign\/wp-content\/uploads\/sites\/6\/2011\/12\/Regulamento-Resolu\u00e7\u00e3o-PPGDesign-Bolsistas.pdf\">Resolu\u00e7\u00e3o do PPGDesign para Bolsistas<\/a><\/span><\/p>\n<p style=\"text-align: left\"><strong>MODELO DE DOCUMENTOS :<\/strong><\/p>\n<p style=\"text-align: left\"><span style=\"color: #0000ff\"><a style=\"color: #0000ff\" href=\"https:\/\/sacod.ufpr.br\/ppgdesign\/wp-content\/uploads\/sites\/6\/2011\/12\/form_atividades-formativas_mar_2017.doc\">Atividades Formativas:&nbsp;Formul\u00e1rio &#8211; vers\u00e3o 2017<\/a><\/span><\/p>\n<p style=\"text-align: left\"><a style=\"color: #0000ff\" href=\"https:\/\/sacod.ufpr.br\/ppgdesign\/wp-content\/uploads\/sites\/6\/2011\/12\/MODELO_COMPROVANTE_ATIVIDADES_FORMATIVAS_PPGDESIGN_12_11_2013.docx\">Atividades Formativas: Modelo de Comprovante &#8211; vers\u00e3o 2013<\/a><\/p>\n<p style=\"text-align: left\"><span style=\"color: #0000ff\"><a style=\"color: #0000ff\" href=\"https:\/\/sacod.ufpr.br\/ppgdesign\/wp-content\/uploads\/sites\/6\/2011\/12\/Declara\u00e7\u00e3o-presen\u00e7a-em-QUALIFICA\u00c7\u00c3O-ou-DEFESAS-3.docx\">Atividades Formativas: Modelo de Declara\u00e7\u00e3o de presen\u00e7a em qualifica\u00e7\u00f5es e defesas<\/a><\/span><\/p>\n<p style=\"text-align: left\"><span style=\"color: #0000ff\"><a style=\"color: #0000ff\" href=\"https:\/\/sacod.ufpr.br\/ppgdesign\/wp-content\/uploads\/sites\/6\/2011\/12\/Formulario-para-pleito-a-bolsa-de-estudos-2017-1.doc\">Bolsa de estudos: Formul\u00e1rio para pleito&nbsp;<\/a>&nbsp;<\/span>(exclusivo para alunos regulares do PPGDesign)<\/p>\n<p><span style=\"color: #0000ff\"><a style=\"color: #0000ff\" href=\"https:\/\/sacod.ufpr.br\/ppgdesign\/wp-content\/uploads\/sites\/6\/2018\/06\/Requerimento-Convalidacao-Creditos.docx\">Convalida\u00e7\u00e3o de Cr\u00e9ditos em Disciplinas: Requerimento<\/a><\/span><\/p>\n<p><span style=\"color: #0000ff\"><a style=\"color: #0000ff\" href=\"https:\/\/sacod.ufpr.br\/ppgdesign\/wp-content\/uploads\/sites\/6\/2018\/06\/Requerimento-Coorienta\u00e7\u00e3o.docx\">Coorienta\u00e7\u00e3o: Requerimento<\/a><\/span><\/p>\n<p><span style=\"color: #0000ff\"><a style=\"color: #0000ff\" href=\"https:\/\/sacod.ufpr.br\/ppgdesign\/wp-content\/uploads\/sites\/6\/2018\/06\/requerimento-de-mudan\u00e7a-de-orienta\u00e7\u00e3o.docx\">Mudan\u00e7a de orientador: requerimento<\/a><\/span><\/p>\n<p style=\"text-align: left\"><span style=\"color: #0000ff\"><a style=\"color: #0000ff\" href=\"https:\/\/sacod.ufpr.br\/ppgdesign\/wp-content\/uploads\/sites\/6\/2011\/12\/FORMULARIO_AVALIACAO_PRATICA_DOCENCIA_PPGDESIGN_12_04_2016-2.doc\" rel=\"\">Pr\u00e1tica de Doc\u00eancia: Formul\u00e1rio de Avalia\u00e7\u00e3o<\/a><\/span><\/p>\n<p style=\"text-align: left\"><span style=\"color: #0000ff\"><a style=\"color: #0000ff\" href=\"https:\/\/sacod.ufpr.br\/ppgdesign\/wp-content\/uploads\/sites\/6\/2011\/12\/1-FORMULARIO_PLANEJAMENTO_PRATICA_DOCENCIA_PPGDESIGN_12_04_2016.doc\" rel=\"\">Pr\u00e1tica de Doc\u00eancia: Formul\u00e1rio de Planejamento<\/a><\/span><\/p>\n<p><span style=\"color: #0000ff\"><a style=\"color: #0000ff\" href=\"https:\/\/sacod.ufpr.br\/ppgdesign\/wp-content\/uploads\/sites\/6\/2018\/06\/PPGDesign_AdiamentoBanca-Final.docx\">Prorroga\u00e7\u00e3o de qualifica\u00e7\u00e3o ou defesa: Requerimento<\/a><\/span><\/p>\n<p><span style=\"color: #0000ff\"><a style=\"color: #0000ff\" href=\"https:\/\/sacod.ufpr.br\/ppgdesign\/wp-content\/uploads\/sites\/6\/2018\/06\/Solicita\u00e7\u00e3o-ao-Colegiado-PPGDesign.docx\">Solicita\u00e7\u00e3o ao Colegiado: Requerimento<\/a><\/span><\/p>\n<p><span style=\"color: #0000ff\"><a style=\"color: #0000ff\" href=\"https:\/\/sacod.ufpr.br\/ppgdesign\/wp-content\/uploads\/sites\/6\/2018\/06\/PPGDesign_Trancamento-do-curso.docx\">Trancamento de curso: Requerimento<\/a><\/span><\/p>\n<p><strong>AUX\u00cdLIO FINANCEIRO PARA EVENTOS 2018:<\/strong><\/p>\n<p><span style=\"color: #0000ff\"><a style=\"color: #0000ff\" href=\"https:\/\/sacod.ufpr.br\/ppgdesign\/wp-content\/uploads\/sites\/6\/2011\/12\/Solicita\u00e7\u00e3o-de-Aux\u00edlio-Participa\u00e7\u00e3o-em-Eventos-2018-2.pdf\" target=\"_blank\" rel=\"noopener\">Regras para Solicita\u00e7\u00e3o de Aux\u00edlio Participa\u00e7\u00e3o em Eventos 2018<\/a><\/span><\/p>\n<p><span style=\"color: #0000ff\"><a style=\"color: #0000ff\" href=\"http:\/\/www.prppg.ufpr.br\/site\/wp-content\/uploads\/2016\/11\/formulario-sei-alunos.xlsx\">Formul\u00e1rio de solicita\u00e7\u00e3o de aux\u00edlio financeiro a estudantes<\/a><\/span><\/p>\n<p><span style=\"color: #0000ff\"><a style=\"color: #0000ff\" href=\"https:\/\/sacod.ufpr.br\/ppgdesign\/wp-content\/uploads\/sites\/6\/2018\/10\/relatorio_de_viagem_nacional-1.docx\">Relat\u00f3rio de Viagem<\/a><\/span><\/p>\n<p><span style=\"color: #0000ff\"><a style=\"color: #0000ff\" href=\"https:\/\/sacod.ufpr.br\/ppgdesign\/wp-content\/uploads\/sites\/6\/2011\/12\/Modelo_recibo-1.doc\">Modelo_recibo<\/a><\/span><\/p>\n<p><strong>AP\u00d3S SUA DEFESA:<\/strong><\/p>\n<p><span style=\"color: #0000ff\"><a style=\"color: #0000ff\" href=\"https:\/.ufpr.br\/tutoriais\/tutoriais_normaliza\/CHEK%20LIST%20SISTEMA%20DE%20BIBLIOTECAS%20-%20UFPR.pdf\" target=\"_blank\" rel=\"noopener\">CHECKLIST \u2013 Normaliza\u00e7\u00e3o de Trabalhos Acad\u00eamicos<\/a><\/span><\/p>\n<p><span style=\"color: #0000ff\"><a style=\"color: #0000ff\" href=\"https:\/\/sacod.ufpr.br\/ppgdesign\/wp-content\/uploads\/sites\/6\/2011\/12\/Autoriza\u00e7\u00e3o-Divulga\u00e7\u00e3o.docx\" rel=\"\">Autoriza\u00e7\u00e3o de Divulga\u00e7\u00e3o<\/a><\/span><\/p>\n<p><span style=\"color: #0000ff\"><a style=\"color: #0000ff\" href=\"https:\/\/sacod.ufpr.br\/ppgdesign\/wp-content\/uploads\/sites\/6\/2018\/06\/Solicita\u00e7\u00e3o-de-n\u00e3o-Divulga\u00e7\u00e3o-1.docx\">Solicita\u00e7\u00e3o de n\u00e3o Divulga\u00e7\u00e3o<\/a><\/span><\/p>\n<p><span style=\"color: #0000ff\"><span style=\"color: #000000\"><span style=\"color: #0000ff\"><a style=\"color: #0000ff\" href=\"https:\/\/sacod.ufpr.br\/ppgdesign\/wp-content\/uploads\/sites\/6\/2018\/11\/REQUERIMENTO-DE-CONFEC\u00c7\u00c3O-DO-DIPLOMA-2018-v3-1.pdf\" target=\"_blank\" rel=\"noopener\">Requerimento de confec\u00e7\u00e3o de diploma<\/a> <\/span>vers\u00e3o&nbsp;2018\/2019<\/span><\/span><\/p>\n<p><strong>DISSERTA\u00c7\u00d5ES:<\/strong><\/p>\n<p style=\"text-align: left\">As disserta\u00e7\u00f5es do programa podem ser consultadas em parte ou na \u00edntegra atrav\u00e9s dos seguintes portais: <span style=\"color: #0000ff\"><a style=\"color: #0000ff\" href=\"http:\/\/www.dominiopublico.gov.br\/pesquisa\/PesquisaPeriodicoForm.jsp\">http:\/\/www.dominiopublico.gov.br\/pesquisa\/PesquisaPeriodicoForm.jsp<\/a><\/span><\/p>\n<p style=\"text-align: left\"><span style=\"color: #0000ff\"><a style=\"color: #0000ff\" href=\"http:\/\/capesdw.capes.gov.br\/capesdw\/Teses.do\">http:\/\/capesdw.capes.gov.br\/capesdw\/Teses.do<\/a><\/span><\/p>\n<p style=\"text-align: left\"><span style=\"color: #0000ff\"><a style=\"color: #0000ff\" href=\"http:\/\/www.portal.ufpr.br\/teses_acervo.html\">http:\/\/www.portal.ufpr.br\/teses_acervo.html<\/a><\/span><\/p>\n<p><!--:--><\/p>\n","protected":false},"excerpt":{"rendered":"<p>EDITAIS: &nbsp; MATR\u00cdCULA NO MESTRADO E NO DOUTORADO:&nbsp;Para alunos regulares exclusivamente pelo SIGA e para alunos especiais atrav\u00e9s de requerimento. Per\u00edodo de matr\u00edcula nas disciplinas regulares do 1\u00ba trimestre de 2019: de 04\/03 a 08\/03\/2019. In\u00edcio das aulas do 1\u00ba &hellip; <a href=\"https:\/\/sacod.ufpr.br\/ppgdesign\/download\/\">&#8230;<\/a><\/p>\n","protected":false},"author":5,"featured_media":0,"parent":0,"menu_order":0,"comment_status":"open","ping_status":"open","template":"","meta":{"_acf_changed":false,"ngg_post_thumbnail":0,"footnotes":""},"class_list":["post-402","page","type-page","status-publish","hentry"],"acf":[],"_links":{"self":[{"href":"https:\/\/sacod.ufpr.br\/ppgdesign\/wp-json\/wp\/v2\/pages\/402","targetHints":{"allow":["GET"]}}],"collection":[{"href":"https:\/\/sacod.ufpr.br\/ppgdesign\/wp-json\/wp\/v2\/pages"}],"about":[{"href":"https:\/\/sacod.ufpr.br\/ppgdesign\/wp-json\/wp\/v2\/types\/page"}],"author":[{"embeddable":true,"href":"https:\/\/sacod.ufpr.br\/ppgdesign\/wp-json\/wp\/v2\/users\/5"}],"replies":[{"embeddable":true,"href":"https:\/\/sacod.ufpr.br\/ppgdesign\/wp-json\/wp\/v2\/comments?post=402"}],"version-history":[{"count":424,"href":"https:\/\/sacod.ufpr.br\/ppgdesign\/wp-json\/wp\/v2\/pages\/402\/revisions"}],"predecessor-version":[{"id":2903,"href":"https:\/\/sacod.ufpr.br\/ppgdesign\/wp-json\/wp\/v2\/pages\/402\/revisions\/2903"}],"wp:attachment":[{"href":"https:\/\/sacod.ufpr.br\/ppgdesign\/wp-json\/wp\/v2\/media?parent=402"}],"curies":[{"name":"wp","href":"https:\/\/api.w.org\/{rel}","templated":true}]}}