{"id":28,"date":"2011-11-01T18:28:19","date_gmt":"2011-11-01T18:28:19","guid":{"rendered":"https:\/\/sacod.ufpr.br\/ppgdesign\/?page_id=28"},"modified":"2014-08-28T17:59:08","modified_gmt":"2014-08-28T20:59:08","slug":"disciplinas","status":"publish","type":"page","link":"https:\/\/sacod.ufpr.br\/ppgdesign\/didatica\/disciplinas\/","title":{"rendered":"<!--:en-->Disciplines<!--:--><!--:pt-->Disciplinas<!--:-->"},"content":{"rendered":"<p><!--:en--><\/p>\n<div>\n<p><strong>Obligatory Disciplines &#8211; General Content<\/strong>The postgraduate student must attend the disciplines below, which are obligatory, summing up a total of 6 obligatory credits on general contents:<\/p>\n<table width=\"100%\" border=\"0\" cellspacing=\"0\" cellpadding=\"3\">\n<tbody>\n<tr>\n<td valign=\"middle\" bgcolor=\"#FFECD9\" width=\"8%\">\n<div><strong>Code<\/strong><\/div>\n<\/td>\n<td bgcolor=\"#FFE1C4\" width=\"32%\"><strong>Name of the discipline<\/strong><\/td>\n<td bgcolor=\"#FFE1C4\" width=\"31%\"><strong>Professor<\/strong><\/td>\n<td bgcolor=\"#FFECD9\" width=\"28%\"><\/td>\n<td bgcolor=\"#FFECD9\" width=\"1%\"><\/td>\n<\/tr>\n<tr>\n<td align=\"center\" valign=\"middle\" bgcolor=\"#F5F5F5\">HD 701<\/td>\n<td valign=\"middle\" bgcolor=\"#EBEBEB\"><strong><a href=\"http:\/\/www.design.ufpr.br\/mestrado\/disciplinas\/dg4.htm\">Research Method<\/a><\/strong><\/td>\n<td valign=\"middle\" bgcolor=\"#EBEBEB\">Dra. Virginia Kistmann<\/td>\n<td valign=\"middle\" bgcolor=\"#F5F5F5\"><\/td>\n<td bgcolor=\"#F5F5F5\"><\/td>\n<\/tr>\n<tr>\n<td align=\"center\" valign=\"middle\" bgcolor=\"#FFECD9\">HD 702<\/td>\n<td valign=\"middle\" bgcolor=\"#FFE1C4\"><strong><a href=\"http:\/\/www.design.ufpr.br\/mestrado\/disciplinas\/dg6.htm\">Qualifying<\/a><\/strong><\/td>\n<td valign=\"middle\" bgcolor=\"#FFE1C4\">Dra. Stephania Padovani<\/td>\n<td valign=\"middle\" bgcolor=\"#FFECD9\"><\/td>\n<td bgcolor=\"#FFECD9\"><\/td>\n<\/tr>\n<tr>\n<td valign=\"middle\" bgcolor=\"#FFFFFF\"><\/td>\n<td><\/td>\n<td><\/td>\n<td><\/td>\n<td><\/td>\n<\/tr>\n<tr valign=\"middle\">\n<td colspan=\"5\">\u00a0 <strong>Obligatory Disciplines with Specific Content <\/strong> The postgraduate student must perform at 03 (three) credits, equivalent to 01 (one) discipline, choosen from the list below, according to his\/her research line.<\/td>\n<\/tr>\n<tr>\n<td valign=\"middle\" bgcolor=\"#FFECD9\"><strong>Code<\/strong><\/td>\n<td bgcolor=\"#FFE1C4\"><strong>Name of the discipline<\/strong><\/td>\n<td bgcolor=\"#FFE1C4\"><strong>Professor<\/strong><\/td>\n<td bgcolor=\"#FFECD9\"><strong>Research Line<\/strong><\/td>\n<td bgcolor=\"#FFECD9\"><\/td>\n<\/tr>\n<tr>\n<td align=\"center\" valign=\"middle\" bgcolor=\"#F5F5F5\">HD 703<\/td>\n<td valign=\"top\" bgcolor=\"#EBEBEB\"><strong><a href=\"http:\/\/www.design.ufpr.br\/mestrado\/disciplinas\/del2o1.htm\">Fundaments of Production and Usage Systems: Design management<\/a> <\/strong><\/td>\n<td valign=\"middle\" bgcolor=\"#EBEBEB\">Dr. Dalton Razera Dra. Virginia B. Kistmann<\/td>\n<td bgcolor=\"#F5F5F5\">Production and Usage System Design<\/td>\n<td bgcolor=\"#F5F5F5\"><\/td>\n<\/tr>\n<tr>\n<td align=\"center\" valign=\"middle\" bgcolor=\"#FFE1C4\">HD 704<\/td>\n<td valign=\"top\" bgcolor=\"#FFE1C4\"><strong><a href=\"http:\/\/www.design.ufpr.br\/mestrado\/disciplinas\/del1o1.htm\">Fundaments on Information System Design<\/a><\/strong><\/td>\n<td valign=\"middle\" bgcolor=\"#FFE1C4\">Dra. Carla G. Spinillo<\/td>\n<td bgcolor=\"#FFECD9\">Design of Information Design Systems<\/td>\n<td bgcolor=\"#FFECD9\"><\/td>\n<\/tr>\n<tr>\n<td valign=\"middle\"><\/td>\n<td><\/td>\n<td><\/td>\n<td><\/td>\n<td bgcolor=\"#FFFFFF\"><\/td>\n<\/tr>\n<tr valign=\"middle\">\n<td colspan=\"5\">\u00a0 <strong>Optative Disciplines<\/strong> The postgraduate student must choose at least 09 (nine) credits, equivalent to 03 (three) disciplines, in order to fullfill the minimum requirement of PPGDesign\/UFPR. It is worth mentioning that the discipline named &#8220;Teaching Practice&#8221; consists on enabling a hands on experience on teaching to undergraduate students, under a professor\u00b4s supervision. This discipline is obligatory on the case of students with a CAPES\/CNPq schoolarship.<\/td>\n<\/tr>\n<tr>\n<td align=\"center\" valign=\"middle\" bgcolor=\"#FFECD9\" width=\"8%\"><strong>Code<\/strong><\/td>\n<td bgcolor=\"#FFE1C4\" width=\"32%\"><strong>Name of the discipline<\/strong><\/td>\n<td bgcolor=\"#FFE1C4\" width=\"31%\"><strong>Professor<\/strong><\/td>\n<td bgcolor=\"#FFECD9\"><strong>Research Line<\/strong><\/td>\n<td bgcolor=\"#FFECD9\"><\/td>\n<\/tr>\n<tr>\n<td align=\"center\" valign=\"middle\" bgcolor=\"#F5F5F5\">HD 706<\/td>\n<td valign=\"middle\" bgcolor=\"#EBEBEB\"><a href=\"http:\/\/www.design.ufpr.br\/mestrado\/disciplinas\/dg3.htm\">Design &#038; culture<\/a><\/td>\n<td valign=\"middle\" bgcolor=\"#EBEBEB\">Dra. Maristela M. Ono<\/td>\n<td valign=\"middle\" bgcolor=\"#F5F5F5\">General content<\/td>\n<td bgcolor=\"#F5F5F5\"><\/td>\n<\/tr>\n<tr>\n<td align=\"center\" valign=\"middle\" bgcolor=\"#FFECD9\">HD 708<\/td>\n<td valign=\"middle\" bgcolor=\"#FFE1C4\">Design &#038; New Production Technologies<\/td>\n<td valign=\"middle\" bgcolor=\"#FFE1C4\">Dr. Aguinaldo dos Santos<\/td>\n<td valign=\"middle\" bgcolor=\"#FFECD9\">Design of Information Design Systems<\/td>\n<td bgcolor=\"#FFECD9\"><\/td>\n<\/tr>\n<tr>\n<td align=\"center\" valign=\"middle\" bgcolor=\"#F5F5F5\">HD 709<\/td>\n<td valign=\"middle\" bgcolor=\"#EBEBEB\"><a href=\"http:\/\/www.design.ufpr.br\/mestrado\/disciplinas\/del2op1.htm\">Design &#038; Sustainability<\/a><\/td>\n<td valign=\"middle\" bgcolor=\"#EBEBEB\">Dr. Aguinaldo dos Santos<\/td>\n<td valign=\"middle\" bgcolor=\"#F5F5F5\">Production and Usage System Design<\/td>\n<td bgcolor=\"#F5F5F5\"><\/td>\n<\/tr>\n<tr>\n<td align=\"center\" valign=\"middle\" bgcolor=\"#FFECD9\">HD 710<\/td>\n<td valign=\"middle\" bgcolor=\"#FFE1C4\">Design &#038; Usability<\/td>\n<td valign=\"middle\" bgcolor=\"#FFE1C4\">Dra. Maria L\u00facia Okimoto<\/td>\n<td valign=\"middle\" bgcolor=\"#FFECD9\">General content<\/td>\n<td bgcolor=\"#FFECD9\"><\/td>\n<\/tr>\n<tr>\n<td align=\"center\" valign=\"middle\" bgcolor=\"#F5F5F5\">HD 712<\/td>\n<td valign=\"middle\" bgcolor=\"#EBEBEB\"><a href=\"http:\/\/www.design.ufpr.br\/mestrado\/disciplinas\/del1op1.htm\">Design of Digital Entertainment<\/a><\/td>\n<td valign=\"middle\" bgcolor=\"#EBEBEB\">Dr Andr\u00e9 Luiz Battaiola<\/td>\n<td valign=\"middle\" bgcolor=\"#F5F5F5\">Design of Information Design Systems<\/td>\n<td bgcolor=\"#F5F5F5\"><\/td>\n<\/tr>\n<tr>\n<td align=\"center\" valign=\"middle\" bgcolor=\"#FFECD9\">HD 713<\/td>\n<td valign=\"middle\" bgcolor=\"#FFE1C4\"><a href=\"http:\/\/www.design.ufpr.br\/mestrado\/disciplinas\/del1op3.htm\">Instructional Design<\/a><\/td>\n<td valign=\"middle\" bgcolor=\"#FFE1C4\">Dra. Carla G. Spinillo<\/td>\n<td valign=\"middle\" bgcolor=\"#FFECD9\">Design of Information Design Systems<\/td>\n<td bgcolor=\"#FFECD9\"><\/td>\n<\/tr>\n<tr>\n<td align=\"center\" valign=\"middle\" bgcolor=\"#F5F5F5\">HD 714<\/td>\n<td valign=\"middle\" bgcolor=\"#EBEBEB\"><a href=\"http:\/\/www.design.ufpr.br\/mestrado\/disciplinas\/del1op2.htm\">Human-Computer \u00a0Interface Design<\/a><\/td>\n<td valign=\"middle\" bgcolor=\"#EBEBEB\">Dra. Stephania Padovani<\/td>\n<td valign=\"middle\" bgcolor=\"#F5F5F5\">Design of Information Design Systems<\/td>\n<td bgcolor=\"#F5F5F5\"><\/td>\n<\/tr>\n<tr>\n<td align=\"center\" valign=\"middle\" bgcolor=\"#FFECD9\">HD 715<\/td>\n<td valign=\"middle\" bgcolor=\"#FFE1C4\">Topics on\u00a0Design of Information Design Systems<\/td>\n<td valign=\"middle\" bgcolor=\"#FFE1C4\">Professores do Programa<\/td>\n<td valign=\"middle\" bgcolor=\"#FFECD9\">Design of Information Design Systems<\/td>\n<td bgcolor=\"#FFECD9\"><\/td>\n<\/tr>\n<tr>\n<td align=\"center\" valign=\"middle\" bgcolor=\"#F5F5F5\">HD 716<\/td>\n<td valign=\"middle\" bgcolor=\"#EBEBEB\">Topics on Production and Usage System Design<\/td>\n<td valign=\"middle\" bgcolor=\"#EBEBEB\">Professores do Programa<\/td>\n<td valign=\"middle\" bgcolor=\"#F5F5F5\">General content<\/td>\n<td bgcolor=\"#F5F5F5\"><\/td>\n<\/tr>\n<tr>\n<td align=\"center\" valign=\"middle\" bgcolor=\"#FFECD9\" width=\"8%\">HD 717<\/td>\n<td valign=\"middle\" bgcolor=\"#FFE1C4\" width=\"32%\">Methodologies on High Education Teaching<\/td>\n<td valign=\"middle\" bgcolor=\"#FFE1C4\" width=\"31%\">Dr. Antonio M. Fontoura<\/td>\n<td valign=\"middle\" bgcolor=\"#FFECD9\">General content<\/td>\n<td bgcolor=\"#FFECD9\"><\/td>\n<\/tr>\n<tr>\n<td align=\"center\" valign=\"middle\" bgcolor=\"#F5F5F5\">HD 718<\/td>\n<td valign=\"middle\" bgcolor=\"#EBEBEB\">Teaching Practice<\/td>\n<td valign=\"middle\" bgcolor=\"#EBEBEB\">Supervisor<\/td>\n<td valign=\"middle\" bgcolor=\"#F5F5F5\">General content<\/td>\n<td bgcolor=\"#F5F5F5\"><\/td>\n<\/tr>\n<\/tbody>\n<\/table>\n<p>Observation: 3 credits = 45 hours\/discipline<\/p><\/div>\n<p><!--:--><!--:pt-->A grade geral de disciplinas e demais atividades do PPGDesign bem como as respectivas ementas s\u00e3o apresentadas abaixo. As disciplinas e atividades previstas para o ano corrente s\u00e3o apresentadas na aba de download.<\/p>\n<p><a href=\"https:\/\/sacod.ufpr.br\/ppgdesign\/wp-content\/uploads\/sites\/6\/2013\/08\/CURRICULO-DO-PPGDESIGN-2013.pdf\">CURRICULO DO PPGDESIGN 2013<\/a><\/p>\n<p><a href=\"https:\/\/sacod.ufpr.br\/ppgdesign\/wp-content\/uploads\/sites\/6\/2011\/11\/SD-700-M\u00c9TODOS-DE-PESQUISA-2013.pdf\">SD 700 &#8211; M\u00c9TODOS DE PESQUISA &#8211; 2013<\/a><\/p>\n<p><a href=\"https:\/\/sacod.ufpr.br\/ppgdesign\/wp-content\/uploads\/sites\/6\/2011\/11\/SD-702-M\u00c9TODOS-DE-PESQUISA-AVAN\u00c7ADA-2013.pdf\">SD 702 &#8211; M\u00c9TODOS DE PESQUISA AVAN\u00c7ADA &#8211; 2013<\/a><\/p>\n<p><a href=\"https:\/\/sacod.ufpr.br\/ppgdesign\/wp-content\/uploads\/sites\/6\/2011\/11\/SD-703-FUNDAMENTOS-DE-SISTEMAS-DE-INFORMA\u00c7\u00c3O-2013.pdf\">SD 703 &#8211; FUNDAMENTOS DE SISTEMAS DE INFORMA\u00c7\u00c3O &#8211; 2013<\/a><\/p>\n<p><a href=\"https:\/\/sacod.ufpr.br\/ppgdesign\/wp-content\/uploads\/sites\/6\/2011\/11\/SD-704-FUNDAMENTOS-DE-SISTEMAS-DE-PRODU\u00c7\u00c3O-2013.pdf\">SD 704 &#8211; FUNDAMENTOS DE SISTEMAS DE PRODU\u00c7\u00c3O &#8211; 2013<\/a><\/p>\n<p><a href=\"https:\/\/sacod.ufpr.br\/ppgdesign\/wp-content\/uploads\/sites\/6\/2011\/11\/SD-705-SEMIN\u00c1RIO-DE-PESQUISA-2013.pdf\">SD 705 &#8211; SEMIN\u00c1RIO DE PESQUISA &#8211; 2013<\/a><\/p>\n<p><a href=\"https:\/\/sacod.ufpr.br\/ppgdesign\/wp-content\/uploads\/sites\/6\/2011\/11\/SD-706-SEMIN\u00c1RIOS-DE-QUALIFICA\u00c7\u00c3O-2013.pdf\">SD 706 &#8211; SEMIN\u00c1RIOS DE QUALIFICA\u00c7\u00c3O &#8211; 2013<\/a><\/p>\n<p><a href=\"https:\/\/sacod.ufpr.br\/ppgdesign\/wp-content\/uploads\/sites\/6\/2011\/11\/SD-707-PRODU\u00c7\u00c3O-DE-TEXTO-CIENT\u00cdFICO-I-2013.pdf\">SD 707 &#8211; PRODU\u00c7\u00c3O DE TEXTO CIENT\u00cdFICO I &#8211; 2013<\/a><\/p>\n<p><a href=\"https:\/\/sacod.ufpr.br\/ppgdesign\/wp-content\/uploads\/sites\/6\/2011\/11\/SD-708-PRODU\u00c7\u00c3O-DE-TEXTO-CIENT\u00cdFICO-II-2013.pdf\">SD 708 &#8211; PRODU\u00c7\u00c3O DE TEXTO CIENT\u00cdFICO II &#8211; 2013<\/a><\/p>\n<p><a href=\"https:\/\/sacod.ufpr.br\/ppgdesign\/wp-content\/uploads\/sites\/6\/2011\/11\/SD-709-T\u00d3PICOS-AVAN\u00c7ADOS-EM-DESIGN-DE-SISTEMAS-DE-PRODU\u00c7\u00c3O-E-UTILIZA\u00c7\u00c3O-I-2013.pdf\">SD 709 &#8211; T\u00d3PICOS AVAN\u00c7ADOS EM DESIGN DE SISTEMAS DE PRODU\u00c7\u00c3O E UTILIZA\u00c7\u00c3O I &#8211; 2013<\/a><\/p>\n<p><a href=\"https:\/\/sacod.ufpr.br\/ppgdesign\/wp-content\/uploads\/sites\/6\/2011\/11\/SD-710-T\u00d3PICOS-AVAN\u00c7ADOS-EM-DESIGN-DE-SISISTEMA-DE-PRODU\u00c7\u00c3O-E-UTILIZA\u00c7\u00c3O-II-2013.pdf\">SD 710 &#8211; T\u00d3PICOS AVAN\u00c7ADOS EM DESIGN DE SISISTEMA DE PRODU\u00c7\u00c3O E UTILIZA\u00c7\u00c3O II &#8211; 2013<\/a><\/p>\n<p><a href=\"https:\/\/sacod.ufpr.br\/ppgdesign\/wp-content\/uploads\/sites\/6\/2011\/11\/SD-711-T\u00d3PICOS-AVAN\u00c7ADOS-EM-DESIGN-DE-SISTEMA-DE-PRODU\u00c7\u00c3O-E-UTILIZA\u00c7\u00c3O-III-2013.pdf\">SD 711 &#8211; T\u00d3PICOS AVAN\u00c7ADOS EM DESIGN DE SISTEMA DE PRODU\u00c7\u00c3O E UTILIZA\u00c7\u00c3O III &#8211; 2013<\/a><\/p>\n<p><a href=\"https:\/\/sacod.ufpr.br\/ppgdesign\/wp-content\/uploads\/sites\/6\/2011\/11\/SD-712-T\u00d3PICOS-AVAN\u00c7ADOS-EM-DESIGN-DE-SISTEMAS-DE-PRODU\u00c7\u00c3O-E-UTILIZA\u00c7\u00c3O-IV-2013.pdf\">SD 712 &#8211; T\u00d3PICOS AVAN\u00c7ADOS EM DESIGN DE SISTEMAS DE PRODU\u00c7\u00c3O E UTILIZA\u00c7\u00c3O IV &#8211; 2013<\/a><\/p>\n<p><a href=\"https:\/\/sacod.ufpr.br\/ppgdesign\/wp-content\/uploads\/sites\/6\/2011\/11\/SD-713-T\u00d3PICOS-AVAN\u00c7ADOS-EM-DESIGN-DE-SISITEMA-DE-PRODU\u00c7\u00c3O-E-UTILIZA\u00c7\u00c3O-V-2013.pdf\">SD 713 &#8211; T\u00d3PICOS AVAN\u00c7ADOS EM DESIGN DE SISITEMA DE PRODU\u00c7\u00c3O E UTILIZA\u00c7\u00c3O V &#8211; 2013<\/a><\/p>\n<p><a href=\"https:\/\/sacod.ufpr.br\/ppgdesign\/wp-content\/uploads\/sites\/6\/2011\/11\/SD-714-T\u00d3PICOS-AVAN\u00c7ADOS-EM-DESIGN-DE-SISTEMAS-DE-INFOMRA\u00c7\u00c3O-I-2013.pdf\">SD 714 &#8211; T\u00d3PICOS AVAN\u00c7ADOS EM DESIGN DE SISTEMAS DE INFOMRA\u00c7\u00c3O I &#8211; 2013<\/a><\/p>\n<p><a href=\"https:\/\/sacod.ufpr.br\/ppgdesign\/wp-content\/uploads\/sites\/6\/2011\/11\/SD-715-T\u00d3PICOS-AVAN\u00c7ADOS-EM-DESIGN-DE-SISTEMAS-DE-INFORMA\u00c7\u00c3O-II-2013.pdf\">SD 715 &#8211; T\u00d3PICOS AVAN\u00c7ADOS EM DESIGN DE SISTEMAS DE INFORMA\u00c7\u00c3O II &#8211; 2013<\/a><\/p>\n<p><a href=\"https:\/\/sacod.ufpr.br\/ppgdesign\/wp-content\/uploads\/sites\/6\/2011\/11\/SD-716-T\u00d3PICOS-AVAN\u00c7ADOS-EM-DESIGN-DE-SISTEMAS-DE-INFORMA\u00c7\u00c3O-III-2013.pdf\">SD 716 &#8211; T\u00d3PICOS AVAN\u00c7ADOS EM DESIGN DE SISTEMAS DE INFORMA\u00c7\u00c3O III &#8211; 2013<\/a><\/p>\n<p><a href=\"https:\/\/sacod.ufpr.br\/ppgdesign\/wp-content\/uploads\/sites\/6\/2011\/11\/SD-717-T\u00d3PICOS-AVAN\u00c7ADOS-EM-DESIGN-DE-SISTEMAS-DE-INFORMA\u00c7\u00c3O-IV-2013.pdf\">SD 717 &#8211; T\u00d3PICOS AVAN\u00c7ADOS EM DESIGN DE SISTEMAS DE INFORMA\u00c7\u00c3O IV &#8211; 2013<\/a><\/p>\n<p><a href=\"https:\/\/sacod.ufpr.br\/ppgdesign\/wp-content\/uploads\/sites\/6\/2011\/11\/SD-718-T\u00d3PICOS-AVAN\u00c7ADOS-EM-DESIGN-DE-SISITEMAS-DE-INFORMA\u00c7\u00c3O-V-2013.pdf\">SD 718 &#8211; T\u00d3PICOS AVAN\u00c7ADOS EM DESIGN DE SISITEMAS DE INFORMA\u00c7\u00c3O V &#8211; 2013<\/a><\/p>\n<p><a href=\"https:\/\/sacod.ufpr.br\/ppgdesign\/wp-content\/uploads\/sites\/6\/2011\/11\/SD-719-DESIGN-E-CULTURA-2013.pdf\">SD 719 &#8211; DESIGN E CULTURA &#8211; 2013<\/a><\/p>\n<p><a href=\"https:\/\/sacod.ufpr.br\/ppgdesign\/wp-content\/uploads\/sites\/6\/2011\/11\/SD-720-DESIGN-E-NOVAS-TECNOLOGIAS-2013.pdf\">SD 720 &#8211; DESIGN E NOVAS TECNOLOGIAS &#8211; 2013<\/a><\/p>\n<p><a href=\"https:\/\/sacod.ufpr.br\/ppgdesign\/wp-content\/uploads\/sites\/6\/2011\/11\/SD-721-DESIGN-SUSTENT\u00c1VEL-2013.pdf\">SD 721 &#8211; DESIGN SUSTENT\u00c1VEL &#8211; 2013<\/a><\/p>\n<p><a href=\"https:\/\/sacod.ufpr.br\/ppgdesign\/wp-content\/uploads\/sites\/6\/2011\/11\/SD-722-DESIGN-E-USABILIDADE-2013.pdf\">SD 722 &#8211; DESIGN E USABILIDADE &#8211; 2013<\/a><\/p>\n<p><a href=\"https:\/\/sacod.ufpr.br\/ppgdesign\/wp-content\/uploads\/sites\/6\/2011\/11\/SD-723-DESIGN-DE-ENTRETENIMENTO-DIGITAL-2013.pdf\">SD 723 &#8211; DESIGN DE ENTRETENIMENTO DIGITAL &#8211; 2013<\/a><\/p>\n<p><a href=\"https:\/\/sacod.ufpr.br\/ppgdesign\/wp-content\/uploads\/sites\/6\/2011\/11\/SD-724-DESIGN-INSTRUCIONAL-2013.pdf\">SD 724 &#8211; DESIGN INSTRUCIONAL &#8211; 2013<\/a><\/p>\n<p><a href=\"https:\/\/sacod.ufpr.br\/ppgdesign\/wp-content\/uploads\/sites\/6\/2011\/11\/SD-725-DESIGN-DE-INTERFACES-HUMANO-COMPUTADOR-2013.pdf\">SD 725 &#8211; DESIGN DE INTERFACES HUMANO-COMPUTADOR &#8211; 2013<\/a><\/p>\n<p><a href=\"https:\/\/sacod.ufpr.br\/ppgdesign\/wp-content\/uploads\/sites\/6\/2011\/11\/SD-726-CONFORTO-AMBIENTAL-NO-DESIGN-DE-INTERIORES-2013.pdf\">SD 726 &#8211; CONFORTO AMBIENTAL NO DESIGN DE INTERIORES &#8211; 2013<\/a><\/p>\n<p><a href=\"https:\/\/sacod.ufpr.br\/ppgdesign\/wp-content\/uploads\/sites\/6\/2011\/11\/SD-727-DESIGN-DE-SERVI\u00c7OS-SUSTENT\u00c1VEIS-2013.pdf\">SD 727 &#8211; DESIGN DE SERVI\u00c7OS SUSTENT\u00c1VEIS &#8211; 2013<\/a><\/p>\n<p><a href=\"https:\/\/sacod.ufpr.br\/ppgdesign\/wp-content\/uploads\/sites\/6\/2011\/11\/SD-728-DESIGN-DE-JOGOS-EDUCACIONAIS-2013.pdf\">SD 728 &#8211; DESIGN DE JOGOS EDUCACIONAIS &#8211; 2013<\/a><\/p>\n<p><a href=\"https:\/\/sacod.ufpr.br\/ppgdesign\/wp-content\/uploads\/sites\/6\/2011\/11\/SD-729-EDUCA\u00c7\u00c3O-ATRAV\u00c9S-DO-DESIGN-2013.pdf\">SD 729 &#8211; EDUCA\u00c7\u00c3O ATRAV\u00c9S DO DESIGN &#8211; 2013<\/a><\/p>\n<p><a href=\"https:\/\/sacod.ufpr.br\/ppgdesign\/wp-content\/uploads\/sites\/6\/2011\/11\/SD-730-EDUCA\u00c7\u00c3O-E-GEST\u00c3O-DO-DESIGN-2013.pdf\">SD 730 &#8211; EDUCA\u00c7\u00c3O E GEST\u00c3O DO DESIGN &#8211; 2013<\/a><\/p>\n<p><a href=\"https:\/\/sacod.ufpr.br\/ppgdesign\/wp-content\/uploads\/sites\/6\/2011\/11\/SD-731-ANIMA\u00c7\u00d5ES-INSTRUCIONAIS-2013.pdf\">SD 731 &#8211; ANIMA\u00c7\u00d5ES INSTRUCIONAIS &#8211; 2013<\/a><\/p>\n<p><a href=\"https:\/\/sacod.ufpr.br\/ppgdesign\/wp-content\/uploads\/sites\/6\/2011\/11\/SD-732-DESIGN-PRODU\u00c7\u00c3O-E-UTILIZA\u00c7\u00c3O-DE-PRODUTOS-MOLDADOS-EM-MADEIRA-2013.pdf\">SD 732 &#8211; DESIGN PRODU\u00c7\u00c3O E UTILIZA\u00c7\u00c3O DE PRODUTOS MOLDADOS EM MADEIRA &#8211; 2013<\/a><\/p>\n<p><a href=\"https:\/\/sacod.ufpr.br\/ppgdesign\/wp-content\/uploads\/sites\/6\/2011\/11\/SD-733-MATERIAIS-PARA-PRODUTOS-SUSTENT\u00c1VEIS-2013.pdf\">SD 733 &#8211; MATERIAIS PARA PRODUTOS SUSTENT\u00c1VEIS &#8211; 2013<\/a><\/p>\n<p><a href=\"https:\/\/sacod.ufpr.br\/ppgdesign\/wp-content\/uploads\/sites\/6\/2011\/11\/SD-734-BI\u00d4NICA-DESIGN-E-INOVA\u00c7\u00c3O-2013.pdf\">SD 734 &#8211; BI\u00d4NICA DESIGN E INOVA\u00c7\u00c3O &#8211; 2013<\/a><\/p>\n<p><a href=\"https:\/\/sacod.ufpr.br\/ppgdesign\/wp-content\/uploads\/sites\/6\/2011\/11\/SD-735-FUNDAMENTOS-DO-ERGODESIGN-2013.pdf\">SD 735 &#8211; FUNDAMENTOS DO ERGODESIGN &#8211; 2013<\/a><\/p>\n<p><a href=\"https:\/\/sacod.ufpr.br\/ppgdesign\/wp-content\/uploads\/sites\/6\/2011\/11\/SD-736-POL\u00cdTICA-E-\u00c9TICA-DA-INFORMA\u00c7\u00c3O-2013.pdf\">SD 736 &#8211; POL\u00cdTICA E \u00c9TICA DA INFORMA\u00c7\u00c3O &#8211; 2013<\/a><\/p>\n<p><a href=\"https:\/\/sacod.ufpr.br\/ppgdesign\/wp-content\/uploads\/sites\/6\/2011\/11\/SD-737-FUNDAMENTOS-DE-CI\u00caNCIA-DA-INFORMA\u00c7\u00c3O-2013.pdf\">SD 737 &#8211; FUNDAMENTOS DE CI\u00caNCIA DA INFORMA\u00c7\u00c3O &#8211; 2013<\/a><\/p>\n<p><a href=\"https:\/\/sacod.ufpr.br\/ppgdesign\/wp-content\/uploads\/sites\/6\/2011\/11\/SD-738-DESIGN-CENTRADO-NO-USU\u00c1RIO-2013.pdf\">SD 738 &#8211; DESIGN CENTRADO NO USU\u00c1RIO &#8211; 2013<\/a><\/p>\n<p><a href=\"https:\/\/sacod.ufpr.br\/ppgdesign\/wp-content\/uploads\/sites\/6\/2011\/11\/SD-739-INTERA\u00c7\u00c3O-HUMANO-TECNOLOGIA-2013.pdf\">SD 739 &#8211; INTERA\u00c7\u00c3O HUMANO TECNOLOGIA &#8211; 2013<\/a><\/p>\n<p><a href=\"https:\/\/sacod.ufpr.br\/ppgdesign\/wp-content\/uploads\/sites\/6\/2011\/11\/SD-740-DESIGN-ESTRAT\u00c9GICO-NO-SETOR-CER\u00c2MICO-2013.pdf\">SD 740 &#8211; DESIGN ESTRAT\u00c9GICO NO SETOR CER\u00c2MICO &#8211; 2013<\/a><\/p>\n<p><a href=\"https:\/\/sacod.ufpr.br\/ppgdesign\/wp-content\/uploads\/sites\/6\/2011\/11\/SD-741-INOVA\u00c7\u00c3O-E-DESIGN-ESTRAT\u00c9GICO-2013.pdf\">SD 741 &#8211; INOVA\u00c7\u00c3O E DESIGN ESTRAT\u00c9GICO &#8211; 2013<\/a><\/p>\n<p><a href=\"https:\/\/sacod.ufpr.br\/ppgdesign\/wp-content\/uploads\/sites\/6\/2011\/11\/SD-742-METODOLOGIA-DO-ENSINO-SUPERIOR-2013.pdf\">SD 742 &#8211; METODOLOGIA DO ENSINO SUPERIOR &#8211; 2013<\/a><\/p>\n<p><a href=\"https:\/\/sacod.ufpr.br\/ppgdesign\/wp-content\/uploads\/sites\/6\/2014\/08\/SD-743-PRATICA-DE-DOC\u00caNCIA-2013.pdf\">SD 743 &#8211; PRATICA DE DOC\u00caNCIA &#8211; 2013<\/a><\/p>\n<p><a href=\"https:\/\/sacod.ufpr.br\/ppgdesign\/wp-content\/uploads\/sites\/6\/2011\/11\/SD-744-ATIVIDADES-FORMATIVAS-I-2013.pdf\">SD 744 &#8211; ATIVIDADES FORMATIVAS I &#8211; 2013<\/a><\/p>\n<p><a href=\"https:\/\/sacod.ufpr.br\/ppgdesign\/wp-content\/uploads\/sites\/6\/2011\/11\/SD-745-ATIVIDADES-FORMATIVAS-II-2013.pdf\">SD 745 &#8211; ATIVIDADES FORMATIVAS II &#8211; 2013<\/a><\/p>\n<p><a href=\"https:\/\/sacod.ufpr.br\/ppgdesign\/wp-content\/uploads\/sites\/6\/2011\/11\/SD-746-DISSERTA\u00c7\u00c3O-DE-MESTRADO-2013.pdf\">SD 746 &#8211; DISSERTA\u00c7\u00c3O DE MESTRADO &#8211; 2013<\/a><\/p>\n<p><a href=\"https:\/\/sacod.ufpr.br\/ppgdesign\/wp-content\/uploads\/sites\/6\/2011\/11\/SD-747-TESE-DE-DOUTORADO-2013.pdf\">SD 747 &#8211; TESE DE DOUTORADO &#8211; 2013<\/a><\/p>\n<p><a href=\"https:\/\/sacod.ufpr.br\/ppgdesign\/wp-content\/uploads\/sites\/6\/2011\/11\/SD-748-CONV\u00caNIO-NO-EXTERIOR-2013.pdf\">SD 748 &#8211; CONV\u00caNIO NO EXTERIOR &#8211; 2013<\/a><!--:--><\/p>\n","protected":false},"excerpt":{"rendered":"<p>Obligatory Disciplines &#8211; General ContentThe postgraduate student must attend the disciplines below, which are obligatory, summing up a total of 6 obligatory credits on general contents: Code Name of the discipline Professor HD 701 Research Method Dra. Virginia Kistmann HD &hellip; <a href=\"https:\/\/sacod.ufpr.br\/ppgdesign\/didatica\/disciplinas\/\">&#8230;<\/a><\/p>\n","protected":false},"author":1,"featured_media":0,"parent":270,"menu_order":1,"comment_status":"open","ping_status":"open","template":"","meta":{"_acf_changed":false,"ngg_post_thumbnail":0,"footnotes":""},"class_list":["post-28","page","type-page","status-publish","hentry"],"acf":[],"_links":{"self":[{"href":"https:\/\/sacod.ufpr.br\/ppgdesign\/wp-json\/wp\/v2\/pages\/28","targetHints":{"allow":["GET"]}}],"collection":[{"href":"https:\/\/sacod.ufpr.br\/ppgdesign\/wp-json\/wp\/v2\/pages"}],"about":[{"href":"https:\/\/sacod.ufpr.br\/ppgdesign\/wp-json\/wp\/v2\/types\/page"}],"author":[{"embeddable":true,"href":"https:\/\/sacod.ufpr.br\/ppgdesign\/wp-json\/wp\/v2\/users\/1"}],"replies":[{"embeddable":true,"href":"https:\/\/sacod.ufpr.br\/ppgdesign\/wp-json\/wp\/v2\/comments?post=28"}],"version-history":[{"count":38,"href":"https:\/\/sacod.ufpr.br\/ppgdesign\/wp-json\/wp\/v2\/pages\/28\/revisions"}],"predecessor-version":[{"id":229,"href":"https:\/\/sacod.ufpr.br\/ppgdesign\/wp-json\/wp\/v2\/pages\/28\/revisions\/229"}],"up":[{"embeddable":true,"href":"https:\/\/sacod.ufpr.br\/ppgdesign\/wp-json\/wp\/v2\/pages\/270"}],"wp:attachment":[{"href":"https:\/\/sacod.ufpr.br\/ppgdesign\/wp-json\/wp\/v2\/media?parent=28"}],"curies":[{"name":"wp","href":"https:\/\/api.w.org\/{rel}","templated":true}]}}