{"id":2468,"date":"2017-08-11T17:47:03","date_gmt":"2017-08-11T20:47:03","guid":{"rendered":"https:\/\/sacod.ufpr.br\/ppgdesign\/?page_id=2468"},"modified":"2018-08-13T17:17:00","modified_gmt":"2018-08-13T20:17:00","slug":"selecao-turma-2018","status":"publish","type":"page","link":"https:\/\/sacod.ufpr.br\/ppgdesign\/selecao-turma-2018\/","title":{"rendered":"SELE\u00c7\u00c3O TURMA 2018"},"content":{"rendered":"<p style=\"text-align: left\">O Processo Seletivo para a turma de 2018 j\u00e1 est\u00e1 encerrado.<\/p>\n<p style=\"text-align: left\">O Processo Seletivo para a turma 2019&nbsp;ser\u00e1 publicado exclusivamente no novo site do PPGDesign:<\/p>\n<ul>\n<li style=\"text-align: left\"><a href=\"http:\/\/www.prppg.ufpr.br\/site\/ppgdesign\/pb\/processo-seletivo\/\" target=\"_blank\" rel=\"noopener\">http:\/\/www.prppg.ufpr.br\/site\/ppgdesign\/pb\/processo-seletivo\/<\/a><\/li>\n<\/ul>\n<hr>\n<p style=\"text-align: left\"><strong>PROCESSO SELETIVO MESTRADO &#8211; Turma 2018<\/strong><\/p>\n<ul>\n<li style=\"text-align: left\"><span style=\"color: #0000ff\"><a style=\"color: #0000ff\" href=\"https:\/\/sacod.ufpr.br\/ppgdesign\/wp-content\/uploads\/sites\/6\/2017\/08\/PPGDesign-Selecao-2018_MSc.pdf\" target=\"_blank\" rel=\"noopener\">Edital MESTRADO &#8211; Turma 2018<\/a><\/span><\/li>\n<li style=\"text-align: left\"><span style=\"color: #0000ff\"><a style=\"color: #0000ff\" href=\"https:\/\/sacod.ufpr.br\/ppgdesign\/wp-content\/uploads\/sites\/6\/2017\/08\/Errata_MSc.pdf\" target=\"_blank\" rel=\"noopener\">Errata do Edital MESTRADO &#8211; Turma 2018<\/a><\/span><\/li>\n<li style=\"text-align: left\"><span style=\"color: #0000ff\"><a style=\"color: #0000ff\" href=\"https:\/\/sacod.ufpr.br\/ppgdesign\/wp-content\/uploads\/sites\/6\/2017\/08\/Temas_orientadores_2018-Mestrado.pdf\" target=\"_blank\" rel=\"noopener\">Temas dos orientadores Mestrado &#8211; Turma 2018<\/a><\/span><\/li>\n<li style=\"text-align: left\"><span style=\"color: #0000ff\"><a style=\"color: #0000ff\" href=\"http:\/\/www.prppg.ufpr.br\/siga\/visitante\/processoseletivo\/index.jsp?sequencial=551\" target=\"_blank\" rel=\"noopener\">Link para inscri\u00e7\u00e3o no Processo Seletivo 2018&nbsp;&#8211; candidatos ao Mestrado<\/a><\/span><\/li>\n<li style=\"text-align: left\"><span style=\"color: #0000ff\"><a style=\"color: #0000ff\" href=\"https:\/\/sacod.ufpr.br\/ppgdesign\/wp-content\/uploads\/sites\/6\/2017\/08\/GRU-MESTRADO.pdf\" target=\"_blank\" rel=\"noopener\">Orienta\u00e7\u00e3o para emiss\u00e3o de GRU Mestrado &#8211; Turma 2018<\/a><\/span><\/li>\n<li style=\"text-align: left\"><span style=\"color: #0000ff\"><a style=\"color: #0000ff\" href=\"https:\/\/sacod.ufpr.br\/ppgdesign\/wp-content\/uploads\/sites\/6\/2017\/08\/Modelo_Carta_Apresentacao_MSc_2018.doc\">Modelo de Carta de Apresenta\u00e7\u00e3o Mestrado &#8211; Turma 2018<\/a><\/span><\/li>\n<li style=\"text-align: left\"><span style=\"color: #0000ff\"><a style=\"color: #0000ff\" href=\"https:\/\/sacod.ufpr.br\/ppgdesign\/wp-content\/uploads\/sites\/6\/2017\/08\/Modelo_PPesquisa_MSc_2018.doc\" target=\"_blank\" rel=\"noopener\">Modelo de Proposta de Pesquisa Mestrado &#8211; Turma 2018<\/a><\/span><\/li>\n<li style=\"text-align: left\"><span style=\"color: #0000ff\"><a style=\"color: #0000ff\" href=\"https:\/\/sacod.ufpr.br\/ppgdesign\/wp-content\/uploads\/sites\/6\/2017\/08\/Formulario-de-Recurso-2018-Mestrado.doc\">Formul\u00e1rio de Recurso Mestrado &#8211; Turma 2018<\/a><\/span><\/li>\n<\/ul>\n<p style=\"text-align: left\"><strong>PROCESSO SELETIVO DOUTORADO &#8211; Turma 2018<\/strong><\/p>\n<ul>\n<li style=\"text-align: left\"><span style=\"color: #0000ff\"><a style=\"color: #0000ff\" href=\"https:\/\/sacod.ufpr.br\/ppgdesign\/wp-content\/uploads\/sites\/6\/2017\/08\/PPGDesign-Selecao-2018_DSc.pdf\" target=\"_blank\" rel=\"noopener\">Edital DOUTORADO &#8211; Turma 2018<\/a><\/span><\/li>\n<li style=\"text-align: left\"><span style=\"color: #0000ff\"><a style=\"color: #0000ff\" href=\"https:\/\/sacod.ufpr.br\/ppgdesign\/wp-content\/uploads\/sites\/6\/2017\/08\/Errata_DSc.pdf\" target=\"_blank\" rel=\"noopener\">Errata do Edital DOUTORADO &#8211; Turma 2018<\/a><\/span><\/li>\n<li style=\"text-align: left\"><span style=\"color: #0000ff\"><a style=\"color: #0000ff\" href=\"https:\/\/sacod.ufpr.br\/ppgdesign\/wp-content\/uploads\/sites\/6\/2017\/08\/Temas_orientadores_2018-Doutorado.pdf\" target=\"_blank\" rel=\"noopener\">Temas dos orientadores Doutorado &#8211; Turma 2018<\/a><\/span><\/li>\n<li style=\"text-align: left\"><span style=\"color: #0000ff\"><a style=\"color: #0000ff\" href=\"http:\/\/www.prppg.ufpr.br\/siga\/visitante\/processoseletivo\/index.jsp?sequencial=552\" target=\"_blank\" rel=\"noopener\">Link para inscri\u00e7\u00e3o no Processo Seletivo 2018&nbsp;&#8211; candidatos ao Doutorado<\/a><\/span><\/li>\n<li style=\"text-align: left\"><span style=\"color: #0000ff\"><a style=\"color: #0000ff\" href=\"https:\/\/sacod.ufpr.br\/ppgdesign\/wp-content\/uploads\/sites\/6\/2017\/08\/GRU-DOUTORADO.pdf\" target=\"_blank\" rel=\"noopener\">Orienta\u00e7\u00e3o para emiss\u00e3o de GRU Doutorado &#8211; Turma 2018<\/a><\/span><\/li>\n<li style=\"text-align: left\"><span style=\"color: #0000ff\"><a style=\"color: #0000ff\" href=\"https:\/\/sacod.ufpr.br\/ppgdesign\/wp-content\/uploads\/sites\/6\/2017\/08\/Modelo_Carta_Apresentacao_DSc_2018.doc\">Modelo de Carta de Apresenta\u00e7\u00e3o Doutorado &#8211; Turma 2018<\/a><\/span><\/li>\n<li style=\"text-align: left\"><span style=\"color: #0000ff\"><a style=\"color: #0000ff\" href=\"https:\/\/sacod.ufpr.br\/ppgdesign\/wp-content\/uploads\/sites\/6\/2017\/08\/Modelo_PPesquisa_DSc_2018_V2.doc\" target=\"_blank\" rel=\"noopener\">Modelo de Proposta de Pesquisa Doutorado &#8211; Turma 2018<\/a><\/span><\/li>\n<li style=\"text-align: left\"><span style=\"color: #0000ff\"><a style=\"color: #0000ff\" href=\"https:\/\/sacod.ufpr.br\/ppgdesign\/wp-content\/uploads\/sites\/6\/2017\/08\/Formulario-de-Recurso-2018-Doutorado.doc\">Formul\u00e1rio de Recurso Doutorado &#8211; Turma 2018<\/a><\/span><\/li>\n<\/ul>\n<p style=\"text-align: left\"><strong>Bibliografia (Mestrado\/Doutorado) da linha de pesquisa Sistemas de Produ\u00e7\u00e3o e Utiliza\u00e7\u00e3o:<\/strong><\/p>\n<ul>\n<li>SANTOS, A. dos; CESCHIN, F.; MARTINS, S. B.; VEZZOLI, C. A design framework for enabling sustainability in the clothing sector. Latin American Journal of Management for Sustainable Development, v. 3, p. 47-67, 2016. <span style=\"color: #0000ff\"><a style=\"color: #0000ff\" href=\"https:\/\/sacod.ufpr.br\/ppgdesign\/wp-content\/uploads\/sites\/6\/2017\/08\/SANTOS_A-Design-framework-for-enabling-sustainability-in-the-clothing-sector.pdf\" target=\"_blank\" rel=\"noopener\">Dispon\u00edvel aqui<\/a><\/span><\/li>\n<li>OKIMOTO, M. L. L. R.; OKIMOTO, P. C.; GOLDBACH, C. E. User Experience in Augmented Reality Applied to the Welding Education. Procedia Manufacturing, v. 3, p. 6223-6227, 2015. <span style=\"color: #0000ff\"><a style=\"color: #0000ff\" href=\"https:\/\/sacod.ufpr.br\/ppgdesign\/wp-content\/uploads\/sites\/6\/2017\/08\/OKIMOTO_User-Experience-in-Augmented-Reality-applied-to-the-Welding.pdf\" target=\"_blank\" rel=\"noopener\">Dispon\u00edvel aqui<\/a><\/span><\/li>\n<li>KISTMANN, V. B. Interdisciplinaridade: quest\u00f5es quanto \u00e0 pesquisa e \u00e0 inova\u00e7\u00e3o em design. Estudos em Design (Online), v. 2, p. 81-99, 2014. <span style=\"color: #0000ff\"><a style=\"color: #0000ff\" href=\"https:\/\/sacod.ufpr.br\/ppgdesign\/wp-content\/uploads\/sites\/6\/2017\/08\/KISTMANN_Interdisciplinaridade.pdf\" target=\"_blank\" rel=\"noopener\">Dispon\u00edvel aqui<\/a><\/span><\/li>\n<\/ul>\n<p style=\"text-align: left\"><strong>Bibliografia (Mestrado\/Doutorado) da linha de pesquisa Sistemas de Informa\u00e7\u00e3o:<\/strong><\/p>\n<ul>\n<li>BECCARI, M., PORTUGAL, D. B.; PADOVANI, S. Seis eixos para uma filosofia do design. Estudos em Design (Online), v. 25, n. 1, p. 13-32, 2017. <span style=\"color: #0000ff\"><a style=\"color: #0000ff\" href=\"https:\/\/sacod.ufpr.br\/ppgdesign\/wp-content\/uploads\/sites\/6\/2017\/08\/BECCARI_Seis-eixos-para-uma-filosofia-do-design.pdf\" target=\"_blank\" rel=\"noopener\">Dispon\u00edvel aqui<\/a><\/span><\/li>\n<li>PADOVANI, S.; HEEMANN, A. Representa\u00e7\u00f5es Gr\u00e1ficas de S\u00edntese (RGS) como artefatos cognitivos para aprendizagem colaborativa. Estudos em Design (Online), v. 24, p. 45-70, 2016. <span style=\"color: #0000ff\"><a style=\"color: #0000ff\" href=\"https:\/\/sacod.ufpr.br\/ppgdesign\/wp-content\/uploads\/sites\/6\/2017\/08\/PADOVANI_Representa\u00e7\u00f5es-Gr\u00e1ficas-de-S\u00edntese.pdf\" target=\"_blank\" rel=\"noopener\">Dispon\u00edvel aqui<\/a><\/span><\/li>\n<li>ULBRICHT, V. R.; VANZIN, T.; SAITO, D. S.; PIVETTA, E. M. Interaction in Accessible Virtual Learning Environments: An Interdisciplinary Challenge. Journal of Education and Human Development, v. 4, p. 60-66, 2015. <span style=\"color: #0000ff\"><a style=\"color: #0000ff\" href=\"https:\/\/sacod.ufpr.br\/ppgdesign\/wp-content\/uploads\/sites\/6\/2017\/08\/ULBRICHT_Interaction-in-Accessible-Virtual-Learning-Environments.pdf\" target=\"_blank\" rel=\"noopener\">Dispon\u00edvel aqui<\/a><\/span><\/li>\n<\/ul>\n<p style=\"text-align: left\"><strong>RESULTADOS:<\/strong><\/p>\n<ul>\n<li style=\"text-align: left\"><span style=\"color: #0000ff\"><a style=\"color: #0000ff\" href=\"https:\/\/sacod.ufpr.br\/ppgdesign\/wp-content\/uploads\/sites\/6\/2017\/08\/Edital-Result_fase-1_2018-MESTRADO-pos-recursos.pdf\" target=\"_blank\" rel=\"noopener\">Edital de Homologa\u00e7\u00e3o das inscri\u00e7\u00f5es &#8211; Mestrado Turma 2018 ap\u00f3s recursos<\/a><\/span><\/li>\n<li style=\"text-align: left\"><a style=\"color: #0000ff\" href=\"https:\/\/sacod.ufpr.br\/ppgdesign\/wp-content\/uploads\/sites\/6\/2017\/08\/Edital-Result_fase-1_2018-DOUTORADO.pdf\" target=\"_blank\" rel=\"noopener\">Edital de Homologa\u00e7\u00e3o das inscri\u00e7\u00f5es &#8211; Doutorado Turma 2018<\/a><\/li>\n<li style=\"text-align: left\"><span style=\"color: #0000ff\"><a style=\"color: #0000ff\" href=\"https:\/\/sacod.ufpr.br\/ppgdesign\/wp-content\/uploads\/sites\/6\/2017\/08\/Edital-Result_fase-1_2018-MESTRADO-2.pdf\" target=\"_blank\" rel=\"noopener\">Edital de Resultado da 1\u00aa fase (Prova Escrita) &#8211; Mestrado Turma 2018<\/a><\/span><\/li>\n<li style=\"text-align: left\"><span style=\"color: #0000ff\"><a style=\"color: #0000ff\" href=\"https:\/\/sacod.ufpr.br\/ppgdesign\/wp-content\/uploads\/sites\/6\/2017\/08\/Edital-Result_fase-1_2018-DOUTORADO-3.pdf\" target=\"_blank\" rel=\"noopener\">Edital de Resultado da 1\u00aa fase (Prova Escrita) &#8211; Doutorado Turma 2018<\/a><\/span><\/li>\n<li style=\"text-align: left\"><span style=\"color: #0000ff\"><a style=\"color: #0000ff\" href=\"https:\/\/sacod.ufpr.br\/ppgdesign\/wp-content\/uploads\/sites\/6\/2017\/08\/Edital-05-Result_fase-2_2018-MESTRADO.pdf\" target=\"_blank\" rel=\"noopener\">Edital de Resultado da 2\u00aa fase (Curr\u00edculo Lattes) &#8211; Mestrado Turma 2018<\/a><\/span><\/li>\n<li style=\"text-align: left\"><span style=\"color: #0000ff\"><a style=\"color: #0000ff\" href=\"https:\/\/sacod.ufpr.br\/ppgdesign\/wp-content\/uploads\/sites\/6\/2017\/08\/Edital-06-Result_fase-2_2018-DOUTORADO.pdf\" target=\"_blank\" rel=\"noopener\">Edital de Resultado da 2\u00aa fase (Curr\u00edculo Lattes) &#8211; Doutorado Turma 2018<\/a><\/span><\/li>\n<li style=\"text-align: left\"><span style=\"color: #0000ff\"><a style=\"color: #0000ff\" href=\"https:\/\/sacod.ufpr.br\/ppgdesign\/wp-content\/uploads\/sites\/6\/2017\/08\/Escala-de-Entrevistas-SI-versao-2.pdf\" target=\"_blank\" rel=\"noopener\">Escala de Entrevistas SI versao 2<\/a><\/span><\/li>\n<li style=\"text-align: left\"><span style=\"color: #0000ff\"><a style=\"color: #0000ff\" href=\"https:\/\/sacod.ufpr.br\/ppgdesign\/wp-content\/uploads\/sites\/6\/2017\/08\/Escala-de-Entrevistas-SPU.pdf\" target=\"_blank\" rel=\"noopener\">Escala de Entrevistas SPU<\/a><\/span><\/li>\n<li style=\"text-align: left\"><span style=\"color: #0000ff\"><a style=\"color: #0000ff\" href=\"https:\/\/sacod.ufpr.br\/ppgdesign\/wp-content\/uploads\/sites\/6\/2017\/08\/Edital-07-Result_fase-3-e-4_2018-MESTRADO-1.pdf\" target=\"_blank\" rel=\"noopener\">Edital de Resultado da 3\u00aa (Proposta de Pesquisa) e 4\u00aa fase (Entrevista) &#8211; Mestrado Turma 2018<\/a><\/span><\/li>\n<li style=\"text-align: left\"><span style=\"color: #0000ff\"><a style=\"color: #0000ff\" href=\"https:\/\/sacod.ufpr.br\/ppgdesign\/wp-content\/uploads\/sites\/6\/2017\/08\/Edital-08-Result_fase-3-e-4_2018-DOUTORADO-1.pdf\" target=\"_blank\" rel=\"noopener\">Edital de Resultado da 3\u00aa (Proposta de Pesquisa) e 4\u00aa fase (Entrevista) &#8211; Doutorado Turma 2018<\/a><\/span><\/li>\n<li style=\"text-align: left\"><span style=\"color: #0000ff\"><a style=\"color: #0000ff\" href=\"https:\/\/sacod.ufpr.br\/ppgdesign\/wp-content\/uploads\/sites\/6\/2017\/08\/Errata_Edital-07.pdf\" target=\"_blank\" rel=\"noopener\">Errata do Edital 07\/2017 &#8211; 4\u00aa Fase (Entrevista) &#8211; Mestrado &#8211; Turma 2018<\/a><\/span><\/li>\n<li style=\"text-align: left\"><span style=\"color: #0000ff\"><a style=\"color: #0000ff\" href=\"https:\/\/sacod.ufpr.br\/ppgdesign\/wp-content\/uploads\/sites\/6\/2017\/08\/Edital-09-Result_final_2018-Mestrado.pdf\" target=\"_blank\" rel=\"noopener\">Edital de Resultados Finais &#8211; Mestrado Turma 2018<\/a><\/span><\/li>\n<li style=\"text-align: left\"><span style=\"color: #0000ff\"><a style=\"color: #0000ff\" href=\"https:\/\/sacod.ufpr.br\/ppgdesign\/wp-content\/uploads\/sites\/6\/2017\/08\/Edital-10-Result_final_2018-Doutorado.pdf\" target=\"_blank\" rel=\"noopener\">Edital de Resultados Finais &#8211; Doutorado Turma 2018<\/a><\/span><\/li>\n<\/ul>\n<hr>\n<p style=\"text-align: left\"><span style=\"color: #0000ff\"><span style=\"color: #000000\">Em caso de d\u00favida sobre o Edital, n\u00e3o hesite em perguntar. Para isso utilize exclusivamente o e-mail&nbsp;<strong>selecao.ppgdesign@ufpr.br &nbsp;&nbsp;<\/strong>Perguntas enviadas a outros endere\u00e7os&nbsp;poder\u00e3o&nbsp;n\u00e3o ser respondidas a tempo.<\/span><\/span><\/p>\n","protected":false},"excerpt":{"rendered":"<p>O Processo Seletivo para a turma de 2018 j\u00e1 est\u00e1 encerrado. O Processo Seletivo para a turma 2019&nbsp;ser\u00e1 publicado exclusivamente no novo site do PPGDesign: http:\/\/www.prppg.ufpr.br\/site\/ppgdesign\/pb\/processo-seletivo\/ PROCESSO SELETIVO MESTRADO &#8211; Turma 2018 Edital MESTRADO &#8211; Turma 2018 Errata do Edital &hellip; <a href=\"https:\/\/sacod.ufpr.br\/ppgdesign\/selecao-turma-2018\/\">&#8230;<\/a><\/p>\n","protected":false},"author":5,"featured_media":0,"parent":0,"menu_order":0,"comment_status":"closed","ping_status":"closed","template":"","meta":{"_acf_changed":false,"ngg_post_thumbnail":0,"footnotes":""},"class_list":["post-2468","page","type-page","status-publish","hentry"],"acf":[],"_links":{"self":[{"href":"https:\/\/sacod.ufpr.br\/ppgdesign\/wp-json\/wp\/v2\/pages\/2468","targetHints":{"allow":["GET"]}}],"collection":[{"href":"https:\/\/sacod.ufpr.br\/ppgdesign\/wp-json\/wp\/v2\/pages"}],"about":[{"href":"https:\/\/sacod.ufpr.br\/ppgdesign\/wp-json\/wp\/v2\/types\/page"}],"author":[{"embeddable":true,"href":"https:\/\/sacod.ufpr.br\/ppgdesign\/wp-json\/wp\/v2\/users\/5"}],"replies":[{"embeddable":true,"href":"https:\/\/sacod.ufpr.br\/ppgdesign\/wp-json\/wp\/v2\/comments?post=2468"}],"version-history":[{"count":31,"href":"https:\/\/sacod.ufpr.br\/ppgdesign\/wp-json\/wp\/v2\/pages\/2468\/revisions"}],"predecessor-version":[{"id":2860,"href":"https:\/\/sacod.ufpr.br\/ppgdesign\/wp-json\/wp\/v2\/pages\/2468\/revisions\/2860"}],"wp:attachment":[{"href":"https:\/\/sacod.ufpr.br\/ppgdesign\/wp-json\/wp\/v2\/media?parent=2468"}],"curies":[{"name":"wp","href":"https:\/\/api.w.org\/{rel}","templated":true}]}}