{"id":220,"date":"2011-11-19T11:24:57","date_gmt":"2011-11-19T11:24:57","guid":{"rendered":"https:\/\/sacod.ufpr.br\/ppgdesign\/?page_id=220"},"modified":"2011-11-19T11:24:57","modified_gmt":"2011-11-19T11:24:57","slug":"sociedades-cientificas","status":"publish","type":"page","link":"https:\/\/sacod.ufpr.br\/ppgdesign\/parcerias\/sociedades-cientificas\/","title":{"rendered":"<!--:en-->Scientific Societies<!--:--><!--:pt-->Sociedades Cient\u00edficas<!--:-->"},"content":{"rendered":"<p><!--:en-->Regarding\u00a0scientific societies, the Program\u00a0has partnered with\u00a0IVLA\u00a0Visual\u00a0LiteracyAssociation-International, USA, the\u00a0SBDI\u00a0|\u00a0Brazilian Society\u00a0of Information Design,aend-BR\u00a0| Association\u00a0for Teaching and\u00a0Research\u00a0Design\u00a0in Brazil in theparticipation of their\u00a0teachers in\u00a0committees\u00a0of\u00a0scientific\u00a0events and\u00a0publications.\u00a0In2010, teachers\u00a0of\u00a0PPGDesign\u00a0participated in the\u00a0scientific committee of the\u00a0R &amp;\u00a0D-Design-Brazilian Congress of\u00a0Research and Development in\u00a0Design, New York(aend-BR), and\u00a0the\u00a0committee of\u00a0reviewers\u00a0InfoDesign-Journal of\u00a0Information Design(SBDI)\u00a0, and\u00a0Dr\u00a0Carla\u00a0G\u00a0Spinillo, co-editor of the magazine\u00a0with Dr.\u00a0Priscila\u00a0Farias-USP,\u00a0which is\u00a0also the\u00a0scientific and\u00a0organizing\u00a0committees\u00a0of the\u00a042nd\u00a0Annual Conference\u00a0IVLA,\u00a0Cyprus (IVLA),\u00a0and co-chair\u00a0of the\u00a0Publication\u00a0Committee\u00a0as a member of\u00a0IVLA\u00a0the\u00a0board.<!--:--><!--:pt-->Em rela\u00e7\u00e3o as sociedades cient\u00edficas, o Programa tem parceria com a IVLA- International Visual Literacy Association, EUA; a SBDI | Sociedade Brasileira de Design da Informa\u00e7\u00e3o, AEnD-BR| Associa\u00e7\u00e3o de Ensino e Pesquisa em Design no Brasil na participa\u00e7\u00e3o de seus docentes em comit\u00eas cient\u00edficos de eventos e em publica\u00e7\u00f5es.\u00a0 Em 2010, os docentes do PPGDesign participaram do comit\u00ea cient\u00edfico do P&amp;D-Design- Congresso Brasileiro de Pesquisa e Desenvolvimento em Design, S\u00e3o Paulo (AEnd-BR); e do comit\u00ea de revisores da InfoDesign- Revista Brasileira de Design da Informa\u00e7\u00e3o (SBDI), sendo a Dra Carla G Spinillo, co-editora da revista com a Dra Priscila Farias-USP; sendo esta tamb\u00e9m dos comit\u00eas cient\u00edfico e organizador do 42o IVLA Annual Conference, Chipre (IVLA), e co-chair do Publication Committee como membro da diretoria do IVLA.<\/p>\n<p>&nbsp;<!--:--><\/p>\n","protected":false},"excerpt":{"rendered":"<p>Regarding\u00a0scientific societies, the Program\u00a0has partnered with\u00a0IVLA\u00a0Visual\u00a0LiteracyAssociation-International, USA, the\u00a0SBDI\u00a0|\u00a0Brazilian Society\u00a0of Information Design,aend-BR\u00a0| Association\u00a0for Teaching and\u00a0Research\u00a0Design\u00a0in Brazil in theparticipation of their\u00a0teachers in\u00a0committees\u00a0of\u00a0scientific\u00a0events and\u00a0publications.\u00a0In2010, teachers\u00a0of\u00a0PPGDesign\u00a0participated in the\u00a0scientific committee of the\u00a0R &amp;\u00a0D-Design-Brazilian Congress of\u00a0Research and Development in\u00a0Design, New York(aend-BR), and\u00a0the\u00a0committee of\u00a0reviewers\u00a0InfoDesign-Journal of\u00a0Information Design(SBDI)\u00a0, and\u00a0Dr\u00a0Carla\u00a0G\u00a0Spinillo, &hellip; <a href=\"https:\/\/sacod.ufpr.br\/ppgdesign\/parcerias\/sociedades-cientificas\/\">&#8230;<\/a><\/p>\n","protected":false},"author":66,"featured_media":0,"parent":204,"menu_order":4,"comment_status":"open","ping_status":"open","template":"","meta":{"_acf_changed":false,"ngg_post_thumbnail":0,"footnotes":""},"class_list":["post-220","page","type-page","status-publish","hentry"],"acf":[],"_links":{"self":[{"href":"https:\/\/sacod.ufpr.br\/ppgdesign\/wp-json\/wp\/v2\/pages\/220","targetHints":{"allow":["GET"]}}],"collection":[{"href":"https:\/\/sacod.ufpr.br\/ppgdesign\/wp-json\/wp\/v2\/pages"}],"about":[{"href":"https:\/\/sacod.ufpr.br\/ppgdesign\/wp-json\/wp\/v2\/types\/page"}],"author":[{"embeddable":true,"href":"https:\/\/sacod.ufpr.br\/ppgdesign\/wp-json\/wp\/v2\/users\/66"}],"replies":[{"embeddable":true,"href":"https:\/\/sacod.ufpr.br\/ppgdesign\/wp-json\/wp\/v2\/comments?post=220"}],"version-history":[{"count":2,"href":"https:\/\/sacod.ufpr.br\/ppgdesign\/wp-json\/wp\/v2\/pages\/220\/revisions"}],"predecessor-version":[{"id":222,"href":"https:\/\/sacod.ufpr.br\/ppgdesign\/wp-json\/wp\/v2\/pages\/220\/revisions\/222"}],"up":[{"embeddable":true,"href":"https:\/\/sacod.ufpr.br\/ppgdesign\/wp-json\/wp\/v2\/pages\/204"}],"wp:attachment":[{"href":"https:\/\/sacod.ufpr.br\/ppgdesign\/wp-json\/wp\/v2\/media?parent=220"}],"curies":[{"name":"wp","href":"https:\/\/api.w.org\/{rel}","templated":true}]}}