{"id":217,"date":"2011-11-19T11:19:55","date_gmt":"2011-11-19T11:19:55","guid":{"rendered":"https:\/\/sacod.ufpr.br\/ppgdesign\/?page_id=217"},"modified":"2013-11-04T14:54:41","modified_gmt":"2013-11-04T17:54:41","slug":"regional","status":"publish","type":"page","link":"https:\/\/sacod.ufpr.br\/ppgdesign\/parcerias\/regional\/","title":{"rendered":"<!--:en-->Regional Partnerships<!--:--><!--:pt-->Parcerias Regionais<!--:-->"},"content":{"rendered":"<p><!--:en-->The program also\u00a0has partnerships\u00a0with (a)\u00a0UNINDUS\u00a0(University\u00a0for Industry)\u00a0of FIEP, seeking\u00a0inclusion\u00a0of scientific production\u00a0in the industry.\u00a0This\u00a0has occurredthrough the\u00a0joint promotion\u00a0of events,\u00a0courses, lectures\u00a0and training, (b)\u00a0with private companies\u00a0and government\u00a0and third sector\u00a0in the metropolitan region\u00a0of Curitiba,\u00a0asthe Municipality of Curitiba,\u00a0the Municipality of\u00a0Campo Largo,\u00a0Sindilou\u00e7a-union ofManufacturers\u00a0China\u00a0Wide Field,\u00a0CESTEC-Studies Center\u00a0Ceramics\u00a0Science and Technology\u00a0of Parana,\u00a0IRPC\u00a0|\u00a0Paran\u00e1 Institute of\u00a0Communication, FIEP\u00a0|\u00a0Federationof Industries of\u00a0Paran\u00e1, EMBRAER,\u00a0EMBRART, Volvo,\u00a0Electrolux,\u00a0Soliforte,\u00a0theApothecary,\u00a0Artisans\u00a0Association of\u00a0Campo Largo, Masisa,\u00a0Volkswagen-Audi, Ceramics\u00a0Brasilia,\u00a0and\u00a0Atelier\u00a0Cericamp\u00a0Fedalto\u00a0and Otero, Porcelain\u00a0Bordignon,Cermassa.<!--:--><!--:pt-->O PPGDesign realiza coopera\u00e7\u00e3o com os programas de p\u00f3s-gradua\u00e7\u00e3o em Constru\u00e7\u00e3o Civil (PPGCC) e Engenharia Mec\u00e2nica (PPGMEC)da UFPR, tanto em ensino (alunos dos programas regularmente cursando disciplinas) como em pesquisa (participa\u00e7\u00e3o docente e discente). A professora Dra. Maria Lucia Okimoto \u00e9 do corpo docente do PPGMEC e o Prof. Dr. Aloisio Schmid \u00e9 do corpo docente do PPGCC, o que tem instrumentalizado tal parceria. O prof. Dr. Aguinaldo dos Santos, coordenador do PPGDesign\/UFPR foi professor permanente do PPGCC de 2000 a 2011, tendo proferido a primeira aula daquele programa. A colabora\u00e7\u00e3o com outros programas tamb\u00e9m se d\u00e1 atrav\u00e9s de colabora\u00e7\u00f5es em temas espec\u00edficos. Por exemplo, a professora Dra. Carla Spinillo proferiu em 2012 palestras no PPG Farmacologia e no PPG Gest\u00e3o da Informa\u00e7\u00e3o UFPR acerca do \u201cDesign da Informa\u00e7\u00e3o em Medicamentos: perspectiva dos usu\u00e1rios\u201d e \u201cProjeto InfoBula: Design da Informa\u00e7\u00e3o para usu\u00e1rios de medicamentos\u201d, respectivamente.<\/p>\n<p>O PPGDesign ainda possui parcerias com (a) o Centro Brasil de Design, baseado na FIEP (Federa\u00e7\u00e3o das Ind\u00fastrias do Paran\u00e1), visando inser\u00e7\u00e3o da produ\u00e7\u00e3o cient\u00edfica na ind\u00fastria. Isto tem se dado atrav\u00e9s da promo\u00e7\u00e3o conjunta de eventos, cursos, palestras e treinamento;\u00a0 (b) com empresas privadas e governamentais e do terceiro setor na Regi\u00e3o Metropolitana de Curitiba, como: Prefeitura Municipal de Curitiba, Prefeitura Municipal de Campo Largo, Sindilou\u00e7a-Sindicato dos Fabricantes de Lou\u00e7a de Campo Largo, CESTEC- Centro de Estudos de Ci\u00eancias e Tecnologias Cer\u00e2micas do Paran\u00e1, IRPC | Instituto Paranaense de Comunica\u00e7\u00e3o, FIEP | Federa\u00e7\u00e3o das Ind\u00fastrias do Paran\u00e1, EMBRART, Volvo, Electrolux, Soliforte, O Botic\u00e1rio, Associa\u00e7\u00e3o dos Artes\u00e3os de Campo Largo, Masisa, Audi-Volkswagen, Cer\u00e2mica Bras\u00edlia, Cericamp e Atelier Fedalto e Otero, Porcelanas Bordignon, Cermassa.<!--:--><\/p>\n","protected":false},"excerpt":{"rendered":"<p>The program also\u00a0has partnerships\u00a0with (a)\u00a0UNINDUS\u00a0(University\u00a0for Industry)\u00a0of FIEP, seeking\u00a0inclusion\u00a0of scientific production\u00a0in the industry.\u00a0This\u00a0has occurredthrough the\u00a0joint promotion\u00a0of events,\u00a0courses, lectures\u00a0and training, (b)\u00a0with private companies\u00a0and government\u00a0and third sector\u00a0in the metropolitan region\u00a0of Curitiba,\u00a0asthe Municipality of Curitiba,\u00a0the Municipality of\u00a0Campo Largo,\u00a0Sindilou\u00e7a-union ofManufacturers\u00a0China\u00a0Wide Field,\u00a0CESTEC-Studies Center\u00a0Ceramics\u00a0Science and Technology\u00a0of Parana,\u00a0IRPC\u00a0|\u00a0Paran\u00e1 &hellip; <a href=\"https:\/\/sacod.ufpr.br\/ppgdesign\/parcerias\/regional\/\">&#8230;<\/a><\/p>\n","protected":false},"author":66,"featured_media":0,"parent":204,"menu_order":3,"comment_status":"open","ping_status":"open","template":"","meta":{"_acf_changed":false,"ngg_post_thumbnail":0,"footnotes":""},"class_list":["post-217","page","type-page","status-publish","hentry"],"acf":[],"_links":{"self":[{"href":"https:\/\/sacod.ufpr.br\/ppgdesign\/wp-json\/wp\/v2\/pages\/217","targetHints":{"allow":["GET"]}}],"collection":[{"href":"https:\/\/sacod.ufpr.br\/ppgdesign\/wp-json\/wp\/v2\/pages"}],"about":[{"href":"https:\/\/sacod.ufpr.br\/ppgdesign\/wp-json\/wp\/v2\/types\/page"}],"author":[{"embeddable":true,"href":"https:\/\/sacod.ufpr.br\/ppgdesign\/wp-json\/wp\/v2\/users\/66"}],"replies":[{"embeddable":true,"href":"https:\/\/sacod.ufpr.br\/ppgdesign\/wp-json\/wp\/v2\/comments?post=217"}],"version-history":[{"count":6,"href":"https:\/\/sacod.ufpr.br\/ppgdesign\/wp-json\/wp\/v2\/pages\/217\/revisions"}],"predecessor-version":[{"id":1255,"href":"https:\/\/sacod.ufpr.br\/ppgdesign\/wp-json\/wp\/v2\/pages\/217\/revisions\/1255"}],"up":[{"embeddable":true,"href":"https:\/\/sacod.ufpr.br\/ppgdesign\/wp-json\/wp\/v2\/pages\/204"}],"wp:attachment":[{"href":"https:\/\/sacod.ufpr.br\/ppgdesign\/wp-json\/wp\/v2\/media?parent=217"}],"curies":[{"name":"wp","href":"https:\/\/api.w.org\/{rel}","templated":true}]}}