{"id":213,"date":"2011-11-19T11:17:45","date_gmt":"2011-11-19T11:17:45","guid":{"rendered":"https:\/\/sacod.ufpr.br\/ppgdesign\/?page_id=213"},"modified":"2013-08-04T23:15:57","modified_gmt":"2013-08-04T23:15:57","slug":"internacional","status":"publish","type":"page","link":"https:\/\/sacod.ufpr.br\/ppgdesign\/parcerias\/internacional\/","title":{"rendered":"<!--:en-->International Partnerships<!--:--><!--:pt-->Parcerias Internacionais<!--:-->"},"content":{"rendered":"<p><!--:en-->\u2022 Avans University, The Netherlands: completing the postdoctoral stage (February-July 2010) of Prof..\u00a0Dr. Carla G.\u00a0Spinillo (CAPES) in cooperation with Dr. Karel van der Waard.\u00a0In addition to his studies teacher gave a lecture about his research activity, gave a lecture at the Master of Design, gave a short course for university graduates in design, and supervised two undergraduate students of the institution design in the development of their studies\u00a0post-doctoral.<br \/>\n\u2022 University of Reading, England: Dr Carla G.\u00a0Spinillo Marconi and Dr. Joseph de Souza were invited by the Department of Typography &#038; Graphic Communication at the University of Reading RH-visit for coordination of international cooperation in October 2010.\u00a0Teachers also had work in the simultaneous event and participated in the meeting of the LUCID Network.\u00a0How results are being organized for collaborative research between 2011 Marconi Dr. de Souza and Dr. Fadel&#8217;s Luciane PPGDesign with Dr. Mary Dyson of RH.<br \/>\n\u2022 Politecnico di Milano, Italy in 2010, through the project Eco-Aggregate the visit enabled the researcher Agnese Brasca technical experts on the theme &#8220;Lighting &#038; Design,&#8221; which allowed technical support to design and conduct of ongoing Open Label Extension\u00a0the community and in 2010 the Center for Design &#038; Sustainability in Curitiba support the launch of the book of Professor Carlo Vezzoli (Design for Sustainable Systems), a book published by the UFBA, the platform that enabled the implementation of the portal on Sustainability Learning Network &#8211; South America(www.lens.net.br), which is coordinated by Prof..\u00a0Dr. Aguinaldo dos Santos, was provided by LENS Asia Link project, led by Politecnico di Milano, under the leadership of the Politecnico di Milano in 2011 UFPR part of project to be submitted to the Alpha Program (European Economic Community);<br \/>\n\u2022 Swinborne University, Australia: continuity of cooperation involving joint range of subjects and events organization, with Dr. Aguinaldo as coordinator of this cooperation.\u00a0With the signing of the agreement between the two institutions opened up the opportunity of effecting exchanges of graduate and undergraduate students from 2010.\u00a0Invited by Prof..\u00a0Dr. Lyndon Johnson, Professor.\u00a0Dr. Aguinaldo dos Santos participated in two stalls Ph.D. (Blair Kuys. Science and design: surface modification for timber window frames and Christine Thong &#8220;Industrial Design for the Development of New Materials Based on Microwave Modified Timber&#8221;).<br \/>\n\u2022 K\u00f6ln International School of Design, Germany: Due to the articulation between the institutions, in 2010 the master&#8217;s student Juliana Bach attended courses in the Master of Koln.\u00a0UFPR received in 2009\/10 to two masters of the KISD (Fabian and Benedict Gaterman Schmit) who conducted their field studies related to the project Eco-aggregates, being the result of the final design of the House Sustainable Planet Award 2010 (furniture integrated with seals\u00a0of social housing), the Teacher Jairo da Costa Jr., who performs dissertation on Service Design, received training from Professor Birgit Mager (KISD) during his visit to Brazil, in 2010 two graduates of the Program of Scientific Initiation of the area UFPR\u00a0Design entered the master&#8217;s degree from that institution (Mauro Alex Rego and Julian Bach), moreover, took place following the exchange of undergraduate students with a total of four students benefited by the agreement;<br \/>\n\u2022 Cape Peninsula University Town, South Africa: in 2009, with funds from the edict pro-Africa (CNPq) technical visit was conducted at that institution, and one of the main results was the establishment of an agreement between the two institutions that exploits cooperation\u00a0both in the undergraduate and postgraduate level.\u00a0In 2010 it was agreed the country&#8217;s first exchange experiments were approved in 2011 for the exchange of a graduating UFPR (Gabriel Jacobi) at CPUT and a graduate student from CPUT (Francois Flemming) in UFPR.\u00a0Professor Dr. Aguinaldo dos Santos was invited by the CPUT to give a lecture at the conference &#8220;Design, Development and Research&#8221; to be held in September in Cape Town (http:\/\/www.design-development-research.co.za\/\u00a0index.php\/DDRC\/2011<br \/>\n\u2022 CEAD-Center for Advanced Studies in Design, Mexico through a partnership with Dr.\u00a0Maria de Cossio, director of the Spanish CEAD was published in the book &#8216;Design of Instructional Informacion in look&#8217; of Dr. Carla G Spinillo for distribution in Latin America.<br \/>\nIn addition to direct international partnerships, has been acting as guest teachers from foreign universities, as in the case of Professor.\u00a0Dr. Virginia Borges Kistmann who served in 2010 as a teacher of the course in Design Management International Master of hypermedia and Communication at the University of Savoie, France.<!--:--><!--:pt-->No \u00e2mbito internacional o PPGDesign tem empreendido esfor\u00e7os no sentido de consolidar as parcerias existentes. As parcerias atuais incluem a Universidade de Sorbonne \u2013 Paris 1 (Fran\u00e7a), Polit\u00e9cnico di Mi\u00e3o (It\u00e1lia) (convenidada com a UFPR), Swinborne University (Australia), K\u00f6ln International School of Design (Alemanha) (conveniada com a UFPR); Cape Town Peninsula University (\u00c1frica do Sul) e o CEAD- Centro de Estudos Avan\u00e7ados em Design (M\u00e9xico). Foram ainda realizadas as seguintes a\u00e7\u00f5es:<\/p>\n<p>1.\u00a0\u00a0\u00a0\u00a0\u00a0\u00a0\u00a0\u00a0\u00a0\u00a0\u00a0 Bergische Universit\u00e4t Wuppertal: o projeto &#8220;A lou\u00e7a de mesa na Grande Curitiba&#8221;, coordenado pela mesma professora Dra. Virginia Kistmann, cujo objetivo \u00e9 investigar a Gest\u00e3o do Design voltada para a produ\u00e7\u00e3o de lou\u00e7a de mesa e objetos de adorno, com foco em Curitiba e regi\u00e3o metropolitana, tem nesta institui\u00e7\u00e3o um dos principais parceiros;<\/p>\n<p>2.\u00a0\u00a0\u00a0\u00a0\u00a0\u00a0\u00a0\u00a0\u00a0\u00a0\u00a0 K\u00f6ln International School of Design, Alemanha: a produ\u00e7\u00e3o da Professora Birgit Mager (KISD) tem sido instrumental para as pesquisa em Design de Servi\u00e7os realizadas no programa. No \u00e2mbito da gradua\u00e7\u00e3o o fluxo de graduandos tem sido uma constante ao longo dos anos, inicialmente com recursos do Programa UNIBRAL e atualmente atrav\u00e9s do Programa Ci\u00eancia sem Fronteiras. Importante ressaltar que ex-bolsistas de Inicia\u00e7\u00e3o Cient\u00edfica do PPGDesign realizam mestrado naquela institui\u00e7\u00e3o atualmente (Juliana Bach e Alessandra Enriconi), o que dever\u00e1 contribuir para manter a continuidade do fluxo de conhecimento entre as duas institui\u00e7\u00f5es;<\/p>\n<p>3.\u00a0\u00a0\u00a0\u00a0\u00a0\u00a0\u00a0\u00a0\u00a0\u00a0\u00a0 Loughbrough University:\u00a0 em 2012 foi realizado a\u00e7\u00f5es no sentido de efetivar a colabora\u00e7\u00e3o com esta institui\u00e7\u00e3o, atrav\u00e9s do Projeto E-Wise\u00a0 e dentro da tem\u00e1tica do Design &amp; Behaviour. Dentre as a\u00e7\u00f5es destaca-se palestra via videoconfer\u00eancia da Profa. Dra. Tracy Bhamra e a participa\u00e7\u00e3o da mestranda Ivana Marques da Rosa e da p\u00f3s-doutoranda Evelise Anicet R\u00fcthschilling em workshop na institui\u00e7\u00e3o inglesa em mar\u00e7o do mesmo ano. Em julho e agosto o PPGDesign recebeu a visita do doutorando Jak Spencer, o qual realizou parte de sua coleta de dados em parceria com os pesquisadores do programa;<\/p>\n<p>4.\u00a0\u00a0\u00a0\u00a0\u00a0\u00a0\u00a0\u00a0\u00a0\u00a0\u00a0 Polit\u00e9cnico di Mil\u00e3o, It\u00e1lia: deu-se continuidade ao interc\u00e2mbio de conhecimento com o grupo de pesquisa liderado pelos Professores Carlo Vezzoli e Ezio Manzini. Atrav\u00e9s do Projeto E-Wise viabilizou-se a visita do Prof. Dr. Ezio Manzini, o qual ministrou palestra durante o IV Simp\u00f3sio Paranaense de Design Sustent\u00e1vel, realizado pelo N\u00facleo de Design &amp; Sustentabilidade, sob a coordena\u00e7\u00e3o do Dr. Andr\u00e9 de Souza Lucca, p\u00f3s-doutorando no PPGDesign sob a orienta\u00e7\u00e3o do Prof. Dr. Adriano Heemann;<\/p>\n<p>5.\u00a0\u00a0\u00a0\u00a0\u00a0\u00a0\u00a0\u00a0\u00a0\u00a0\u00a0 Stanford University: a profa. Dra. Viviane Gaspar Ribas el Marghani realiza projeto em parceria com o Professor Shuichi Fukuda. Desenvolveu em parceria com o referido professor dois cap\u00edtulos de livro (\u201ckansei engineering_methology to the project oriented to the customers\u201d e \u201ckansei engineering_types of this methogology\u201d. Os cap\u00edtulos integram o Livro Emotional Engineering Vol. 2.<\/p>\n<p>6.\u00a0\u00a0\u00a0\u00a0\u00a0\u00a0\u00a0\u00a0\u00a0\u00a0\u00a0 Universidade de Avans, Holanda: foi realizado visita t\u00e9cnica do Prof. Dr. Karel van der Waarde (professor visitante), o qual ministrou disciplina T\u00f3picos Especiais em Design da Informa\u00e7\u00e3o em Medicamentos juntamente com a Profa. Dra. Carla Spinillo. A referida professora havia realizado no ano anterior seu p\u00f3s-doutorado naquela institui\u00e7\u00e3o, tendo o Prof. Dr. Karel como orientador;<\/p>\n<p>7.\u00a0\u00a0\u00a0\u00a0\u00a0\u00a0\u00a0\u00a0\u00a0\u00a0\u00a0 Universidade de Sav\u00f3ia: a Profa. Dra. Virginia Borges Kistmann vem atuando regularmente como professora da disciplina Gest\u00e3o do Design no Mestrado Internacional de Hypermidia e Comunica\u00e7\u00e3o. Em 2012 a professora orientou junto a esta universidade duas disserta\u00e7\u00f5es de mestrado acad\u00eamico e uma mestranda profissional, durante o per\u00edodo da pesquisa no Brasil;<!--:--><\/p>\n","protected":false},"excerpt":{"rendered":"<p>\u2022 Avans University, The Netherlands: completing the postdoctoral stage (February-July 2010) of Prof..\u00a0Dr. Carla G.\u00a0Spinillo (CAPES) in cooperation with Dr. Karel van der Waard.\u00a0In addition to his studies teacher gave a lecture about his research activity, gave a lecture at &hellip; <a href=\"https:\/\/sacod.ufpr.br\/ppgdesign\/parcerias\/internacional\/\">&#8230;<\/a><\/p>\n","protected":false},"author":66,"featured_media":0,"parent":204,"menu_order":0,"comment_status":"open","ping_status":"open","template":"","meta":{"_acf_changed":false,"ngg_post_thumbnail":0,"footnotes":""},"class_list":["post-213","page","type-page","status-publish","hentry"],"acf":[],"_links":{"self":[{"href":"https:\/\/sacod.ufpr.br\/ppgdesign\/wp-json\/wp\/v2\/pages\/213","targetHints":{"allow":["GET"]}}],"collection":[{"href":"https:\/\/sacod.ufpr.br\/ppgdesign\/wp-json\/wp\/v2\/pages"}],"about":[{"href":"https:\/\/sacod.ufpr.br\/ppgdesign\/wp-json\/wp\/v2\/types\/page"}],"author":[{"embeddable":true,"href":"https:\/\/sacod.ufpr.br\/ppgdesign\/wp-json\/wp\/v2\/users\/66"}],"replies":[{"embeddable":true,"href":"https:\/\/sacod.ufpr.br\/ppgdesign\/wp-json\/wp\/v2\/comments?post=213"}],"version-history":[{"count":5,"href":"https:\/\/sacod.ufpr.br\/ppgdesign\/wp-json\/wp\/v2\/pages\/213\/revisions"}],"predecessor-version":[{"id":215,"href":"https:\/\/sacod.ufpr.br\/ppgdesign\/wp-json\/wp\/v2\/pages\/213\/revisions\/215"}],"up":[{"embeddable":true,"href":"https:\/\/sacod.ufpr.br\/ppgdesign\/wp-json\/wp\/v2\/pages\/204"}],"wp:attachment":[{"href":"https:\/\/sacod.ufpr.br\/ppgdesign\/wp-json\/wp\/v2\/media?parent=213"}],"curies":[{"name":"wp","href":"https:\/\/api.w.org\/{rel}","templated":true}]}}