{"id":206,"date":"2011-11-19T11:11:54","date_gmt":"2011-11-19T11:11:54","guid":{"rendered":"https:\/\/sacod.ufpr.br\/ppgdesign\/?page_id=206"},"modified":"2013-08-04T23:17:45","modified_gmt":"2013-08-04T23:17:45","slug":"nacional","status":"publish","type":"page","link":"https:\/\/sacod.ufpr.br\/ppgdesign\/parcerias\/nacional\/","title":{"rendered":"<!--:en-->National Partnerships<!--:--><!--:pt-->Parcerias Nacionais<!--:-->"},"content":{"rendered":"<p><!--:en-->&#8211; PUC-Rio: with the entrance of the graduate of PPGDesign (jucelia Giacomini) in graduate school PPGDesign the PUC-Rio, the partnership was established with the institution in order to facilitate the use and design-wise (FINEP), coordinated by Prof..\u00a0Dr. Aguinaldo dos Santos as a case study in the doctoral thesis of this researcher, in addition, in 2011, submitted to CNPq project involving the PUC-Rio, KISD (Germany) and Universidade Federal do Paran\u00e1, in the area of \u200b\u200bService Design, seeking to establish\u00a0international cooperation which facilitates support for graduate students in this emerging theme;<\/p>\n<p>&#8211; UFSC: the Graduate Program in Interdisciplinary Humanities \/ UFSC Professor Dr Maristela Ono was co-advisor of Dunajska Mariuze Mendes (Ph.D.), and the supervisor Prof.\u00a0Dr. Carmen Rial, Professor.\u00a0Dr. Aguinaldo dos Santos made the alignment of the dissertation topic PPGDesign \/ UFPR with Prof..\u00a0Dr. Eugenio Merino (UFSC), in order to allow the expansion of the synergies between the research groups led by both.\u00a0The theme chosen was &#8220;economic dimension&#8221; of sustainable design as the absence of publications on the subject in the country, in addition, teachers PPGDesign \/ UFPR stalls has participated in master&#8217;s and doctorate from that institution and, correspondingly, teachers of that institution\u00a0has participated regularly in UFPR bunker, which has allowed the expansion of synergies in the area of \u200b\u200bdesign between the two institutions;<\/p>\n<p>UFPE: Dr Solange Coutinho&#8217;s PPGDesign-UFPE also a member of the joint network of LUCID in Brazil, participated along with teachers of PPGDesign UFPR visit the University of Reading in 2010.\u00a0Also during the course of the Second International Symposium on Sustainable Design (ISSD II) at the University Anhembi Marumbi, it was agreed on holding the next edition of the event to be held in UFPE.The first and second edition of the event had the leadership of Professor.\u00a0Dr. Aguinaldo dos Santos.\u00a0In ISSD III is Professor in the scientific committee.\u00a0Dr. Aguinaldo dos Santos has been active in the Scientific Committee and the event has been held by the team of teachers UFPE (www.sbds2011.com);<br \/>\nUTFPR Professor Dr Maristela Ono as a collaborator of the program is packed in that institution, and holds master&#8217;s in guidance PPGDesign \/ UFPR, having taught discipline Design and Culture; jucelia Hasegawa and Claudia Giacomini, both graduates of PPGDesign, substitute teachers are now in that institution\u00a0; jucelia Giacomini,;<br \/>\nRegional University of Blumenau (FURB: EEHouse the project, coordinated by Prof.. Battaiola Dr. Andrew has the participation of Professor Dr. Paulo Cesar Gomes Rodacki;<br \/>\nUSP Universidade de Sao Paulo, continuing the project PROENG \/ CAPES, also in partnership with the UFSC (Prof. Dr. Fernando Antonio Forcellini) in the period 2008 to 2012 (R $ 478,772.49) for the integration of sustainable design and lean design\u00a0in a reference model for engineering life cycle of products., in 2010, joined this project a scholarship for Master&#8217;s Jairo da Costa Jr., who develops a dissertation on the Design Service, in early 2011 Gheysa Prado defended the master&#8217;s degree\u00a0dissertation, with the same stock of the same project;<!--:--><!--:pt-->Desde sua funda\u00e7\u00e3o em 2005, o PPGDesign\/UFPR vem atuando de forma estrat\u00e9gica de forma a alavancar suas compet\u00eancias em pesquisa e o grau de inova\u00e7\u00e3o dos resultados, atrav\u00e9s da colabora\u00e7\u00e3o com os principais grupos de pesquisa nacionais e internacionais. Estas colabora\u00e7\u00f5es evolu\u00edram ao longo dos anos para projetos formais financiados por ag\u00eancias de fomento (ex: projeto Sustainability Maker Project \u2013 Comunidade Econ\u00f4mica Europ\u00e9ia) e conv\u00eanios formais com a UFPR. No \u00e2mbito nacional a UFPR possui atualmente conv\u00eanios (oficiais ou em tr\u00e2mite) com as seguintes institui\u00e7\u00f5es: PUC-Rio (PPGDesign), UFPE (PPGDesign), UTFPR (PPGTe), UFSC (PPGDesign); FURB, UNESP (PPGDesign). Dentre as a\u00e7\u00f5es realizadas nas parcerias nacionais destaca-se:<\/p>\n<p>1.\u00a0\u00a0\u00a0\u00a0\u00a0\u00a0\u00a0\u00a0\u00a0\u00a0\u00a0 FEEVALE: o prof. Dr. Ronaldo Correa ministrou palestra sobre sua pesquisa no Programa de P\u00f3s-Gradua\u00e7\u00e3o em Pol\u00edticas Culturais e Multiculturalismo da FEEVALE;<\/p>\n<p>2.\u00a0\u00a0\u00a0\u00a0\u00a0\u00a0\u00a0\u00a0\u00a0\u00a0\u00a0 PUC-Rio: o N\u00facleo de Design &amp; Sustentabilidade conferiu bolsa DTI-B para a doutoranda Juc\u00e9lia Giacomini, egressa do PPGDesign (Juc\u00e9lia Giacomini). A referida p\u00f3s-graduanda da PUC-Rio realizou atividades de pesquisa junto ao projeto E-Wise, as quais dever\u00e3o ser aproveitadas em parte em sua tese de doutorado; o professor Dr. Alfredo Jefferson, participou da qualifica\u00e7\u00e3o do mestrando Henrique Serbena, do PPGDesign\/UFPR;<\/p>\n<p>3.\u00a0\u00a0\u00a0\u00a0\u00a0\u00a0\u00a0\u00a0\u00a0\u00a0\u00a0 UDESC: o prof.Dr. Andr\u00e9 Luiz Battaiola participou em projeto de pesquisa CNPq sob a coordena\u00e7\u00e3o do professor Antonio Vargas do Departamento de Artes da UDESC, o que envolve tamb\u00e9m professores da PUC-SP e PUC-Rio;<\/p>\n<p>4.\u00a0\u00a0\u00a0\u00a0\u00a0\u00a0\u00a0\u00a0\u00a0\u00a0\u00a0 UFMA: em 2012 a professora Dra. Stephania Padovani ministrou duas palestras para o Mestrado em Design da UFMA &#8211; Mestrado em Design, na disciplina do professor Raimundo Lopes Diniz. A profa. Dra. Carla Spinillo ministrou disciplina de 30 horas no Mestrado em Design daquela institui\u00e7\u00e3o acerca do tema \u201cDesign da Informa\u00e7\u00e3o\u201d. Para 2013 o prof. Dr. Aguinaldo dos Santos recebeu o convite de ministrar disciplina conjunta, tratando do tema Design para a Sustentabilidade;<\/p>\n<p>5.\u00a0\u00a0\u00a0\u00a0\u00a0\u00a0\u00a0\u00a0\u00a0\u00a0\u00a0 UFPE: a profa. Dra. Carla Spinillo, oriunda daquela universidade, participa da organiza\u00e7\u00e3o do 6\u00ba CIDI, que acontece em 2013;<\/p>\n<p>6.\u00a0\u00a0\u00a0\u00a0\u00a0\u00a0\u00a0\u00a0\u00a0\u00a0\u00a0 UFRGS: em 2012 a Dra. Evelise Anicet R\u00fcthschilling, professora do PPGDesign\/UFRGS conclui seu p\u00f3s-doutorado no PPGDesign\/UFPR, com foco na integra\u00e7\u00e3o do arcabou\u00e7o de conhecimentos do Design de Superf\u00edcie e o Design para a Sustentabilidade; o Prof. Dr. Ronaldo Correa participa do projeto \u201cTrabalho e Cidade: antropologia da mem\u00f3ria do trabalho na cidade moderno-contempor\u00e2nea\u201d, vinculado ao N\u00facleo de Antropologia Visual e da Imagem \u2013 UFRGS; participa tamb\u00e9m como pesquisador colaborador no Banco de Imagens e Efeitos Visuais\u00a0 e ministrou, junto com as profas. Dras. Corn\u00e9lia Eckert e Ana Luiza Carvalho da Rocha, as disciplinas de Oficina de Etnografia e Pesquisa Qualitativa, Pesquisa Social, Pesquisa Antropol\u00f3gica (PPGA);<\/p>\n<p>7.\u00a0\u00a0\u00a0\u00a0\u00a0\u00a0\u00a0\u00a0\u00a0\u00a0\u00a0 UFSC: professores do PPGDesign\/UFPR tem participado de bancas de mestrado e doutorado naquela institui\u00e7\u00e3o e, de maneira correspondente, professores daquela institui\u00e7\u00e3o tem participado regularmente de bancas na UFPR, o que tem permitido a amplia\u00e7\u00e3o de sinergias na \u00e1rea de Design entre as duas institui\u00e7\u00f5es; destaca-se que em 2012 o PPGDesign\/UFPR contratou a Profa. Dra. Vania \u00dclbricht (do Programa de P\u00f3s-Gradua\u00e7\u00e3o em Engenharia e Gest\u00e3o do Conhecimento\/UFSC) como professora visitante, possibilitando sinergia direta com as pesquisas realizadas no programa tem temas como hiperm\u00eddia e interface homem-computador; o Prof. Dr. Aguinaldo dos Santos efetuou o alinhamento de tema da disserta\u00e7\u00e3o da mestranda Ivana Marques no \u00e2mbito do\u00a0 PPGDesign\/UFPR, de forma a permitir colabora\u00e7\u00e3o direta com pesquisa similar supervisionada pelo Prof. Dr. Eugenio Merino (UFSC) permitindo a amplia\u00e7\u00e3o das sinergias entre os grupos de pesquisa liderados por ambos. A tem\u00e1tica escolhida foi a dimens\u00e3o econ\u00f4mica do design sustent\u00e1vel dado a aus\u00eancia de publica\u00e7\u00f5es sobre o tema no pa\u00eds; al\u00e9m disto; com a UFSC o programa realiza projeto PROENG\/CAPES, liderado naquela institui\u00e7\u00e3o pelo Prof. Dr. Forcellini, permitindo a realiza\u00e7\u00e3o de miss\u00f5es de estudo e troca direta de informa\u00e7\u00f5es entre p\u00f3s-graduandos e professores; o Prof. Dr Adriano Heemann tem realizado atividades conjuntas com o Prof.Dr. Marcelo Gitirana Gomes-Ferreira (PPGDESIGN UDESC), sendo que este \u00faltimo ministrou duas aluas da disciplina Design e Colabora\u00e7\u00e3o do PPGDesign e co-orientou o trabalho da mestranda Isabela Mantovani Fontana, que defendeu a disserta\u00e7\u00e3o em novembro de 2012;<\/p>\n<p>8.\u00a0\u00a0\u00a0\u00a0\u00a0\u00a0\u00a0\u00a0\u00a0\u00a0\u00a0 UNB: a professora Dra. Carla Spinillo realizou consultoria para elabora\u00e7\u00e3o de Proposta para Mestrado em Design- PPGDesign da UNB, preenchimento do APCN (aprovado em 2013).<\/p>\n<p>9.\u00a0\u00a0\u00a0\u00a0\u00a0\u00a0\u00a0\u00a0\u00a0\u00a0\u00a0 UNESP: em 2012, dentro da estrat\u00e9gia do PPGDesign\/UFPR de fomentar a implementa\u00e7\u00e3o de uma linha de pesquisa em Hist\u00f3ria do Design, foi ministrada disciplina pela Profa. Dra. Paula Landim do Programa de P\u00f3s-Gradua\u00e7\u00e3o em Design da Faculdade de Arquitetura, Artes e Comunica\u00e7\u00e3o da Universidade Estadual Paulista \u201cJ\u00falio de Mesquita Filho\u201d (UNESP). A disciplina tratou da Hist\u00f3ria do Design e Arquitetura. Em retribui\u00e7\u00e3o, Profa. Dra. Maria Lucia Ribeiro Okimoto realizou em 2012 disciplina na UNESP, dando seguimento a colabora\u00e7\u00e3o realizada em 2011, quando o Prof. Dr. Prof. Dr. Luis Carlos Paschoarelli ministrou a disciplina Ergonomia &amp; Usabilidade no PPGDesign\/UFPR;<\/p>\n<p>10.\u00a0\u00a0\u00a0\u00a0\u00a0\u00a0\u00a0\u00a0\u00a0 Universidade Estadual de Londrina: o PPGDesign\/UFPR, atrav\u00e9s do N\u00facleo de Design &amp; Sustentabilidade, realizou o IV Simp\u00f3sio Paranaense de Design Sustent\u00e1vel, contando com os professores Claudio Pereira Sampaio\u00a0 e Profa. Dra. Suzana Barreto (UEL) no comit\u00ea cient\u00edfico, ambos egressos do programa (mestrado e p\u00f3s-doutorado, respectivamente); a Profa. Dra. Patr\u00edcia Zeni Marchiori ministrou palestra em evento organizado naquela universidade;<\/p>\n<p>11.\u00a0\u00a0\u00a0\u00a0\u00a0\u00a0\u00a0\u00a0\u00a0 Universidade Regional de Blumenau (FURB: o projeto EEHouse, coordenado pelo Prof. Dr. Andr\u00e9 Battaiola, teve a participa\u00e7\u00e3o do professor Dr. Paulo Cesar Rodacki Gomes, daquela institui\u00e7\u00e3o;<\/p>\n<p>12.\u00a0\u00a0\u00a0\u00a0\u00a0\u00a0\u00a0\u00a0\u00a0 UNOESC &#8211; Universidade do Oeste do Estado de Santa Catarina, Videira: a professora Dra. Carla Spinillo ministrou disciplina na Especializa\u00e7\u00e3o em Design: Design de instru\u00e7\u00f5es para produtos;<\/p>\n<p>13.\u00a0\u00a0\u00a0\u00a0\u00a0\u00a0\u00a0\u00a0\u00a0 USP-Universidade de S\u00e3o Paulo dando continuidade ao projeto PROENG\/CAPES, em parceria tamb\u00e9m com a UFSC (Prof. Dr. Fernando Antonio Forcellini), no per\u00edodo 2008 a 2012 (R$478.772,49) para a Integra\u00e7\u00e3o de design sustent\u00e1vel e lean design em um modelo de refer\u00eancia para a engenharia do ciclo de vida de produtos.; os mestrandos Jairo da Costa Jr e Henrique Serbena realizaram disserta\u00e7\u00e3o no PPGDesign\/UFPR com bolsa deste projeto;<\/p>\n<p>14.\u00a0\u00a0\u00a0\u00a0\u00a0\u00a0\u00a0\u00a0\u00a0 UTFPR: em 2012 o programa teve a atua\u00e7\u00e3o do Prof. Dr Ronaldo Correa (PPGDesign\/UFPR) ministrado disciplina e participando de grupos de discuss\u00e3o naquela universidade. A Revista Tecnologia &amp; Sociedade, liderada por professores daquela institui\u00e7\u00e3o, tem em seu corpo editorial professores do PPGDesign\/UFPR (Profa. Dra. Virginia Kistmann e Prof. Dr. Aguinaldo dos Santos);<!--:--><\/p>\n","protected":false},"excerpt":{"rendered":"<p>&#8211; PUC-Rio: with the entrance of the graduate of PPGDesign (jucelia Giacomini) in graduate school PPGDesign the PUC-Rio, the partnership was established with the institution in order to facilitate the use and design-wise (FINEP), coordinated by Prof..\u00a0Dr. Aguinaldo dos Santos &hellip; <a href=\"https:\/\/sacod.ufpr.br\/ppgdesign\/parcerias\/nacional\/\">&#8230;<\/a><\/p>\n","protected":false},"author":66,"featured_media":0,"parent":204,"menu_order":1,"comment_status":"open","ping_status":"open","template":"","meta":{"_acf_changed":false,"ngg_post_thumbnail":0,"footnotes":""},"class_list":["post-206","page","type-page","status-publish","hentry"],"acf":[],"_links":{"self":[{"href":"https:\/\/sacod.ufpr.br\/ppgdesign\/wp-json\/wp\/v2\/pages\/206","targetHints":{"allow":["GET"]}}],"collection":[{"href":"https:\/\/sacod.ufpr.br\/ppgdesign\/wp-json\/wp\/v2\/pages"}],"about":[{"href":"https:\/\/sacod.ufpr.br\/ppgdesign\/wp-json\/wp\/v2\/types\/page"}],"author":[{"embeddable":true,"href":"https:\/\/sacod.ufpr.br\/ppgdesign\/wp-json\/wp\/v2\/users\/66"}],"replies":[{"embeddable":true,"href":"https:\/\/sacod.ufpr.br\/ppgdesign\/wp-json\/wp\/v2\/comments?post=206"}],"version-history":[{"count":7,"href":"https:\/\/sacod.ufpr.br\/ppgdesign\/wp-json\/wp\/v2\/pages\/206\/revisions"}],"predecessor-version":[{"id":1157,"href":"https:\/\/sacod.ufpr.br\/ppgdesign\/wp-json\/wp\/v2\/pages\/206\/revisions\/1157"}],"up":[{"embeddable":true,"href":"https:\/\/sacod.ufpr.br\/ppgdesign\/wp-json\/wp\/v2\/pages\/204"}],"wp:attachment":[{"href":"https:\/\/sacod.ufpr.br\/ppgdesign\/wp-json\/wp\/v2\/media?parent=206"}],"curies":[{"name":"wp","href":"https:\/\/api.w.org\/{rel}","templated":true}]}}