{"id":197,"date":"2011-11-19T11:01:23","date_gmt":"2011-11-19T11:01:23","guid":{"rendered":"https:\/\/sacod.ufpr.br\/ppgdesign\/?page_id=197"},"modified":"2013-08-04T23:54:54","modified_gmt":"2013-08-04T23:54:54","slug":"informatica","status":"publish","type":"page","link":"https:\/\/sacod.ufpr.br\/ppgdesign\/infraestrutura\/informatica\/","title":{"rendered":"<!--:en-->IT<!--:--><!--:pt-->Inform\u00e1tica<!--:-->"},"content":{"rendered":"<p><!--:en-->The\u00a0following equipment\u00a0were purchased\u00a0by\u00a0using the resources\u00a0PPGDesign\u00a0PROF\/ CAPES,\u00a0MEETING\u00a0\/\u00a0CAPES and\u00a0FDA \/\u00a0UFPR:\u00a01\u00a0data show,\u00a0an\u00a0HPOfficejet\u00a04355,\u00a0an\u00a0HPOfficejet\u00a04355\u00a0Printer\u00a0an\u00a0HP\u00a0Laserjet\u00a0P1005\u00a0printer,\u00a0amultifunction printer\u00a0HP4280,\u00a0an\u00a0HP\u00a0inkjet\u00a0printer,\u00a0a\u00a0Xerox\u00a03125\u00a0laser printer,\u00a0fourSony\u00a0digital cameras,\u00a0digital recorders\u00a0Powerpack\u00a02,\u00a02\u00a0Panasonic\u00a0digital recorders,\u00a0two\u00a0LG\u00a0LCD\u00a0monitors,\u00a0a\u00a0Samsung\u00a0digital camcorder,\u00a0an\u00a0Acer\u00a0laptop,notebook\u00a0Intelbras\u00a02,\u00a08\u00a0computers\u00a0various\u00a0desktop\u00a0brands,\u00a0an\u00a0audio\u00a0conferencingunit\u00a0(not yet\u00a0received, but\u00a0proven),\u00a0an\u00a0interactive whiteboard,\u00a0a\u00a0statistical softwareSPSS\u00a0software\u00a0and\u00a0Windows XP\u00a04.<\/p>\n<p>The program\u00a0has been acquiring\u00a0computing resources\u00a0through the\u00a0PROF\u00a0\/MEETING,\u00a0public notices\u00a0UFPR\u00a0sector,\u00a0research projects\u00a0of their\u00a0teachers\u00a0and alsowith the\u00a0joint\u00a0Department \/\u00a0Department of\u00a0Design.\u00a0Funds provided\u00a0directly by theProgram and its\u00a0laboratories,\u00a0has\u00a0now\u00a0the following\u00a0infrastructure\u00a0information:\u00a02laptops (brand:\u00a0Intelbras),\u00a0a\u00a0monitor\u00a019 (brand: AOC)\u00a0data show\u00a001, 01\u00a0PS3\u00a0&#8211; Playstation\u00a03 (brand\u00a0:\u00a0Sony),\u00a002\u00a0digital recorders\u00a0(brand:\u00a0Panasonic, Model: RR-US450),\u00a0a\u00a0laser\u00a0printer\u00a0(brand:\u00a0HP\u00a0model:\u00a0Laserjet\u00a0P1005),\u00a0two\u00a0digital camcorders\u00a0(brand:\u00a0Samsung, Model:\u00a0SC-DX103) and\u00a02\u00a0machines\u00a0digital cameras.It also offers\u00a0software for the\u00a0LAI-DI;\u00a0LaBerge and\u00a0NDS.<!--:--><!--:pt-->O programa tem a sua disposi\u00e7\u00e3o 2 laborat\u00f3rios de inform\u00e1tica, ambos compartilhados com a gradua\u00e7\u00e3o (no per\u00edodo da manh\u00e3 pela gradua\u00e7\u00e3o e no per\u00edodo da tarde pelos p\u00f3s-graduandos). O Laborat\u00f3rio de Inform\u00e1tica disp\u00f5e 08 computadores com software para produ\u00e7\u00e3o\/manipula\u00e7\u00e3o\/ tratamento digital de imagens e 01 computador administrativo (sala 823); 01 datashow e 11 computadores com software para produ\u00e7\u00e3o\/manipula\u00e7\u00e3o\/tratamento digital e editora\u00e7\u00e3o de textos do Laborat\u00f3rio Did\u00e1tico de Inform\u00e1tica (sala 829) com todos os computadores com internet, dando acesso a bases de dados bibliogr\u00e1ficas, como peri\u00f3dicos da CAPES. Em 2012 foi implementado neste laborat\u00f3rio 4 computadores atrav\u00e9s de recursos do REUNI com vistas a renovar este lote de computadores.<\/p>\n<p>Al\u00e9m disto foram implementados em 2012 6 lap-tops, sendo que 3 ficam a disposi\u00e7\u00e3o dos mestrandos. Al\u00e9m disto foi adquirido uma estrutura completa para reuni\u00f5es via skype, incluindo aparelho para \u00e1udio-confer\u00eancia e televis\u00e3o LCD. Estes equipamentos somam-se aos equipamentos anteriormente adquiridos com recursos do PROAP, REUNI\/CAPES e FDA\/UFPR:\u00a0 2 datashows;\u00a0 1 impressora multifuncional HP Officejet 4355; 1 impressora HP Laserjet P1005; 1 impressora multifuncional HP4280; 1 impressora HP jato de tinta; 1 impressora laser Xerox 3125; 4 m\u00e1quinas fotogr\u00e1ficas digitais Sony; 2 gravadores digitais Powerpack;\u00a0 2 gravadores digitais Panasonic; 2 monitores de LCD LG; 1 filmadora digital Sansung.; 1 notebook Acer; 2 notebook Intelbras; 8 computadores desktop (marcas diversas), 1 aparelho de \u00e1udio-confer\u00eancia, 1 lousa interativa, 1 software de estat\u00edstica SPSS e\u00a0 4 softwares Windows XP.<\/p>\n<p>O N\u00facleo de design &amp; Sustentabilidade possui nove esta\u00e7\u00f5es de trabalho com PCs e quatro lap-tops. Disp\u00f5e de acesso \u00e0 rede via dispositivo wireless, no break de grande capacidade, tablet, impressora A3 HP, impressora laser Samsung. A infraestrutura em inform\u00e1tica do NDS inclui licen\u00e7as de softwares como Rhynocheros, CATIA, 3D Studio. Em 2012 foi adquirido mais um lap-top para o laborat\u00f3rio, al\u00e9m de realiza\u00e7\u00e3o e upgrade nos computadores existentes, utilizando recursos providos pela FINEP.<\/p>\n<p>A UFPR disp\u00f5e da DME \u2013 Divis\u00e3o de Manuten\u00e7\u00e3o de Equipamentos de Inform\u00e1tica, que \u00e9 a unidade do CCE respons\u00e1vel pela manuten\u00e7\u00e3o, tratamento e adequa\u00e7\u00e3o de equipamentos de inform\u00e1tica, como micro computadores, impressoras, monitores e demais componentes de inform\u00e1tica, bem como \u00e9 respons\u00e1vel em prestar aux\u00edlio no uso destes. Al\u00e9m de fazer toda a gest\u00e3o da manuten\u00e7\u00e3o dos referidos equipamentos a divis\u00e3o orienta e define pol\u00edticas em rela\u00e7\u00e3o a tend\u00eancias e especifica\u00e7\u00f5es t\u00e9cnicas de inform\u00e1tica, que melhor se apropriem a institui\u00e7\u00e3o.<\/p>\n<p>Relevante para os avan\u00e7os do PPGDesign em 2012 \u00e9 o trabalho desenvolvido pela DRD &#8211; Divis\u00e3o de Redes Digitais \u2013 que \u00e9 a unidade respons\u00e1vel pelas a\u00e7\u00f5es relacionadas a infraestrutura de redes e conectividade da UFPR, tanto interno \u00e0 Institui\u00e7\u00e3o como o acesso \u00e0 Internet. Isto inclui responsabilidades desde o cabeamento, configura\u00e7\u00e3o\/gerenciamento de equipamentos at\u00e9 o controle de acesso, garantindo assim a seguran\u00e7a, a confiabilidade e a integridade das informa\u00e7\u00f5es que trafegam pela rede digital da Institui\u00e7\u00e3o. Entre os principais projetos desenvolvidos pela DRD, est\u00e3o o projeto UFPR sem fio, com a compra de mais equipamentos de rede sem fio (AP\u00b4s, controladores e antenas).<\/p>\n<p>Em 2012, com a apoio da Divis\u00e3o de Redes Digitais, foi implementado a infraestrutura de wireless, com 5 equipamentos Cisco \u00ae Aironet \u00ae 1040 Series Access Point. Esta \u00e9 tecnologia de m\u00faltipla entrada-sa\u00edda m\u00faltipla (MIMO) fornecendo pelo menos seis vezes a taxa de transfer\u00eancia de redes convencionais. Com a operacionaliza\u00e7\u00e3o desta infraestrutura em 2013 os docentes e discentes do PPGDesign dever\u00e3o ampliar sobremaneira o n\u00edvel de mobilidade nas instala\u00e7\u00f5es do programa.<!--:--><\/p>\n","protected":false},"excerpt":{"rendered":"<p>The\u00a0following equipment\u00a0were purchased\u00a0by\u00a0using the resources\u00a0PPGDesign\u00a0PROF\/ CAPES,\u00a0MEETING\u00a0\/\u00a0CAPES and\u00a0FDA \/\u00a0UFPR:\u00a01\u00a0data show,\u00a0an\u00a0HPOfficejet\u00a04355,\u00a0an\u00a0HPOfficejet\u00a04355\u00a0Printer\u00a0an\u00a0HP\u00a0Laserjet\u00a0P1005\u00a0printer,\u00a0amultifunction printer\u00a0HP4280,\u00a0an\u00a0HP\u00a0inkjet\u00a0printer,\u00a0a\u00a0Xerox\u00a03125\u00a0laser printer,\u00a0fourSony\u00a0digital cameras,\u00a0digital recorders\u00a0Powerpack\u00a02,\u00a02\u00a0Panasonic\u00a0digital recorders,\u00a0two\u00a0LG\u00a0LCD\u00a0monitors,\u00a0a\u00a0Samsung\u00a0digital camcorder,\u00a0an\u00a0Acer\u00a0laptop,notebook\u00a0Intelbras\u00a02,\u00a08\u00a0computers\u00a0various\u00a0desktop\u00a0brands,\u00a0an\u00a0audio\u00a0conferencingunit\u00a0(not yet\u00a0received, but\u00a0proven),\u00a0an\u00a0interactive whiteboard,\u00a0a\u00a0statistical softwareSPSS\u00a0software\u00a0and\u00a0Windows XP\u00a04. The program\u00a0has been acquiring\u00a0computing resources\u00a0through the\u00a0PROF\u00a0\/MEETING,\u00a0public notices\u00a0UFPR\u00a0sector,\u00a0research projects\u00a0of their\u00a0teachers\u00a0and alsowith the\u00a0joint\u00a0Department \/\u00a0Department of\u00a0Design.\u00a0Funds provided\u00a0directly by theProgram and its\u00a0laboratories,\u00a0has\u00a0now\u00a0the following\u00a0infrastructure\u00a0information:\u00a02laptops (brand:\u00a0Intelbras),\u00a0a\u00a0monitor\u00a019 &hellip; <a href=\"https:\/\/sacod.ufpr.br\/ppgdesign\/infraestrutura\/informatica\/\">&#8230;<\/a><\/p>\n","protected":false},"author":66,"featured_media":0,"parent":184,"menu_order":0,"comment_status":"open","ping_status":"open","template":"","meta":{"_acf_changed":false,"ngg_post_thumbnail":0,"footnotes":""},"class_list":["post-197","page","type-page","status-publish","hentry"],"acf":[],"_links":{"self":[{"href":"https:\/\/sacod.ufpr.br\/ppgdesign\/wp-json\/wp\/v2\/pages\/197","targetHints":{"allow":["GET"]}}],"collection":[{"href":"https:\/\/sacod.ufpr.br\/ppgdesign\/wp-json\/wp\/v2\/pages"}],"about":[{"href":"https:\/\/sacod.ufpr.br\/ppgdesign\/wp-json\/wp\/v2\/types\/page"}],"author":[{"embeddable":true,"href":"https:\/\/sacod.ufpr.br\/ppgdesign\/wp-json\/wp\/v2\/users\/66"}],"replies":[{"embeddable":true,"href":"https:\/\/sacod.ufpr.br\/ppgdesign\/wp-json\/wp\/v2\/comments?post=197"}],"version-history":[{"count":5,"href":"https:\/\/sacod.ufpr.br\/ppgdesign\/wp-json\/wp\/v2\/pages\/197\/revisions"}],"predecessor-version":[{"id":200,"href":"https:\/\/sacod.ufpr.br\/ppgdesign\/wp-json\/wp\/v2\/pages\/197\/revisions\/200"}],"up":[{"embeddable":true,"href":"https:\/\/sacod.ufpr.br\/ppgdesign\/wp-json\/wp\/v2\/pages\/184"}],"wp:attachment":[{"href":"https:\/\/sacod.ufpr.br\/ppgdesign\/wp-json\/wp\/v2\/media?parent=197"}],"curies":[{"name":"wp","href":"https:\/\/api.w.org\/{rel}","templated":true}]}}