{"id":194,"date":"2011-11-19T10:57:03","date_gmt":"2011-11-19T10:57:03","guid":{"rendered":"https:\/\/sacod.ufpr.br\/ppgdesign\/?page_id=194"},"modified":"2013-08-04T23:06:29","modified_gmt":"2013-08-04T23:06:29","slug":"biblioteca","status":"publish","type":"page","link":"https:\/\/sacod.ufpr.br\/ppgdesign\/infraestrutura\/biblioteca\/","title":{"rendered":"<!--:en-->Library<!--:--><!--:pt-->Biblioteca<!--:-->"},"content":{"rendered":"<p><!--:en-->The Program has\u00a0available\u00a0facilities\u00a0and\u00a0the collection\u00a0of the Library\u00a0of\u00a0Humanities and Education\u00a0(second\u00a0and\u00a0third\u00a0floors of\u00a0Edf.\u00a0Dom Pedro\u00a0II,\u00a0which\u00a0is\u00a0the Program) and\u00a0the Central Library\u00a0(located\u00a0near the\u00a0Department of\u00a0Humanities), as welllibraries\u00a0of\u00a0Technology &#038;\u00a0Applied Social Sciences\u00a0who have\u00a0collections\u00a0related\u00a0to the design area\u00a0(architecture, information science, mechanical engineering,computer science).\u00a0In particular\u00a0the Library of\u00a0Humanities and Education\u00a04243provides\u00a053\u00a0references and\u00a0periodicals related\u00a0to the design area\u00a0and 75\u00a0gears,and\u00a0a\u00a0physical infrastructure\u00a0that includes:\u00a0a\u00a0computer room with\u00a010\u00a0boothsequipped with computers\u00a0for students to\u00a0graduate\u00a0,\u00a010\u00a0cabins equipped\u00a0for student use\u00a0and several\u00a0access points to\u00a0wireless\u00a0distributed in\u00a0three\u00a0floors\u00a0of the library and\u00a0a\u00a0lighting system\u00a0suitable for use\u00a0in\u00a0full\u00a0the evening, which also has\u00a065\u00a0cabinswith\u00a0individual\u00a0lighting fixtures\u00a0own\u00a0study.\u00a0Moreover, it has\u00a0three\u00a0group study\u00a0roomsand an amphitheater for\u00a0events, training\u00a0users,\u00a0etc.\u00a0theses\u00a0defenses.<\/p>\n<p>The program\u00a0within the policy\u00a0of the Department of\u00a0Humanities\u00a0Arts and Literaturestrengthening\u00a0the library\u00a0also has\u00a0regular\u00a0resources\u00a0for\u00a0the purchase of\u00a0books\u00a0from the demand\u00a0of the research\u00a0through its\u00a0faculty and students.\u00a0As a result\u00a0of these actions in\u00a02010 were\u00a0for the purchase of\u00a0resource\u00a0books\u00a0in the order\u00a0of $ 10,000.00of funds\u00a0and sector\u00a0MEETING.\u00a0Moreover, in\u00a02010,\u00a0through the project\u00a0Amana (CNPq), the Center for\u00a0Sustainability\u00a0&#038;\u00a0Design\u00a0added\u00a050\u00a0more\u00a0books\u00a0in its collection\u00a0which currently\u00a0counts on a\u00a0total of\u00a0six hundred\u00a0books.\u00a0With\u00a0the balance of$ 1,500.00\u00a0for this project\u00a0added to the R\u00a0$ 4,000.00\u00a0and\u00a0the project-wise (FINEP)estimated\u00a0the acquisition of\u00a0some 60 books\u00a0in 2011.<!--:--><!--:pt-->No PPGDesign\/UFPR o corpo docente e discente tem a sua disposi\u00e7\u00e3o as 15 bibliotecas da UFPR. No Sistema de Bibliotecas da UFPR o p\u00f3s-graduando pode realizar n\u00e3o somente empr\u00e9stimos mas tamb\u00e9m comuta\u00e7\u00e3o bibliogr\u00e1fica, apoio na normaliza\u00e7\u00e3o de trabalhos acad\u00eamicos e na elabora\u00e7\u00e3o da ficha catalogr\u00e1fica. Na Biblioteca Digital do Sistema de Bibliotecas da UFPR o p\u00f3s-graduando tem acesso online a Teses e Disserta\u00e7\u00f5es, E-books, Revistas da UFPR, V\u00eddeos (Rede IFES), v\u00eddeos da UFPR TV, al\u00e9m de acesso direto a Bases de Dados P\u00fablicas, Bases de Dados Restritas, ao Portal de Peri\u00f3dicos CAPES e ao Portal da Pesquisa.<\/p>\n<p>A biblioteca mais diretamente utilizada, em fun\u00e7\u00e3o do conte\u00fado e localiza\u00e7\u00e3o geogr\u00e1fica, \u00e9 a biblioteca &#8220;Humanas &amp; Educa\u00e7\u00e3o&#8221;, a qual tem 102.896 t\u00edtulos, 136.305 exemplares, al\u00e9m de 2459 peri\u00f3dicos. Esta biblioteca disponibiliza 4.243 refer\u00eancias e 53 peri\u00f3dicos relacionados \u00e0 \u00e1rea de design e 75 de artes, e uma infra-estrutura f\u00edsica contando com: uma sala de inform\u00e1tica com 10 cabines equipadas com computadores para os alunos da p\u00f3s-gradua\u00e7\u00e3o, 10 cabines equipadas para uso dos alunos e v\u00e1rios pontos de acesso a rede wireless distribu\u00eddos nos tr\u00eas pisos da biblioteca e um sistema de ilumina\u00e7\u00e3o adequado para a utiliza\u00e7\u00e3o plena no per\u00edodo noturno, contando tamb\u00e9m com 65 cabines individuais de estudo com lumin\u00e1rias pr\u00f3prias. Alem disso, possui\u00a0\u00a0 tr\u00eas salas de estudo em grupo e um anfiteatro para eventos, treinamentos dos usu\u00e1rios, defesas de teses etc.<\/p>\n<p>Al\u00e9m desta biblioteca os alunos tem f\u00e1cil acesso \u00e0 Biblioteca Central (localizada nas proximidades do Setor de Humanas) al\u00e9m das bibliotecas do Setor de Tecnologia e Ci\u00eancias Sociais Aplicadas que disp\u00f5em de acervos afins \u00e0 \u00e1rea de design (arquitetura, ci\u00eancia da informa\u00e7\u00e3o, engenharia mec\u00e2nica, ci\u00eancia da computa\u00e7\u00e3o).<\/p>\n<p>Com a implanta\u00e7\u00e3o do novo Setor de Artes Comunica\u00e7\u00e3o e Design, a Universidade Federal do Paran\u00e1 contratou, ap\u00f3s concurso nacional de arquitetura, o projeto arquitet\u00f4nico e projetos complementares para a constru\u00e7\u00e3o de um novo pr\u00e9dio. Obedecendo ao programa do Concurso o escrit\u00f3rio vencedor o t\u00e9rreo inferior exprime bem a continuidade entre o parque que existe cont\u00edguo ao terreno e o interior do terreno. Utilizou-se uma arquitetura porosa, onde o verde penetra o edif\u00edcio e as perspectivas o atravessam com facilidade, conectando os dois espa\u00e7os. Na extremidade leste tem-se a biblioteca que se desenvolve em dois n\u00edveis com um amplo p\u00e9-direito. Em frente \u00e0 mesma encontra-se a \u00e1rea de conviv\u00eancia coberta que concentra os fluxos desse pavimento (vide descri\u00e7\u00e3o e imagens em http:\/\/concursosdeprojeto.org\/2012\/07\/27\/campus-da-ufpr-1o-lugar\/).<\/p>\n<p>Atrav\u00e9s de recursos do pr\u00f3prio PPGDesign (recursos oriundos das inscri\u00e7\u00f5es) ou daqueles recursos oriundos de projetos, tem sido realizado a aquisi\u00e7\u00e3o de livros a partir da demanda das Linhas de Pesquisa atrav\u00e9s de seus docentes e discentes. O projeto E-Wise por exemplo, do N\u00facleo de Design &amp; Sustentabilidade,\u00a0 adicionou mais 30 livros em seu acervo que presentemente consta com um total de seiscentos e trinta e cinco livros.<!--:--><\/p>\n","protected":false},"excerpt":{"rendered":"<p>The Program has\u00a0available\u00a0facilities\u00a0and\u00a0the collection\u00a0of the Library\u00a0of\u00a0Humanities and Education\u00a0(second\u00a0and\u00a0third\u00a0floors of\u00a0Edf.\u00a0Dom Pedro\u00a0II,\u00a0which\u00a0is\u00a0the Program) and\u00a0the Central Library\u00a0(located\u00a0near the\u00a0Department of\u00a0Humanities), as welllibraries\u00a0of\u00a0Technology &#038;\u00a0Applied Social Sciences\u00a0who have\u00a0collections\u00a0related\u00a0to the design area\u00a0(architecture, information science, mechanical engineering,computer science).\u00a0In particular\u00a0the Library of\u00a0Humanities and Education\u00a04243provides\u00a053\u00a0references and\u00a0periodicals related\u00a0to the design area\u00a0and &hellip; <a href=\"https:\/\/sacod.ufpr.br\/ppgdesign\/infraestrutura\/biblioteca\/\">&#8230;<\/a><\/p>\n","protected":false},"author":66,"featured_media":0,"parent":184,"menu_order":2,"comment_status":"open","ping_status":"open","template":"","meta":{"_acf_changed":false,"ngg_post_thumbnail":0,"footnotes":""},"class_list":["post-194","page","type-page","status-publish","hentry"],"acf":[],"_links":{"self":[{"href":"https:\/\/sacod.ufpr.br\/ppgdesign\/wp-json\/wp\/v2\/pages\/194","targetHints":{"allow":["GET"]}}],"collection":[{"href":"https:\/\/sacod.ufpr.br\/ppgdesign\/wp-json\/wp\/v2\/pages"}],"about":[{"href":"https:\/\/sacod.ufpr.br\/ppgdesign\/wp-json\/wp\/v2\/types\/page"}],"author":[{"embeddable":true,"href":"https:\/\/sacod.ufpr.br\/ppgdesign\/wp-json\/wp\/v2\/users\/66"}],"replies":[{"embeddable":true,"href":"https:\/\/sacod.ufpr.br\/ppgdesign\/wp-json\/wp\/v2\/comments?post=194"}],"version-history":[{"count":4,"href":"https:\/\/sacod.ufpr.br\/ppgdesign\/wp-json\/wp\/v2\/pages\/194\/revisions"}],"predecessor-version":[{"id":426,"href":"https:\/\/sacod.ufpr.br\/ppgdesign\/wp-json\/wp\/v2\/pages\/194\/revisions\/426"}],"up":[{"embeddable":true,"href":"https:\/\/sacod.ufpr.br\/ppgdesign\/wp-json\/wp\/v2\/pages\/184"}],"wp:attachment":[{"href":"https:\/\/sacod.ufpr.br\/ppgdesign\/wp-json\/wp\/v2\/media?parent=194"}],"curies":[{"name":"wp","href":"https:\/\/api.w.org\/{rel}","templated":true}]}}