{"id":1865,"date":"2015-06-11T14:57:07","date_gmt":"2015-06-11T17:57:07","guid":{"rendered":"https:\/\/sacod.ufpr.br\/ppgdesign\/?page_id=1865"},"modified":"2017-10-17T12:38:28","modified_gmt":"2017-10-17T14:38:28","slug":"selecao-turma-2017","status":"publish","type":"page","link":"https:\/\/sacod.ufpr.br\/ppgdesign\/selecao-turma-2017\/","title":{"rendered":"SELE\u00c7\u00c3O TURMA 2017"},"content":{"rendered":"<p style=\"text-align: left\">O \u00a0Processo Seletivo para a turma de 2017 j\u00e1 est\u00e1 encerrado.<\/p>\n<p style=\"text-align: left\">O processo seletivo do PPGDesign \u00e9 realizado uma vez por ano. O pr\u00f3ximo edital do processo seletivo para a turma 2018 ser\u00e1 divulgado no segundo semestre de 2017.<\/p>\n<p style=\"text-align: left\">No momento \u00e9 poss\u00edvel\u00a0consultar a sele\u00e7\u00e3o de 2017 para ir se familiarizando com o processo:<\/p>\n<p style=\"text-align: left\">A inscri\u00e7\u00e3o no Processo Seletivo dever\u00e1 ser requerida exclusivamente do modo <em>online<\/em>, atrav\u00e9s de <em>link<\/em>\u00a0disponibilizado na aba \u201cSELE\u00c7\u00c3O TURMA 2017\u201d do site do PPGDesign\/UFPR. N\u00e3o ser\u00e1 v\u00e1lido o requerimento de inscri\u00e7\u00e3o encaminhado por qualquer outro meio.<\/p>\n<p style=\"text-align: left\">O\u00a0per\u00edodo para requerimento de inscri\u00e7\u00e3o <em>online<\/em> decorrer\u00e1 entre <strong><u>00:01 hora do dia 08 de agosto de 2016<\/u><\/strong> e, impreterivelmente, as <strong><u>23:59 horas do dia 05 de setembro de 2016<\/u><\/strong>. Para fins do Processo Seletivo \u00e9 considerado o <strong><u>hor\u00e1rio de Bras\u00edlia<\/u><\/strong>.<\/p>\n<p style=\"text-align: left\"><strong>DOCUMENTOS PARA INSCRI\u00c7\u00c3O AO\u00a0PROCESSO SELETIVO 2017:<\/strong><\/p>\n<p style=\"text-align: left\"><span style=\"color: #0000ff\"><a style=\"color: #0000ff\" href=\"http:\/\/www.prppg.ufpr.br:8081\/siga\/visitante\/processoseletivo\/index.jsp?sequencial=189\" target=\"_blank\">Link Processo Seletivo 2017 &#8211; candidatos ao Doutorado<\/a><\/span><\/p>\n<p style=\"text-align: left\"><span style=\"color: #0000ff\"><a style=\"color: #0000ff\" href=\"https:\/\/sacod.ufpr.br\/ppgdesign\/wp-content\/uploads\/sites\/6\/2015\/06\/Orietacao_emissao_GRU_Doutorado_Turma_2017-3.pdf\" rel=\"\">Orientacao_emissao_GRU_Doutorado_Turma_2017<\/a><\/span><\/p>\n<p style=\"text-align: left\"><span style=\"color: #0000ff\"><a style=\"color: #0000ff\" href=\"http:\/\/www.prppg.ufpr.br:8081\/siga\/visitante\/processoseletivo\/index.jsp?sequencial=190\" target=\"_blank\">Link Processo Seletivo 2017 &#8211; candidatos ao Mestrado<\/a><\/span><\/p>\n<p style=\"text-align: left\"><span style=\"color: #0000ff\"><a style=\"color: #0000ff\" href=\"https:\/\/sacod.ufpr.br\/ppgdesign\/wp-content\/uploads\/sites\/6\/2015\/06\/Orietacao_emissao_GRU_Mestrado_Turma_2017-1.pdf\" rel=\"\">Orientacao_emissao_GRU_Mestrado_Turma_2017<\/a><\/span><\/p>\n<p style=\"text-align: left\"><span style=\"color: #0000ff\"><a style=\"color: #0000ff\" href=\"https:\/\/sacod.ufpr.br\/ppgdesign\/wp-content\/uploads\/sites\/6\/2015\/06\/edital-selecao-2017.pdf\" rel=\"\">Edital Turma 2017<\/a><\/span><\/p>\n<p style=\"text-align: left\"><span style=\"color: #0000ff\"><a style=\"color: #0000ff\" href=\"https:\/\/sacod.ufpr.br\/ppgdesign\/wp-content\/uploads\/sites\/6\/2015\/06\/Modelo_PPesquisa_DSc_2017v1.doc\" rel=\"\">Modelo Proposta de Pesquisa Doutorado Turma 2017 <\/a><\/span><\/p>\n<p style=\"text-align: left\"><span style=\"color: #0000ff\"><a style=\"color: #0000ff\" href=\"https:\/\/sacod.ufpr.br\/ppgdesign\/wp-content\/uploads\/sites\/6\/2015\/06\/Modelo_PPesquisa_MSc_2017.doc\" rel=\"\">Modelo Proposta de Pesquisa Mestrado Turma 2017<\/a><\/span><\/p>\n<p style=\"text-align: left\"><span style=\"color: #0000ff\"><a style=\"color: #0000ff\" href=\"https:\/\/sacod.ufpr.br\/ppgdesign\/wp-content\/uploads\/sites\/6\/2015\/06\/Modelo_Carta_Apresentacao_2017.doc\" rel=\"\">Modelo de Carta de Apresenta\u00e7\u00e3o Turma 2017<\/a><\/span><\/p>\n<p style=\"text-align: left\"><span style=\"color: #0000ff\"><a style=\"color: #0000ff\" href=\"https:\/\/sacod.ufpr.br\/ppgdesign\/wp-content\/uploads\/sites\/6\/2015\/06\/Linhas_Orientadores_Temas_Turma_2017.pdf\" rel=\"\">Linhas Orientadores Temas Turma 2017<\/a><\/span><\/p>\n<p style=\"text-align: left\"><span style=\"color: #0000ff\"><a style=\"color: #0000ff\" href=\"https:\/\/sacod.ufpr.br\/ppgdesign\/wp-content\/uploads\/sites\/6\/2015\/06\/Formulario-de-Recurso-2017.doc\" rel=\"\">Formul\u00e1rio de Recurso Turma 2017<\/a><\/span><\/p>\n<p style=\"text-align: left\"><span style=\"color: #0000ff\"><a style=\"color: #0000ff\" href=\"https:\/\/sacod.ufpr.br\/ppgdesign\/wp-content\/uploads\/sites\/6\/2015\/06\/Resolu\u00e7\u00e3o-08_12-CEPE-para-consulta.pdf\" rel=\"\">Resolu\u00e7\u00e3o 08_12 &#8211; CEPE para consulta<\/a><\/span><\/p>\n<p style=\"text-align: left\"><span style=\"color: #0000ff\"><a style=\"color: #0000ff\" href=\"https:\/\/sacod.ufpr.br\/ppgdesign\/wp-content\/uploads\/sites\/6\/2015\/06\/Recomendacoes_documentacao_CV_2017.pdf\" rel=\"\">Recomendacoes_documentacao_CV_2017<\/a><\/span><\/p>\n<p style=\"text-align: left\">Enfatiza-se que o Certificado de Sufici\u00eancia em Ingl\u00eas deve ser enviado j\u00e1 no ato do requerimento de inscri\u00e7\u00e3o. O certificado j\u00e1 deve estar emitido. Recomenda-se que o(a) candidato(a) realize o exame com anteced\u00eancia.<\/p>\n<p style=\"text-align: left\"><strong>Bibliografia exclusiva para candidatos da linha de pesquisa Sistemas de Produ\u00e7\u00e3o e Utiliza\u00e7\u00e3o:<\/strong><\/p>\n<p style=\"text-align: left\">CORR\u00caA, R. O.; RIAL, C. S. M.; QUELUZ, G. L. The Idea Is For Us to Work Here In The Workshop! : The Re-functionalization Of Artisans\u2019 Economic and Cultural Circuits In Florianopolis, South Brazil. International Review of Social Research, v. 2, p. 47-64, 2012. <span style=\"color: #0000ff\"><a href=\"https:\/\/sacod.ufpr.br\/ppgdesign\/wp-content\/uploads\/sites\/6\/2015\/06\/SPU_CORREA-ET-AL.pdf\"><span style=\"color: #0000ff\">Dispon\u00edvel aqui<\/span><\/a> <\/span><\/p>\n<p style=\"text-align: left\">HEEMANN, A. et al. Fundamentos para o Alcance da Colabora\u00e7\u00e3o em Design. Revista Estudos em Design, vol 18.2\/2010. Rio: 2010. <span style=\"color: #0000ff\"><a href=\"https:\/\/sacod.ufpr.br\/ppgdesign\/wp-content\/uploads\/sites\/6\/2015\/06\/SPU_HEEMANN-ET-AL.pdf\"><span style=\"color: #0000ff\">Dispon\u00edvel aqui<\/span><\/a> <\/span> SANTOS, A.; HUMBERTO, C. Di\u00e1logo entre p\u00f3s-gradua\u00e7\u00e3o e gradua\u00e7\u00e3o: a introdu\u00e7\u00e3o do ensino do design de sistemas produto+servi\u00e7o na UFPR. Proj\u00e9tica, v. 5, p. 243-255, 2014. <span style=\"color: #0000ff\"><a style=\"color: #0000ff\" href=\"https:\/\/sacod.ufpr.br\/ppgdesign\/wp-content\/uploads\/sites\/6\/2015\/06\/ASantos-et-al-2014.pdf\" rel=\"\">Dispon\u00edvel aqui<\/a><\/span><\/p>\n<p style=\"text-align: left\"><strong>Bibliografia exclusiva para candidatos a linha de pesquisa Sistemas de Informa\u00e7\u00e3o:<\/strong><\/p>\n<p style=\"text-align: left\">PADOVANI, S. ; PUPPI, M. B. ; SCHELEMMER, A.\u00a0O que mudou na navega\u00e7\u00e3o? um estudo comparativo entre computadores fixos e dispositivos de intera\u00e7\u00e3o m\u00f3vel. Arcos Design (Online), v. 7, p. 01-20, 2014. <span style=\"color: #0000ff\"><a style=\"color: #0000ff\" href=\"https:\/\/sacod.ufpr.br\/ppgdesign\/wp-content\/uploads\/sites\/6\/2015\/06\/SPadovani-et-al-2014_Arcos-1.pdf\" rel=\"\">Dispon\u00edvel aqui<\/a><\/span><\/p>\n<p style=\"text-align: left\">SPINILLO, C. G. Graphic and cultural aspects of pictograms: an information ergonomics viewpoint. Work: A Journal of Prevention, Assessment and Rehabilitation, v. 41, p. 3398-3403, 2012. <span style=\"color: #0000ff\"><a href=\"https:\/\/sacod.ufpr.br\/ppgdesign\/wp-content\/uploads\/sites\/6\/2015\/06\/SI_SPINILLO.pdf\"><span style=\"color: #0000ff\">Dispon\u00edvel aqui<\/span><\/a> <\/span><\/p>\n<p style=\"text-align: left\">ULBRICHT, V. R. ; Rodrigo Duran GONZALEZ ; Marcia Maria ALVES ; KUNTZ, V. H. ; MACEDO, Cl\u00e1udia Mara Scudelari de . Ferramentas Colaborativas Aplicadas no Ensino de Geometria: proposta de utiliza\u00e7\u00e3o de uma rede social com atividades acess\u00edveis. Educa\u00e7\u00e3o Gr\u00e1fica (Online), v. 18, p. 1-22, 2014. <span style=\"color: #0000ff\"><a href=\"https:\/\/sacod.ufpr.br\/ppgdesign\/wp-content\/uploads\/sites\/6\/2015\/06\/SI_ULBRICHT-ET-AL.pdf\"><span style=\"color: #0000ff\">Dispon\u00edvel aqui<\/span><\/a> <\/span><\/p>\n<p style=\"text-align: left\"><strong>RESULTADOS ap\u00f3s recursos:<\/strong><\/p>\n<p style=\"text-align: left\"><span style=\"color: #0000ff\"><a style=\"color: #0000ff\" href=\"https:\/\/sacod.ufpr.br\/ppgdesign\/wp-content\/uploads\/sites\/6\/2015\/06\/Edital-Result_fase-1_2017_nominal.pdf\">Edital do Resultado da 1\u00aa fase &#8211; Turma 2017<\/a><\/span><\/p>\n<p style=\"text-align: left\"><span style=\"color: #0000ff\"><a style=\"color: #0000ff\" href=\"https:\/\/sacod.ufpr.br\/ppgdesign\/wp-content\/uploads\/sites\/6\/2015\/06\/Edital-Result_fase-2_2017_nominal.pdf\">Edital do Resultado da 2\u00aa fase &#8211; Turma 2017<\/a><\/span><\/p>\n<p style=\"text-align: left\"><span style=\"color: #0000ff\"><a style=\"color: #0000ff\" href=\"https:\/\/sacod.ufpr.br\/ppgdesign\/wp-content\/uploads\/sites\/6\/2015\/06\/Edital-Result_fase-3_2017_nominal1.pdf\">Edital do Resultado da 3\u00aa fase &#8211; Turma 2017<\/a><\/span><\/p>\n<p style=\"text-align: left\"><span style=\"color: #0000ff\"><a style=\"color: #0000ff\" href=\"https:\/\/sacod.ufpr.br\/ppgdesign\/wp-content\/uploads\/sites\/6\/2015\/06\/Edital-Result_fase-4_2017_nominal.pdf\">Edital do Resultado da 4\u00aa fase &#8211; Turma 2017<\/a><\/span><\/p>\n<p style=\"text-align: left\"><span style=\"color: #0000ff\"><a style=\"color: #0000ff\" href=\"https:\/\/sacod.ufpr.br\/ppgdesign\/wp-content\/uploads\/sites\/6\/2015\/06\/Entrevistas-PPGDesign_SPU-3.pdf\" rel=\"\">Escala Entrevistas Turma 2017 (ap\u00f3s recursos)- SPU\u00a0<\/a><\/span><\/p>\n<p style=\"text-align: left\"><span style=\"color: #0000ff\"><a style=\"color: #0000ff\" href=\"https:\/\/sacod.ufpr.br\/ppgdesign\/wp-content\/uploads\/sites\/6\/2015\/06\/EntrevistasSI-1.pdf\" rel=\"\">Escala Entrevistas Turma 2017 &#8211; SI<\/a><\/span><\/p>\n<p style=\"text-align: left\"><span style=\"color: #0000ff\"><a style=\"color: #0000ff\" href=\"https:\/\/sacod.ufpr.br\/ppgdesign\/wp-content\/uploads\/sites\/6\/2015\/06\/Edital-Result_fase-5_2017_nominal.pdf\">Edital do Resultado da 5\u00aa fase &#8211; Turma 2017<\/a><\/span><\/p>\n<p style=\"text-align: left\"><span style=\"color: #0000ff\"><a style=\"color: #0000ff\" href=\"https:\/\/sacod.ufpr.br\/ppgdesign\/wp-content\/uploads\/sites\/6\/2015\/06\/EDITAL-RESULTADOS-finais-2017_retificado_nominal-1.pdf\">EDITAL RESULTADOS finais 2016_retificado<\/a><\/span><\/p>\n<hr \/>\n<p style=\"text-align: left\"><span style=\"color: #0000ff\"> <span style=\"color: #000000\">Em caso de d\u00favida sobre o Edital, n\u00e3o hesite em perguntar. Para isso utilize exclusivamente o e-mail <strong>selecao.ppgdesign@ufpr.br \u00a0\u00a0<\/strong>Perguntas enviadas a outros endere\u00e7os\u00a0poder\u00e3o\u00a0n\u00e3o ser respondidas a tempo.<\/span><\/span><\/p>\n","protected":false},"excerpt":{"rendered":"<p>O \u00a0Processo Seletivo para a turma de 2017 j\u00e1 est\u00e1 encerrado. O processo seletivo do PPGDesign \u00e9 realizado uma vez por ano. O pr\u00f3ximo edital do processo seletivo para a turma 2018 ser\u00e1 divulgado no segundo semestre de 2017. No &hellip; <a href=\"https:\/\/sacod.ufpr.br\/ppgdesign\/selecao-turma-2017\/\">&#8230;<\/a><\/p>\n","protected":false},"author":5,"featured_media":0,"parent":0,"menu_order":0,"comment_status":"open","ping_status":"closed","template":"","meta":{"_acf_changed":false,"ngg_post_thumbnail":0,"footnotes":""},"class_list":["post-1865","page","type-page","status-publish","hentry"],"acf":[],"_links":{"self":[{"href":"https:\/\/sacod.ufpr.br\/ppgdesign\/wp-json\/wp\/v2\/pages\/1865","targetHints":{"allow":["GET"]}}],"collection":[{"href":"https:\/\/sacod.ufpr.br\/ppgdesign\/wp-json\/wp\/v2\/pages"}],"about":[{"href":"https:\/\/sacod.ufpr.br\/ppgdesign\/wp-json\/wp\/v2\/types\/page"}],"author":[{"embeddable":true,"href":"https:\/\/sacod.ufpr.br\/ppgdesign\/wp-json\/wp\/v2\/users\/5"}],"replies":[{"embeddable":true,"href":"https:\/\/sacod.ufpr.br\/ppgdesign\/wp-json\/wp\/v2\/comments?post=1865"}],"version-history":[{"count":98,"href":"https:\/\/sacod.ufpr.br\/ppgdesign\/wp-json\/wp\/v2\/pages\/1865\/revisions"}],"predecessor-version":[{"id":2603,"href":"https:\/\/sacod.ufpr.br\/ppgdesign\/wp-json\/wp\/v2\/pages\/1865\/revisions\/2603"}],"wp:attachment":[{"href":"https:\/\/sacod.ufpr.br\/ppgdesign\/wp-json\/wp\/v2\/media?parent=1865"}],"curies":[{"name":"wp","href":"https:\/\/api.w.org\/{rel}","templated":true}]}}