{"id":13,"date":"2011-11-01T18:11:45","date_gmt":"2011-11-01T18:11:45","guid":{"rendered":"https:\/\/sacod.ufpr.br\/ppgdesign\/?page_id=13"},"modified":"2014-08-07T14:31:39","modified_gmt":"2014-08-07T17:31:39","slug":"objetivos","status":"publish","type":"page","link":"https:\/\/sacod.ufpr.br\/ppgdesign\/apresentacao\/objetivos\/","title":{"rendered":"<!--:en-->Objectives<!--:--><!--:pt-->Objetivos<!--:-->"},"content":{"rendered":"<p><!--:en--><\/p>\n<p>The Design Post-Graduate Program the Federal University of Parana aims to:<\/p>\n<p>I.\u00a0Facilitate the development of professional researchers and teachers, contributing to the formation of high level human resources in the area of \u200b\u200bDesign, with a view to technological, scientific and cultural development of the country;<\/p>\n<p>II.\u00a0To provide training to researchers and professionals interested in increasing their competencies on the generation and dissemination of knowledge in the Design field;<\/p>\n<p>III.\u00a0Enhancing the skills acquired in the undergraduate course and integrating further skills on research techniques within the Graphic and Product fields.<\/p>\n<p><!--:--><!--:pt--><span style=\"font-size: 13px;\">O objetivo do Programa de P\u00f3s-Gradua\u00e7\u00e3o em Design da UFPR \u00e9 contribuir para o desenvolvimento sustent\u00e1vel do Brasil atrav\u00e9s da excel\u00eancia na produ\u00e7\u00e3o de conhecimentos e forma\u00e7\u00e3o de recursos humanos de alto n\u00edvel na \u00e1rea do Design. Para atingir este objetivo, oferece cursos gratuitos de <strong>Mestrado<\/strong> e de <strong>Doutorado<\/strong> em Design e promove um intenso volume de atividade de ensino, pesquisa e extens\u00e3o estruturados em suas duas linhas de pesquisa:<\/span><\/p>\n<p>\u2022\u00a0\u00a0\u00a0\u00a0\u00a0\u00a0\u00a0\u00a0\u00a0\u00a0\u00a0\u00a0 <strong>Sistemas de Produ\u00e7\u00e3o e Utiliza\u00e7\u00e3o &#8211; SPU<\/strong>: esta linha de pesquisa busca o desenvolvimento de conhecimento de maneira a se obter design economicamente vi\u00e1vel,\u00a0 socialmente justo e ambientalmente respons\u00e1vel, conferindo maior competitividade ao setor produtivo, desde associa\u00e7\u00f5es de artes\u00e3os at\u00e9 grandes empresas. Esta linha vem desenvolvendo crit\u00e9rios, ferramentas, m\u00e9todos e reflex\u00f5es cr\u00edticas, contribuindo para o aperfei\u00e7oamento da teoria e pr\u00e1tica do Design de produtos, servi\u00e7os e sistemas.<\/p>\n<p>\u2022 \u00a0 \u00a0 \u00a0 \u00a0 \u00a0 \u00a0 <strong>Sistemas de Informa\u00e7\u00e3o &#8211; SI<\/strong>: nesta linha s\u00e3o estudados sistemas de informa\u00e7\u00e3o, artefatos e documentos gr\u00e1ficos anal\u00f3gicos e digitais no intuito de promover a efic\u00e1cia do processo de comunica\u00e7\u00e3o e ensino, assim como atividades de entretenimento digital.<\/p>\n<p>O tem sido buscado atrav\u00e9s da implementa\u00e7\u00e3o de sete pol\u00edticas centrais, as quais vem sendo aperfei\u00e7oadas \u00e0 medida que os programa evolui e se consolida:<\/p>\n<p>\u2022\u00a0\u00a0\u00a0\u00a0\u00a0\u00a0\u00a0\u00a0\u00a0\u00a0\u00a0\u00a0 &#8220;Pol\u00edtica de Internacionaliza\u00e7\u00e3o&#8221;: o programa almeja ser um centro de excel\u00eancia internacional, sendo que tal meta passa pela busca de parcerias e projetos colaborativos com as principais institui\u00e7\u00f5es de pesquisa pertinentes \u00e0s linhas de pesquisa do Programa. Dos conv\u00eanios coordenados pela Assessoria de Rela\u00e7\u00f5es Internacionais da UFPR, pelo menos seis tem direta atua\u00e7\u00e3o dos professores do PPGDesign\/UFPR, destacando-se aqueles firmados com o Politecnico di Milano e K\u00f6ln International School of Design (vide: http:\/\/www.internacional.ufpr.br\/listar_parceiras). O programa ofereceu em 2012 trimestralmente pelo menos uma disciplina na l\u00edngua inglesa, de maneira a estimular a maior presen\u00e7a de p\u00f3s-graduandos intercambistas de institui\u00e7\u00f5es estrangeiras (Alice Tedesco e Alessio Ravera Chion do Politecnico de Turim e Jack Spencer de Loughbrough University). Como reflexo desta pol\u00edtica o programa tem recebido demanda de estrangeiros no processo de sele\u00e7\u00e3o, em sua grande maioria Sul Americanos;<\/p>\n<p>\u2022\u00a0\u00a0\u00a0\u00a0\u00a0\u00a0\u00a0\u00a0\u00a0\u00a0\u00a0\u00a0 &#8220;Pol\u00edtica de Aperfei\u00e7oamento Continuado do Quadro Docente&#8221;: o &#8220;Plano de Capacita\u00e7\u00e3o&#8221; do programa tem como meta ter cem por cento de seu corpo docente com p\u00f3s-doutorado at\u00e9 2021, sendo este plano compartilhado como o Departamento de Design da UFPR. No in\u00edcio de 2011 o programa dispunha de 4 professores com p\u00f3s-doutorado (Prof Dr. Aguinaldo dos Santos; Prof. Dr. Andr\u00e9 Luiz Battaiola; Profa. Dra. Carla Galv\u00e3o Spinillo e Prof. Dr. Adriano Heemann). Em 2012 mais dois professores iniciaram seus respectivos p\u00f3s-doutorados (Prof. Dr. Ronaldo Correa e Profa. Dra. Maria Lucia Okimoto), al\u00e9m do ingresso no quadro de professores do programa da Profa. Dra. Claudia Mara Scudelari Macedo, a qual j\u00e1 tem p\u00f3s-doutorado. Al\u00e9m destes professores, vale destacar a aprova\u00e7\u00e3o em 2012 no Departamento de Design da autoriza\u00e7\u00e3o para realiza\u00e7\u00e3o de p\u00f3s-doutorado da Profa. Viviane Gaspar Ribas El Marghani. Como parte desta pol\u00edtica tem-se tamb\u00e9m estimulado que os rec\u00e9m-doutores alcancem a capacita\u00e7\u00e3o necess\u00e1ria para o ingresso no programa, seja atrav\u00e9s da participa\u00e7\u00e3o em disciplinas, participa\u00e7\u00e3o em projetos de pesquisa, publica\u00e7\u00f5es, ou atrav\u00e9s de co-orienta\u00e7\u00f5es (exemplos: o p\u00f3s-doutorando Dr. Andr\u00e9 de Souza Lucca co-orientou a mestranda Carolina Daros; o prof. Dr. Kleber Puchaski, do Departamento de Design da UFPR, participou de bancas no PPGDesign);<\/p>\n<p>\u2022\u00a0\u00a0\u00a0\u00a0\u00a0\u00a0\u00a0\u00a0\u00a0\u00a0\u00a0\u00a0 &#8220;Pol\u00edtica de Est\u00edmulo \u00e0 Qualidade e Quantidade da Produ\u00e7\u00e3o Cient\u00edfica&#8221;: tem sido dado absoluta prioridade na utiliza\u00e7\u00e3o dos recursos do programa no custeio pertinente \u00e0 produ\u00e7\u00e3o cient\u00edfica. Este est\u00edmulo tem ocorrido tamb\u00e9m atrav\u00e9s da articula\u00e7\u00e3o de um \u201cplanejamento integrado de publica\u00e7\u00f5es\u201d; o incentivo \u00e0 participa\u00e7\u00e3o dos mestrandos em eventos cient\u00edficos continuou em 2012 o retrospecto observado em 2011, sendo o apoio com di\u00e1rias e passagens o segundo item de maior disp\u00eandio dos recursos do PROAP no ano, logo ap\u00f3s os itens associados\u00a0 com as despesas com a realiza\u00e7\u00e3o das bancas;<\/p>\n<p>\u2022\u00a0\u00a0\u00a0\u00a0\u00a0\u00a0\u00a0\u00a0\u00a0\u00a0\u00a0\u00a0 &#8220;Pol\u00edtica de Desenvolvimento do Conhecimento em Colabora\u00e7\u00e3o com a Sociedade&#8221;: os projetos de pesquisa do programa via de regra s\u00e3o realizados em direta colabora\u00e7\u00e3o com representantes do primeiro, segundo ou terceiro setor, contribuindo para a pertin\u00eancia no mundo real do conhecimento desenvolvido no \u00e2mbito do programa. Houve esfor\u00e7os de consolida\u00e7\u00e3o de parcerias com empresas parceiras do programa como Whirpool, COHAPAR, Solbravo, etc). Como exemplo destes projetos est\u00e1 o Projeto E-Wise, o qual busca estabelecer uma agenda de inova\u00e7\u00e3o em Design para a habita\u00e7\u00e3o de interesse social, a partir da caracteriza\u00e7\u00e3o dos h\u00e1bitos de consumo de \u00e1gua e energia. O projeto \u00e9 financiado pela FINEP (edital 07\/2009) e tem como parceiro a COHAPAR \u2013 Companhia Paranaense de Habita\u00e7\u00e3o. Internamente na institui\u00e7\u00e3o o PPGDesign tem tamb\u00e9m interagido com todas as inst\u00e2ncias, incluindo a Ag\u00eancia de Inova\u00e7\u00e3o da UFPR, a qual teve os professores Dr. Aguinaldo dos Santos e Prof. Dr. Alexandre Pelegrini ocupando anteriormente as posi\u00e7\u00e3o de Coordenador de Transfer\u00eancia de Tecnologia e Assessores para Transfer\u00eancia de Tecnologia, respectivamente. Esta ag\u00eancia \u00e9 um \u00f3rg\u00e3o ligado \u00e0 Pr\u00f3-Reitoria de Pesquisa e P\u00f3s-Gradua\u00e7\u00e3o da UFPR e tem como objetivo promover a cultura de inova\u00e7\u00e3o na UFPR. Ao final de 2012 destaca-se o advento da implanta\u00e7\u00e3o do Setor de Artes, Comunica\u00e7\u00e3o e Design na UFPR, abrindo novas perspectiva de estreitamento dos relacionamentos com estes cursos afins;<\/p>\n<p>\u2022\u00a0\u00a0\u00a0\u00a0\u00a0\u00a0\u00a0\u00a0\u00a0\u00a0\u00a0\u00a0 &#8220;Pol\u00edtica de Transpar\u00eancia do Programa&#8221;: o programa disponibiliza todas as suas informa\u00e7\u00f5es em seu site na internet, utilizando tamb\u00e9m diversas outras m\u00eddias e estrat\u00e9gias de comunica\u00e7\u00e3o para informar a sociedade acerca de suas atividades. Atrav\u00e9s da parceria com a Pr\u00f3-Design e Centro Brasil de Design, o PPGDesign divulgou suas pesquisas para a comunidade durante a Design Week, onde os p\u00f3s-graduandos tiveram a oportunidade de compartilhar os avan\u00e7os de suas pesquisas com o p\u00fablico externo. Em 2012 o programa estabeleceu parceria com o Portal Design Brazil para divulga\u00e7\u00e3o dos avan\u00e7os das pesquisas no programa. Com a ado\u00e7\u00e3o da plataforma WordPress o programa tem ampliado a agilidade de disponibiliza\u00e7\u00e3o das informa\u00e7\u00f5es, beneficiando-se para tanto do provimento por parte da UFPR de funcion\u00e1rio p\u00fablico especializado na gest\u00e3o de conte\u00fados em p\u00e1ginas na web. Outra medida importante no sentido de ampliar a transpar\u00eancia dos processos no programa foi a ado\u00e7\u00e3o de um Edital de Credenciamento de Professores, tornando p\u00fablico o processo de inser\u00e7\u00e3o de novos professores no programa, contribuindo para estimular o ingresso de novos professores (em 2012, o edital resultou no cadastramento da Profa. Dra. Claudia Mara de Macedo Scudelari). No di\u00e1logo com os p\u00f3s-graduandos implementou-se a pr\u00e1tica de realiza\u00e7\u00e3o de uma reuni\u00e3o por m\u00eas com a coordena\u00e7\u00e3o, em geral no mesmo dia da reuni\u00e3o do colegiado, na qual a pauta \u00e9 determinada pelos pr\u00f3prios p\u00f3s-graduandos;<\/p>\n<p>\u2022\u00a0\u00a0\u00a0\u00a0\u00a0\u00a0\u00a0\u00a0\u00a0\u00a0\u00a0\u00a0 &#8220;Pol\u00edtica de Desenvolvimento de Compet\u00eancia em Ensino entre os P\u00f3s-Graduandos&#8221;: a proximidade da p\u00f3s-gradua\u00e7\u00e3o com a gradua\u00e7\u00e3o \u00e9 um dos diferenciais do programa. A explica\u00e7\u00e3o para tal reside no fato de que entre os 14 (quatorze) professores do corpo permanente do programa, 8 (oito) tem v\u00ednculo direto com o Departamento de Design. H\u00e1 estreita colabora\u00e7\u00e3o entre a Coordena\u00e7\u00e3o do PPGDesign, a Chefia do Departamento de Design e a Coordena\u00e7\u00e3o do Curso de Design, possibilitando, por exemplo, o planejamento integrado de a\u00e7\u00f5es que oportunizam a experi\u00eancia do p\u00f3s-graduando no processo de ensino e, tamb\u00e9m, a gest\u00e3o integrada dos recursos financeiros dispon\u00edveis. Investimentos conjuntos tem sido realizados em espa\u00e7os coabitados por p\u00f3s-graduandos e graduandos. Esta participa\u00e7\u00e3o tem ocorrido n\u00e3o s\u00f3 entre os bolsistas de Demanda Social e REUNI, mas com todo o grupo de p\u00f3s-graduandos. Tal participa\u00e7\u00e3o tem ocorrido atrav\u00e9s da disciplina de \u201cPr\u00e1tica Doc\u00eancia\u201d, a qual transcorre ao longo de um semestre, sendo obrigat\u00f3ria para os bolsistas. Com a implanta\u00e7\u00e3o do curso de doutorado foi incorporado na grade curricular as \u201cAtividades Formativas\u201d que dever\u00e3o instrumentalizar a participa\u00e7\u00e3o dos p\u00f3s-graduandos no apoio a atividades de extens\u00e3o e ensino;<\/p>\n<p>\u2022\u00a0\u00a0\u00a0\u00a0\u00a0\u00a0\u00a0\u00a0\u00a0\u00a0\u00a0\u00a0 &#8220;Pol\u00edtica de Planejamento Financeiro Integrado&#8221;: com o prop\u00f3sito de fazer um uso mais otimizado dos recursos p\u00fablicos, o PPGDesign vem realizando esfor\u00e7os no sentido de direcionar o uso de seus recursos de forma integrada com a Chefia do Departamento de Design, Coordena\u00e7\u00e3o do Curso de Design e junto aos projetos de pesquisa coordenados pelos professores do programa. Em 2011 esta pol\u00edtica resultou na primeira edi\u00e7\u00e3o do Plano Integrado de Or\u00e7amento, possibilitando a concentra\u00e7\u00e3o de esfor\u00e7os em melhoria da infraestrutura em pontos de m\u00fatuo interesse entre a p\u00f3s-gradua\u00e7\u00e3o e gradua\u00e7\u00e3o;<\/p>\n<p>\u2022\u00a0\u00a0\u00a0\u00a0\u00a0\u00a0\u00a0\u00a0\u00a0\u00a0\u00a0\u00a0 &#8220;Pol\u00edtica de Intera\u00e7\u00e3o Continuada com o Egresso&#8221;: o acompanhamento dos egressos do programa tem comprovado a contribui\u00e7\u00e3o do programa na forma\u00e7\u00e3o de recursos humanos de alto n\u00edvel. Os destinos principais s\u00e3o os cursos de Doutorado e a atua\u00e7\u00e3o no ensino em universidades privadas e particulares, sendo que alguns participaram em 2012 do processo de sele\u00e7\u00e3o para a primeira turma de doutorado do PPGDesign. Os destinos de capacita\u00e7\u00e3o tem inclu\u00eddo em grande parte as institui\u00e7\u00f5es de ensino e pesquisa do sul: Rio Grande do Sul [na Escola T\u00e9cnica Federal de Pelotas (Daniela Brisolara (2006)]; Paran\u00e1 [UTFPR (Maria L\u00facia Siebenrok (2012); Universidade Tuiuti-PR (Tiago Maia (2008), Universidade Positivo (Nelson Smythe Jr (2010)), UFPR (Ricardo Martins (2010), Naotake Fukushima, Marco Mazzaroto, Rafael Dubiela, Claudia Zacar Hasegawa), UEL (Claudio Pereira Sampaio (2006)); Unibrasil (Alice Maria Ribeiro da Silva (2006) e Maria Olinda (2009)), UNILA- Foz do Igua\u00e7u (Izamara Carniatto (2006)), IFSUL (Daniela Brisolara (2008)) e, tamb\u00e9m, no SENAI (Fabiano de Miranda (2010)] e Santa Catarina [SENAI (Sandra de Brito da Silva (2008)]. Alguns dos egressos j\u00e1 encontram-se em processo de doutoramento como Patr\u00edcia Fujita (Fio Cruz- RJ), K\u00e1tia God\u00f3i (USP), Raffaela Leane Zenni Tanure (2008) realizada doutorado em Engenharia de Produ\u00e7\u00e3o na UFRGS; Rosana Vasquez (2011) realiza doutorado em Arquitetura na FAU\/USP; Juc\u00e9lia Giacomini (2010) realiza doutorado em Design na PUC-RJ; K\u00e1tia Godi (2007) realiza doutorado no PPGEduca\u00e7\u00e3o da PUC-SP; Daniel Louren\u00e7o (2009) realiza doutorado em Design na UFPE; Andr\u00e9 Pottes de Souza (2010) realiza doutorado na UTFPR; Jairo da Costa J\u00fanior (2010) realiza doutorado na Delft University \u2013 Holanda; M\u00e1rcia Maria Alves (2010) realiza doutorado no PPGDesign\/UFPR; Marcos Namba Beccari (2010) realiza doutoramento em educa\u00e7\u00e3o na USP.<\/p>\n<p>\u2022\u00a0\u00a0\u00a0\u00a0\u00a0\u00a0\u00a0\u00a0\u00a0\u00a0\u00a0\u00a0 De forma similar, o Programa tem a\u00e7\u00f5es de integra\u00e7\u00e3o de seus egressos, atrav\u00e9s de produ\u00e7\u00e3o cient\u00edfica conjunta com docentes e participa\u00e7\u00e3o em projetos de pesquisa e dos grupos de pesquisa vinculados ao Programa (Design Digital e da informa\u00e7\u00e3o; Design Sustent\u00e1vel, Ergonomia e Gest\u00e3o do Design).<\/p>\n<p>O Programa tamb\u00e9m vem constantemente aprimorando-se em sua estrutura de gest\u00e3o, revendo suas pr\u00e1ticas e normas internas quanto ao ingresso de docentes, acompanhamento dos bolsistas, avalia\u00e7\u00e3o das disciplinas, processo seletivo e rela\u00e7\u00e3o orientador-orientando. Neste \u00faltimo quesito tem se mantido a pol\u00edtica de distribuir 4 orientandos (mestrado) por professor, o que tem resultado em maior qualidade do processo de orienta\u00e7\u00e3o. Com a implanta\u00e7\u00e3o do doutorado, esta estrat\u00e9gia de prioriza\u00e7\u00e3o da qualidade ao inv\u00e9s de quantidade, tamb\u00e9m repercutiu no n\u00famero de selecionados, sendo a m\u00e9dia de 1 doutorando por professor (11 alunos no total foram selecionados).<\/p>\n<p>Quanto \u00e0s tend\u00eancias do Programa, as a\u00e7\u00f5es e resultados em 2011 indicam: (a) a consolida\u00e7\u00e3o das parcerias nacionais e internacionais, (b) a amplia\u00e7\u00e3o do corpo docente em fun\u00e7\u00e3o das amplia\u00e7\u00e3o do n\u00famero de doutores dispon\u00edveis no Departamento de Design da UFPR; c) amplia\u00e7\u00e3o do n\u00edvel de capacita\u00e7\u00e3o do corpo docente, com a realiza\u00e7\u00e3o dos p\u00f3s-doutoramentos;\u00a0 d) amplia\u00e7\u00e3o da infraestrutura do programa com a constru\u00e7\u00e3o do novo pr\u00e9dio para o Setor de Artes, Comunica\u00e7\u00e3o e Design (vide www.concursosarquitetura.ufpr.br\/campuscabral\/); e (c) a consolida\u00e7\u00e3o das compet\u00eancias do corpo docente no \u00e2mbito da p\u00f3s-gradua\u00e7\u00e3o Strictu Sensu, ampliando-se assim, a capacidade de contribui\u00e7\u00f5es ao conhecimento do programa tanto a n\u00edvel regional como nacional e internacional.<\/p>\n<p>Por decis\u00e3o do colegiado do PPGDesign decidiu-se pela \u201cincuba\u00e7\u00e3o\u201d de uma nova linha de pesquisa no programa, com uma perspectiva de efetiva implanta\u00e7\u00e3o a m\u00e9dio prazo (5\/6 anos). Esta linha trata do estudo da \u201chist\u00f3ria do design\u201d, incluindo-se a\u00ed o estudo tanto do design regional como brasileiro (o PPGDesign tem atualmente o Prof. Dr. Ronaldo Corr\u00eaa atuando nesta tem\u00e1tica). Alinhado com a estrat\u00e9gia em 2012 o PPGDesign dedicou recursos para uma disciplina da Professora Dra. Paula Landim (UNESP-Bauru) que tratou da hist\u00f3ria do design &amp; arquitetura; ainda em 2012 obteve-se a concord\u00e2ncia do Prof. Dr. Marcos Braga (USP) para que o mesmo realizasse em 2013 uma disciplina no PPGDesign. Iniciou-se tratativas tamb\u00e9m com a Professora Dra. Rosane Kaminski, do doutorado em Hist\u00f3ria da UFPR, para participar desta linha de pesquisa no programa. Nesta linha de pesquisa o Prof.\u00a0 Jos\u00e9 Humberto Boguszewski, do Departamento de Design, concluiu em 2012 doutoramento no Programa de P\u00f3s-Gradua\u00e7\u00e3o em Hist\u00f3ria da UFPR (nota 5 na CAPES).<\/p>\n<p>A linha de pesquisa de <strong>SI<\/strong> tende no futuro pr\u00f3ximo a aprofundar o foco na tem\u00e1tica de jogos e ambientes hiperm\u00eddia. Atualmente o PPGDesign tem atuando na tem\u00e1tica a Profa. Dra. Stephania Padovani e Prof. Dr. Andr\u00e9 Luiz Battaiola. Tem-se a expectativa da integra\u00e7\u00e3o da Profa.Carol Calomeno (atualmente Chefe do Departamento de Design da UFPR) nos quadros do PPGDesign. A referida professora conclui em 2013 seu doutorado em Ci\u00eancias da Comunica\u00e7\u00e3o (Conceito CAPES 5) na Universidade do Vale do Rio dos Sinos, UNISINOS. O tema da tese da mesma refere-se \u00e0 \u201cLinguagem Visual de Jogos Digitais Educacionais\u201d.\u00a0 Al\u00e9m disto, em 2012 o Prof Rafael Dubiela (do Departamento de Design da UFPR) teve sua aprova\u00e7\u00e3o para ingresso no PPGDDesign, sendo que a tem\u00e1tica de sua tese de doutorado dever\u00e1 versar sobre \u201cjogos\u201d, mesmo objeto de pesquisa de seu mestrado e, tamb\u00e9m, mesmo objeto de sua atua\u00e7\u00e3o profissional. Em 2012 contratou-se a Profa. Dra. Vania Ulbricht como professora visitante, especialista no design de solu\u00e7\u00f5es de hiperm\u00eddia para ambientes de aprendizado. A professora tem contribuindo para a transfer\u00eancia de know-how para o corpo docente e discente de suas compet\u00eancia ensino-aprendizagem, hipermidia, acessibilidade, design de hiperm\u00eddia, representa\u00e7\u00e3o gr\u00e1fica e geometria descritiva. Aprovou-se ainda em 2012 a contrata\u00e7\u00e3o do Prof. Dr. Tarc\u00edsio Vanzin (UFSC) para ampliar as compet\u00eancias do programa na tem\u00e1tica, atrav\u00e9s de suas compet\u00eancias em Produ\u00e7\u00e3o Hiperm\u00eddia, Sistemas Multim\u00eddia, Cibercidades, Cibersociedade, Criatividade, Erros Humanos e Historia e Teoria da M\u00eddia.<\/p>\n<p>Na linha de pesquisa de <strong>SPU<\/strong>, o programa tem na tem\u00e1tica do Design &amp; Sustentabilidade um foco de um n\u00famero significativo de projetos de pesquisa. Participam de forma direta e indireta nesta tem\u00e1tica v\u00e1rios professores do programa: Profa. Dra. Maria Lucia Okimoto, Prof. Dr. Aguinaldo dos Santos, Prof. Dr. Dalton Luiz Razera e Prof. Dr. Adriano Heemann. A perspectiva de m\u00e9dio prazo \u00e9 a amplia\u00e7\u00e3o do quadro de professores atuando nesta tem\u00e1tica, tendo em vista que a Profa. Dulce Albach (atual coordenadora do Curso de Design da UFPR) foi selecionada para doutoramento no PPGDesign\/UFPR e outros dois professores do Departamento de Design, com mestrado na tem\u00e1tica (Claudia Zacar Hasegawa e Naotake Fukushima) j\u00e1 iniciaram o doutoramento em 2014.<!--:--><\/p>\n","protected":false},"excerpt":{"rendered":"<p>The Design Post-Graduate Program the Federal University of Parana aims to: I.\u00a0Facilitate the development of professional researchers and teachers, contributing to the formation of high level human resources in the area of \u200b\u200bDesign, with a view to technological, scientific and &hellip; <a href=\"https:\/\/sacod.ufpr.br\/ppgdesign\/apresentacao\/objetivos\/\">&#8230;<\/a><\/p>\n","protected":false},"author":1,"featured_media":0,"parent":5,"menu_order":0,"comment_status":"open","ping_status":"open","template":"","meta":{"_acf_changed":false,"ngg_post_thumbnail":0,"footnotes":""},"class_list":["post-13","page","type-page","status-publish","hentry"],"acf":[],"_links":{"self":[{"href":"https:\/\/sacod.ufpr.br\/ppgdesign\/wp-json\/wp\/v2\/pages\/13","targetHints":{"allow":["GET"]}}],"collection":[{"href":"https:\/\/sacod.ufpr.br\/ppgdesign\/wp-json\/wp\/v2\/pages"}],"about":[{"href":"https:\/\/sacod.ufpr.br\/ppgdesign\/wp-json\/wp\/v2\/types\/page"}],"author":[{"embeddable":true,"href":"https:\/\/sacod.ufpr.br\/ppgdesign\/wp-json\/wp\/v2\/users\/1"}],"replies":[{"embeddable":true,"href":"https:\/\/sacod.ufpr.br\/ppgdesign\/wp-json\/wp\/v2\/comments?post=13"}],"version-history":[{"count":14,"href":"https:\/\/sacod.ufpr.br\/ppgdesign\/wp-json\/wp\/v2\/pages\/13\/revisions"}],"predecessor-version":[{"id":167,"href":"https:\/\/sacod.ufpr.br\/ppgdesign\/wp-json\/wp\/v2\/pages\/13\/revisions\/167"}],"up":[{"embeddable":true,"href":"https:\/\/sacod.ufpr.br\/ppgdesign\/wp-json\/wp\/v2\/pages\/5"}],"wp:attachment":[{"href":"https:\/\/sacod.ufpr.br\/ppgdesign\/wp-json\/wp\/v2\/media?parent=13"}],"curies":[{"name":"wp","href":"https:\/\/api.w.org\/{rel}","templated":true}]}}