{"id":10,"date":"2011-11-01T18:07:27","date_gmt":"2011-11-01T18:07:27","guid":{"rendered":"https:\/\/sacod.ufpr.br\/ppgdesign\/?page_id=10"},"modified":"2012-07-17T20:22:20","modified_gmt":"2012-07-17T20:22:20","slug":"historico","status":"publish","type":"page","link":"https:\/\/sacod.ufpr.br\/ppgdesign\/apresentacao\/historico\/","title":{"rendered":"<!--:en-->History<!--:--><!--:pt-->Hist\u00f3rico<!--:-->"},"content":{"rendered":"<p><!--:en-->The teaching of Design in Paran\u00e1 began in <strong>1975<\/strong> in Curitiba, with the simultaneous opening of a course in UFPR and another at PUC-PR. Throughout its 30 years history in the Undergraduate course of Design (Industrial Design, Visual Programming and Product Design) the institution has trained hundreds of professionals, with many of its Alumni teaching in other universities in the Southern Region of Brazil (eg Tuiuti University, Positivo University, PUC-PR, UTFPR). Such background has enable a deep understanding on the potentialities of Design research in the region and motivated the staff to joint efforts on the implementation of a Post-Graduate Program.<\/p>\n<p>In <strong>2001<\/strong> there was the first initiative in structuring a proposal to CAPES (government institution) to implement a Post-Graduate Program at UFPR. Unfortunately, that first attempt was not succesfful due to shortage of doctors with adequate scientific production on the field of Design.<\/p>\n<p>Between <strong>2002<\/strong> and <strong>2004<\/strong>, the Department of Design at UFPR has made a bold effort to speed up its research profile, expanding the amount of research projects and the amount of scientific publications at national and international level as well as contracting more doctors to joint the permanent staff. These advances were joined by the \u00a0set up of laboratories and infrastructure, enabling a new proposition to implement the UFPR\u00b4s Design Post-Graduate Program. The approval by CAPES was published in <strong>September 2005<\/strong>.\u00a0<strong>The PPGDesign\/UFPR is the first of its kind Southern Brazil and fifth in Brazil<\/strong>.<\/p>\n<p>In the <strong>2010<\/strong> triennial review conducted by CAPES, the overall evaluation has PPGDesign from grade 3 (entry grade) to grade 4.\u00a0This quick rise allowed the submission of a proposal for a Ph.D. course in <strong>2011<\/strong>. As a result of this effort in <strong>March 2012<\/strong> the program received the formal approval from CAPES. The selection process for the first PhD candidates was launched in July 2012.<!--:--><!--:pt-->O ensino de Design no Paran\u00e1 iniciou-se em <strong>1975<\/strong> em Curitiba, com a abertura simult\u00e2nea de um curso na UFPR e outro na PUC-PR. Ao longo de seus 30 anos, a hist\u00f3ria o Curso de Gradua\u00e7\u00e3o em Design da UFPR (Desenho Industrial- Programa\u00e7\u00e3o Visual e Projeto de Produto) formou centenas de profissionais, sendo grande parte dos professores atuantes na \u00e1rea de design em outras universidades da regi\u00e3o Sul egressos deste curso (e.g. Universidade Tuiuti, Universidade Centro Positivo- Unicenp, PUC-PR, CEFET).\u00a0Estes resultados, assim como a produ\u00e7\u00e3o oriunda da gradua\u00e7\u00e3o em design, demonstram o potencial investigativo na \u00e1rea, al\u00e9m de ter possibilitado o entendimento acerca das oportunidades e necessidades em pesquisa do design na regi\u00e3o. Em <strong>2001<\/strong> realizou-se a primeira iniciativa de estrutura\u00e7\u00e3o e implementa\u00e7\u00e3o de um Programa de P\u00f3s-Gradua\u00e7\u00e3o Stricto Sensu Mestrado em Design na UFPR. Infelizmente, na \u00e9poca o Programa n\u00e3o pode ser implementado devido \u00e0 insufici\u00eancia de doutores e produ\u00e7\u00e3o na \u00e1rea. Entre <strong>2002 e 2004<\/strong>, o Departamento de Design da UFPR realizou um esfor\u00e7o e incentivo \u00e0 realiza\u00e7\u00e3o de projetos de pesquisa por seus professores, e a maior intensidade nas publica\u00e7\u00f5es nacionais e internacionais, assim como a busca pela contrata\u00e7\u00e3o de mais doutores para a \u00e1rea. Os avan\u00e7os e melhorias realizados na \u00e1rea de design da UFPR, quanto ao perfil dos docentes e sua produ\u00e7\u00e3o\/atua\u00e7\u00e3o, instala\u00e7\u00e3o de laborat\u00f3rios e infra-estrutura levaram ao amadurecimento do grupo de docentes doutores e a indicadores positivos para a abertura do Programa de P\u00f3s-Gradua\u00e7\u00e3o Stricto Sensu Mestrado em Design da UFPR, o qual foi aprovado pela CAPES em <strong>setembro de 2005<\/strong>.\u00a0O PPGDesign\/UFPR \u00e9\u00a0<strong>o primeiro da \u00e1rea no sul do Brasil<\/strong>\u00a0e o quinto programa de p\u00f3s-gradua\u00e7\u00e3o stricto sensu em design do Brasil. Na avalia\u00e7\u00e3o trianual de <strong>2010<\/strong> realizada pela CAPES o programa subiu da nota 3 (nota de ingresso) para a nota 4. Esta r\u00e1pida ascens\u00e3o permitiu o pleito em 2011 para a implementa\u00e7\u00e3o de um curso de doutorado em Design. Como resultado deste esfor\u00e7o em <strong>mar\u00e7o de 2012<\/strong> o programa recebeu da CAPES a aprova\u00e7\u00e3o para implementa\u00e7\u00e3o de seu curso de doutorado, sendo que a sele\u00e7\u00e3o da primeira turma iniciou em julho de 2012.<!--:--><\/p>\n","protected":false},"excerpt":{"rendered":"<p>The teaching of Design in Paran\u00e1 began in 1975 in Curitiba, with the simultaneous opening of a course in UFPR and another at PUC-PR. Throughout its 30 years history in the Undergraduate course of Design (Industrial Design, Visual Programming and &hellip; <a href=\"https:\/\/sacod.ufpr.br\/ppgdesign\/apresentacao\/historico\/\">&#8230;<\/a><\/p>\n","protected":false},"author":1,"featured_media":0,"parent":5,"menu_order":0,"comment_status":"open","ping_status":"open","template":"","meta":{"_acf_changed":false,"ngg_post_thumbnail":0,"footnotes":""},"class_list":["post-10","page","type-page","status-publish","hentry"],"acf":[],"_links":{"self":[{"href":"https:\/\/sacod.ufpr.br\/ppgdesign\/wp-json\/wp\/v2\/pages\/10","targetHints":{"allow":["GET"]}}],"collection":[{"href":"https:\/\/sacod.ufpr.br\/ppgdesign\/wp-json\/wp\/v2\/pages"}],"about":[{"href":"https:\/\/sacod.ufpr.br\/ppgdesign\/wp-json\/wp\/v2\/types\/page"}],"author":[{"embeddable":true,"href":"https:\/\/sacod.ufpr.br\/ppgdesign\/wp-json\/wp\/v2\/users\/1"}],"replies":[{"embeddable":true,"href":"https:\/\/sacod.ufpr.br\/ppgdesign\/wp-json\/wp\/v2\/comments?post=10"}],"version-history":[{"count":7,"href":"https:\/\/sacod.ufpr.br\/ppgdesign\/wp-json\/wp\/v2\/pages\/10\/revisions"}],"predecessor-version":[{"id":267,"href":"https:\/\/sacod.ufpr.br\/ppgdesign\/wp-json\/wp\/v2\/pages\/10\/revisions\/267"}],"up":[{"embeddable":true,"href":"https:\/\/sacod.ufpr.br\/ppgdesign\/wp-json\/wp\/v2\/pages\/5"}],"wp:attachment":[{"href":"https:\/\/sacod.ufpr.br\/ppgdesign\/wp-json\/wp\/v2\/media?parent=10"}],"curies":[{"name":"wp","href":"https:\/\/api.w.org\/{rel}","templated":true}]}}