{"id":29,"date":"2022-08-24T17:53:34","date_gmt":"2022-08-24T20:53:34","guid":{"rendered":"https:\/\/sacod.ufpr.br\/devorarmodernismos\/?page_id=29"},"modified":"2022-11-09T10:41:56","modified_gmt":"2022-11-09T13:41:56","slug":"programacao","status":"publish","type":"page","link":"https:\/\/sacod.ufpr.br\/devorarmodernismos\/programacao\/","title":{"rendered":"Programa\u00e7\u00e3o"},"content":{"rendered":"<p><a href=\"https:\/\/sacod.ufpr.br\/devorarmodernismos\/wp-content\/uploads\/sites\/12\/2022\/11\/4E74D7A5-A701-4564-A4DA-96BC1757061E.png\"><img loading=\"lazy\" decoding=\"async\" class=\"aligncenter size-full wp-image-155\" src=\"https:\/\/sacod.ufpr.br\/devorarmodernismos\/wp-content\/uploads\/sites\/12\/2022\/11\/4E74D7A5-A701-4564-A4DA-96BC1757061E.png\" alt=\"\" width=\"595\" height=\"842\" srcset=\"https:\/\/sacod.ufpr.br\/devorarmodernismos\/wp-content\/uploads\/sites\/12\/2022\/11\/4E74D7A5-A701-4564-A4DA-96BC1757061E.png 595w, https:\/\/sacod.ufpr.br\/devorarmodernismos\/wp-content\/uploads\/sites\/12\/2022\/11\/4E74D7A5-A701-4564-A4DA-96BC1757061E-212x300.png 212w\" sizes=\"auto, (max-width: 595px) 100vw, 595px\" \/><\/a><\/p>\n<h4><strong><a href=\"https:\/\/www.sympla.com.br\/evento\/devorar-modernismos-outras-cartografias\/1760849\">FA\u00c7A SUA INSCRI\u00c7\u00c3O AQUI!<\/a><\/strong><\/h4>\n","protected":false},"excerpt":{"rendered":"<p>FA\u00c7A SUA INSCRI\u00c7\u00c3O AQUI!<\/p>\n","protected":false},"author":1772,"featured_media":0,"parent":0,"menu_order":0,"comment_status":"closed","ping_status":"closed","template":"","meta":{"_acf_changed":false,"footnotes":""},"class_list":["post-29","page","type-page","status-publish","hentry"],"acf":[],"_links":{"self":[{"href":"https:\/\/sacod.ufpr.br\/devorarmodernismos\/wp-json\/wp\/v2\/pages\/29","targetHints":{"allow":["GET"]}}],"collection":[{"href":"https:\/\/sacod.ufpr.br\/devorarmodernismos\/wp-json\/wp\/v2\/pages"}],"about":[{"href":"https:\/\/sacod.ufpr.br\/devorarmodernismos\/wp-json\/wp\/v2\/types\/page"}],"author":[{"embeddable":true,"href":"https:\/\/sacod.ufpr.br\/devorarmodernismos\/wp-json\/wp\/v2\/users\/1772"}],"replies":[{"embeddable":true,"href":"https:\/\/sacod.ufpr.br\/devorarmodernismos\/wp-json\/wp\/v2\/comments?post=29"}],"version-history":[{"count":11,"href":"https:\/\/sacod.ufpr.br\/devorarmodernismos\/wp-json\/wp\/v2\/pages\/29\/revisions"}],"predecessor-version":[{"id":156,"href":"https:\/\/sacod.ufpr.br\/devorarmodernismos\/wp-json\/wp\/v2\/pages\/29\/revisions\/156"}],"wp:attachment":[{"href":"https:\/\/sacod.ufpr.br\/devorarmodernismos\/wp-json\/wp\/v2\/media?parent=29"}],"curies":[{"name":"wp","href":"https:\/\/api.w.org\/{rel}","templated":true}]}}