{"id":2,"date":"2022-08-23T14:44:10","date_gmt":"2022-08-23T17:44:10","guid":{"rendered":"https:\/\/sacod.ufpr.br\/devorarmodernismos\/?page_id=2"},"modified":"2023-01-12T15:19:20","modified_gmt":"2023-01-12T18:19:20","slug":"pagina-exemplo","status":"publish","type":"page","link":"https:\/\/sacod.ufpr.br\/devorarmodernismos\/","title":{"rendered":"Sobre o evento"},"content":{"rendered":"<h4><a href=\"https:\/\/drive.google.com\/drive\/folders\/1DikrJq3mhMIq1Kkx7wCUm70GqWXjaKOm?usp=sharing\"><span style=\"color: #800000;\">Confira as fotos do evento!<\/span><\/a><\/h4>\n<h6>O evento Devorar Modernismos, idealizado na Universidade Federal do Paran\u00e1, emana de um interesse coletivo em propor reflex\u00f5es sobre as linhas tra\u00e7adas pelos v\u00e1rios modernismos no Brasil, seus entrela\u00e7amentos sobre sujeitos, pr\u00e1ticas e ideias, em torno de discuss\u00f5es sobre as diversas constitui\u00e7\u00f5es do nosso passado, presente e futuro.<\/h6>\n<p><a href=\"https:\/\/www.sympla.com.br\/evento\/devorar-modernismos-outras-cartografias\/1760849\"><img loading=\"lazy\" decoding=\"async\" class=\"size-full wp-image-90 alignnone\" src=\"https:\/\/sacod.ufpr.br\/devorarmodernismos\/wp-content\/uploads\/sites\/12\/2022\/10\/Inscri\u00e7\u00f5es-abertas.png\" alt=\"\" width=\"1080\" height=\"1080\" srcset=\"https:\/\/sacod.ufpr.br\/devorarmodernismos\/wp-content\/uploads\/sites\/12\/2022\/10\/Inscri\u00e7\u00f5es-abertas.png 1080w, https:\/\/sacod.ufpr.br\/devorarmodernismos\/wp-content\/uploads\/sites\/12\/2022\/10\/Inscri\u00e7\u00f5es-abertas-150x150.png 150w, https:\/\/sacod.ufpr.br\/devorarmodernismos\/wp-content\/uploads\/sites\/12\/2022\/10\/Inscri\u00e7\u00f5es-abertas-300x300.png 300w, https:\/\/sacod.ufpr.br\/devorarmodernismos\/wp-content\/uploads\/sites\/12\/2022\/10\/Inscri\u00e7\u00f5es-abertas-768x768.png 768w, https:\/\/sacod.ufpr.br\/devorarmodernismos\/wp-content\/uploads\/sites\/12\/2022\/10\/Inscri\u00e7\u00f5es-abertas-1024x1024.png 1024w\" sizes=\"auto, (max-width: 1080px) 100vw, 1080px\" \/><\/a><\/p>\n<p>As atividades acontecer\u00e3o entre <strong>7 e 10 de novembro de 2022<\/strong> e contar\u00e3o com espa\u00e7os para apresenta\u00e7\u00e3o e discuss\u00e3o de pesquisas conclu\u00eddas ou em fase de desenvolvimento, bem como a\u00e7\u00f5es art\u00edsticas. Com isso, o evento pretende divulgar e incentivar as produ\u00e7\u00f5es cient\u00edficas e art\u00edsticas contempor\u00e2neas relacionadas ao tema geral de discuss\u00e3o: as \u201coutras cartografias\u201d dos v\u00e1rios modernismos no Brasil.<\/p>\n<h4><strong><a href=\"https:\/\/www.sympla.com.br\/evento\/devorar-modernismos-outras-cartografias\/1760849\">FA\u00c7A SUA INSCRI\u00c7\u00c3O AQUI!<\/a><\/strong><\/h4>\n<p>S\u00e3o realizadores do evento: Setor de Artes, Comunica\u00e7\u00e3o e Design (SACOD), Setor de Ci\u00eancias Humanas, Setor de Ci\u00eancias Jur\u00eddicas, Programa de P\u00f3s-gradua\u00e7\u00e3o em Direito (PPGD), Projeto M\u00e1quina de Ativismos em Direitos Humanos, Centro de Estudos da Constitui\u00e7\u00e3o (CCONS), Linha de Pesquisa Arte, Mem\u00f3ria e Narrativa (AMENA-PPGHIS), N\u00facleo de Artes Visuais (NAVIS), com apoio da Pr\u00f3-reitoria de Extens\u00e3o e Cultura (PROEC), da Prattica Ag\u00eancia Experimental de Rela\u00e7\u00f5es P\u00fablicas e da Coordena\u00e7\u00e3o de Aperfei\u00e7oamento de Pessoal de N\u00edvel Superior (CAPES).<\/p>\n","protected":false},"excerpt":{"rendered":"<p>Confira as fotos do evento! O evento Devorar Modernismos, idealizado na Universidade Federal do Paran\u00e1, emana de um interesse coletivo em propor reflex\u00f5es sobre as linhas tra\u00e7adas pelos v\u00e1rios modernismos no Brasil, seus entrela\u00e7amentos sobre sujeitos, pr\u00e1ticas e ideias, em torno de discuss\u00f5es sobre as diversas constitui\u00e7\u00f5es do nosso passado, presente e futuro. As atividades &hellip; <a href=\"https:\/\/sacod.ufpr.br\/devorarmodernismos\/\" class=\"more-link\">Continue lendo <span class=\"screen-reader-text\">Sobre o evento<\/span> <span class=\"meta-nav\">&rarr;<\/span><\/a><\/p>\n","protected":false},"author":1772,"featured_media":0,"parent":0,"menu_order":0,"comment_status":"closed","ping_status":"open","template":"","meta":{"_acf_changed":false,"footnotes":""},"class_list":["post-2","page","type-page","status-publish","hentry"],"acf":[],"_links":{"self":[{"href":"https:\/\/sacod.ufpr.br\/devorarmodernismos\/wp-json\/wp\/v2\/pages\/2","targetHints":{"allow":["GET"]}}],"collection":[{"href":"https:\/\/sacod.ufpr.br\/devorarmodernismos\/wp-json\/wp\/v2\/pages"}],"about":[{"href":"https:\/\/sacod.ufpr.br\/devorarmodernismos\/wp-json\/wp\/v2\/types\/page"}],"author":[{"embeddable":true,"href":"https:\/\/sacod.ufpr.br\/devorarmodernismos\/wp-json\/wp\/v2\/users\/1772"}],"replies":[{"embeddable":true,"href":"https:\/\/sacod.ufpr.br\/devorarmodernismos\/wp-json\/wp\/v2\/comments?post=2"}],"version-history":[{"count":12,"href":"https:\/\/sacod.ufpr.br\/devorarmodernismos\/wp-json\/wp\/v2\/pages\/2\/revisions"}],"predecessor-version":[{"id":159,"href":"https:\/\/sacod.ufpr.br\/devorarmodernismos\/wp-json\/wp\/v2\/pages\/2\/revisions\/159"}],"wp:attachment":[{"href":"https:\/\/sacod.ufpr.br\/devorarmodernismos\/wp-json\/wp\/v2\/media?parent=2"}],"curies":[{"name":"wp","href":"https:\/\/api.w.org\/{rel}","templated":true}]}}