{"id":139,"date":"2022-11-06T21:55:52","date_gmt":"2022-11-07T00:55:52","guid":{"rendered":"https:\/\/sacod.ufpr.br\/devorarmodernismos\/?page_id=139"},"modified":"2022-11-06T21:55:52","modified_gmt":"2022-11-07T00:55:52","slug":"raquel-illescas-bueno","status":"publish","type":"page","link":"https:\/\/sacod.ufpr.br\/devorarmodernismos\/raquel-illescas-bueno\/","title":{"rendered":"Raquel Illescas Bueno"},"content":{"rendered":"<h4><span style=\"color: #993300;\">Mesa 10\/11<\/span><span style=\"color: #993300;\">\u00a0\u2022\u00a0ENCE(NA\u00c7\u00c3O)<\/span><\/h4>\n<h3>\u201c<strong>Um mesmo sempre outro: M\u00e1rio de Andrade\u201d<\/strong><\/h3>\n<p><strong>Raquel Illescas Bueno<\/strong>\u00a0(UFPR):\u00a0<em>Professora de teoria liter\u00e1ria e literatura brasileira (UFPR). Mestra e Doutora em Literatura Brasileira (USP), com p\u00f3s-doutorados na Universidade de Santiago de Compostela e na UFSC. Graduada em Letras (PUCPR) e em Direito (UFPR). Desenvolve pesquisas sobre a presen\u00e7a da cr\u00edtica liter\u00e1ria na fic\u00e7\u00e3o no modernismo e na contemporaneidade e sobre a literatura brasileira produzida na primeira metade do s\u00e9culo XX.<\/em><\/p>\n<p><strong>Resumo:<\/strong> Com base em textos confessionais e ficcionais de M\u00e1rio de Andrade, prop\u00f5e-se uma abordagem sobre o seu papel disseminador de jogos de identidade e de reflex\u00e3o aprofundada sobre eles. M\u00e9todo, t\u00e9cnica e persistente desconfian\u00e7a foram elementos constantes na atua\u00e7\u00e3o seminal de um criador que se autodefiniu como \u201ctrezentos, (&#8230;) trezentos e cinquenta\u201d e\u00a0que repartiu o her\u00f3i de nossa gente em \u201cvinte vezes trinta torresminhos\u201d. Mas&#8230; quais os m\u00faltiplos envolvidos na pesquisa da identidade nacional?<\/p>\n","protected":false},"excerpt":{"rendered":"<p>Mesa 10\/11\u00a0\u2022\u00a0ENCE(NA\u00c7\u00c3O) \u201cUm mesmo sempre outro: M\u00e1rio de Andrade\u201d Raquel Illescas Bueno\u00a0(UFPR):\u00a0Professora de teoria liter\u00e1ria e literatura brasileira (UFPR). Mestra e Doutora em Literatura Brasileira (USP), com p\u00f3s-doutorados na Universidade de Santiago de Compostela e na UFSC. Graduada em Letras (PUCPR) e em Direito (UFPR). Desenvolve pesquisas sobre a presen\u00e7a da cr\u00edtica liter\u00e1ria na fic\u00e7\u00e3o &hellip; <a href=\"https:\/\/sacod.ufpr.br\/devorarmodernismos\/raquel-illescas-bueno\/\" class=\"more-link\">Continue lendo <span class=\"screen-reader-text\">Raquel Illescas Bueno<\/span> <span class=\"meta-nav\">&rarr;<\/span><\/a><\/p>\n","protected":false},"author":1759,"featured_media":0,"parent":0,"menu_order":0,"comment_status":"closed","ping_status":"closed","template":"","meta":{"_acf_changed":false,"footnotes":""},"class_list":["post-139","page","type-page","status-publish","hentry"],"acf":[],"_links":{"self":[{"href":"https:\/\/sacod.ufpr.br\/devorarmodernismos\/wp-json\/wp\/v2\/pages\/139","targetHints":{"allow":["GET"]}}],"collection":[{"href":"https:\/\/sacod.ufpr.br\/devorarmodernismos\/wp-json\/wp\/v2\/pages"}],"about":[{"href":"https:\/\/sacod.ufpr.br\/devorarmodernismos\/wp-json\/wp\/v2\/types\/page"}],"author":[{"embeddable":true,"href":"https:\/\/sacod.ufpr.br\/devorarmodernismos\/wp-json\/wp\/v2\/users\/1759"}],"replies":[{"embeddable":true,"href":"https:\/\/sacod.ufpr.br\/devorarmodernismos\/wp-json\/wp\/v2\/comments?post=139"}],"version-history":[{"count":1,"href":"https:\/\/sacod.ufpr.br\/devorarmodernismos\/wp-json\/wp\/v2\/pages\/139\/revisions"}],"predecessor-version":[{"id":141,"href":"https:\/\/sacod.ufpr.br\/devorarmodernismos\/wp-json\/wp\/v2\/pages\/139\/revisions\/141"}],"wp:attachment":[{"href":"https:\/\/sacod.ufpr.br\/devorarmodernismos\/wp-json\/wp\/v2\/media?parent=139"}],"curies":[{"name":"wp","href":"https:\/\/api.w.org\/{rel}","templated":true}]}}