{"id":133,"date":"2022-11-06T21:51:26","date_gmt":"2022-11-07T00:51:26","guid":{"rendered":"https:\/\/sacod.ufpr.br\/devorarmodernismos\/?page_id=133"},"modified":"2022-11-06T21:51:26","modified_gmt":"2022-11-07T00:51:26","slug":"julio-ludemir","status":"publish","type":"page","link":"https:\/\/sacod.ufpr.br\/devorarmodernismos\/julio-ludemir\/","title":{"rendered":"Julio Ludemir"},"content":{"rendered":"<h4><span style=\"color: #993300;\">Mesa 9\/11<\/span><span style=\"color: #993300;\">\u00a0\u2022 DE FORA DO BANQUETE<\/span><\/h4>\n<h3><strong>\u201cSemana de 22 &#8211; N\u00f3s n\u00e3o sab\u00edamos que isso se chamava apropria\u00e7\u00e3o cultural\u201d<\/strong><\/h3>\n<p><strong>Julio Ludemir<\/strong> (FLUP):\u00a0<em>Escritor, roteirista e produtor cultural. \u00c9 um dos idealizadores da Batalha do Passinho e da FLUP (Festa Liter\u00e1ria das Periferias), vencedora do Pr\u00eamio Jabuti na categoria \u201cFomento \u00e0 leitura\u201d. \u00c9 autor dos livros Psico, S\u00f3 por hoje, Rim por Rim, Sorria, voc\u00ea est\u00e1 na Rocinha e No cora\u00e7\u00e3o do Comando, entre outros.<\/em><\/p>\n<p><strong>Resumo:<\/strong> Elite intelectual e art\u00edstica paulista se apropria de \u00edcones negros em nome de uma ideia de vanguarda, reeditando os mesmos equ\u00edvocos das vanguardas europeias, particularmente a francesas.<\/p>\n","protected":false},"excerpt":{"rendered":"<p>Mesa 9\/11\u00a0\u2022 DE FORA DO BANQUETE \u201cSemana de 22 &#8211; N\u00f3s n\u00e3o sab\u00edamos que isso se chamava apropria\u00e7\u00e3o cultural\u201d Julio Ludemir (FLUP):\u00a0Escritor, roteirista e produtor cultural. \u00c9 um dos idealizadores da Batalha do Passinho e da FLUP (Festa Liter\u00e1ria das Periferias), vencedora do Pr\u00eamio Jabuti na categoria \u201cFomento \u00e0 leitura\u201d. \u00c9 autor dos livros Psico, &hellip; <a href=\"https:\/\/sacod.ufpr.br\/devorarmodernismos\/julio-ludemir\/\" class=\"more-link\">Continue lendo <span class=\"screen-reader-text\">Julio Ludemir<\/span> <span class=\"meta-nav\">&rarr;<\/span><\/a><\/p>\n","protected":false},"author":1759,"featured_media":0,"parent":0,"menu_order":0,"comment_status":"closed","ping_status":"closed","template":"","meta":{"_acf_changed":false,"footnotes":""},"class_list":["post-133","page","type-page","status-publish","hentry"],"acf":[],"_links":{"self":[{"href":"https:\/\/sacod.ufpr.br\/devorarmodernismos\/wp-json\/wp\/v2\/pages\/133","targetHints":{"allow":["GET"]}}],"collection":[{"href":"https:\/\/sacod.ufpr.br\/devorarmodernismos\/wp-json\/wp\/v2\/pages"}],"about":[{"href":"https:\/\/sacod.ufpr.br\/devorarmodernismos\/wp-json\/wp\/v2\/types\/page"}],"author":[{"embeddable":true,"href":"https:\/\/sacod.ufpr.br\/devorarmodernismos\/wp-json\/wp\/v2\/users\/1759"}],"replies":[{"embeddable":true,"href":"https:\/\/sacod.ufpr.br\/devorarmodernismos\/wp-json\/wp\/v2\/comments?post=133"}],"version-history":[{"count":1,"href":"https:\/\/sacod.ufpr.br\/devorarmodernismos\/wp-json\/wp\/v2\/pages\/133\/revisions"}],"predecessor-version":[{"id":134,"href":"https:\/\/sacod.ufpr.br\/devorarmodernismos\/wp-json\/wp\/v2\/pages\/133\/revisions\/134"}],"wp:attachment":[{"href":"https:\/\/sacod.ufpr.br\/devorarmodernismos\/wp-json\/wp\/v2\/media?parent=133"}],"curies":[{"name":"wp","href":"https:\/\/api.w.org\/{rel}","templated":true}]}}