{"id":120,"date":"2022-11-06T21:41:16","date_gmt":"2022-11-07T00:41:16","guid":{"rendered":"https:\/\/sacod.ufpr.br\/devorarmodernismos\/?page_id=120"},"modified":"2022-11-06T21:41:23","modified_gmt":"2022-11-07T00:41:23","slug":"rosane-kaminski","status":"publish","type":"page","link":"https:\/\/sacod.ufpr.br\/devorarmodernismos\/rosane-kaminski\/","title":{"rendered":"Rosane Kaminski"},"content":{"rendered":"<h4><span style=\"color: #993300;\">Mesa 8\/11 \u2022 OUTRAS MODERNIDADES\u00a0<\/span><\/h4>\n<h3><strong>\u201cArtes e ares modernos em Curitiba: notas de um estudante de Direito em 1922\u201d<\/strong><\/h3>\n<p><strong>Rosane Kaminski<\/strong> (UFPR):\u00a0<em>Professora da gradua\u00e7\u00e3o e p\u00f3s-gradua\u00e7\u00e3o em Hist\u00f3ria da UFPR, e colaboradora do Mestrado em Cinema e Artes do V\u00eddeo da UNESPAR. Bolsista de Produtividade do CNPq, pesquisa as rela\u00e7\u00f5es entre artes visuais, cinema e hist\u00f3ria no Brasil do s\u00e9culo XX. Autora de \u201cA po\u00e9tica da ang\u00fastia: cinema e hist\u00f3ria em Sylvio Back\u201d e organizadora de diversas colet\u00e2neas sobre artes e hist\u00f3ria.<\/em><\/p>\n<p><strong>Resumo: <\/strong>Em 7 de setembro de 1922, no contexto das comemora\u00e7\u00f5es do centen\u00e1rio da Independ\u00eancia do Brasil, o jornal curitibano <em>Gazeta do Povo <\/em>publicou um longo texto sobre \u201ca vida art\u00edstica de Curitiba\u201d, tra\u00e7ando um panorama amplo sobre teatro, pintura, artes gr\u00e1ficas e m\u00fasica na capital paranaense. O texto era assinado pelo jovem Laertes Munhoz, naquela ocasi\u00e3o estudante de Direito da Universidade do Paran\u00e1, e que tamb\u00e9m era apresentado como cr\u00edtico de arte daquele jornal. Pretende-se discutir a no\u00e7\u00e3o de moderno que fundamentava os ju\u00edzos cr\u00edticos de Munhoz sobre artes visuais e a sua vis\u00e3o laudat\u00f3ria acerca da produ\u00e7\u00e3o art\u00edstica feita em Curitiba.<\/p>\n<p>&nbsp;<\/p>\n","protected":false},"excerpt":{"rendered":"<p>Mesa 8\/11 \u2022 OUTRAS MODERNIDADES\u00a0 \u201cArtes e ares modernos em Curitiba: notas de um estudante de Direito em 1922\u201d Rosane Kaminski (UFPR):\u00a0Professora da gradua\u00e7\u00e3o e p\u00f3s-gradua\u00e7\u00e3o em Hist\u00f3ria da UFPR, e colaboradora do Mestrado em Cinema e Artes do V\u00eddeo da UNESPAR. Bolsista de Produtividade do CNPq, pesquisa as rela\u00e7\u00f5es entre artes visuais, cinema e &hellip; <a href=\"https:\/\/sacod.ufpr.br\/devorarmodernismos\/rosane-kaminski\/\" class=\"more-link\">Continue lendo <span class=\"screen-reader-text\">Rosane Kaminski<\/span> <span class=\"meta-nav\">&rarr;<\/span><\/a><\/p>\n","protected":false},"author":1759,"featured_media":0,"parent":0,"menu_order":0,"comment_status":"closed","ping_status":"closed","template":"","meta":{"_acf_changed":false,"footnotes":""},"class_list":["post-120","page","type-page","status-publish","hentry"],"acf":[],"_links":{"self":[{"href":"https:\/\/sacod.ufpr.br\/devorarmodernismos\/wp-json\/wp\/v2\/pages\/120","targetHints":{"allow":["GET"]}}],"collection":[{"href":"https:\/\/sacod.ufpr.br\/devorarmodernismos\/wp-json\/wp\/v2\/pages"}],"about":[{"href":"https:\/\/sacod.ufpr.br\/devorarmodernismos\/wp-json\/wp\/v2\/types\/page"}],"author":[{"embeddable":true,"href":"https:\/\/sacod.ufpr.br\/devorarmodernismos\/wp-json\/wp\/v2\/users\/1759"}],"replies":[{"embeddable":true,"href":"https:\/\/sacod.ufpr.br\/devorarmodernismos\/wp-json\/wp\/v2\/comments?post=120"}],"version-history":[{"count":2,"href":"https:\/\/sacod.ufpr.br\/devorarmodernismos\/wp-json\/wp\/v2\/pages\/120\/revisions"}],"predecessor-version":[{"id":122,"href":"https:\/\/sacod.ufpr.br\/devorarmodernismos\/wp-json\/wp\/v2\/pages\/120\/revisions\/122"}],"wp:attachment":[{"href":"https:\/\/sacod.ufpr.br\/devorarmodernismos\/wp-json\/wp\/v2\/media?parent=120"}],"curies":[{"name":"wp","href":"https:\/\/api.w.org\/{rel}","templated":true}]}}