{"id":83,"date":"2013-12-04T17:17:34","date_gmt":"2013-12-04T19:17:34","guid":{"rendered":"https:\/\/sacod.ufpr.br\/dedesign\/?page_id=83"},"modified":"2014-05-21T10:46:35","modified_gmt":"2014-05-21T13:46:35","slug":"cadi","status":"publish","type":"page","link":"https:\/\/sacod.ufpr.br\/dedesign\/cadi\/","title":{"rendered":"CADI"},"content":{"rendered":"<p style=\"text-align: left\"><span style=\"color: #888888\">O CADI-UFPR, Centro Acad\u00eamico de Design da UFPR \u00e9 a cara dos estudantes da UFPR; \u00e9 uma entidade que os representa, defende e auxilia dentro do ambiente acad\u00eamico.<\/span><\/p>\n<p style=\"text-align: left\"><span style=\"color: #888888\">Atua para melhorar a integra\u00e7\u00e3o entre os alunos do mesmo curso, de outros cursos, e os de outras universidades. Os interesses estudantis s\u00e3o ideais coletivos, e s\u00f3 s\u00e3o conseguidos com a uni\u00e3o das pessoas. Unidas, ganham for\u00e7a.<\/span><\/p>\n<p style=\"text-align: left\"><a href=\"https:\/\/sacod.ufpr.br\/dedesign\/wp-content\/uploads\/sites\/4\/2014\/02\/cadi002.jpg\"><img loading=\"lazy\" decoding=\"async\" class=\"size-full wp-image-1081 alignleft\" alt=\"cadi002\" src=\"https:\/\/sacod.ufpr.br\/dedesign\/wp-content\/uploads\/sites\/4\/2014\/02\/cadi002.jpg\" width=\"670\" height=\"298\" srcset=\"https:\/\/sacod.ufpr.br\/dedesign\/wp-content\/uploads\/sites\/4\/2014\/02\/cadi002.jpg 670w, https:\/\/sacod.ufpr.br\/dedesign\/wp-content\/uploads\/sites\/4\/2014\/02\/cadi002-300x133.jpg 300w\" sizes=\"auto, (max-width: 670px) 100vw, 670px\" \/><\/a><\/p>\n<p style=\"text-align: left\"><span style=\"color: #ffffff\">Pin<\/span><\/p>\n<p style=\"text-align: left\"><span style=\"color: #888888\">O CADI faz a media\u00e7\u00e3o entre docentes e discentes dentro da universidade, atua em situa\u00e7\u00f5es conflitantes no relacionamento professor \/ estudante \/ administra\u00e7\u00e3o. Em a\u00e7\u00f5es estudantis como mobiliza\u00e7\u00f5es, organiza\u00e7\u00f5es de atividades de cunho cient\u00edfico, acad\u00eamico e cultural que complementem a forma\u00e7\u00e3o acad\u00eamica. Junto com a coordena\u00e7\u00e3o, chefia e administra\u00e7\u00e3o superior \u00e9 respons\u00e1vel pela manuten\u00e7\u00e3o e melhoria da qualidade do curso.<\/span><\/p>\n<p style=\"text-align: left\"><span style=\"color: #888888\">Para mais informa\u00e7\u00f5es clique<\/span>\u00a0<a title=\"CADI\" href=\"http:\/\/blogdocadi.wordpress.com\/\" target=\"_blank\">aqui<\/a><span style=\"color: #888888\">.<\/span><\/p>\n","protected":false},"excerpt":{"rendered":"<p>O CADI-UFPR, Centro Acad\u00eamico de Design da UFPR \u00e9 a cara dos estudantes da UFPR; \u00e9 uma entidade que os representa, defende e auxilia dentro do ambiente acad\u00eamico. Atua para melhorar a integra\u00e7\u00e3o entre os alunos do mesmo curso, de outros cursos, e os de outras universidades. Os interesses estudantis s\u00e3o ideais coletivos, e s\u00f3 [&hellip;]<\/p>\n","protected":false},"author":1,"featured_media":0,"parent":0,"menu_order":0,"comment_status":"open","ping_status":"open","template":"","meta":{"_acf_changed":false,"ngg_post_thumbnail":0,"footnotes":""},"class_list":["post-83","page","type-page","status-publish","hentry"],"acf":[],"_links":{"self":[{"href":"https:\/\/sacod.ufpr.br\/dedesign\/wp-json\/wp\/v2\/pages\/83","targetHints":{"allow":["GET"]}}],"collection":[{"href":"https:\/\/sacod.ufpr.br\/dedesign\/wp-json\/wp\/v2\/pages"}],"about":[{"href":"https:\/\/sacod.ufpr.br\/dedesign\/wp-json\/wp\/v2\/types\/page"}],"author":[{"embeddable":true,"href":"https:\/\/sacod.ufpr.br\/dedesign\/wp-json\/wp\/v2\/users\/1"}],"replies":[{"embeddable":true,"href":"https:\/\/sacod.ufpr.br\/dedesign\/wp-json\/wp\/v2\/comments?post=83"}],"version-history":[{"count":34,"href":"https:\/\/sacod.ufpr.br\/dedesign\/wp-json\/wp\/v2\/pages\/83\/revisions"}],"predecessor-version":[{"id":1259,"href":"https:\/\/sacod.ufpr.br\/dedesign\/wp-json\/wp\/v2\/pages\/83\/revisions\/1259"}],"wp:attachment":[{"href":"https:\/\/sacod.ufpr.br\/dedesign\/wp-json\/wp\/v2\/media?parent=83"}],"curies":[{"name":"wp","href":"https:\/\/api.w.org\/{rel}","templated":true}]}}