{"id":79,"date":"2013-12-04T17:16:33","date_gmt":"2013-12-04T19:16:33","guid":{"rendered":"https:\/\/sacod.ufpr.br\/dedesign\/?page_id=79"},"modified":"2018-08-23T09:35:52","modified_gmt":"2018-08-23T12:35:52","slug":"lai_di","status":"publish","type":"page","link":"https:\/\/sacod.ufpr.br\/dedesign\/lai_di\/","title":{"rendered":"LabDSI"},"content":{"rendered":"<p><span>O&nbsp;<b>LabDSI- Laborat\u00f3rio de Design de Sistemas de Informa\u00e7\u00e3o<\/b>&nbsp;d\u00e1 continuidade ao antigo LAI- Laborat\u00f3rio de Anima\u00e7\u00e3o Interativa, que nasceu no ano de 2003 de forma a abrigar a equipe de desenvolvimento do projeto CNPq \u2013 552173\/2002-9 \u2013 LudicLearning \u2013 Ambientes L\u00fadicos de Ensino, desenvolvido no per\u00edodo de 2003-2005.<\/span><\/p>\n<p><span>A miss\u00e3o inicial do laborat\u00f3rio era a de desenvolver pesquisas associadas aos temas anima\u00e7\u00e3o e jogos educacionais. Com a&nbsp;chegada de outros professores\/pesquisadores ao Departamento de Design da UFPR, bem como a atua\u00e7\u00e3o do Programa de P\u00f3s-Gradua\u00e7\u00e3o- PPGDesign da UFPR, o nome do laborat\u00f3rio foi alterado&nbsp;<\/span>em 2018&nbsp;<span>para&nbsp;<\/span><b>LabDSI<\/b>&#8211;&nbsp;<b>Laborat\u00f3rio de Design de Sistemas de Informa\u00e7\u00e3o,&nbsp;<\/b><span>de forma a ampliar sua \u00e1rea de atua\u00e7\u00e3o. A miss\u00e3o do&nbsp;<\/span><b>LabDSI<\/b><span>&nbsp;\u00e9 abrigar equipes de professores e alunos que desenvolvam investiga\u00e7\u00f5es e projetos de extens\u00e3o social no \u00e2mbito da Linha de Pesquisa Design de Sistemas de Informa\u00e7\u00e3o do PPGDesign da UFPR.<\/span><\/p>\n","protected":false},"excerpt":{"rendered":"<p>O&nbsp;LabDSI- Laborat\u00f3rio de Design de Sistemas de Informa\u00e7\u00e3o&nbsp;d\u00e1 continuidade ao antigo LAI- Laborat\u00f3rio de Anima\u00e7\u00e3o Interativa, que nasceu no ano de 2003 de forma a abrigar a equipe de desenvolvimento do projeto CNPq \u2013 552173\/2002-9 \u2013 LudicLearning \u2013 Ambientes L\u00fadicos de Ensino, desenvolvido no per\u00edodo de 2003-2005. A miss\u00e3o inicial do laborat\u00f3rio era a de [&hellip;]<\/p>\n","protected":false},"author":1759,"featured_media":0,"parent":0,"menu_order":0,"comment_status":"open","ping_status":"open","template":"","meta":{"_acf_changed":false,"ngg_post_thumbnail":0,"footnotes":""},"class_list":["post-79","page","type-page","status-publish","hentry"],"acf":[],"_links":{"self":[{"href":"https:\/\/sacod.ufpr.br\/dedesign\/wp-json\/wp\/v2\/pages\/79","targetHints":{"allow":["GET"]}}],"collection":[{"href":"https:\/\/sacod.ufpr.br\/dedesign\/wp-json\/wp\/v2\/pages"}],"about":[{"href":"https:\/\/sacod.ufpr.br\/dedesign\/wp-json\/wp\/v2\/types\/page"}],"author":[{"embeddable":true,"href":"https:\/\/sacod.ufpr.br\/dedesign\/wp-json\/wp\/v2\/users\/1759"}],"replies":[{"embeddable":true,"href":"https:\/\/sacod.ufpr.br\/dedesign\/wp-json\/wp\/v2\/comments?post=79"}],"version-history":[{"count":7,"href":"https:\/\/sacod.ufpr.br\/dedesign\/wp-json\/wp\/v2\/pages\/79\/revisions"}],"predecessor-version":[{"id":1783,"href":"https:\/\/sacod.ufpr.br\/dedesign\/wp-json\/wp\/v2\/pages\/79\/revisions\/1783"}],"wp:attachment":[{"href":"https:\/\/sacod.ufpr.br\/dedesign\/wp-json\/wp\/v2\/media?parent=79"}],"curies":[{"name":"wp","href":"https:\/\/api.w.org\/{rel}","templated":true}]}}