{"id":77,"date":"2013-12-04T17:16:22","date_gmt":"2013-12-04T19:16:22","guid":{"rendered":"https:\/\/sacod.ufpr.br\/dedesign\/?page_id=77"},"modified":"2014-05-21T10:42:18","modified_gmt":"2014-05-21T13:42:18","slug":"design-e-sustentabilidade","status":"publish","type":"page","link":"https:\/\/sacod.ufpr.br\/dedesign\/design-e-sustentabilidade\/","title":{"rendered":"Design e Sustentabilidade"},"content":{"rendered":"<p style=\"text-align: left\"><span style=\"color: #000000\">Miss\u00e3o<\/span><\/p>\n<p><span style=\"color: #888888\">O N\u00facleo de Design &amp; Sustentabilidade da Universidade Federal do Paran\u00e1 tem como miss\u00e3o o desenvolvimento e dissemina\u00e7\u00e3o do conhecimento em Design para a Sustentabilidade.<\/span><\/p>\n<p><em><span style=\"color: #888888\">(The Design &amp; Sustainability Research Center at the Paran\u00e1 Federal University has as its mission the development and dissemination of knowledge on Design for Sustainability).<\/span><\/em><\/p>\n<p style=\"text-align: left\"><span style=\"color: #000000\">Hist\u00f3rico<\/span><\/p>\n<p style=\"text-align: left\"><span style=\"color: #888888\">O N\u00facleo de Design &amp; Sustentabilidade foi implementado em 2003 com recursos aportados pela FINEP (Financiadora de Estudos e Projetos) atrav\u00e9s de projeto aprovado no edital do Fundo Verde Amarelo. <\/span><span style=\"color: #888888\">Desde sua funda\u00e7\u00e3o este grupo de pesquisa tem adotado a pr\u00e1tica de desenvolver o conhecimento em Design para a Sustentabilidade atrav\u00e9s de projetos realizados em parceria com empresas, governo e organiza\u00e7\u00f5es n\u00e3o governamentais, al\u00e9m de projetos em parceria com outras institui\u00e7\u00f5es de pesquisa nacionais e internacionais. A partir de 2007 o NDS\/UFPR passou a integrar os grupos de pesquisa vinculados ao Programa de P\u00f3s-Gradua\u00e7\u00e3o em Design da UFPR.<\/span><\/p>\n<p style=\"text-align: left\"><em><span style=\"color: #888888\">(The Design &amp; Sustainability Research Center was implemented in 2003 with resources provided by FINEP (Innovation Agency of the Brazilian Federal Government) through a project approved on the Green and Yellow Fund. Since its foundation the research group has adopted the practice of developing knowledge on Design for Sustainability through projects developed in partnership with companies, government and non-government organizations as well as other national and international research institutions. In 2007 NDS\/UFPR was one of the research groups that joined the implementation of the Design Postgraduate Program at UFPR.)<\/span><\/em><\/p>\n<p style=\"text-align: left\"><a href=\"https:\/\/sacod.ufpr.br\/dedesign\/wp-content\/uploads\/sites\/4\/2014\/02\/nucleo001.jpg\"><img loading=\"lazy\" decoding=\"async\" class=\"size-full wp-image-1142 alignleft\" style=\"border: currentColor\" alt=\"nucleo001\" src=\"https:\/\/sacod.ufpr.br\/dedesign\/wp-content\/uploads\/sites\/4\/2014\/02\/nucleo001.jpg\" width=\"670\" height=\"294\" srcset=\"https:\/\/sacod.ufpr.br\/dedesign\/wp-content\/uploads\/sites\/4\/2014\/02\/nucleo001.jpg 670w, https:\/\/sacod.ufpr.br\/dedesign\/wp-content\/uploads\/sites\/4\/2014\/02\/nucleo001-300x131.jpg 300w\" sizes=\"auto, (max-width: 670px) 100vw, 670px\" \/><\/a><\/p>\n<p style=\"text-align: right\"><span style=\"color: #ffffff\">linha<\/span><\/p>\n<p style=\"text-align: left\"><span style=\"color: #000000\">Contato<\/span><\/p>\n<p><span style=\"color: #888888\">55 41 3360 5313<br \/>\n<\/span><span style=\"color: #888888\">E-mail:<\/span> <a href=\"mailto:nds@ufpr.br\">nds@ufpr.br<\/a><span style=\"color: #888888\"><br \/>\nRua General Carneiro, 460, Edif\u00edcio Dom Pedro I, sala 717<br \/>\n80060-150 &#8211; Curitiba \u2013 Brasil<\/span><\/p>\n<p style=\"text-align: left\"><span style=\"color: #000000\">Blogs de projetos em andamento<\/span><\/p>\n<p style=\"text-align: left\"><span style=\"color: #888888\">Projeto Ledhis<\/span><br \/>\n<a href=\"http:\/\/projetoledhis.blogspot.com.br\/\">http:\/\/projetoledhis.blogspot.com.br\/<\/a><\/p>\n<p style=\"text-align: left\"><span style=\"color: #888888\">Projeto Ewise<\/span><br \/>\n<a href=\"http:\/\/projetoewise.blogspot.com.br\/\">http:\/\/projetoewise.blogspot.com.br\/<\/a><\/p>\n<p style=\"text-align: left\"><span style=\"color: #888888\">Lens<\/span><br \/>\n<a href=\"http:\/\/www.lens.ufpr.br\">www.lens.ufpr.br<\/a><\/p>\n<p style=\"text-align: left\"><span style=\"color: #888888\">Facebook<\/span><br \/>\n<a href=\"https:\/\/www.facebook.com\/pages\/N\u00facleo-de-Design-e-Sustentabilidade-UFPR\/197998090234779\">https:\/\/www.facebook.com\/pages\/N\u00facleo-de-Design-e-Sustentabilidade-UFPR\/197998090234779<\/a><\/p>\n<p><span style=\"color: #888888\">Youtube<\/span><br \/>\n<a href=\"http:\/\/www.youtube.com\/channel\/UCfZyT_l8osbYq6zt2Vw96SQ\/feed\">http:\/\/www.youtube.com\/channel\/UCfZyT_l8osbYq6zt2Vw96SQ\/feed<\/a><\/p>\n<p>&nbsp;<\/p>\n","protected":false},"excerpt":{"rendered":"<p>Miss\u00e3o O N\u00facleo de Design &amp; Sustentabilidade da Universidade Federal do Paran\u00e1 tem como miss\u00e3o o desenvolvimento e dissemina\u00e7\u00e3o do conhecimento em Design para a Sustentabilidade. (The Design &amp; Sustainability Research Center at the Paran\u00e1 Federal University has as its mission the development and dissemination of knowledge on Design for Sustainability). Hist\u00f3rico O N\u00facleo de [&hellip;]<\/p>\n","protected":false},"author":1,"featured_media":0,"parent":0,"menu_order":0,"comment_status":"open","ping_status":"open","template":"","meta":{"_acf_changed":false,"ngg_post_thumbnail":0,"footnotes":""},"class_list":["post-77","page","type-page","status-publish","hentry"],"acf":[],"_links":{"self":[{"href":"https:\/\/sacod.ufpr.br\/dedesign\/wp-json\/wp\/v2\/pages\/77","targetHints":{"allow":["GET"]}}],"collection":[{"href":"https:\/\/sacod.ufpr.br\/dedesign\/wp-json\/wp\/v2\/pages"}],"about":[{"href":"https:\/\/sacod.ufpr.br\/dedesign\/wp-json\/wp\/v2\/types\/page"}],"author":[{"embeddable":true,"href":"https:\/\/sacod.ufpr.br\/dedesign\/wp-json\/wp\/v2\/users\/1"}],"replies":[{"embeddable":true,"href":"https:\/\/sacod.ufpr.br\/dedesign\/wp-json\/wp\/v2\/comments?post=77"}],"version-history":[{"count":13,"href":"https:\/\/sacod.ufpr.br\/dedesign\/wp-json\/wp\/v2\/pages\/77\/revisions"}],"predecessor-version":[{"id":1255,"href":"https:\/\/sacod.ufpr.br\/dedesign\/wp-json\/wp\/v2\/pages\/77\/revisions\/1255"}],"wp:attachment":[{"href":"https:\/\/sacod.ufpr.br\/dedesign\/wp-json\/wp\/v2\/media?parent=77"}],"curies":[{"name":"wp","href":"https:\/\/api.w.org\/{rel}","templated":true}]}}