{"id":69,"date":"2013-12-04T17:14:32","date_gmt":"2013-12-04T19:14:32","guid":{"rendered":"https:\/\/sacod.ufpr.br\/dedesign\/?page_id=69"},"modified":"2018-04-18T15:26:59","modified_gmt":"2018-04-18T18:26:59","slug":"historico","status":"publish","type":"page","link":"https:\/\/sacod.ufpr.br\/dedesign\/historico\/","title":{"rendered":"Departamento de Design"},"content":{"rendered":"<p style=\"text-align: left\"><span style=\"color: #888888\">Em 1975, por iniciativa da professora Adalice Ara\u00fajo (foto) e o apoio do professor Tem\u00edstocles Linhares,\u00a0ent\u00e3o Diretor do Setor de Ci\u00eancias Humanas, Letras e Artes da Universidade Federal do Paran\u00e1,\u00a0\u00e9 criado o Departamento de Artes com os cursos de Comunica\u00e7\u00e3o Visual, Desenho Industrial e Educa\u00e7\u00e3o Art\u00edstica.\u00a0O Departamento, entretanto,\u00a0s\u00f3 ser\u00e1 instalado, efetivamente, em 1980. Neste per\u00edodo, seus cursos ficam sob\u00a0responsabilidade do Departamento de Filosofia.<\/span><\/p>\n<p style=\"text-align: left\"><a href=\"https:\/\/sacod.ufpr.br\/dedesign\/wp-content\/uploads\/sites\/4\/2014\/09\/adalice.jpg\"><img loading=\"lazy\" decoding=\"async\" class=\"alignleft size-full wp-image-1416\" style=\"border: none\" src=\"https:\/\/sacod.ufpr.br\/dedesign\/wp-content\/uploads\/sites\/4\/2014\/09\/adalice.jpg\" alt=\"adalice\" width=\"465\" height=\"277\" srcset=\"https:\/\/sacod.ufpr.br\/dedesign\/wp-content\/uploads\/sites\/4\/2014\/09\/adalice.jpg 465w, https:\/\/sacod.ufpr.br\/dedesign\/wp-content\/uploads\/sites\/4\/2014\/09\/adalice-300x178.jpg 300w\" sizes=\"auto, (max-width: 465px) 100vw, 465px\" \/><\/a><\/p>\n<p style=\"text-align: left\"><span style=\"color: #888888\">Com a reforma do curr\u00edculo m\u00ednimo, por iniciativa do Minist\u00e9rio da Educa\u00e7\u00e3o, em 1987, os cursos de Comunica\u00e7\u00e3o Visual e Desenho Industrial s\u00e3o\u00a0agrupados em\u00a0um novo curso, <span style=\"color: #888888\">denominado ent\u00e3o de Desenho Industrial<\/span>, com dura\u00e7\u00e3o de cinco anos e com duas habilita\u00e7\u00f5es: Programa\u00e7\u00e3o Visual e Projeto de Produto. Posteriormente, em consequ\u00eancia de decis\u00e3o tomada nacionalmente pelos profissionais da \u00e1rea, o curso de Desenho Industrial \u00e9 rebatizado de Curso de Design e suas duas habilita\u00e7\u00f5es passam a se chamar Design Gr\u00e1fico e Design de Produto. No ano 2000, o curso deixa o Departamento de Artes para\u00a0constituir o Departamento de Design.<\/span><\/p>\n<p style=\"text-align: left\"><span style=\"color: #888888\">Neste per\u00edodo, com o\u00a0advento das novas m\u00eddias de comunica\u00e7\u00e3o digitais, amplia-se o leque de possibilidades de atua\u00e7\u00e3o para os designers e, no Brasil, h\u00e1 uma grande mobiliza\u00e7\u00e3o de profissionais e educadores para mudan\u00e7as nos curr\u00edculos dos cursos, com vistas a adequ\u00e1-los aos novos tempos. Como consequ\u00eancia, o Departamento de Design, em 2004, implanta um novo projeto pol\u00edtico pedag\u00f3gico. A partir de ent\u00e3o, o tempo de integraliza\u00e7\u00e3o do curr\u00edculo, das duas habilita\u00e7\u00f5es, passa a ser de quatro anos.<\/span><\/p>\n<p style=\"text-align: left\"><span style=\"color: #888888\">J\u00e1 no ano seguinte, em setembro, a CAPES aprova o Programa de P\u00f3s-Gradua\u00e7\u00e3o em Design da UFPR, o primeiro no sul do Brasil e quinto programa de p\u00f3s-gradua\u00e7\u00e3o stricto sensu em design do pa\u00eds. Em 2011, o programa pleiteia junto a CAPES a aprova\u00e7\u00e3o de um curso de doutorado. Em mar\u00e7o de 2012 o curso \u00e9 aprovado e a primeira turma ingressa em julho do mesmo ano.<\/span><\/p>\n<p style=\"text-align: left\"><span style=\"color: #888888\">Em 11 de novembro de 2012, o Reitor da Universidade Federal do Paran\u00e1, professor Dr. Zaki Akel Sobrinho, assina a portaria que cria o Setor de Artes, Comunica\u00e7\u00e3o e Design na UFPR. Este ato, no ano do centen\u00e1rio da Universidade Federal do Paran\u00e1, concretiza uma antiga aspira\u00e7\u00e3o de docentes, t\u00e9cnico-administrativos e estudantes dos cursos de Artes, Comunica\u00e7\u00e3o e Design. O novo setor, tem ent\u00e3o sua primeira sede administrativa instalada no Campus Cabral, no pr\u00e9dio do curso de Comunica\u00e7\u00e3o Social onde, futuramente,\u00a0ser\u00e1 constru\u00edda sua nova sede, um edif\u00edcio com 22 mil m\u00b2 e seis andares, cujo projeto\u00a0foi resultado de um\u00a0concurso nacional realizado em 2012.<\/span><\/p>\n<p><span style=\"color: #000000\">\u00a0<\/span><\/p>\n","protected":false},"excerpt":{"rendered":"<p>Em 1975, por iniciativa da professora Adalice Ara\u00fajo (foto) e o apoio do professor Tem\u00edstocles Linhares,\u00a0ent\u00e3o Diretor do Setor de Ci\u00eancias Humanas, Letras e Artes da Universidade Federal do Paran\u00e1,\u00a0\u00e9 criado o Departamento de Artes com os cursos de Comunica\u00e7\u00e3o Visual, Desenho Industrial e Educa\u00e7\u00e3o Art\u00edstica.\u00a0O Departamento, entretanto,\u00a0s\u00f3 ser\u00e1 instalado, efetivamente, em 1980. Neste per\u00edodo, [&hellip;]<\/p>\n","protected":false},"author":1759,"featured_media":0,"parent":0,"menu_order":0,"comment_status":"open","ping_status":"open","template":"","meta":{"_acf_changed":false,"ngg_post_thumbnail":0,"footnotes":""},"class_list":["post-69","page","type-page","status-publish","hentry"],"acf":[],"_links":{"self":[{"href":"https:\/\/sacod.ufpr.br\/dedesign\/wp-json\/wp\/v2\/pages\/69","targetHints":{"allow":["GET"]}}],"collection":[{"href":"https:\/\/sacod.ufpr.br\/dedesign\/wp-json\/wp\/v2\/pages"}],"about":[{"href":"https:\/\/sacod.ufpr.br\/dedesign\/wp-json\/wp\/v2\/types\/page"}],"author":[{"embeddable":true,"href":"https:\/\/sacod.ufpr.br\/dedesign\/wp-json\/wp\/v2\/users\/1759"}],"replies":[{"embeddable":true,"href":"https:\/\/sacod.ufpr.br\/dedesign\/wp-json\/wp\/v2\/comments?post=69"}],"version-history":[{"count":47,"href":"https:\/\/sacod.ufpr.br\/dedesign\/wp-json\/wp\/v2\/pages\/69\/revisions"}],"predecessor-version":[{"id":1456,"href":"https:\/\/sacod.ufpr.br\/dedesign\/wp-json\/wp\/v2\/pages\/69\/revisions\/1456"}],"wp:attachment":[{"href":"https:\/\/sacod.ufpr.br\/dedesign\/wp-json\/wp\/v2\/media?parent=69"}],"curies":[{"name":"wp","href":"https:\/\/api.w.org\/{rel}","templated":true}]}}