{"id":1964,"date":"2020-07-22T14:21:37","date_gmt":"2020-07-22T17:21:37","guid":{"rendered":"https:\/\/sacod.ufpr.br\/dedesign\/?page_id=1964"},"modified":"2020-07-22T14:56:40","modified_gmt":"2020-07-22T17:56:40","slug":"exposicao-virtual","status":"publish","type":"page","link":"https:\/\/sacod.ufpr.br\/dedesign\/exposicao-virtual\/","title":{"rendered":"Exposi\u00e7\u00e3o Virtual"},"content":{"rendered":"<p><img decoding=\"async\" class=\"aligncenter\" src=\"https:\/\/sacod.ufpr.br\/dedesign\/wp-content\/uploads\/sites\/4\/2020\/07\/header.png\" alt=\"2\u00aa Atividade de Aprendizagem Integradora - Design e Conceito Materializando Significados\"><\/p>\n<p>Esta exposi\u00e7\u00e3o virtual apresenta os resultados da 2\u00aa Atividade de Aprendizado Integradora Design e Conceito: materializando significados. Realizada pelo Departamento de Design da UFPR entre os dias 22\/06\/2020 e 03\/07\/2020, esta atividade teve como objetivo a amplia\u00e7\u00e3o da capacidade de percep\u00e7\u00e3o formal, conceitua\u00e7\u00e3o e materializa\u00e7\u00e3o dos artefatos de design. Para tanto, teve como proposta a leitura e redesign de m\u00f3veis populares presentes no cotidiano de muitas regi\u00f5es do Brasil. A 2\u00aa AAI Design UFPR contou com a participa\u00e7\u00e3o de professores e alunos da Universidade Federal do Paran\u00e1 e da Universidade Estadual de Maring\u00e1.<\/p>\n<p>&nbsp;<\/p>\n<p><em>Professores: Vin\u00edcius Miranda; Gheisa Prado; Ronaldo Correa; Ken Fonseca; F\u00e1bio Grassi<\/em><\/p>\n<p><a href=\"https:\/\/sacod.ufpr.br\/dedesign\/wp-content\/uploads\/sites\/4\/2020\/07\/f1.png\"><img decoding=\"async\" class=\"size-medium wp-image-1968 aligncenter\" src=\"https:\/\/sacod.ufpr.br\/dedesign\/wp-content\/uploads\/sites\/4\/2020\/07\/f1.png\" alt=\"\" width=\"800\" srcset=\"https:\/\/sacod.ufpr.br\/dedesign\/wp-content\/uploads\/sites\/4\/2020\/07\/f1.png 3134w, https:\/\/sacod.ufpr.br\/dedesign\/wp-content\/uploads\/sites\/4\/2020\/07\/f1-300x180.png 300w, https:\/\/sacod.ufpr.br\/dedesign\/wp-content\/uploads\/sites\/4\/2020\/07\/f1-768x461.png 768w, https:\/\/sacod.ufpr.br\/dedesign\/wp-content\/uploads\/sites\/4\/2020\/07\/f1-1024x615.png 1024w\" sizes=\"(max-width: 3134px) 100vw, 3134px\" \/><\/a><br \/>\n<a href=\"https:\/\/sacod.ufpr.br\/dedesign\/wp-content\/uploads\/sites\/4\/2020\/07\/f2.png\"><img decoding=\"async\" class=\"size-medium wp-image-1968 aligncenter\" src=\"https:\/\/sacod.ufpr.br\/dedesign\/wp-content\/uploads\/sites\/4\/2020\/07\/f2.png\" alt=\"\" width=\"800\"><\/a><br \/>\n<a href=\"https:\/\/sacod.ufpr.br\/dedesign\/wp-content\/uploads\/sites\/4\/2020\/07\/f3.png\"><img decoding=\"async\" class=\"size-medium wp-image-1968 aligncenter\" src=\"https:\/\/sacod.ufpr.br\/dedesign\/wp-content\/uploads\/sites\/4\/2020\/07\/f3.png\" alt=\"\" width=\"800\"><\/a><br \/>\n<a href=\"https:\/\/sacod.ufpr.br\/dedesign\/wp-content\/uploads\/sites\/4\/2020\/07\/f4.png\"><img decoding=\"async\" class=\"size-medium wp-image-1968 aligncenter\" src=\"https:\/\/sacod.ufpr.br\/dedesign\/wp-content\/uploads\/sites\/4\/2020\/07\/f4.png\" alt=\"\" width=\"800\"><\/a><br \/>\n<a href=\"https:\/\/sacod.ufpr.br\/dedesign\/wp-content\/uploads\/sites\/4\/2020\/07\/f5.png\"><img decoding=\"async\" class=\"size-medium wp-image-1968 aligncenter\" src=\"https:\/\/sacod.ufpr.br\/dedesign\/wp-content\/uploads\/sites\/4\/2020\/07\/f5.png\" alt=\"\" width=\"800\"><\/a><\/p>\n","protected":false},"excerpt":{"rendered":"<p>Esta exposi\u00e7\u00e3o virtual apresenta os resultados da 2\u00aa Atividade de Aprendizado Integradora Design e Conceito: materializando significados. Realizada pelo Departamento de Design da UFPR entre os dias 22\/06\/2020 e 03\/07\/2020, esta atividade teve como objetivo a amplia\u00e7\u00e3o da capacidade de percep\u00e7\u00e3o formal, conceitua\u00e7\u00e3o e materializa\u00e7\u00e3o dos artefatos de design. Para tanto, teve como proposta a [&hellip;]<\/p>\n","protected":false},"author":1765,"featured_media":0,"parent":0,"menu_order":0,"comment_status":"closed","ping_status":"closed","template":"","meta":{"_acf_changed":false,"ngg_post_thumbnail":0,"footnotes":""},"class_list":["post-1964","page","type-page","status-publish","hentry"],"acf":[],"_links":{"self":[{"href":"https:\/\/sacod.ufpr.br\/dedesign\/wp-json\/wp\/v2\/pages\/1964","targetHints":{"allow":["GET"]}}],"collection":[{"href":"https:\/\/sacod.ufpr.br\/dedesign\/wp-json\/wp\/v2\/pages"}],"about":[{"href":"https:\/\/sacod.ufpr.br\/dedesign\/wp-json\/wp\/v2\/types\/page"}],"author":[{"embeddable":true,"href":"https:\/\/sacod.ufpr.br\/dedesign\/wp-json\/wp\/v2\/users\/1765"}],"replies":[{"embeddable":true,"href":"https:\/\/sacod.ufpr.br\/dedesign\/wp-json\/wp\/v2\/comments?post=1964"}],"version-history":[{"count":13,"href":"https:\/\/sacod.ufpr.br\/dedesign\/wp-json\/wp\/v2\/pages\/1964\/revisions"}],"predecessor-version":[{"id":1994,"href":"https:\/\/sacod.ufpr.br\/dedesign\/wp-json\/wp\/v2\/pages\/1964\/revisions\/1994"}],"wp:attachment":[{"href":"https:\/\/sacod.ufpr.br\/dedesign\/wp-json\/wp\/v2\/media?parent=1964"}],"curies":[{"name":"wp","href":"https:\/\/api.w.org\/{rel}","templated":true}]}}