{"id":1120,"date":"2014-02-20T18:39:21","date_gmt":"2014-02-20T21:39:21","guid":{"rendered":"https:\/\/sacod.ufpr.br\/dedesign\/?page_id=1120"},"modified":"2018-06-18T15:21:19","modified_gmt":"2018-06-18T18:21:19","slug":"sala-arte-design-cia-2","status":"publish","type":"page","link":"https:\/\/sacod.ufpr.br\/dedesign\/sala-arte-design-cia-2\/","title":{"rendered":"Sala Arte, Design &amp; Cia"},"content":{"rendered":"<p><span style=\"color: #808080;\"><br \/>\nLocalizada no t\u00e9rreo do edif\u00edcio D. Pedro I, da Universidade Federal do Paran\u00e1, na rua General Carneiro, 460, em Curitiba, a Sala Arte, Design &amp; Cia. foi inaugurada em 1988, por iniciativa do Departamento de Artes.\u00a0Seu objetivo principal\u00a0\u00e9\u00a0servir de espa\u00e7o\u00a0para exposi\u00e7\u00f5es e eventos promovidos pela comunidade interna e externa da universidade.<\/span><\/p>\n<p style=\"text-align: left;\"><span style=\"color: #808080;\">Desde\u00a0sua inaugura\u00e7\u00e3o,\u00a0mant\u00e9m uma programa\u00e7\u00e3o regular de mostras de trabalhos dos estudantes dos cursos de artes e design, al\u00e9m de eventos programados por outros departamentos da UFPR, bem como, por outras institui\u00e7\u00f5es e profissionais de \u00e1reas\u00a0diversas.<\/span><\/p>\n<div id=\"attachment_1241\" style=\"width: 680px\" class=\"wp-caption alignright\"><img loading=\"lazy\" decoding=\"async\" aria-describedby=\"caption-attachment-1241\" class=\"wp-image-1241 size-full\" style=\"border: none;\" src=\"https:\/\/sacod.ufpr.br\/dedesign\/wp-content\/uploads\/sites\/4\/2014\/04\/sala.jpg\" alt=\"\" width=\"670\" height=\"324\" srcset=\"https:\/\/sacod.ufpr.br\/dedesign\/wp-content\/uploads\/sites\/4\/2014\/04\/sala.jpg 670w, https:\/\/sacod.ufpr.br\/dedesign\/wp-content\/uploads\/sites\/4\/2014\/04\/sala-300x145.jpg 300w\" sizes=\"auto, (max-width: 670px) 100vw, 670px\" \/><p id=\"caption-attachment-1241\" class=\"wp-caption-text\">Ilustra\u00e7\u00e3o: Toshiyuki Sawada<\/p><\/div>\n<p style=\"text-align: left;\"><span style=\"color: #ffffff;\">Spin<\/span><\/p>\n<p style=\"text-align: left;\"><span style=\"color: #888888;\">O calend\u00e1rio da Sala Arte, Design &amp; Cia. est\u00e1 a cargo, atualmente, da Chefia do Departamento de Design. Os interessados em realizar eventos no local, devem encaminhar ao departamento uma\u00a0solicita\u00e7\u00e3o com\u00a0informa\u00e7\u00f5es detalhando a proposta.<\/span><\/p>\n","protected":false},"excerpt":{"rendered":"<p>Localizada no t\u00e9rreo do edif\u00edcio D. Pedro I, da Universidade Federal do Paran\u00e1, na rua General Carneiro, 460, em Curitiba, a Sala Arte, Design &amp; Cia. foi inaugurada em 1988, por iniciativa do Departamento de Artes.\u00a0Seu objetivo principal\u00a0\u00e9\u00a0servir de espa\u00e7o\u00a0para exposi\u00e7\u00f5es e eventos promovidos pela comunidade interna e externa da universidade. Desde\u00a0sua inaugura\u00e7\u00e3o,\u00a0mant\u00e9m uma programa\u00e7\u00e3o [&hellip;]<\/p>\n","protected":false},"author":3,"featured_media":0,"parent":0,"menu_order":0,"comment_status":"open","ping_status":"closed","template":"","meta":{"_acf_changed":false,"ngg_post_thumbnail":0,"footnotes":""},"class_list":["post-1120","page","type-page","status-publish","hentry"],"acf":[],"_links":{"self":[{"href":"https:\/\/sacod.ufpr.br\/dedesign\/wp-json\/wp\/v2\/pages\/1120","targetHints":{"allow":["GET"]}}],"collection":[{"href":"https:\/\/sacod.ufpr.br\/dedesign\/wp-json\/wp\/v2\/pages"}],"about":[{"href":"https:\/\/sacod.ufpr.br\/dedesign\/wp-json\/wp\/v2\/types\/page"}],"author":[{"embeddable":true,"href":"https:\/\/sacod.ufpr.br\/dedesign\/wp-json\/wp\/v2\/users\/3"}],"replies":[{"embeddable":true,"href":"https:\/\/sacod.ufpr.br\/dedesign\/wp-json\/wp\/v2\/comments?post=1120"}],"version-history":[{"count":53,"href":"https:\/\/sacod.ufpr.br\/dedesign\/wp-json\/wp\/v2\/pages\/1120\/revisions"}],"predecessor-version":[{"id":1763,"href":"https:\/\/sacod.ufpr.br\/dedesign\/wp-json\/wp\/v2\/pages\/1120\/revisions\/1763"}],"wp:attachment":[{"href":"https:\/\/sacod.ufpr.br\/dedesign\/wp-json\/wp\/v2\/media?parent=1120"}],"curies":[{"name":"wp","href":"https:\/\/api.w.org\/{rel}","templated":true}]}}