{"id":560,"date":"2018-07-18T10:59:20","date_gmt":"2018-07-18T13:59:20","guid":{"rendered":"https:\/\/sacod.ufpr.br\/decom\/?page_id=560"},"modified":"2019-07-29T10:59:42","modified_gmt":"2019-07-29T13:59:42","slug":"fabrica-de-comunicacao","status":"publish","type":"page","link":"https:\/\/sacod.ufpr.br\/decom\/fabrica-de-comunicacao\/","title":{"rendered":"F\u00e1brica de Comunica\u00e7\u00e3o"},"content":{"rendered":"<p><a href=\"https:\/\/sacod.ufpr.br\/decom\/wp-content\/uploads\/sites\/3\/2019\/07\/IMG_7777.jpg\"><img loading=\"lazy\" decoding=\"async\" class=\"wp-image-2940 alignleft\" src=\"https:\/\/sacod.ufpr.br\/decom\/wp-content\/uploads\/sites\/3\/2019\/07\/IMG_7777.jpg\" alt=\"\" width=\"452\" height=\"123\" srcset=\"https:\/\/sacod.ufpr.br\/decom\/wp-content\/uploads\/sites\/3\/2019\/07\/IMG_7777.jpg 1334w, https:\/\/sacod.ufpr.br\/decom\/wp-content\/uploads\/sites\/3\/2019\/07\/IMG_7777-300x82.jpg 300w, https:\/\/sacod.ufpr.br\/decom\/wp-content\/uploads\/sites\/3\/2019\/07\/IMG_7777-768x209.jpg 768w, https:\/\/sacod.ufpr.br\/decom\/wp-content\/uploads\/sites\/3\/2019\/07\/IMG_7777-1024x279.jpg 1024w\" sizes=\"auto, (max-width: 452px) 100vw, 452px\" \/><\/a>A\u00a0F\u00e1brica de Comunica\u00e7\u00e3o \u00e9 uma empresa j\u00fanior de Comunica\u00e7\u00e3o Social. A ag\u00eancia desenvolve trabalhos de comunica\u00e7\u00e3o integrada envolvendo as \u00e1reas de Publicidade e Propaganda, Jornalismo e Rela\u00e7\u00f5es P\u00fablicas. Al\u00e9m de fornecer servi\u00e7os de qualidade e com pre\u00e7os acess\u00edveis na \u00e1rea, a F\u00e1brica tem como miss\u00e3o desenvolver o potencial de seus membros, deixan<span class=\"text_exposed_show\">do-os melhor preparados para a realidade do mercado de trabalho. Assim, -proporciona experi\u00eancias com clientes reais que possibilitam a aplica\u00e7\u00e3o na pr\u00e1tica do conte\u00fado aprendido em sala de aula.<\/span><\/p>\n<p>Site:\u00a0<a href=\"http:\/\/agenciafabrica.com\/\">agenciafabrica.com<\/a><\/p>\n<p>Facebook:\u00a0<a href=\"https:\/\/www.facebook.com\/fabricadecomunicacao.ufpr\/\">facebook.com\/fabricadecomunicacao.ufpr<\/a><\/p>\n<p>E-mail:\u00a0<a href=\"mailto:contato@agenciafabrica.com%0d\">contato@agenciafabrica.com<\/a><\/p>\n","protected":false},"excerpt":{"rendered":"<p>A\u00a0F\u00e1brica de Comunica\u00e7\u00e3o \u00e9 uma empresa j\u00fanior de Comunica\u00e7\u00e3o Social. A ag\u00eancia desenvolve trabalhos de comunica\u00e7\u00e3o integrada envolvendo as \u00e1reas de Publicidade e Propaganda, Jornalismo e Rela\u00e7\u00f5es P\u00fablicas. Al\u00e9m de fornecer servi\u00e7os de qualidade e com pre\u00e7os acess\u00edveis na \u00e1rea, a F\u00e1brica tem como miss\u00e3o desenvolver o potencial de seus membros, deixando-os melhor preparados para [&hellip;]<\/p>\n","protected":false},"author":1759,"featured_media":0,"parent":0,"menu_order":0,"comment_status":"closed","ping_status":"closed","template":"","meta":{"_acf_changed":false,"footnotes":""},"class_list":["post-560","page","type-page","status-publish","hentry"],"acf":[],"_links":{"self":[{"href":"https:\/\/sacod.ufpr.br\/decom\/wp-json\/wp\/v2\/pages\/560","targetHints":{"allow":["GET"]}}],"collection":[{"href":"https:\/\/sacod.ufpr.br\/decom\/wp-json\/wp\/v2\/pages"}],"about":[{"href":"https:\/\/sacod.ufpr.br\/decom\/wp-json\/wp\/v2\/types\/page"}],"author":[{"embeddable":true,"href":"https:\/\/sacod.ufpr.br\/decom\/wp-json\/wp\/v2\/users\/1759"}],"replies":[{"embeddable":true,"href":"https:\/\/sacod.ufpr.br\/decom\/wp-json\/wp\/v2\/comments?post=560"}],"version-history":[{"count":5,"href":"https:\/\/sacod.ufpr.br\/decom\/wp-json\/wp\/v2\/pages\/560\/revisions"}],"predecessor-version":[{"id":2941,"href":"https:\/\/sacod.ufpr.br\/decom\/wp-json\/wp\/v2\/pages\/560\/revisions\/2941"}],"wp:attachment":[{"href":"https:\/\/sacod.ufpr.br\/decom\/wp-json\/wp\/v2\/media?parent=560"}],"curies":[{"name":"wp","href":"https:\/\/api.w.org\/{rel}","templated":true}]}}