{"id":531,"date":"2018-07-17T12:10:29","date_gmt":"2018-07-17T15:10:29","guid":{"rendered":"https:\/\/sacod.ufpr.br\/decom\/?page_id=531"},"modified":"2019-07-29T10:59:05","modified_gmt":"2019-07-29T13:59:05","slug":"ncep","status":"publish","type":"page","link":"https:\/\/sacod.ufpr.br\/decom\/ncep\/","title":{"rendered":"NCEP"},"content":{"rendered":"<p><a href=\"https:\/\/sacod.ufpr.br\/decom\/wp-content\/uploads\/sites\/3\/2019\/07\/fotoperfilncep.png\"><img loading=\"lazy\" decoding=\"async\" class=\"wp-image-2938 alignleft\" src=\"https:\/\/sacod.ufpr.br\/decom\/wp-content\/uploads\/sites\/3\/2019\/07\/fotoperfilncep.png\" alt=\"\" width=\"209\" height=\"209\" srcset=\"https:\/\/sacod.ufpr.br\/decom\/wp-content\/uploads\/sites\/3\/2019\/07\/fotoperfilncep.png 700w, https:\/\/sacod.ufpr.br\/decom\/wp-content\/uploads\/sites\/3\/2019\/07\/fotoperfilncep-150x150.png 150w, https:\/\/sacod.ufpr.br\/decom\/wp-content\/uploads\/sites\/3\/2019\/07\/fotoperfilncep-300x300.png 300w\" sizes=\"auto, (max-width: 209px) 100vw, 209px\" \/><\/a>O N\u00facleo de Comunica\u00e7\u00e3o e Educa\u00e7\u00e3o Popular da Universidade Federal do Paran\u00e1 (NCEP) foi criado como projeto de extens\u00e3o em fevereiro de 2003. A iniciativa se deu por parte dos alunos de Comunica\u00e7\u00e3o Social, que buscavam uma maior inser\u00e7\u00e3o do comunicador nos movimentos sociais e populares. O projeto \u00e9 coordenado por um professor de Jornalismo e promove a democratiza\u00e7\u00e3o dos meios de comunica\u00e7\u00e3o.<\/p>\n<p>O NCEP tem tr\u00eas linhas de atua\u00e7\u00e3o: a de educa\u00e7\u00e3o para os meios, realizada em escolas p\u00fablicas de ensino m\u00e9dio e fundamental; a de assessoria para elabora\u00e7\u00e3o de programas ou produtos que envolvam o conhecimento espec\u00edfico da \u00e1rea de comunica\u00e7\u00e3o, como a produ\u00e7\u00e3o de programas de r\u00e1dio e TV e elabora\u00e7\u00e3o de informativos impressos e online; e finalmente, uma terceira que \u00e9 a de pesquisa e incentivo \u00e0 discuss\u00e3o interna (para alunos do curso) e externa (para a comunidade) do papel e do sentido social dos meios de comunica\u00e7\u00e3o na atualidade e sua rela\u00e7\u00e3o com o exerc\u00edcio da cidadania. Cada uma dessas linhas de atua\u00e7\u00e3o faz do NCEP um n\u00facleo com projetos integrados, garantindo a qualidade e clareza suas atividades.<\/p>\n<p>Os objetivos do n\u00facleo s\u00e3o: promover a reflex\u00e3o sobre o sentido dos meios de comunica\u00e7\u00e3o de massa; desenvolver programas de educa\u00e7\u00e3o para os meios nas escolas p\u00fablicas, para alunos e professores; assessorar movimentos populares e sociais para a cria\u00e7\u00e3o de programas de r\u00e1dio ou de televis\u00e3o, informativos impressos e online; desenvolver a capacita\u00e7\u00e3o para a produ\u00e7\u00e3o de canais de comunica\u00e7\u00e3o; produzir referencial te\u00f3rico para subsidiar tais a\u00e7\u00f5es; compartilhar o referencial te\u00f3rico e as experi\u00eancias via website do n\u00facleo.<\/p>\n<p>Site: <a href=\"http:\/\/ncepufpr.wixsite.com\/ncep\">ncepufpr.wixsite.com<\/a><\/p>\n<p>Facebook: <a href=\"https:\/\/www.facebook.com\/ncep.ufpr\/\">facebook.com\/ncep.ufpr<\/a><\/p>\n<p>Instagram:\u00a0<a href=\"https:\/\/www.instagram.com\/ncep_ufpr\/\">instagram.com\/ncep_ufpr<\/a><\/p>\n","protected":false},"excerpt":{"rendered":"<p>O N\u00facleo de Comunica\u00e7\u00e3o e Educa\u00e7\u00e3o Popular da Universidade Federal do Paran\u00e1 (NCEP) foi criado como projeto de extens\u00e3o em fevereiro de 2003. A iniciativa se deu por parte dos alunos de Comunica\u00e7\u00e3o Social, que buscavam uma maior inser\u00e7\u00e3o do comunicador nos movimentos sociais e populares. O projeto \u00e9 coordenado por um professor de Jornalismo [&hellip;]<\/p>\n","protected":false},"author":1759,"featured_media":0,"parent":0,"menu_order":0,"comment_status":"closed","ping_status":"closed","template":"","meta":{"_acf_changed":false,"footnotes":""},"class_list":["post-531","page","type-page","status-publish","hentry"],"acf":[],"_links":{"self":[{"href":"https:\/\/sacod.ufpr.br\/decom\/wp-json\/wp\/v2\/pages\/531","targetHints":{"allow":["GET"]}}],"collection":[{"href":"https:\/\/sacod.ufpr.br\/decom\/wp-json\/wp\/v2\/pages"}],"about":[{"href":"https:\/\/sacod.ufpr.br\/decom\/wp-json\/wp\/v2\/types\/page"}],"author":[{"embeddable":true,"href":"https:\/\/sacod.ufpr.br\/decom\/wp-json\/wp\/v2\/users\/1759"}],"replies":[{"embeddable":true,"href":"https:\/\/sacod.ufpr.br\/decom\/wp-json\/wp\/v2\/comments?post=531"}],"version-history":[{"count":5,"href":"https:\/\/sacod.ufpr.br\/decom\/wp-json\/wp\/v2\/pages\/531\/revisions"}],"predecessor-version":[{"id":2939,"href":"https:\/\/sacod.ufpr.br\/decom\/wp-json\/wp\/v2\/pages\/531\/revisions\/2939"}],"wp:attachment":[{"href":"https:\/\/sacod.ufpr.br\/decom\/wp-json\/wp\/v2\/media?parent=531"}],"curies":[{"name":"wp","href":"https:\/\/api.w.org\/{rel}","templated":true}]}}