{"id":338,"date":"2017-09-02T17:02:37","date_gmt":"2017-09-02T20:02:37","guid":{"rendered":"https:\/\/sacod.ufpr.br\/decom\/?page_id=338"},"modified":"2018-07-25T09:10:11","modified_gmt":"2018-07-25T12:10:11","slug":"atletica-de-comunicacao","status":"publish","type":"page","link":"https:\/\/sacod.ufpr.br\/decom\/atletica-de-comunicacao\/","title":{"rendered":"Atl\u00e9tica de Comunica\u00e7\u00e3o"},"content":{"rendered":"<p><strong>A Atl\u00e9tica<\/strong><\/p>\n<p>Segundo o onisciente Google, os objetivos de uma associa\u00e7\u00e3o atl\u00e9tica acad\u00eamica s\u00e3o promover a pr\u00e1tica de esportes e quaisquer outros eventos relacionados ao esporte, assim como realizar e participar de competi\u00e7\u00f5es nas universidades; tamb\u00e9m \u00e9 defender os interesses de sua institui\u00e7\u00e3o no esporte universit\u00e1rio em geral e incentivar a organiza\u00e7\u00e3o esportiva dos estudantes. Mas uma Atl\u00e9tica n\u00e3o significa apenas esporte; n\u00f3s tamb\u00e9m gostamos de festas, de barulho, de integra\u00e7\u00e3o, de responsabilidade social e de desenvolvimento intelectual.<\/p>\n<p>&nbsp;<\/p>\n<p><strong>Silvio Santos<\/strong><\/p>\n<p>Somos a AASS, a atl\u00e9tica de Comunica\u00e7\u00e3o Social da UFPR. Voc\u00ea sabe o que essa sigla significa? Associa\u00e7\u00e3o Atl\u00e9tica Silvio Santos. Digamos que \u00e9 uma homenagem a um dos maiores comunicadores sociais do Brasil e aos veteranos que idealizaram uma Atl\u00e9tica em 2005, mas que infelizmente n\u00e3o chegou a atuar (confira mais detalhes na&nbsp;<a href=\"http:\/\/www.orkut.com.br\/Main#Community?cmm=2334559\">comunidade do orkut<\/a>). E n\u00e3o inventamos isso sozinhos: o nome de nossa humilde entidade foi escolhido por uma vota\u00e7\u00e3o muito democr\u00e1tica.<\/p>\n<p>&nbsp;<\/p>\n<p><strong>JUCS 2007<\/strong><\/p>\n<p>Nascemos oficialmente em 2009; antes desse ano, n\u00e3o havia uma institui\u00e7\u00e3o oficial espec\u00edfica respons\u00e1vel pelo trabalho que realizamos. Os jogos universit\u00e1rios de Comunica\u00e7\u00e3o no Paran\u00e1 foram criados em 2006, sendo uma das principais faculdades propulsoras a Federal. Durante tr\u00eas anos, os eventos foram promovidos por um comit\u00ea formado por quem se mostrasse interessado, encabe\u00e7ado por Rodrigo Sim\u00f5es, Guilherme Paccola e outros.<\/p>\n<p>Por\u00e9m, com o passar do tempo e a mudan\u00e7a da equipe organizadora, sentiu-se a necessidade de manter registros dos eventos realizados para dar suporte aos pr\u00f3ximos organizadores e permitir o aperfei\u00e7oamento constante dos m\u00e9todos. Al\u00e9m disso, buscava-se oportunizar a perman\u00eancia das atividades ao longo de todo o ano, criando uma maior continuidade e anteced\u00eancia no planejamento dos eventos.<\/p>\n<p>&nbsp;<\/p>\n<p><strong>Fundadores<\/strong><\/p>\n<p>Foi assim que L\u00edlian Monti, Gustavo Fructuozo, Natasha Romanzoti e Nicky Jansen fundaram a AASS. A Atl\u00e9tica foi aprovada rapidamente no campus de Comunica\u00e7\u00e3o, e apesar de ter conquistado seu espa\u00e7o na UFPR, n\u00e3o tinha exist\u00eancia reconhecida perante a lei. Uma c\u00f3pia do nosso&nbsp;<a href=\"http:\/\/www.aass.com.br\/estatuto.htm\" target=\"\u201d_blank\u201d\">estatuto<\/a>&nbsp;ent\u00e3o passou pelo colegiado do Departamento de Comunica\u00e7\u00e3o e recolhemos muitas assinaturas dos nossos acad\u00eamicos para registr\u00e1-la em cart\u00f3rio.<\/p>\n<p>N\u00e3o temos sede pr\u00f3pria. Enfrentamos muitas dificuldades, financeiras e de espa\u00e7o, mas mantemos o patrim\u00f4nio de Comunica\u00e7\u00e3o Social a salvo. Para uma Atl\u00e9tica relativamente nova, nossos eventos t\u00eam visibilidade e repercuss\u00e3o muito grande. Fazemos parte de uma Liga Universit\u00e1ria que organiza em conjunto os jogos de Comunica\u00e7\u00e3o na regi\u00e3o Sul, e temos eventos pr\u00f3prios que s\u00e3o cada vez mais reconhecidos e respeitados no meio universit\u00e1rio.<\/p>\n<p>Desde que nos tornamos oficiais, procuramos melhorar e criar novos mecanismos e atividades relacionadas ao esporte na UFPR. Por isso, al\u00e9m de continuar organizando os jogos regionais e promovendo festas, vamos buscar alternativas para que nosso curso se integre mais na cena do esporte universit\u00e1rio, vamos apoiar qualquer aluno que queira seguir carreira esportiva, e vamos nos empenhar em novos projetos como treinos, aulas sobre variadas modalidades, palestras, eventos sociais, etc. Tamb\u00e9m nos responsabilizamos inteiramente na forma\u00e7\u00e3o de uma bateria de Comunica\u00e7\u00e3o Social, que poder\u00e1 trilhar caminho pr\u00f3prio no futuro.<\/p>\n<p>D\u00favidas sobre nossos programas e atividades poder\u00e3o ser tiradas com todos os&nbsp;<a href=\"http:\/\/www.aass.com.br\/membros.htm\" target=\"\u201d_blank\u201d\">membros da associa\u00e7\u00e3o<\/a>. Questionem se houver necessidade, mas n\u00e3o deixem de perceber a import\u00e2ncia de nossa institui\u00e7\u00e3o na Universidade. N\u00f3s buscamos o reconhecimento e a valoriza\u00e7\u00e3o do esporte universit\u00e1rio no pa\u00eds, e \u00e9 preciso o seu apoio para que isso se realize.<\/p>\n<p>&nbsp;<\/p>\n<p>Facebook: <a href=\"https:\/\/www.facebook.com\/AACOSUFPR\/\">facebook\/AACOSUFPR<\/a><\/p>\n<p>Instagram:&nbsp;<a href=\"https:\/\/www.instagram.com\/aacosufpr\/\">instagram.com\/aacosufpr<\/a>&nbsp;<\/p>\n<p>Email: aacosufpr@gmail.com<\/p>\n","protected":false},"excerpt":{"rendered":"<p>A Atl\u00e9tica Segundo o onisciente Google, os objetivos de uma associa\u00e7\u00e3o atl\u00e9tica acad\u00eamica s\u00e3o promover a pr\u00e1tica de esportes e quaisquer outros eventos relacionados ao esporte, assim como realizar e participar de competi\u00e7\u00f5es nas universidades; tamb\u00e9m \u00e9 defender os interesses de sua institui\u00e7\u00e3o no esporte universit\u00e1rio em geral e incentivar a organiza\u00e7\u00e3o esportiva dos estudantes. [&hellip;]<\/p>\n","protected":false},"author":11,"featured_media":0,"parent":0,"menu_order":0,"comment_status":"closed","ping_status":"closed","template":"","meta":{"_acf_changed":false,"footnotes":""},"class_list":["post-338","page","type-page","status-publish","hentry"],"acf":[],"_links":{"self":[{"href":"https:\/\/sacod.ufpr.br\/decom\/wp-json\/wp\/v2\/pages\/338","targetHints":{"allow":["GET"]}}],"collection":[{"href":"https:\/\/sacod.ufpr.br\/decom\/wp-json\/wp\/v2\/pages"}],"about":[{"href":"https:\/\/sacod.ufpr.br\/decom\/wp-json\/wp\/v2\/types\/page"}],"author":[{"embeddable":true,"href":"https:\/\/sacod.ufpr.br\/decom\/wp-json\/wp\/v2\/users\/11"}],"replies":[{"embeddable":true,"href":"https:\/\/sacod.ufpr.br\/decom\/wp-json\/wp\/v2\/comments?post=338"}],"version-history":[{"count":5,"href":"https:\/\/sacod.ufpr.br\/decom\/wp-json\/wp\/v2\/pages\/338\/revisions"}],"predecessor-version":[{"id":602,"href":"https:\/\/sacod.ufpr.br\/decom\/wp-json\/wp\/v2\/pages\/338\/revisions\/602"}],"wp:attachment":[{"href":"https:\/\/sacod.ufpr.br\/decom\/wp-json\/wp\/v2\/media?parent=338"}],"curies":[{"name":"wp","href":"https:\/\/api.w.org\/{rel}","templated":true}]}}