{"id":336,"date":"2017-09-02T16:57:45","date_gmt":"2017-09-02T19:57:45","guid":{"rendered":"https:\/\/sacod.ufpr.br\/decom\/?page_id=336"},"modified":"2018-07-25T09:06:41","modified_gmt":"2018-07-25T12:06:41","slug":"cacos","status":"publish","type":"page","link":"https:\/\/sacod.ufpr.br\/decom\/cacos\/","title":{"rendered":"Centro Acad\u00eamico"},"content":{"rendered":"<p><strong>Centro Acad\u00eamico de Comunica\u00e7\u00e3o Social &#8211; Cacos<\/strong><\/p>\n<p>O Cacos \u00e9 a entidade estudantil que representa todos os alunos de Comunica\u00e7\u00e3o da UFPR.<\/p>\n<p>Facebook:&nbsp;<a href=\"https:\/\/www.facebook.com\/cacosufpr\/\">facebook\/cacosufpr<\/a>&nbsp;<\/p>\n<p>Email:&nbsp;ouvidoria.cacos@gmail.com<\/p>\n<p>&nbsp;<\/p>\n<p><strong>Gest\u00f5es<\/strong><\/p>\n<p><span style=\"font-weight: 400;\">1986: Chapa \u201cP\u00f3s-abismo\u201d. Presidente- Paulino Motter<\/span><\/p>\n<p><span style=\"font-weight: 400;\">1987: \u201cExpress\u00e3o\u201d- Thomas Traumann<\/span><\/p>\n<p><span style=\"font-weight: 400;\">1988: \u201cQuebra-gelo\u201d- Marcelo Romaniewicz<\/span><\/p>\n<p><span style=\"font-weight: 400;\">1990: presidente: Rubens Burigo<\/span><\/p>\n<p><span style=\"font-weight: 400;\">1991: \u201cCacos Erectos-menos pausa, mais tes\u00e3o\u201d- Dirk Lopes e M<\/span><span style=\"font-weight: 400;\">\u00e1rio Messagi Jr<\/span><\/p>\n<p><span style=\"font-weight: 400;\">1992: \u201cOrgasmo\u201d- Marcos Ferraz<\/span><\/p>\n<p><span style=\"font-weight: 400;\">1993: \u201cAhh!\u201d \u2013 F\u00e1bio Massali<\/span><\/p>\n<p><span style=\"font-weight: 400;\">1997: \u201cCacos meus bot\u00f5es\u201d- Rodrigo Sais (Groo)<\/span><\/p>\n<p><span style=\"font-weight: 400;\">1998: \u201cCacos meus sof\u00e1s\u201d- Rodrigo Sais<\/span><\/p>\n<p><span style=\"font-weight: 400;\">1999: \u201cCacos meus macacos\u201d- Rachel Bragatto<\/span><\/p>\n<p><span style=\"font-weight: 400;\">2000: \u201cCacos me mordam\u201d \u2013 Roberta Bernine e Inez Schoemberger<\/span><\/p>\n<p><span style=\"font-weight: 400;\">2001: \u201cJuntamos cacos\u201d \u2013 Andr\u00e9 Moreira<\/span><\/p>\n<p><span style=\"font-weight: 400;\">2002: \u201cQuem sabe faz a hora\u201d- Ana Silvia Cruz<\/span><\/p>\n<p><span style=\"font-weight: 400;\">2003: <\/span><\/p>\n<p><span style=\"font-weight: 400;\">2004: \u201cCacos meus tacos\u201d- Ana Carolina Bendlin<\/span><\/p>\n<p><span style=\"font-weight: 400;\">2005: \u201cCacos aberto\u201d- Nazen Carneiro<\/span><\/p>\n<p><span style=\"font-weight: 400;\">2006: \u201cMaCACOS Novos\u201d \u2013 Carolina Leal<\/span><\/p>\n<p><span style=\"font-weight: 400;\">2007: \u201cCacolandia\u201d- F\u00e1bio Pupo<\/span><\/p>\n<p><span style=\"font-weight: 400;\">2008: \u201cCACOS que interessa\u201d- Andr\u00e9 Sabatke<\/span><\/p>\n<p><span style=\"font-weight: 400;\">2009: \u201cCacos que Conquista\u201d \u2013 Phillipe Trindade e Guilherme Gomes Glir<\/span><\/p>\n<p><span style=\"font-weight: 400;\">2010: \u201cCacossomos\u201d \u2013 Sem hierarquia presidencial<\/span><\/p>\n<p>2015: &#8220;No Fluxo &#8211; Thais Barbosa<\/p>\n<p>2016: &#8220;Nova Gera\u00e7\u00e3o&#8221; &#8211; Ygor Attie<\/p>\n<p>2017: &#8220;Reflorestar&#8221; &#8211; George Wylliam<\/p>\n<p>2018: &#8220;1932&#8221; &#8211; Daiane Lohse<\/p>\n","protected":false},"excerpt":{"rendered":"<p>Centro Acad\u00eamico de Comunica\u00e7\u00e3o Social &#8211; Cacos O Cacos \u00e9 a entidade estudantil que representa todos os alunos de Comunica\u00e7\u00e3o da UFPR. Facebook:&nbsp;facebook\/cacosufpr&nbsp; Email:&nbsp;ouvidoria.cacos@gmail.com &nbsp; Gest\u00f5es 1986: Chapa \u201cP\u00f3s-abismo\u201d. Presidente- Paulino Motter 1987: \u201cExpress\u00e3o\u201d- Thomas Traumann 1988: \u201cQuebra-gelo\u201d- Marcelo Romaniewicz 1990: presidente: Rubens Burigo 1991: \u201cCacos Erectos-menos pausa, mais tes\u00e3o\u201d- Dirk Lopes e M\u00e1rio Messagi [&hellip;]<\/p>\n","protected":false},"author":11,"featured_media":0,"parent":0,"menu_order":0,"comment_status":"closed","ping_status":"closed","template":"","meta":{"_acf_changed":false,"footnotes":""},"class_list":["post-336","page","type-page","status-publish","hentry"],"acf":[],"_links":{"self":[{"href":"https:\/\/sacod.ufpr.br\/decom\/wp-json\/wp\/v2\/pages\/336","targetHints":{"allow":["GET"]}}],"collection":[{"href":"https:\/\/sacod.ufpr.br\/decom\/wp-json\/wp\/v2\/pages"}],"about":[{"href":"https:\/\/sacod.ufpr.br\/decom\/wp-json\/wp\/v2\/types\/page"}],"author":[{"embeddable":true,"href":"https:\/\/sacod.ufpr.br\/decom\/wp-json\/wp\/v2\/users\/11"}],"replies":[{"embeddable":true,"href":"https:\/\/sacod.ufpr.br\/decom\/wp-json\/wp\/v2\/comments?post=336"}],"version-history":[{"count":9,"href":"https:\/\/sacod.ufpr.br\/decom\/wp-json\/wp\/v2\/pages\/336\/revisions"}],"predecessor-version":[{"id":600,"href":"https:\/\/sacod.ufpr.br\/decom\/wp-json\/wp\/v2\/pages\/336\/revisions\/600"}],"wp:attachment":[{"href":"https:\/\/sacod.ufpr.br\/decom\/wp-json\/wp\/v2\/media?parent=336"}],"curies":[{"name":"wp","href":"https:\/\/api.w.org\/{rel}","templated":true}]}}