{"id":322,"date":"2017-08-30T16:43:33","date_gmt":"2017-08-30T19:43:33","guid":{"rendered":"https:\/\/sacod.ufpr.br\/decom\/?page_id=322"},"modified":"2018-07-24T10:35:19","modified_gmt":"2018-07-24T13:35:19","slug":"emprestimo-de-equipamentos","status":"publish","type":"page","link":"https:\/\/sacod.ufpr.br\/decom\/emprestimo-de-equipamentos\/","title":{"rendered":"Empr\u00e9stimo de equipamentos"},"content":{"rendered":"<p><strong>Quem pode emprestar equipamentos?<\/strong><\/p>\n<p>1 &#8211; Alunos ativos no Curso de Comunica\u00e7\u00e3o Social e que estiverem devidamente matriculados nas disciplinas nas \u00e1reas de Fotografia, V\u00eddeo e\/ou \u00c1udio, com a finalidade de realizar atividade pedag\u00f3gica deste Departamento;<\/p>\n<p>2 &#8211; Professores e t\u00e9cnicos administrativos ativos do DECOM, com a finalidade de realizar atividade pedag\u00f3gica deste Departamento;<\/p>\n<p>3 &#8211; Os alunos do Mestrado em Comunica\u00e7\u00e3o ter\u00e3o direito ao empr\u00e9stimo, mediante autoriza\u00e7\u00e3o do respectivo coordenador do Curso de P\u00f3s-gradua\u00e7\u00e3o.<\/p>\n<p>O empr\u00e9stimo dever\u00e1 ser efetuado em car\u00e1ter individual e o limite m\u00e1ximo do prazo de empr\u00e9stimo para todas as categorias de usu\u00e1rios, ser\u00e1 de 02 dias corridos.<\/p>\n<p><strong>O que acontece caso descumpra-se o regimento?<\/strong><\/p>\n<p>O usu\u00e1rio ficar\u00e1 impedido de utilizar o servi\u00e7o de empr\u00e9stimo da Sala de Equipamentos durante per\u00edodo de uma semana para cada dia de atraso na devolu\u00e7\u00e3o de cada equipamento em seu poder.<\/p>\n<p>Ap\u00f3s a reincid\u00eancia de 03 (tr\u00eas) infra\u00e7\u00f5es apontadas pelo sistema de controle da sala de equipamentos, o usu\u00e1rio ficar\u00e1 suspenso o restante do semestre.<\/p>\n<p>O aluno concluinte de curso de gradua\u00e7\u00e3o e\/ou de p\u00f3s-gradua\u00e7\u00e3o, com situa\u00e7\u00e3o irregular na Sala de Equipamentos, estar\u00e1 impedido de receber o seu diploma fornecido pela UFPR.<\/p>\n<p>J\u00e1 o aluno em d\u00e9bito com a Sala de Equipamentos ficar\u00e1 impedido de realizar matr\u00edcula em disciplinas optativas enquanto persistir o d\u00e9bito. Tamb\u00e9m n\u00e3o ter\u00e1 contratos de est\u00e1gio n\u00e3o obrigat\u00f3rio, conv\u00eanios ou interc\u00e2mbios assinados.<\/p>\n<p><strong>Lembre-se:<\/strong> Todo equipamento perdido ou danificado, quando em poder do usu\u00e1rio, ser\u00e1 por ele consertado em empresa especializada ou substitu\u00eddo por novo equipamento, caso contr\u00e1rio, estar\u00e1 impedido de utilizar o servi\u00e7o de empr\u00e9stimo da Sala de Equipamentos at\u00e9 regularizar a sua situa\u00e7\u00e3o.<\/p>\n<p>&nbsp;<\/p>\n<p><strong>Equipamentos para empr\u00e9stimo<\/strong><\/p>\n<table style=\"height: 458px;\" width=\"473\">\n<tbody>\n<tr>\n<td style=\"text-align: left;\" width=\"288\">Banqueta<\/td>\n<td style=\"text-align: center;\" width=\"288\">01<\/td>\n<\/tr>\n<tr>\n<td width=\"288\">Boom<\/td>\n<td style=\"text-align: center;\" width=\"288\">02<\/td>\n<\/tr>\n<tr>\n<td width=\"288\">Cabo TTL<\/td>\n<td style=\"text-align: center;\" width=\"288\">09<\/td>\n<\/tr>\n<tr>\n<td width=\"288\">C\u00e2mera de v\u00eddeo<\/td>\n<td style=\"text-align: center;\" width=\"288\">08<\/td>\n<\/tr>\n<tr>\n<td width=\"288\">C\u00e2mera fotogr\u00e1fica digital<\/td>\n<td style=\"text-align: center;\" width=\"288\">11<\/td>\n<\/tr>\n<tr>\n<td width=\"288\">C\u00e2mera fotogr\u00e1fica semi profissional<\/td>\n<td style=\"text-align: center;\" width=\"288\">08<\/td>\n<\/tr>\n<tr>\n<td width=\"288\">Flash<\/td>\n<td style=\"text-align: center;\" width=\"288\">07<\/td>\n<\/tr>\n<tr>\n<td width=\"288\">Fone de ouvido<\/td>\n<td style=\"text-align: center;\" width=\"288\">12<\/td>\n<\/tr>\n<tr>\n<td width=\"288\">Ganz\u00e1<\/td>\n<td style=\"text-align: center;\" width=\"288\">01<\/td>\n<\/tr>\n<tr>\n<td width=\"288\">Gravador digital<\/td>\n<td style=\"text-align: center;\" width=\"288\">12<\/td>\n<\/tr>\n<tr>\n<td width=\"288\">Lentes<\/td>\n<td style=\"text-align: center;\" width=\"288\">20<\/td>\n<\/tr>\n<tr>\n<td width=\"288\">Microfone<\/td>\n<td style=\"text-align: center;\" width=\"288\">11<\/td>\n<\/tr>\n<tr>\n<td width=\"288\">Spot<\/td>\n<td style=\"text-align: center;\" width=\"288\">05<\/td>\n<\/tr>\n<tr>\n<td width=\"288\">Trip\u00e9<\/td>\n<td style=\"text-align: center;\" width=\"288\">13<\/td>\n<\/tr>\n<tr>\n<td width=\"288\">Viol\u00e3o<\/td>\n<td style=\"text-align: center;\" width=\"288\">01<\/td>\n<\/tr>\n<\/tbody>\n<\/table>\n<p><a href=\"https:\/\/sacod.ufpr.br\/decom\/wp-content\/uploads\/sites\/3\/2017\/08\/Regimento-de-Empr\u00e9stimo.pdf\">Regimento de Empr\u00e9stimo<\/a><\/p>\n","protected":false},"excerpt":{"rendered":"<p>Quem pode emprestar equipamentos? 1 &#8211; Alunos ativos no Curso de Comunica\u00e7\u00e3o Social e que estiverem devidamente matriculados nas disciplinas nas \u00e1reas de Fotografia, V\u00eddeo e\/ou \u00c1udio, com a finalidade de realizar atividade pedag\u00f3gica deste Departamento; 2 &#8211; Professores e t\u00e9cnicos administrativos ativos do DECOM, com a finalidade de realizar atividade pedag\u00f3gica deste Departamento; 3 [&hellip;]<\/p>\n","protected":false},"author":11,"featured_media":0,"parent":0,"menu_order":0,"comment_status":"closed","ping_status":"closed","template":"","meta":{"_acf_changed":false,"footnotes":""},"class_list":["post-322","page","type-page","status-publish","hentry"],"acf":[],"_links":{"self":[{"href":"https:\/\/sacod.ufpr.br\/decom\/wp-json\/wp\/v2\/pages\/322","targetHints":{"allow":["GET"]}}],"collection":[{"href":"https:\/\/sacod.ufpr.br\/decom\/wp-json\/wp\/v2\/pages"}],"about":[{"href":"https:\/\/sacod.ufpr.br\/decom\/wp-json\/wp\/v2\/types\/page"}],"author":[{"embeddable":true,"href":"https:\/\/sacod.ufpr.br\/decom\/wp-json\/wp\/v2\/users\/11"}],"replies":[{"embeddable":true,"href":"https:\/\/sacod.ufpr.br\/decom\/wp-json\/wp\/v2\/comments?post=322"}],"version-history":[{"count":8,"href":"https:\/\/sacod.ufpr.br\/decom\/wp-json\/wp\/v2\/pages\/322\/revisions"}],"predecessor-version":[{"id":591,"href":"https:\/\/sacod.ufpr.br\/decom\/wp-json\/wp\/v2\/pages\/322\/revisions\/591"}],"wp:attachment":[{"href":"https:\/\/sacod.ufpr.br\/decom\/wp-json\/wp\/v2\/media?parent=322"}],"curies":[{"name":"wp","href":"https:\/\/api.w.org\/{rel}","templated":true}]}}