{"id":3217,"date":"2021-09-14T22:39:08","date_gmt":"2021-09-15T01:39:08","guid":{"rendered":"https:\/\/sacod.ufpr.br\/decom\/?page_id=3217"},"modified":"2026-02-24T11:17:25","modified_gmt":"2026-02-24T14:17:25","slug":"grades-horarias","status":"publish","type":"page","link":"https:\/\/sacod.ufpr.br\/decom\/grades-horarias\/","title":{"rendered":"Grades Hor\u00e1rias"},"content":{"rendered":"<p>&nbsp;<\/p>\n<p><a href=\"https:\/\/sacod.ufpr.br\/decom\/wp-content\/uploads\/sites\/3\/2026\/02\/Grade-Jornalismo-2026.1.pdf\">Jornalismo 1\u00ba Semestre 2026<\/a><\/p>\n<p><a href=\"https:\/\/sacod.ufpr.br\/decom\/wp-content\/uploads\/sites\/3\/2026\/02\/Grade-Publicidade-e-Propaganda-2026.1.pdf\">Publicidade e Propaganda 1\u00ba Semestre 2026<\/a><\/p>\n<p><a href=\"https:\/\/sacod.ufpr.br\/decom\/wp-content\/uploads\/sites\/3\/2026\/02\/Grade-Relacoes-Publicas-2026.1.pdf\">Rela\u00e7\u00f5es P\u00fablicas 1\u00ba Semestre 2026<\/a><\/p>\n<p><a href=\"https:\/\/sacod.ufpr.br\/decom\/wp-content\/uploads\/sites\/3\/2026\/02\/Optativas-2026.pdf\">Optativas<\/a><\/p>\n<h6>Ultima Atualiza\u00e7\u00e3o\u00a0<span style=\"color: #ff0000\"> 23\/02\/26<\/span><\/h6>\n<p>&nbsp;<\/p>\n","protected":false},"excerpt":{"rendered":"<p>&nbsp; Jornalismo 1\u00ba Semestre 2026 Publicidade e Propaganda 1\u00ba Semestre 2026 Rela\u00e7\u00f5es P\u00fablicas 1\u00ba Semestre 2026 Optativas Ultima Atualiza\u00e7\u00e3o\u00a0 23\/02\/26 &nbsp;<\/p>\n","protected":false},"author":1759,"featured_media":0,"parent":0,"menu_order":0,"comment_status":"closed","ping_status":"closed","template":"","meta":{"_acf_changed":false,"footnotes":""},"class_list":["post-3217","page","type-page","status-publish","hentry"],"acf":[],"_links":{"self":[{"href":"https:\/\/sacod.ufpr.br\/decom\/wp-json\/wp\/v2\/pages\/3217","targetHints":{"allow":["GET"]}}],"collection":[{"href":"https:\/\/sacod.ufpr.br\/decom\/wp-json\/wp\/v2\/pages"}],"about":[{"href":"https:\/\/sacod.ufpr.br\/decom\/wp-json\/wp\/v2\/types\/page"}],"author":[{"embeddable":true,"href":"https:\/\/sacod.ufpr.br\/decom\/wp-json\/wp\/v2\/users\/1759"}],"replies":[{"embeddable":true,"href":"https:\/\/sacod.ufpr.br\/decom\/wp-json\/wp\/v2\/comments?post=3217"}],"version-history":[{"count":20,"href":"https:\/\/sacod.ufpr.br\/decom\/wp-json\/wp\/v2\/pages\/3217\/revisions"}],"predecessor-version":[{"id":3510,"href":"https:\/\/sacod.ufpr.br\/decom\/wp-json\/wp\/v2\/pages\/3217\/revisions\/3510"}],"wp:attachment":[{"href":"https:\/\/sacod.ufpr.br\/decom\/wp-json\/wp\/v2\/media?parent=3217"}],"curies":[{"name":"wp","href":"https:\/\/api.w.org\/{rel}","templated":true}]}}