{"id":2902,"date":"2019-07-26T11:57:56","date_gmt":"2019-07-26T14:57:56","guid":{"rendered":"https:\/\/sacod.ufpr.br\/decom\/?page_id=2902"},"modified":"2019-07-26T12:54:23","modified_gmt":"2019-07-26T15:54:23","slug":"infraestrutura-2","status":"publish","type":"page","link":"https:\/\/sacod.ufpr.br\/decom\/infraestrutura-2\/","title":{"rendered":"INFRAESTRUTURA"},"content":{"rendered":"<ul>\n<li style=\"font-weight: 400;\"><span style=\"font-weight: 400;\">AUDIT\u00d3RIO<\/span><\/li>\n<li style=\"font-weight: 400;\"><span style=\"font-weight: 400;\"> EST\u00daDIO DE FOTOGRAFIA<\/span><\/li>\n<li><strong>Est\u00fadio de fotografia<\/strong>O est\u00fadio fotogr\u00e1fico possui 8,7m de largura e 8,2m de comprimento. Nesta configura\u00e7\u00e3o, permite a entrada de objetos de grande porte e \u00e1rea livre para ilumina\u00e7\u00e3o. Com exce\u00e7\u00e3o da parede de entrada, todas as demais apresentam fundo infinito. A ilumina\u00e7\u00e3o b\u00e1sica \u00e9 feita por tr\u00eas soft box ligados a um gerador de m\u00e9dio porte. Conta tamb\u00e9m com um monitor de 42\u2033 para visualiza\u00e7\u00e3o de imagens.\n<p>\u00c1REA: 71m\u00b2.<\/p>\n<p><strong>Camarim<\/strong><\/p>\n<p>Espa\u00e7o reservado para que os entrevistados, atores e modelos possam aguardar ou se preparar para as participa\u00e7\u00f5es nas grava\u00e7\u00f5es ou nos ensaios fotogr\u00e1ficos. Anexo ao camarim, h\u00e1 um banheiro de 3m\u00b2.<\/p>\n<p>\u00c1REA: 18m2<\/p>\n<p><strong>Laborat\u00f3rio de fotografia<\/strong><\/p>\n<p>Trata-se de um ambiente com exaust\u00e3o, devido a ser um espa\u00e7o que permite o uso de produtos qu\u00edmicos para revela\u00e7\u00e3o fotogr\u00e1fica. Possui bancadas em concreto e uma \u00e1rea em inox para lavagem de negativos e pap\u00e9is fotogr\u00e1ficos. Neste espa\u00e7o tamb\u00e9m s\u00e3o guardados os equipamentos de fotografia utilizados no est\u00fadio.<\/p>\n<p>\u00c1REA: 13m\u00b2<\/li>\n<li style=\"font-weight: 400;\"><span style=\"font-weight: 400;\"> IMPRENSA<\/span><\/li>\n<li style=\"font-weight: 400;\"><span style=\"font-weight: 400;\"> LABORAT\u00d3RIO DE INFORM\u00c1TICA (3)\u00a0<\/span><\/li>\n<\/ul>\n<p><strong>Laborat\u00f3rio de inform\u00e1tica de Comunica\u00e7\u00e3o \u2013 LABCOM I<\/strong><\/p>\n<p>Localizado no pr\u00e9dio principal, \u00e9 composto de 15 microcomputadores. O laborat\u00f3rio \u00e9 utilizado durante as aulas e tamb\u00e9m para o acesso dos alunos \u00e0 pesquisa na internet. Tamb\u00e9m permite conex\u00e3o remota de notebooks, via rede wireless.<\/p>\n<p>\u00c1REA: 55m\u00b2<\/p>\n<p><strong>Laborat\u00f3rio de inform\u00e1tica de Comunica\u00e7\u00e3o\u00a0\u2013\u00a0LABCOM 2<\/strong><\/p>\n<p>Atende \u00e0s disciplinas e tamb\u00e9m oferece a possibilidade de acesso \u00e0 internet em per\u00edodos que n\u00e3o s\u00e3o ocupados por aulas. Possui TV\/Monitor com 42\u201d e 13 computadores.<\/p>\n<p>\u00c1REA:\u00a046,97m\u00b2<\/p>\n<p><strong>Ilha de edi\u00e7\u00e3o de \u00e1udio e v\u00eddeo<\/strong><\/p>\n<p>Possui 12 microcomputadores, TV\/Monitor 42\u201d e sistema de som para amplifica\u00e7\u00e3o de \u00e1udio. A sua diferencia\u00e7\u00e3o se d\u00e1 nos softwares instalados que visam principalmente a edi\u00e7\u00e3o e convers\u00e3o de m\u00eddias.<\/p>\n<p>\u00c1REA: 46m\u00b2<\/p>\n<ul>\n<li style=\"font-weight: 400;\"><span style=\"font-weight: 400;\"> EST\u00daDIO DE R\u00c1DIO<\/span><\/li>\n<\/ul>\n<p><strong>Laborat\u00f3rio de r\u00e1dio\/est\u00fadio de \u00e1udio<\/strong><\/p>\n<p>O Laborat\u00f3rio de R\u00e1dio\/Est\u00fadio de \u00c1udio atende disciplinas de todos os cursos do departamento (Comunica\u00e7\u00e3o Social, Jornalismo, Publicidade e Propaganda e Rela\u00e7\u00f5es P\u00fablicas). A demanda engloba tamb\u00e9m TCCs, trabalhos em v\u00eddeo que necessitam de \u201cOff\u201d e capta\u00e7\u00e3o de \u00e1udios\/entrevistas atrav\u00e9s da \u201cesta\u00e7\u00e3o h\u00edbrida\u201d (via aparelho telef\u00f4nico).<\/p>\n<p>Possui uma \u00e1rea total de 136,2m\u00b2, divididos da seguinte forma:<\/p>\n<p>\u2013 01 Est\u00fadio multifuncional de grande porte (est\u00fadio 02)<\/p>\n<p>\u2013 01 Sala de aula\/T\u00e9cnica com capacidade para 25 alunos<\/p>\n<p>\u2013 02 Est\u00fadios de grava\u00e7\u00e3o de \u00e1udio de m\u00e9dio porte (est\u00fadios 01 e 03)<\/p>\n<p>Exceto a sala de aula, os demais ambientes possuem tratamento ac\u00fastico e climatiza\u00e7\u00e3o.<\/p>\n<p>Para capta\u00e7\u00e3o dos \u00e1udios dispomos de 01 mesa de som SONY com entrada para 16 canais e mais 16 \u201cexpand\u00edveis\u201d. No est\u00fadio 03, microfones condensadores SONY, que possibilitam uma capta\u00e7\u00e3o mais n\u00edtida. Nos demais est\u00fadios, temos microfones cardic\u00f3ides SHURE. Para facilitar a edi\u00e7\u00e3o e visualiza\u00e7\u00e3o dos trabalhos, as salas t\u00e9cnicas possuem TV\/Monitor de 42\u201d.<\/p>\n<ul>\n<li style=\"font-weight: 400;\"><span style=\"font-weight: 400;\">SALAS DE AULA (9)<\/span><\/li>\n<li style=\"font-weight: 400;\"><span style=\"font-weight: 400;\">CACOS (Centro Acad\u00eamico de Comunica\u00e7\u00e3o)<\/span><\/li>\n<li style=\"font-weight: 400;\"><span style=\"font-weight: 400;\">AG\u00caNCIAS EXPERIMENTAIS (5) &#8211; ver na aba Projetos de Extens\u00e3o<\/span><\/li>\n<li style=\"font-weight: 400;\"><span style=\"font-weight: 400;\">BIBLIOTECA<\/span><\/li>\n<li><span style=\"font-weight: 400;\">ESTACIONAMENTO<\/span><\/li>\n<\/ul>\n<p>&nbsp;<\/p>\n<p>EST\u00daDIO DE TV<\/p>\n<p><strong>Est\u00fadio de TV e audiovisual<\/strong><\/p>\n<p>Na \u00e1rea da switcher, que tem ambiente climatizado, est\u00e3o instalados os equipamentos de grava\u00e7\u00e3o da imagem e os equipamentos de grava\u00e7\u00e3o de som. O espa\u00e7o conta ainda com uma esta\u00e7\u00e3o geradora de sinal para teleprompter. O padr\u00e3o de grava\u00e7\u00e3o \u00e9 o Digital SD.<\/p>\n<p>O espa\u00e7o do est\u00fadio, que tem p\u00e9-direito de 5,3m de altura, conta com isolamento ac\u00fastico e de redu\u00e7\u00e3o de eco. Os equipamentos operam no padr\u00e3o digital SD e, para as grava\u00e7\u00f5es est\u00e3o dispon\u00edveis tr\u00eas c\u00e2meras Panasonic Ag-DVC 200, com visor sobreposto de 5\u2033 e controles de foco e zoom diretamente nos trip\u00e9s. Todas as c\u00e2meras possuem exibidor de teleprompter. A capta\u00e7\u00e3o de som \u00e9 por meio de transmissores sem fio Sony e o sistema de ilumina\u00e7\u00e3o \u00e9 composto por pain\u00e9is de luz fria Digital Light, al\u00e9m de refletores hal\u00f3genos para ilumina\u00e7\u00e3o contrastada.<\/p>\n<p>\u00c1REA: 60 m\u00b2, composta de dois ambientes: 14 m\u00b2 da switcher e 46 m\u00b2 do est\u00fadio de grava\u00e7\u00e3o.<\/p>\n","protected":false},"excerpt":{"rendered":"<p>AUDIT\u00d3RIO EST\u00daDIO DE FOTOGRAFIA Est\u00fadio de fotografiaO est\u00fadio fotogr\u00e1fico possui 8,7m de largura e 8,2m de comprimento. Nesta configura\u00e7\u00e3o, permite a entrada de objetos de grande porte e \u00e1rea livre para ilumina\u00e7\u00e3o. Com exce\u00e7\u00e3o da parede de entrada, todas as demais apresentam fundo infinito. A ilumina\u00e7\u00e3o b\u00e1sica \u00e9 feita por tr\u00eas soft box ligados a [&hellip;]<\/p>\n","protected":false},"author":1759,"featured_media":0,"parent":0,"menu_order":0,"comment_status":"closed","ping_status":"closed","template":"","meta":{"_acf_changed":false,"footnotes":""},"class_list":["post-2902","page","type-page","status-publish","hentry"],"acf":[],"_links":{"self":[{"href":"https:\/\/sacod.ufpr.br\/decom\/wp-json\/wp\/v2\/pages\/2902","targetHints":{"allow":["GET"]}}],"collection":[{"href":"https:\/\/sacod.ufpr.br\/decom\/wp-json\/wp\/v2\/pages"}],"about":[{"href":"https:\/\/sacod.ufpr.br\/decom\/wp-json\/wp\/v2\/types\/page"}],"author":[{"embeddable":true,"href":"https:\/\/sacod.ufpr.br\/decom\/wp-json\/wp\/v2\/users\/1759"}],"replies":[{"embeddable":true,"href":"https:\/\/sacod.ufpr.br\/decom\/wp-json\/wp\/v2\/comments?post=2902"}],"version-history":[{"count":6,"href":"https:\/\/sacod.ufpr.br\/decom\/wp-json\/wp\/v2\/pages\/2902\/revisions"}],"predecessor-version":[{"id":2930,"href":"https:\/\/sacod.ufpr.br\/decom\/wp-json\/wp\/v2\/pages\/2902\/revisions\/2930"}],"wp:attachment":[{"href":"https:\/\/sacod.ufpr.br\/decom\/wp-json\/wp\/v2\/media?parent=2902"}],"curies":[{"name":"wp","href":"https:\/\/api.w.org\/{rel}","templated":true}]}}