{"id":2865,"date":"2019-07-26T11:28:05","date_gmt":"2019-07-26T14:28:05","guid":{"rendered":"https:\/\/sacod.ufpr.br\/decom\/?page_id=2865"},"modified":"2025-10-20T11:14:39","modified_gmt":"2025-10-20T14:14:39","slug":"relacoes-publicas","status":"publish","type":"page","link":"https:\/\/sacod.ufpr.br\/decom\/relacoes-publicas\/","title":{"rendered":"Rela\u00e7\u00f5es P\u00fablicas"},"content":{"rendered":"<div>\n<p><strong><span style=\"color: #cb6109\">Denomina\u00e7\u00e3o:<\/span>\u00a0<\/strong>Bacharelado em Rela\u00e7\u00f5es P\u00fablicas<\/p>\n<p><strong><span style=\"color: #cb6109\">Modalidade:<\/span>\u00a0<\/strong>Presencial<\/p>\n<p><strong><span style=\"color: #cb6109\">Regime:<\/span>\u00a0<\/strong>Semestral<\/p>\n<p><strong><span style=\"color: #cb6109\">Local de oferta:<\/span>\u00a0<\/strong>Setor de Artes, Comunica\u00e7\u00e3o e Design | Campus Juvev\u00ea\u00a0 \u00a0 \u00a0 \u00a0 \u00a0 \u00a0 \u00a0 \u00a0 \u00a0 \u00a0 \u00a0 \u00a0 \u00a0 \u00a0(Rua Bom Jesus 650 , Juvev\u00ea \u2013 Curitiba\/PR)<\/p>\n<\/div>\n<div>\n<p><span style=\"color: #cb6109\"><strong>Turno:\u00a0<\/strong><\/span>Matutino (com aulas eventuais no per\u00edodo noturno)<\/p>\n<p><strong><span style=\"color: #cb6109\">N\u00famero de vagas\/ano:<\/span>\u00a0<\/strong>30 por processo seletivo anual (vestibular\/SISU)<\/p>\n<p><strong><span style=\"color: #cb6109\">Carga hor\u00e1ria total:<\/span>\u00a0<\/strong>3.205 horas (o m\u00ednimo pela portaria 595\/2010 de 24\/05\/2010 do MEC\/CNE\/CES \u00e9 de 3.200 horas)<\/p>\n<p><span style=\"color: #cb6109\"><strong>Integraliza\u00e7\u00e3o curricular m\u00ednima<\/strong>:<\/span> 4 anos (8 semestres)<\/p>\n<p><span style=\"color: #cb6109\"><strong>Integraliza\u00e7\u00e3o curricular m\u00e1xima<\/strong>:<\/span>\u00a06 anos (12 semestres)<\/p>\n<p><span style=\"color: #cb6109\"><strong>Diploma Concedido<\/strong>:<\/span> Bacharel em Rela\u00e7\u00f5es P\u00fablicas<\/p>\n<p><span style=\"color: #cb6109\"><strong>Coordenador do Curso<\/strong>:<\/span> Professora Doutora Claudia Irene de Quadros.<\/p>\n<p><span style=\"color: #cb6109\"><strong>Fone:<\/strong><\/span> Inoperante<\/p>\n<p><span style=\"color: #cb6109\"><strong>E-mail<\/strong>:<\/span>\u00a0<span style=\"color: #333333\"><a style=\"color: #333333\" href=\"mailto:ccosrp@ufpr.br\" target=\"_blank\" rel=\"noopener\">ccosrp@ufpr.br<\/a><\/span><\/p>\n<\/div>\n","protected":false},"excerpt":{"rendered":"<p>Denomina\u00e7\u00e3o:\u00a0Bacharelado em Rela\u00e7\u00f5es P\u00fablicas Modalidade:\u00a0Presencial Regime:\u00a0Semestral Local de oferta:\u00a0Setor de Artes, Comunica\u00e7\u00e3o e Design | Campus Juvev\u00ea\u00a0 \u00a0 \u00a0 \u00a0 \u00a0 \u00a0 \u00a0 \u00a0 \u00a0 \u00a0 \u00a0 \u00a0 \u00a0 \u00a0(Rua Bom Jesus 650 , Juvev\u00ea \u2013 Curitiba\/PR) Turno:\u00a0Matutino (com aulas eventuais no per\u00edodo noturno) N\u00famero de vagas\/ano:\u00a030 por processo seletivo anual (vestibular\/SISU) Carga hor\u00e1ria total:\u00a03.205 [&hellip;]<\/p>\n","protected":false},"author":1759,"featured_media":0,"parent":0,"menu_order":0,"comment_status":"closed","ping_status":"closed","template":"","meta":{"_acf_changed":false,"footnotes":""},"class_list":["post-2865","page","type-page","status-publish","hentry"],"acf":[],"_links":{"self":[{"href":"https:\/\/sacod.ufpr.br\/decom\/wp-json\/wp\/v2\/pages\/2865","targetHints":{"allow":["GET"]}}],"collection":[{"href":"https:\/\/sacod.ufpr.br\/decom\/wp-json\/wp\/v2\/pages"}],"about":[{"href":"https:\/\/sacod.ufpr.br\/decom\/wp-json\/wp\/v2\/types\/page"}],"author":[{"embeddable":true,"href":"https:\/\/sacod.ufpr.br\/decom\/wp-json\/wp\/v2\/users\/1759"}],"replies":[{"embeddable":true,"href":"https:\/\/sacod.ufpr.br\/decom\/wp-json\/wp\/v2\/comments?post=2865"}],"version-history":[{"count":28,"href":"https:\/\/sacod.ufpr.br\/decom\/wp-json\/wp\/v2\/pages\/2865\/revisions"}],"predecessor-version":[{"id":3484,"href":"https:\/\/sacod.ufpr.br\/decom\/wp-json\/wp\/v2\/pages\/2865\/revisions\/3484"}],"wp:attachment":[{"href":"https:\/\/sacod.ufpr.br\/decom\/wp-json\/wp\/v2\/media?parent=2865"}],"curies":[{"name":"wp","href":"https:\/\/api.w.org\/{rel}","templated":true}]}}