{"id":2860,"date":"2019-07-26T11:25:26","date_gmt":"2019-07-26T14:25:26","guid":{"rendered":"https:\/\/sacod.ufpr.br\/decom\/?page_id=2860"},"modified":"2025-10-20T11:12:45","modified_gmt":"2025-10-20T14:12:45","slug":"jornalismo","status":"publish","type":"page","link":"https:\/\/sacod.ufpr.br\/decom\/jornalismo\/","title":{"rendered":"Jornalismo"},"content":{"rendered":"<div class=\"title\"><strong><span style=\"color: #cb6109\">Denomina\u00e7\u00e3o:<\/span><\/strong>\u00a0Bacharelado em Jornalismo<\/div>\n<div>\n<p><strong><span style=\"color: #cb6109\">Modalidade:<\/span><\/strong>\u00a0Presencial<\/p>\n<p><strong><span style=\"color: #cb6109\">Regime de matr\u00edcula:<\/span><\/strong>\u00a0Semestral<\/p>\n<p><strong><span style=\"color: #cb6109\">Local de oferta:<\/span><\/strong>\u00a0Setor de Artes, Comunica\u00e7\u00e3o e Design | Campus Juvev\u00ea<\/p>\n<p>(Rua Bom Jesus 650 , Juvev\u00ea \u2013 Curitiba\/PR)<\/p>\n<p><strong><span style=\"color: #cb6109\">Turno:<\/span><\/strong>\u00a0Manh\u00e3 + Noite (M + N)<\/p>\n<p><strong><span style=\"color: #cb6109\">N\u00famero de vagas:<\/span><\/strong>\u00a030 por processo seletivo anual (vestibular\/SISU).<\/p>\n<p><strong><span style=\"color: #cb6109\">Carga hor\u00e1ria total:<\/span><\/strong>\u00a03230 horas<\/p>\n<p><strong><span style=\"color: #cb6109\">Integraliza\u00e7\u00e3o curricular m\u00ednima:<\/span><\/strong>4 anos (8 semestres)<\/p>\n<p><strong><span style=\"color: #cb6109\">Integraliza\u00e7\u00e3o curricular m\u00e1xima:<\/span><\/strong>6\u00a0anos (12 semestres)<\/p>\n<p><strong><span style=\"color: #cb6109\">Diploma concedido:<\/span><\/strong> Bacharel em Jornalismo<\/p>\n<p><strong><span style=\"color: #cb6109\">Coordenador do curso:<\/span><\/strong> Professor Doutor Mario Messagi Junior<\/p>\n<p><strong><span style=\"color: #cb6109\">Fone:<\/span><\/strong> Inoperante<\/p>\n<\/div>\n<div>\n<p><span style=\"color: #cb6109\"><strong>E-mail:<\/strong><\/span><span style=\"color: #333333\"><a style=\"color: #333333\" href=\"mailto:ccjor@ufpr.br\" target=\"_blank\" rel=\"noopener\">ccjor@ufpr.br<\/a><\/span><\/p>\n<\/div>\n","protected":false},"excerpt":{"rendered":"<p>Denomina\u00e7\u00e3o:\u00a0Bacharelado em Jornalismo Modalidade:\u00a0Presencial Regime de matr\u00edcula:\u00a0Semestral Local de oferta:\u00a0Setor de Artes, Comunica\u00e7\u00e3o e Design | Campus Juvev\u00ea (Rua Bom Jesus 650 , Juvev\u00ea \u2013 Curitiba\/PR) Turno:\u00a0Manh\u00e3 + Noite (M + N) N\u00famero de vagas:\u00a030 por processo seletivo anual (vestibular\/SISU). Carga hor\u00e1ria total:\u00a03230 horas Integraliza\u00e7\u00e3o curricular m\u00ednima:4 anos (8 semestres) Integraliza\u00e7\u00e3o curricular m\u00e1xima:6\u00a0anos (12 semestres) [&hellip;]<\/p>\n","protected":false},"author":1759,"featured_media":0,"parent":0,"menu_order":0,"comment_status":"closed","ping_status":"closed","template":"","meta":{"_acf_changed":false,"footnotes":""},"class_list":["post-2860","page","type-page","status-publish","hentry"],"acf":[],"_links":{"self":[{"href":"https:\/\/sacod.ufpr.br\/decom\/wp-json\/wp\/v2\/pages\/2860","targetHints":{"allow":["GET"]}}],"collection":[{"href":"https:\/\/sacod.ufpr.br\/decom\/wp-json\/wp\/v2\/pages"}],"about":[{"href":"https:\/\/sacod.ufpr.br\/decom\/wp-json\/wp\/v2\/types\/page"}],"author":[{"embeddable":true,"href":"https:\/\/sacod.ufpr.br\/decom\/wp-json\/wp\/v2\/users\/1759"}],"replies":[{"embeddable":true,"href":"https:\/\/sacod.ufpr.br\/decom\/wp-json\/wp\/v2\/comments?post=2860"}],"version-history":[{"count":16,"href":"https:\/\/sacod.ufpr.br\/decom\/wp-json\/wp\/v2\/pages\/2860\/revisions"}],"predecessor-version":[{"id":3483,"href":"https:\/\/sacod.ufpr.br\/decom\/wp-json\/wp\/v2\/pages\/2860\/revisions\/3483"}],"wp:attachment":[{"href":"https:\/\/sacod.ufpr.br\/decom\/wp-json\/wp\/v2\/media?parent=2860"}],"curies":[{"name":"wp","href":"https:\/\/api.w.org\/{rel}","templated":true}]}}