{"id":278,"date":"2017-08-30T16:00:39","date_gmt":"2017-08-30T19:00:39","guid":{"rendered":"https:\/\/sacod.ufpr.br\/decom\/?page_id=278"},"modified":"2026-02-23T16:47:26","modified_gmt":"2026-02-23T19:47:26","slug":"publicidade-e-propaganda-2","status":"publish","type":"page","link":"https:\/\/sacod.ufpr.br\/decom\/publicidade-e-propaganda-2\/","title":{"rendered":"Publicidade e Propaganda"},"content":{"rendered":"<p><a href=\"https:\/\/sacod.ufpr.br\/decom\/professores\/\">Lista de Docentes<\/a><\/p>\n<p><a href=\"https:\/\/sacod.ufpr.br\/decom\/wp-content\/uploads\/sites\/3\/2022\/06\/PPC-PP-1.pdf\">Projeto Pedag\u00f3gico<\/a><\/p>\n<p><a href=\"https:\/\/sacod.ufpr.br\/decom\/wp-content\/uploads\/sites\/3\/2026\/02\/Grade-Publicidade-e-Propaganda-2026.1.pdf\">Grade Hor\u00e1ria<\/a><\/p>\n<h6>Ultima Atualiza\u00e7\u00e3o\u00a0<span style=\"color: #ff0000\">\u00a0 23\/02\/26<\/span><\/h6>\n","protected":false},"excerpt":{"rendered":"<p>Lista de Docentes Projeto Pedag\u00f3gico Grade Hor\u00e1ria Ultima Atualiza\u00e7\u00e3o\u00a0\u00a0 23\/02\/26<\/p>\n","protected":false},"author":11,"featured_media":0,"parent":0,"menu_order":0,"comment_status":"closed","ping_status":"closed","template":"","meta":{"_acf_changed":false,"footnotes":""},"class_list":["post-278","page","type-page","status-publish","hentry"],"acf":[],"_links":{"self":[{"href":"https:\/\/sacod.ufpr.br\/decom\/wp-json\/wp\/v2\/pages\/278","targetHints":{"allow":["GET"]}}],"collection":[{"href":"https:\/\/sacod.ufpr.br\/decom\/wp-json\/wp\/v2\/pages"}],"about":[{"href":"https:\/\/sacod.ufpr.br\/decom\/wp-json\/wp\/v2\/types\/page"}],"author":[{"embeddable":true,"href":"https:\/\/sacod.ufpr.br\/decom\/wp-json\/wp\/v2\/users\/11"}],"replies":[{"embeddable":true,"href":"https:\/\/sacod.ufpr.br\/decom\/wp-json\/wp\/v2\/comments?post=278"}],"version-history":[{"count":20,"href":"https:\/\/sacod.ufpr.br\/decom\/wp-json\/wp\/v2\/pages\/278\/revisions"}],"predecessor-version":[{"id":3500,"href":"https:\/\/sacod.ufpr.br\/decom\/wp-json\/wp\/v2\/pages\/278\/revisions\/3500"}],"wp:attachment":[{"href":"https:\/\/sacod.ufpr.br\/decom\/wp-json\/wp\/v2\/media?parent=278"}],"curies":[{"name":"wp","href":"https:\/\/api.w.org\/{rel}","templated":true}]}}