{"id":276,"date":"2017-08-30T15:59:25","date_gmt":"2017-08-30T18:59:25","guid":{"rendered":"https:\/\/sacod.ufpr.br\/decom\/?page_id=276"},"modified":"2026-02-23T16:49:32","modified_gmt":"2026-02-23T19:49:32","slug":"relacoes-publicas-2","status":"publish","type":"page","link":"https:\/\/sacod.ufpr.br\/decom\/relacoes-publicas-2\/","title":{"rendered":"Rela\u00e7\u00f5es P\u00fablicas"},"content":{"rendered":"<p><a href=\"https:\/\/sacod.ufpr.br\/decom\/professores\/\">Lista de Docentes<\/a><\/p>\n<p><a href=\"https:\/\/sacod.ufpr.br\/decom\/wp-content\/uploads\/sites\/3\/2023\/05\/PPC_RP_ajuste_curricular__extensao_.pdf\">Projeto Pedag\u00f3gico (2023)<\/a><\/p>\n<p><a href=\"https:\/\/sacod.ufpr.br\/decom\/wp-content\/uploads\/sites\/3\/2018\/07\/PPC-RP.pdf\">Projeto Pedag\u00f3gico(2017)<\/a><\/p>\n<p><a href=\"https:\/\/sacod.ufpr.br\/decom\/wp-content\/uploads\/sites\/3\/2026\/02\/Grade-Relacoes-Publicas-2026.1.pdf\">Grade Hor\u00e1ria<\/a><\/p>\n<h6>Ultima Atualiza\u00e7\u00e3o\u00a0 <span style=\"color: #ff0000\">23\/02\/26<\/span><\/h6>\n","protected":false},"excerpt":{"rendered":"<p>Lista de Docentes Projeto Pedag\u00f3gico (2023) Projeto Pedag\u00f3gico(2017) Grade Hor\u00e1ria Ultima Atualiza\u00e7\u00e3o\u00a0 23\/02\/26<\/p>\n","protected":false},"author":11,"featured_media":0,"parent":0,"menu_order":0,"comment_status":"closed","ping_status":"closed","template":"","meta":{"_acf_changed":false,"footnotes":""},"class_list":["post-276","page","type-page","status-publish","hentry"],"acf":[],"_links":{"self":[{"href":"https:\/\/sacod.ufpr.br\/decom\/wp-json\/wp\/v2\/pages\/276","targetHints":{"allow":["GET"]}}],"collection":[{"href":"https:\/\/sacod.ufpr.br\/decom\/wp-json\/wp\/v2\/pages"}],"about":[{"href":"https:\/\/sacod.ufpr.br\/decom\/wp-json\/wp\/v2\/types\/page"}],"author":[{"embeddable":true,"href":"https:\/\/sacod.ufpr.br\/decom\/wp-json\/wp\/v2\/users\/11"}],"replies":[{"embeddable":true,"href":"https:\/\/sacod.ufpr.br\/decom\/wp-json\/wp\/v2\/comments?post=276"}],"version-history":[{"count":21,"href":"https:\/\/sacod.ufpr.br\/decom\/wp-json\/wp\/v2\/pages\/276\/revisions"}],"predecessor-version":[{"id":3501,"href":"https:\/\/sacod.ufpr.br\/decom\/wp-json\/wp\/v2\/pages\/276\/revisions\/3501"}],"wp:attachment":[{"href":"https:\/\/sacod.ufpr.br\/decom\/wp-json\/wp\/v2\/media?parent=276"}],"curies":[{"name":"wp","href":"https:\/\/api.w.org\/{rel}","templated":true}]}}