{"id":234,"date":"2017-08-30T15:10:31","date_gmt":"2017-08-30T18:10:31","guid":{"rendered":"https:\/\/sacod.ufpr.br\/decom\/?page_id=234"},"modified":"2020-06-01T13:36:39","modified_gmt":"2020-06-01T16:36:39","slug":"disciplinas-relacoes-publicas","status":"publish","type":"page","link":"https:\/\/sacod.ufpr.br\/decom\/disciplinas-relacoes-publicas\/","title":{"rendered":"Disciplinas Rela\u00e7\u00f5es P\u00fablicas"},"content":{"rendered":"<p><a href=\"https:\/\/sacod.ufpr.br\/comunicacao\/wp-content\/uploads\/sites\/9\/2017\/05\/HH300-Historia-Contemporanea.pdf\">HH300 \u2013 Historia Contemporanea<\/a><br \/>\n<a href=\"https:\/\/sacod.ufpr.br\/comunicacao\/wp-content\/uploads\/sites\/9\/2017\/05\/LIB037-Comunica%C3%A7%C3%A3o-em-L%C3%ADngua-Brasileira-de-Sinais-LIBRAS-1.pdf\">LIB037 \u2013 Comunica\u00e7\u00e3o em L\u00edngua Brasileira de Sinais \u2013 LIBRAS<\/a><br \/>\n<a href=\"https:\/\/sacod.ufpr.br\/comunicacao\/wp-content\/uploads\/sites\/9\/2017\/05\/OC002-Fundamentos-de-Comunica%C3%A7%C3%A3o-Sonora.pdf\">OC002 \u2013 Fundamentos de Comunica\u00e7\u00e3o Sonora<\/a><br \/>\n<a href=\"https:\/\/sacod.ufpr.br\/comunicacao\/wp-content\/uploads\/sites\/9\/2017\/05\/OC003-Fundamentos-da-Fotografia.pdf\">OC003 \u2013 Fundamentos da Fotografia<\/a><br \/>\n<a href=\"https:\/\/sacod.ufpr.br\/comunicacao\/wp-content\/uploads\/sites\/9\/2017\/05\/OC004-Economia-Politica-da-Comunica%C3%A7%C3%A3o.pdf\">OC004 \u2013 Economia Politica da Comunica\u00e7\u00e3o<\/a><br \/>\n<a href=\"https:\/\/sacod.ufpr.br\/comunicacao\/wp-content\/uploads\/sites\/9\/2017\/05\/OC005-Oficina-de-Reda%C3%A7%C3%A3o.pdf\">OC005 \u2013 Oficina de Reda\u00e7\u00e3o<\/a><br \/>\n<a href=\"https:\/\/sacod.ufpr.br\/comunicacao\/wp-content\/uploads\/sites\/9\/2017\/05\/OC006-Leituras-em-Filosofia.pdf\">OC006 \u2013 Leituras em Filosofia<\/a><br \/>\n<a href=\"https:\/\/sacod.ufpr.br\/comunicacao\/wp-content\/uploads\/sites\/9\/2017\/05\/OC007-Introdu%C3%A7%C3%A3o-ao-Jornalismo.pdf\">OC007 \u2013 Introdu\u00e7\u00e3o ao Jornalismo<\/a><br \/>\n<a href=\"https:\/\/sacod.ufpr.br\/comunicacao\/wp-content\/uploads\/sites\/9\/2017\/05\/OC008-Reda%C3%A7%C3%A3o-Jornalistica-I.pdf\">OC008 \u2013 Reda\u00e7\u00e3o Jornalistica I<\/a><br \/>\n<a href=\"https:\/\/sacod.ufpr.br\/comunicacao\/wp-content\/uploads\/sites\/9\/2017\/05\/OC009-Fundamentos-de-Comunica%C3%A7%C3%A3o-Audiovisual.pdf\">OC009 \u2013 Fundamentos de Comunica\u00e7\u00e3o Audiovisual<\/a><br \/>\n<a href=\"https:\/\/sacod.ufpr.br\/comunicacao\/wp-content\/uploads\/sites\/9\/2017\/05\/OC010-Fundamentos-da-Comunica%C3%A7%C3%A3o-Visual.pdf\">OC010 \u2013 Fundamentos da Comunica\u00e7\u00e3o Visual<\/a><br \/>\n<a href=\"https:\/\/sacod.ufpr.br\/comunicacao\/wp-content\/uploads\/sites\/9\/2017\/05\/OC027-Hist%C3%B3ria-da-Comunica%C3%A7%C3%A3o.pdf\">OC027 \u2013 Hist\u00f3ria da Comunica\u00e7\u00e3o<\/a><br \/>\n<a href=\"https:\/\/sacod.ufpr.br\/comunicacao\/wp-content\/uploads\/sites\/9\/2017\/05\/OC028-Leituras-em-Sociologia.pdf\">OC028 \u2013 Leituras em Sociologia<\/a><br \/>\n<a href=\"https:\/\/sacod.ufpr.br\/comunicacao\/wp-content\/uploads\/sites\/9\/2017\/05\/OC029-Reda%C3%A7%C3%A3o-Jornal%C3%ADstica-II-1.pdf\">OC029 \u2013 Reda\u00e7\u00e3o Jornal\u00edstica II<\/a><br \/>\n<a href=\"https:\/\/sacod.ufpr.br\/comunicacao\/wp-content\/uploads\/sites\/9\/2017\/05\/OC030-Comunica%C3%A7%C3%A3o-e-Mercado-2.pdf\">OC030 \u2013 Comunica\u00e7\u00e3o e Mercado<\/a><br \/>\n<a href=\"https:\/\/sacod.ufpr.br\/comunicacao\/wp-content\/uploads\/sites\/9\/2017\/05\/OC031-T%C3%B3picos-Especiais-em-Teoria-da-Comunica%C3%A7%C3%A3o-I.pdf\">OC031 \u2013 T\u00f3picos Especiais em Teoria da Comunica\u00e7\u00e3o I<\/a><br \/>\n<a href=\"https:\/\/sacod.ufpr.br\/comunicacao\/wp-content\/uploads\/sites\/9\/2017\/05\/OC032-T%C3%B3picos-Especiais-em-Teoria-da-Comunica%C3%A7%C3%A3o-II.pdf\">OC032 \u2013 T\u00f3picos Especiais em Teoria da Comunica\u00e7\u00e3o II<\/a><br \/>\n<a href=\"https:\/\/sacod.ufpr.br\/comunicacao\/wp-content\/uploads\/sites\/9\/2017\/05\/OC033-T%C3%B3picos-Especiais-em-Teoria-da-Comunica%C3%A7%C3%A3o-III.pdf\">OC033 \u2013 T\u00f3picos Especiais em Teoria da Comunica\u00e7\u00e3o III<\/a><br \/>\n<a href=\"https:\/\/sacod.ufpr.br\/comunicacao\/wp-content\/uploads\/sites\/9\/2017\/05\/OC034-T%C3%B3picos-Especiais-em-Teoria-da-Comunica%C3%A7%C3%A3o-IV.pdf\">OC034 \u2013 T\u00f3picos Especiais em Teoria da Comunica\u00e7\u00e3o IV<\/a><br \/>\n<a href=\"https:\/\/sacod.ufpr.br\/comunicacao\/wp-content\/uploads\/sites\/9\/2017\/05\/OC035-T%C3%B3picos-Especiais-em-Teoria-da-Comunica%C3%A7%C3%A3o-V.pdf\">OC035 \u2013 T\u00f3picos Especiais em Teoria da Comunica\u00e7\u00e3o V<\/a><br \/>\n<a href=\"https:\/\/sacod.ufpr.br\/comunicacao\/wp-content\/uploads\/sites\/9\/2017\/05\/OC036-T%C3%B3picos-Especiais-em-Teoria-da-Comunica%C3%A7%C3%A3o-VI.pdf\">OC036 \u2013 T\u00f3picos Especiais em Teoria da Comunica\u00e7\u00e3o VI<\/a><br \/>\n<a href=\"https:\/\/sacod.ufpr.br\/comunicacao\/wp-content\/uploads\/sites\/9\/2017\/05\/OC037-T%C3%B3picos-Especiais-em-Teoria-da-Comunica%C3%A7%C3%A3o-VII.pdf\">OC037 \u2013 T\u00f3picos Especiais em Teoria da Comunica\u00e7\u00e3o VII<\/a><br \/>\n<a href=\"https:\/\/sacod.ufpr.br\/comunicacao\/wp-content\/uploads\/sites\/9\/2017\/05\/OC038-T%C3%B3picos-Especiais-em-Teoria-da-Comunica%C3%A7%C3%A3o-VIII.pdf\">OC038 \u2013 T\u00f3picos Especiais em Teoria da Comunica\u00e7\u00e3o VIII<\/a><br \/>\n<a href=\"https:\/\/sacod.ufpr.br\/comunicacao\/wp-content\/uploads\/sites\/9\/2017\/05\/OC039-T%C3%B3picos-Especiais-em-Teoria-da-Comunica%C3%A7%C3%A3o-IX.pdf\">OC039 \u2013 T\u00f3picos Especiais em Teoria da Comunica\u00e7\u00e3o IX<\/a><br \/>\n<a href=\"https:\/\/sacod.ufpr.br\/comunicacao\/wp-content\/uploads\/sites\/9\/2017\/05\/OC055-T%C3%B3picos-Especiais-em-Comunica%C3%A7%C3%A3o-e-Linguagem-1.pdf\">OC055 \u2013 T\u00f3picos Especiais em Comunica\u00e7\u00e3o e Linguagem<\/a><br \/>\n<a href=\"https:\/\/sacod.ufpr.br\/comunicacao\/wp-content\/uploads\/sites\/9\/2017\/05\/OC057-Teorias-da-Comunica%C3%A7%C3%A3o-I.pdf\">OC057 \u2013 Teorias da Comunica\u00e7\u00e3o I<\/a><br \/>\n<a href=\"https:\/\/sacod.ufpr.br\/comunicacao\/wp-content\/uploads\/sites\/9\/2017\/05\/OC058-antropologia-Comunica%C3%A7%C3%A3o-e-Cultura.pdf\">OC058 \u2013 antropologia Comunica\u00e7\u00e3o e Cultura<\/a><br \/>\n<a href=\"https:\/\/sacod.ufpr.br\/comunicacao\/wp-content\/uploads\/sites\/9\/2017\/05\/OC059-Ci%C3%AAncias-Sociais-e-Comunica%C3%A7%C3%A3o-1.pdf\">OC059 \u2013 Ci\u00eancias Sociais e Comunica\u00e7\u00e3o<\/a><br \/>\n<a href=\"https:\/\/sacod.ufpr.br\/comunicacao\/wp-content\/uploads\/sites\/9\/2017\/05\/OC063-Reda%C3%A7%C3%A3o-Jornalistica-III.pdf\">OC063 \u2013 Reda\u00e7\u00e3o Jornalistica III<\/a><br \/>\n<a href=\"https:\/\/sacod.ufpr.br\/comunicacao\/wp-content\/uploads\/sites\/9\/2017\/05\/OC064-Comunica%C3%A7%C3%A3o-e-Linguagem-1.pdf\">OC064 \u2013 Comunica\u00e7\u00e3o e Linguagem<\/a><br \/>\n<a href=\"https:\/\/sacod.ufpr.br\/comunicacao\/wp-content\/uploads\/sites\/9\/2017\/05\/OC065-Pesquisa-em-Comunica%C3%A7%C3%A3o-I-1.pdf\">OC065 \u2013 Pesquisa em Comunica\u00e7\u00e3o I<\/a><br \/>\n<a href=\"https:\/\/sacod.ufpr.br\/comunicacao\/wp-content\/uploads\/sites\/9\/2017\/05\/OC066-Hist%C3%B3ria-da-Arte-1.pdf\">OC066 \u2013 Hist\u00f3ria da Arte<\/a><br \/>\n<a href=\"https:\/\/sacod.ufpr.br\/comunicacao\/wp-content\/uploads\/sites\/9\/2017\/05\/OC071-Comunica%C3%A7%C3%A3o-e-Tecnologia-1.pdf\">OC071 \u2013 Comunica\u00e7\u00e3o e Tecnologia<\/a><br \/>\n<a href=\"https:\/\/sacod.ufpr.br\/comunicacao\/wp-content\/uploads\/sites\/9\/2017\/05\/OC072-Pesquisa-em-Comunica%C3%A7%C3%A3o-II-1.pdf\">OC072 \u2013 Pesquisa em Comunica\u00e7\u00e3o II<\/a><br \/>\n<a href=\"https:\/\/sacod.ufpr.br\/comunicacao\/wp-content\/uploads\/sites\/9\/2017\/05\/OC073-Comunica%C3%A7%C3%A3o-e-Cidadania-1.pdf\">OC073 \u2013 Comunica\u00e7\u00e3o e Cidadania<\/a><br \/>\n<a href=\"https:\/\/sacod.ufpr.br\/comunicacao\/wp-content\/uploads\/sites\/9\/2017\/05\/OC077-Projeto-de-Assessoria-de-Comunica%C3%A7%C3%A3o.pdf\">OC077 \u2013 Projeto de Assessoria de Comunica\u00e7\u00e3o<\/a><br \/>\n<a href=\"https:\/\/sacod.ufpr.br\/comunicacao\/wp-content\/uploads\/sites\/9\/2017\/05\/OC079-Teorias-da-Comunica%C3%A7%C3%A3o-II.pdf\">OC079 \u2013 Teorias da Comunica\u00e7\u00e3o II<\/a><br \/>\n<a href=\"https:\/\/sacod.ufpr.br\/comunicacao\/wp-content\/uploads\/sites\/9\/2017\/05\/OC081-Comunica%C3%A7%C3%A3o-e-Educa%C3%A7%C3%A3o-1.pdf\">OC081 \u2013 Comunica\u00e7\u00e3o e Educa\u00e7\u00e3o<\/a><br \/>\n<a href=\"https:\/\/sacod.ufpr.br\/comunicacao\/wp-content\/uploads\/sites\/9\/2017\/05\/OC090-Comunica%C3%A7%C3%A3o-e-Politica-1.pdf\">OC090 \u2013 Comunica\u00e7\u00e3o e Politica<\/a><br \/>\n<a href=\"https:\/\/sacod.ufpr.br\/comunicacao\/wp-content\/uploads\/sites\/9\/2017\/05\/OC093-Comunica%C3%A7%C3%A3o-Popular-e-Alternativa.pdf\">OC093 \u2013 Comunica\u00e7\u00e3o Popular e Alternativa<\/a><br \/>\n<a href=\"https:\/\/sacod.ufpr.br\/comunicacao\/wp-content\/uploads\/sites\/9\/2017\/05\/OC094-Comunica%C3%A7%C3%A3o-e-Arte-1.pdf\">OC094 \u2013 Comunica\u00e7\u00e3o e Arte<\/a><br \/>\n<a href=\"https:\/\/sacod.ufpr.br\/comunicacao\/wp-content\/uploads\/sites\/9\/2017\/05\/OC097-Hist%C3%B3ria-do-Cinema-1.pdf\">OC097 \u2013 Hist\u00f3ria do Cinema<\/a><br \/>\n<a href=\"https:\/\/sacod.ufpr.br\/comunicacao\/wp-content\/uploads\/sites\/9\/2017\/05\/OC098-Cinema-I-1.pdf\">OC098 \u2013 Cinema I<\/a><br \/>\n<a href=\"https:\/\/sacod.ufpr.br\/comunicacao\/wp-content\/uploads\/sites\/9\/2017\/05\/OC099-cinema-II.pdf\">OC099 \u2013 cinema II<\/a><br \/>\n<a href=\"https:\/\/sacod.ufpr.br\/comunicacao\/wp-content\/uploads\/sites\/9\/2017\/05\/OC100-Comunica%C3%A7%C3%A3o-e-Redes-Urbanas.pdf\">OC100 \u2013 Comunica\u00e7\u00e3o e Redes Urbanas<\/a><br \/>\n<a href=\"https:\/\/sacod.ufpr.br\/comunicacao\/wp-content\/uploads\/sites\/9\/2017\/05\/OC110-T%C3%B3picos-Especiais-em-Teoria-do-Conhecimento-Meios-de-Comunica%C3%A7%C3%A3o-e-Continente-Africano-1.pdf\">OC110 \u2013 T\u00f3picos Especiais em Teoria do Conhecimento \u2013 Meios de Comunica\u00e7\u00e3o e Continente Africano<\/a><br \/>\n<a href=\"https:\/\/sacod.ufpr.br\/comunicacao\/wp-content\/uploads\/sites\/9\/2017\/05\/OC128-Produ%C3%A7%C3%A3o-Audiovisual.pdf\">OC128 \u2013 Produ\u00e7\u00e3o Audiovisual<\/a><br \/>\n<a href=\"https:\/\/sacod.ufpr.br\/comunicacao\/wp-content\/uploads\/sites\/9\/2017\/05\/OC134-Psicologia-do-Consumidor.pdf\">OC134 \u2013 Psicologia do Consumidor<\/a><br \/>\n<a href=\"https:\/\/sacod.ufpr.br\/comunicacao\/wp-content\/uploads\/sites\/9\/2017\/05\/OC135-Comunica%C3%A7%C3%A3o-Sociedade-e-Mercado.pdf\">OC135 \u2013 Comunica\u00e7\u00e3o, Sociedade e Mercado<\/a><br \/>\n<a href=\"https:\/\/sacod.ufpr.br\/comunicacao\/wp-content\/uploads\/sites\/9\/2017\/05\/OC138-Introdu%C3%A7%C3%A3o-ao-marketing.pdf\">OC138 \u2013 Introdu\u00e7\u00e3o ao marketing<\/a><br \/>\n<a href=\"https:\/\/sacod.ufpr.br\/comunicacao\/wp-content\/uploads\/sites\/9\/2017\/05\/OC139-Pesquisa-de-Mercado.pdf\">OC139 \u2013 Pesquisa de Mercado<\/a><br \/>\n<a href=\"https:\/\/sacod.ufpr.br\/comunicacao\/wp-content\/uploads\/sites\/9\/2017\/05\/OC144-programa%C3%A7%C3%A3o-Visual-I.pdf\">OC144 \u2013 programa\u00e7\u00e3o Visual I<\/a><br \/>\n<a href=\"https:\/\/sacod.ufpr.br\/comunicacao\/wp-content\/uploads\/sites\/9\/2017\/05\/OC156-Asssessoria-de-Comunica%C3%A7%C3%A3o.pdf\">OC156 \u2013 Asssessoria de Comunica\u00e7\u00e3o<\/a><br \/>\n<a href=\"https:\/\/sacod.ufpr.br\/comunicacao\/wp-content\/uploads\/sites\/9\/2017\/05\/OC158-produ%C3%A7%C3%A3o-Publicit%C3%A1ria-Sonora.pdf\">OC158 \u2013 produ\u00e7\u00e3o Publicit\u00e1ria Sonora<\/a><br \/>\n<a href=\"https:\/\/sacod.ufpr.br\/comunicacao\/wp-content\/uploads\/sites\/9\/2017\/05\/OC189-Produ%C3%A7%C3%A3o-Publicit%C3%A1ria-Audiovisual.pdf\">OC189 \u2013 Produ\u00e7\u00e3o Publicit\u00e1ria Audiovisual<\/a><br \/>\n<a href=\"https:\/\/sacod.ufpr.br\/comunicacao\/wp-content\/uploads\/sites\/9\/2017\/05\/OC204-Planejamento-de-Comunica%C3%A7%C3%A3o.pdf\">OC204 \u2013 Planejamento de Comunica\u00e7\u00e3o<\/a><br \/>\n<a href=\"https:\/\/sacod.ufpr.br\/comunicacao\/wp-content\/uploads\/sites\/9\/2017\/05\/OC209-Promo%C3%A7%C3%A3o-de-Vendas-e-Merchandising.pdf\">OC209 \u2013 Promo\u00e7\u00e3o de Vendas e Merchandising<\/a><br \/>\n<a href=\"https:\/\/sacod.ufpr.br\/comunicacao\/wp-content\/uploads\/sites\/9\/2017\/05\/OC210-Gest%C3%A3o-de-Neg%C3%B3cios-em-Comunica%C3%A7%C3%A3o.pdf\">OC210 \u2013 Gest\u00e3o de Neg\u00f3cios em Comunica\u00e7\u00e3o<\/a><br \/>\n<a href=\"https:\/\/sacod.ufpr.br\/comunicacao\/wp-content\/uploads\/sites\/9\/2017\/05\/OC211-marketing-Politico.pdf\">OC211 \u2013 marketing Politico<\/a><br \/>\n<a href=\"https:\/\/sacod.ufpr.br\/comunicacao\/wp-content\/uploads\/sites\/9\/2017\/05\/OC230-Teoria-e-Pesquisa-de-Opini%C3%A3o-P%C3%BAblica.pdf\">OC230 \u2013 Teoria e Pesquisa de Opini\u00e3o P\u00fablica<\/a><br \/>\n<a href=\"https:\/\/sacod.ufpr.br\/comunicacao\/wp-content\/uploads\/sites\/9\/2017\/05\/OC231-Planejamento-Estrat%C3%A9gico.pdf\">OC231 \u2013 Planejamento Estrat\u00e9gico<\/a><br \/>\n<a href=\"https:\/\/sacod.ufpr.br\/comunicacao\/wp-content\/uploads\/sites\/9\/2017\/05\/OC232-Fundamentos-de-Administra%C3%A7%C3%A3o.pdf\">OC232 \u2013 Fundamentos de Administra\u00e7\u00e3o<\/a><br \/>\n<a href=\"https:\/\/sacod.ufpr.br\/comunicacao\/wp-content\/uploads\/sites\/9\/2017\/05\/OC233-Introdu%C3%A7%C3%A3o-%C3%A0s-Rela%C3%A7%C3%B5es-P%C3%BAblicas.pdf\">OC233 \u2013 Introdu\u00e7\u00e3o \u00e0s Rela\u00e7\u00f5es P\u00fablicas<\/a><br \/>\n<a href=\"https:\/\/sacod.ufpr.br\/comunicacao\/wp-content\/uploads\/sites\/9\/2017\/05\/OC234-Midias-digitais.pdf\">OC234 \u2013 Midias digitais<\/a><br \/>\n<a href=\"https:\/\/sacod.ufpr.br\/comunicacao\/wp-content\/uploads\/sites\/9\/2017\/05\/OC235-Projeto-Interdisciplinar.pdf\">OC235 \u2013 Projeto Interdisciplinar<\/a><br \/>\n<a href=\"https:\/\/sacod.ufpr.br\/comunicacao\/wp-content\/uploads\/sites\/9\/2017\/05\/OC236-Comunica%C3%A7%C3%A3o-e-Tecnol%C3%A7ogia-nas-Rela%C3%A7%C3%B5es-P%C3%BAblicas.pdf\">OC236 \u2013 Comunica\u00e7\u00e3o e Tecnol\u00e7ogia nas Rela\u00e7\u00f5es P\u00fablicas<\/a><br \/>\n<a href=\"https:\/\/sacod.ufpr.br\/comunicacao\/wp-content\/uploads\/sites\/9\/2017\/05\/OC237-Fotografia-Interdisciplinar.pdf\">OC237 \u2013 Fotografia Institucional<\/a><br \/>\n<a href=\"https:\/\/sacod.ufpr.br\/comunicacao\/wp-content\/uploads\/sites\/9\/2017\/05\/OC238-Teoria-das-Rela%C3%A7%C3%B5es-P%C3%BAblicas.pdf\">OC238 \u2013 Teoria das Rela\u00e7\u00f5es P\u00fablicas<\/a><br \/>\n<a href=\"https:\/\/sacod.ufpr.br\/comunicacao\/wp-content\/uploads\/sites\/9\/2017\/05\/OC239-Reda%C3%A7%C3%A3o-I.pdf\">OC239 \u2013 Reda\u00e7\u00e3o I<\/a><br \/>\n<a href=\"https:\/\/sacod.ufpr.br\/comunicacao\/wp-content\/uploads\/sites\/9\/2017\/05\/OC240-Projeto-Interdisciplinar-II.pdf\">OC240 \u2013 Projeto Interdisciplinar II<\/a><br \/>\n<a href=\"https:\/\/sacod.ufpr.br\/comunicacao\/wp-content\/uploads\/sites\/9\/2017\/05\/OC241-projeto-Ag%C3%AAncia-I.pdf\">OC241 \u2013 projeto Ag\u00eancia I<\/a><br \/>\n<a href=\"https:\/\/sacod.ufpr.br\/comunicacao\/wp-content\/uploads\/sites\/9\/2017\/05\/OC242-Planejamento-Gr%C3%A1fico-e-Editorial-em-RP.pdf\">OC242 \u2013 Planejamento Gr\u00e1fico e Editorial em RP<\/a><br \/>\n<a href=\"https:\/\/sacod.ufpr.br\/comunicacao\/wp-content\/uploads\/sites\/9\/2017\/05\/OC243-Teoria-e-T%C3%A9cnicas-das-Rela%C3%A7%C3%B5es-P%C3%BAblicas.pdf\">OC243 \u2013 Teoria e T\u00e9cnicas das Rela\u00e7\u00f5es P\u00fablicas<\/a><br \/>\n<a href=\"https:\/\/sacod.ufpr.br\/comunicacao\/wp-content\/uploads\/sites\/9\/2017\/05\/OC244-Reda%C3%A7%C3%A3o-II.pdf\">OC244 \u2013 Reda\u00e7\u00e3o II<\/a><br \/>\n<a href=\"https:\/\/sacod.ufpr.br\/comunicacao\/wp-content\/uploads\/sites\/9\/2017\/05\/OC245-Projeto-Interdisciplinar-III.pdf\">OC245 \u2013 Projeto Interdisciplinar III<\/a><br \/>\n<a href=\"https:\/\/sacod.ufpr.br\/comunicacao\/wp-content\/uploads\/sites\/9\/2017\/05\/OC246-Produ%C3%A7%C3%A3o-Sonora-Institucional.pdf\">OC246 \u2013 Produ\u00e7\u00e3o Sonora Institucional<\/a><br \/>\n<a href=\"https:\/\/sacod.ufpr.br\/comunicacao\/wp-content\/uploads\/sites\/9\/2017\/05\/OC247-Comunica%C3%A7%C3%A3o-e-Marketing.pdf\">OC247 \u2013 Comunica\u00e7\u00e3o e Marketing<\/a><br \/>\n<a href=\"https:\/\/sacod.ufpr.br\/comunicacao\/wp-content\/uploads\/sites\/9\/2017\/05\/OC248-Comunica%C3%A7%C3%A3o-P%C3%BAblica.pdf\">OC248 \u2013 Comunica\u00e7\u00e3o P\u00fablica<\/a><br \/>\n<a href=\"https:\/\/sacod.ufpr.br\/comunicacao\/wp-content\/uploads\/sites\/9\/2017\/05\/OC249-Projeto-Ag%C3%AAncia-II.pdf\">OC249 \u2013 Projeto Ag\u00eancia II<\/a><br \/>\n<a href=\"https:\/\/sacod.ufpr.br\/comunicacao\/wp-content\/uploads\/sites\/9\/2017\/05\/OC250-Produ%C3%A7%C3%A3o-Institucional-em-Tv-e-Cinema.pdf\">OC250 \u2013 Produ\u00e7\u00e3o Institucional em Tv e Cinema<\/a><br \/>\n<a href=\"https:\/\/sacod.ufpr.br\/comunicacao\/wp-content\/uploads\/sites\/9\/2017\/05\/OC251-Projeto-Interdisciplinar-IV.pdf\">OC251 \u2013 Projeto Interdisciplinar IV<\/a><br \/>\n<a href=\"https:\/\/sacod.ufpr.br\/comunicacao\/wp-content\/uploads\/sites\/9\/2017\/05\/OC252-Reda%C3%A7%C3%A3o-III.pdf\">OC252 \u2013 Reda\u00e7\u00e3o III<\/a><br \/>\n<a href=\"https:\/\/sacod.ufpr.br\/comunicacao\/wp-content\/uploads\/sites\/9\/2017\/05\/OC253-Assessoria-e-Estrat%C3%A9gias-de-Comunica%C3%A7%C3%A3o-com-a-M%C3%ADdia.pdf\">OC253 \u2013 Assessoria e Estrat\u00e9gias de Comunica\u00e7\u00e3o com a M\u00eddia<\/a><br \/>\n<a href=\"https:\/\/sacod.ufpr.br\/comunicacao\/wp-content\/uploads\/sites\/9\/2017\/05\/OC254-Projeto-Ag%C3%AAncia-III.pdf\">OC254 \u2013 Projeto Ag\u00eancia III<\/a><br \/>\n<a href=\"https:\/\/sacod.ufpr.br\/comunicacao\/wp-content\/uploads\/sites\/9\/2017\/05\/OC255-Projeto-Interdisciplinar-V.pdf\">OC255 \u2013 Projeto Interdisciplinar V<\/a><br \/>\n<a href=\"https:\/\/sacod.ufpr.br\/comunicacao\/wp-content\/uploads\/sites\/9\/2017\/05\/OC256-Gest%C3%A3o-e-Cultura-Organizacional.pdf\">OC256 \u2013 Gest\u00e3o e Cultura Organizacional<\/a><br \/>\n<a href=\"https:\/\/sacod.ufpr.br\/comunicacao\/wp-content\/uploads\/sites\/9\/2017\/05\/OC257-Semin%C3%A1rio-de-pesquisa-pr%C3%A9-projeto.pdf\">OC257 \u2013 Semin\u00e1rio de pesquisa \u2013 pr\u00e9-projeto<\/a><br \/>\n<a href=\"https:\/\/sacod.ufpr.br\/comunicacao\/wp-content\/uploads\/sites\/9\/2017\/05\/OC258-%C3%89tica-e-Legisla%C3%A7%C3%A3o-em-Rela%C3%A7%C3%B5es-P%C3%BAblicas.pdf\">OC258 \u2013 \u00c9tica e Legisla\u00e7\u00e3o em Rela\u00e7\u00f5es P\u00fablicas<\/a><br \/>\n<a href=\"https:\/\/sacod.ufpr.br\/comunicacao\/wp-content\/uploads\/sites\/9\/2017\/05\/OC259-Assessoria-de-Comunica%C3%A7%C3%A3o-Organizacional.pdf\">OC259 \u2013 Assessoria de Comunica\u00e7\u00e3o Organizacional<\/a><br \/>\n<a href=\"https:\/\/sacod.ufpr.br\/comunicacao\/wp-content\/uploads\/sites\/9\/2017\/05\/OC260-Projeto-Interdisciplinar-VI.pdf\">OC260 \u2013 Projeto Interdisciplinar VI<\/a><br \/>\n<a href=\"https:\/\/sacod.ufpr.br\/comunicacao\/wp-content\/uploads\/sites\/9\/2017\/05\/OC268-Comunica%C3%A7%C3%A3o-Comunit%C3%A1ria-e-Popular.pdf\">OC268 \u2013 Comunica\u00e7\u00e3o Comunit\u00e1ria e Popular<\/a><br \/>\n<a href=\"https:\/\/sacod.ufpr.br\/comunicacao\/wp-content\/uploads\/sites\/9\/2017\/05\/OC269-Pesquisa-Institucional.pdf\">OC269 \u2013 Pesquisa Institucional<\/a><br \/>\n<a href=\"https:\/\/sacod.ufpr.br\/comunicacao\/wp-content\/uploads\/sites\/9\/2017\/05\/OC274-Rela%C3%A7%C3%B5es-P%C3%BAblicas-Internacionais.pdf\">OC274 \u2013 Rela\u00e7\u00f5es P\u00fablicas Internacionais<\/a><br \/>\n<a href=\"https:\/\/sacod.ufpr.br\/comunicacao\/wp-content\/uploads\/sites\/9\/2017\/05\/OC276-Publicidade-e-Sociedade.pdf\">OC276 \u2013 Publicidade e Sociedade<\/a><br \/>\n<a href=\"https:\/\/sacod.ufpr.br\/comunicacao\/wp-content\/uploads\/sites\/9\/2017\/05\/OC277-Criatividade-em-Planejamento.pdf\">OC277 \u2013 Criatividade em Planejamento<\/a><br \/>\n<a href=\"https:\/\/sacod.ufpr.br\/comunicacao\/wp-content\/uploads\/sites\/9\/2017\/05\/OC279-Administra%C3%A7%C3%A3o-em-Publicidade-e-Propaganda.pdf\">OC279 \u2013 Administra\u00e7\u00e3o em Publicidade e Propaganda<\/a><br \/>\n<a href=\"https:\/\/sacod.ufpr.br\/comunicacao\/wp-content\/uploads\/sites\/9\/2017\/05\/OC280-Projeto-Interdisciplinar-VII.pdf\">OC280 \u2013 Projeto Interdisciplinar VII<\/a><br \/>\n<a href=\"https:\/\/sacod.ufpr.br\/comunicacao\/wp-content\/uploads\/sites\/9\/2017\/05\/OC291-Trabalho-de-Conclus%C3%A3o-de-Curso-em-RP-I.pdf\">OC291 \u2013 Trabalho de Conclus\u00e3o de Curso em RP I<\/a><br \/>\n<a href=\"https:\/\/sacod.ufpr.br\/comunicacao\/wp-content\/uploads\/sites\/9\/2017\/05\/OC292-Trabalho-de-Conclus%C3%A3o-de-Curso-em-RP-II.pdf\">OC292 \u2013 Trabalho de Conclus\u00e3o de Curso em RP II<\/a><br \/>\n<a href=\"https:\/\/sacod.ufpr.br\/comunicacao\/wp-content\/uploads\/sites\/9\/2017\/05\/OC293-T%C3%B3picos-Especiais-em-Marketing-I.pdf\">OC293 \u2013 T\u00f3picos Especiais em Marketing I<\/a><br \/>\n<a href=\"https:\/\/sacod.ufpr.br\/comunicacao\/wp-content\/uploads\/sites\/9\/2017\/05\/OC294-T%C3%B3picos-Especiais-em-Marketing-II.pdf\">OC294 \u2013 T\u00f3picos Especiais em Marketing II<\/a><br \/>\n<a href=\"https:\/\/sacod.ufpr.br\/comunicacao\/wp-content\/uploads\/sites\/9\/2017\/05\/OC295-T%C3%B3picos-Especiais-em-Marketing-III.pdf\">OC295 \u2013 T\u00f3picos Especiais em Marketing III<\/a><br \/>\n<a href=\"https:\/\/sacod.ufpr.br\/comunicacao\/wp-content\/uploads\/sites\/9\/2017\/05\/OC298-Est%C3%A1gio-Supervisionado.pdf\">OC298 \u2013 Est\u00e1gio Supervisionado<\/a><br \/>\n<a href=\"https:\/\/sacod.ufpr.br\/comunicacao\/wp-content\/uploads\/sites\/9\/2017\/05\/OC299-T%C3%B3picos-Especiais-em-RP-artigos-cientificos.pdf\">OC299 \u2013 T\u00f3picos Especiais em RP \u2013 artigos cientificos<\/a><br \/>\n<a href=\"https:\/\/sacod.ufpr.br\/comunicacao\/wp-content\/uploads\/sites\/9\/2017\/05\/OC302-Comunica%C3%A7%C3%A3o-Interna.pdf\">OC302 \u2013 Comunica\u00e7\u00e3o Interna<\/a><br \/>\n<a href=\"https:\/\/sacod.ufpr.br\/comunicacao\/wp-content\/uploads\/sites\/9\/2017\/05\/OC309-Comunica%C3%A7%C3%A3o-e-Diversidade.pdf\">OC309 \u2013 Comunica\u00e7\u00e3o e Diversidade<\/a><br \/>\n<a href=\"https:\/\/sacod.ufpr.br\/comunicacao\/wp-content\/uploads\/sites\/9\/2017\/05\/OC312-Linguagem-Cientifica.pdf\">OC312 \u2013 Linguagem Cientifica<\/a><br \/>\n<a href=\"https:\/\/sacod.ufpr.br\/comunicacao\/wp-content\/uploads\/sites\/9\/2017\/05\/OC327-Linguagem-Publicit%C3%A1ria.pdf\">OC327 \u2013 Linguagem Publicit\u00e1ria<\/a><br \/>\n<a href=\"https:\/\/sacod.ufpr.br\/comunicacao\/wp-content\/uploads\/sites\/9\/2017\/05\/OC328-Mercado-e-Agroneg%C3%B3cio.pdf\">OC328 \u2013 Mercado e Agroneg\u00f3cio<\/a><br \/>\n<a href=\"https:\/\/sacod.ufpr.br\/comunicacao\/wp-content\/uploads\/sites\/9\/2017\/05\/OC329-M%C3%ADdia-e-Sociedade.pdf\">OC329 \u2013 M\u00eddia e Sociedade<\/a><br \/>\n<a href=\"https:\/\/sacod.ufpr.br\/comunicacao\/wp-content\/uploads\/sites\/9\/2017\/05\/OC330-Comunica%C3%A7%C3%A3o-Empressarial.pdf\">OC330 \u2013 Comunica\u00e7\u00e3o Empressarial<\/a><br \/>\n<a href=\"https:\/\/sacod.ufpr.br\/comunicacao\/wp-content\/uploads\/sites\/9\/2017\/05\/OC331-M%C3%ADdia-e-Meio-Ambiente.pdf\">OC331 \u2013 M\u00eddia e Meio Ambiente<\/a><br \/>\n<a href=\"https:\/\/sacod.ufpr.br\/comunicacao\/wp-content\/uploads\/sites\/9\/2017\/05\/OC334-Semi%C3%B3tica-e-Publicidade.pdf\">OC334 \u2013 Semi\u00f3tica e Publicidade<\/a><br \/>\n<a href=\"https:\/\/sacod.ufpr.br\/comunicacao\/wp-content\/uploads\/sites\/9\/2017\/05\/OC335-Antropologia-do-Consumo.pdf\">OC335 \u2013 Antropologia do Consumo<\/a><br \/>\n<a href=\"https:\/\/sacod.ufpr.br\/comunicacao\/wp-content\/uploads\/sites\/9\/2017\/05\/OC336-Comunica%C3%A7%C3%A3o-e-Entretenimento.pdf\">OC336 \u2013 Comunica\u00e7\u00e3o e Entretenimento<\/a><br \/>\n<a href=\"https:\/\/sacod.ufpr.br\/comunicacao\/wp-content\/uploads\/sites\/9\/2017\/05\/OC337-comunica%C3%A7%C3%A3o-e-Literatura.pdf\">OC337 \u2013 comunica\u00e7\u00e3o e Literatura<\/a><br \/>\n<a href=\"https:\/\/sacod.ufpr.br\/comunicacao\/wp-content\/uploads\/sites\/9\/2017\/05\/OC351-T%C3%B3picos-Especiais-em-RP-I.pdf\">OC351 \u2013 T\u00f3picos Especiais em RP I<\/a><br \/>\n<a href=\"https:\/\/sacod.ufpr.br\/comunicacao\/wp-content\/uploads\/sites\/9\/2017\/05\/OC352-T%C3%B3picos-Especiais-em-RP-II.pdf\">OC352 \u2013 T\u00f3picos Especiais em RP II<\/a><br \/>\n<a href=\"https:\/\/sacod.ufpr.br\/comunicacao\/wp-content\/uploads\/sites\/9\/2017\/05\/OC353-T%C3%B3picos-Especiais-em-RP-III.pdf\">OC353 \u2013 T\u00f3picos Especiais em RP III<\/a><br \/>\n<a href=\"https:\/\/sacod.ufpr.br\/comunicacao\/wp-content\/uploads\/sites\/9\/2017\/05\/OC354-T%C3%B3picos-Especiais-em-RP-IV.pdf\">OC354 \u2013 T\u00f3picos Especiais em RP IV<\/a><br \/>\n<a href=\"https:\/\/sacod.ufpr.br\/comunicacao\/wp-content\/uploads\/sites\/9\/2017\/05\/OC355-T%C3%B3picos-Especiais-em-RP-V.pdf\">OC355 \u2013 T\u00f3picos Especiais em RP V<\/a><br \/>\n<a href=\"https:\/\/sacod.ufpr.br\/comunicacao\/wp-content\/uploads\/sites\/9\/2017\/05\/OC356-T%C3%B3picos-Especiais-em-RP-VI.pdf\">OC356 \u2013 T\u00f3picos Especiais em RP VI<\/a><br \/>\n<a href=\"https:\/\/sacod.ufpr.br\/comunicacao\/wp-content\/uploads\/sites\/9\/2017\/05\/OC357-T%C3%B3picos-Especiais-em-RP-VII.pdf\">OC357 \u2013 T\u00f3picos Especiais em RP VII<\/a><br \/>\n<a href=\"https:\/\/sacod.ufpr.br\/comunicacao\/wp-content\/uploads\/sites\/9\/2017\/05\/OC358-T%C3%B3picos-Especiais-em-RP-VIII.pdf\">OC358 \u2013 T\u00f3picos Especiais em RP VIII<\/a><\/p>\n","protected":false},"excerpt":{"rendered":"<p>HH300 \u2013 Historia Contemporanea LIB037 \u2013 Comunica\u00e7\u00e3o em L\u00edngua Brasileira de Sinais \u2013 LIBRAS OC002 \u2013 Fundamentos de Comunica\u00e7\u00e3o Sonora OC003 \u2013 Fundamentos da Fotografia OC004 \u2013 Economia Politica da Comunica\u00e7\u00e3o OC005 \u2013 Oficina de Reda\u00e7\u00e3o OC006 \u2013 Leituras em Filosofia OC007 \u2013 Introdu\u00e7\u00e3o ao Jornalismo OC008 \u2013 Reda\u00e7\u00e3o Jornalistica I OC009 \u2013 Fundamentos de [&hellip;]<\/p>\n","protected":false},"author":11,"featured_media":0,"parent":0,"menu_order":0,"comment_status":"closed","ping_status":"closed","template":"","meta":{"_acf_changed":false,"footnotes":""},"class_list":["post-234","page","type-page","status-publish","hentry"],"acf":[],"_links":{"self":[{"href":"https:\/\/sacod.ufpr.br\/decom\/wp-json\/wp\/v2\/pages\/234","targetHints":{"allow":["GET"]}}],"collection":[{"href":"https:\/\/sacod.ufpr.br\/decom\/wp-json\/wp\/v2\/pages"}],"about":[{"href":"https:\/\/sacod.ufpr.br\/decom\/wp-json\/wp\/v2\/types\/page"}],"author":[{"embeddable":true,"href":"https:\/\/sacod.ufpr.br\/decom\/wp-json\/wp\/v2\/users\/11"}],"replies":[{"embeddable":true,"href":"https:\/\/sacod.ufpr.br\/decom\/wp-json\/wp\/v2\/comments?post=234"}],"version-history":[{"count":2,"href":"https:\/\/sacod.ufpr.br\/decom\/wp-json\/wp\/v2\/pages\/234\/revisions"}],"predecessor-version":[{"id":3128,"href":"https:\/\/sacod.ufpr.br\/decom\/wp-json\/wp\/v2\/pages\/234\/revisions\/3128"}],"wp:attachment":[{"href":"https:\/\/sacod.ufpr.br\/decom\/wp-json\/wp\/v2\/media?parent=234"}],"curies":[{"name":"wp","href":"https:\/\/api.w.org\/{rel}","templated":true}]}}