{"id":232,"date":"2017-08-30T15:09:25","date_gmt":"2017-08-30T18:09:25","guid":{"rendered":"https:\/\/sacod.ufpr.br\/decom\/?page_id=232"},"modified":"2017-08-30T15:09:46","modified_gmt":"2017-08-30T18:09:46","slug":"disciplinas-jornalismo","status":"publish","type":"page","link":"https:\/\/sacod.ufpr.br\/decom\/disciplinas-jornalismo\/","title":{"rendered":"Disciplinas Jornalismo"},"content":{"rendered":"<p><a href=\"https:\/\/sacod.ufpr.br\/comunicacao\/wp-content\/uploads\/sites\/9\/2017\/05\/HH300-Hist%C3%B3ria-Contempor%C3%A2nea-1.pdf\">HH300 \u2013 Hist\u00f3ria Contempor\u00e2nea<\/a><br \/>\n<a href=\"https:\/\/sacod.ufpr.br\/comunicacao\/wp-content\/uploads\/sites\/9\/2017\/05\/LIB037-Comunica%C3%A7%C3%A3o-em-L%C3%ADngua-Brasileira-de-Sinais-LIBRAS-2.pdf\">LIB037 \u2013 Comunica\u00e7\u00e3o em L\u00edngua Brasileira de Sinais \u2013 LIBRAS<\/a><br \/>\n<a href=\"https:\/\/sacod.ufpr.br\/comunicacao\/wp-content\/uploads\/sites\/9\/2017\/05\/OC002-Fundamentos-de-comunica%C3%A7%C3%A3o-sonora-1.pdf\">OC002 \u2013 Fundamentos de comunica\u00e7\u00e3o sonora<\/a><br \/>\n<a href=\"https:\/\/sacod.ufpr.br\/comunicacao\/wp-content\/uploads\/sites\/9\/2017\/05\/OC003-Fundamentos-de-fotografia-1.pdf\">OC003 \u2013 Fundamentos de fotografia<\/a><br \/>\n<a href=\"https:\/\/sacod.ufpr.br\/comunicacao\/wp-content\/uploads\/sites\/9\/2017\/05\/OC004-Economia-Pol%C3%ADtica-da-Comunica%C3%A7%C3%A3o-1.pdf\">OC004 \u2013 Economia Pol\u00edtica da Comunica\u00e7\u00e3o<\/a><br \/>\n<a href=\"https:\/\/sacod.ufpr.br\/comunicacao\/wp-content\/uploads\/sites\/9\/2017\/05\/OC005-Oficina-de-reda%C3%A7%C3%A3o-I-1.pdf\">OC005 \u2013 Oficina de reda\u00e7\u00e3o I<\/a><br \/>\n<a href=\"https:\/\/sacod.ufpr.br\/comunicacao\/wp-content\/uploads\/sites\/9\/2017\/05\/OC006-Leituras-em-filosofia-1.pdf\">OC006 \u2013 Leituras em filosofia<\/a><br \/>\n<a href=\"https:\/\/sacod.ufpr.br\/comunicacao\/wp-content\/uploads\/sites\/9\/2017\/05\/OC007-Introdu%C3%A7%C3%A3o-ao-jornalismo-1.pdf\">OC007 \u2013 Introdu\u00e7\u00e3o ao jornalismo<\/a><br \/>\n<a href=\"https:\/\/sacod.ufpr.br\/comunicacao\/wp-content\/uploads\/sites\/9\/2017\/05\/OC008-Reda%C3%A7%C3%A3o-jornal%C3%ADstica-1-1.pdf\">OC008 \u2013 Reda\u00e7\u00e3o jornal\u00edstica 1<\/a><br \/>\n<a href=\"https:\/\/sacod.ufpr.br\/comunicacao\/wp-content\/uploads\/sites\/9\/2017\/05\/OC009-Fundamentos-de-comunica%C3%A7%C3%A3o-audiovisual-1.pdf\">OC009 \u2013 Fundamentos de comunica\u00e7\u00e3o audiovisual<\/a><br \/>\n<a href=\"https:\/\/sacod.ufpr.br\/comunicacao\/wp-content\/uploads\/sites\/9\/2017\/05\/OC010-Fundamentos-de-comunica%C3%A7%C3%A3o-visual-1.pdf\">OC010 \u2013 Fundamentos de comunica\u00e7\u00e3o visual<\/a><br \/>\n<a href=\"https:\/\/sacod.ufpr.br\/comunicacao\/wp-content\/uploads\/sites\/9\/2017\/05\/OC022-Laborat%C3%B3rio-Fotogr%C3%A1fico-I-1.pdf\">OC022 \u2013 Laborat\u00f3rio Fotogr\u00e1fico I<\/a><br \/>\n<a href=\"https:\/\/sacod.ufpr.br\/comunicacao\/wp-content\/uploads\/sites\/9\/2017\/05\/OC023-Laborat%C3%B3rio-Fotogr%C3%A1fico-II-1.pdf\">OC023 \u2013 Laborat\u00f3rio Fotogr\u00e1fico II<\/a><br \/>\n<a href=\"https:\/\/sacod.ufpr.br\/comunicacao\/wp-content\/uploads\/sites\/9\/2017\/05\/OC024-Laborat%C3%B3rio-Fotogr%C3%A1fico-III-1.pdf\">OC024 \u2013 Laborat\u00f3rio Fotogr\u00e1fico III<\/a><br \/>\n<a href=\"https:\/\/sacod.ufpr.br\/comunicacao\/wp-content\/uploads\/sites\/9\/2017\/05\/OC027-Hist%C3%B3ria-da-Comunica%C3%A7%C3%A3o-Social-1.pdf\">OC027 \u2013 Hist\u00f3ria da Comunica\u00e7\u00e3o Social<\/a><br \/>\n<a href=\"https:\/\/sacod.ufpr.br\/comunicacao\/wp-content\/uploads\/sites\/9\/2017\/05\/OC028-Leituras-em-sociologia-1.pdf\">OC028 \u2013 Leituras em sociologia<\/a><br \/>\n<a href=\"https:\/\/sacod.ufpr.br\/comunicacao\/wp-content\/uploads\/sites\/9\/2017\/05\/OC029-Reda%C3%A7%C3%A3o-Jornal%C3%ADstica-II-2.pdf\">OC029 \u2013 Reda\u00e7\u00e3o Jornal\u00edstica II<\/a><br \/>\n<a href=\"https:\/\/sacod.ufpr.br\/comunicacao\/wp-content\/uploads\/sites\/9\/2017\/05\/OC030-Comunica%C3%A7%C3%A3o-e-Mercado-3.pdf\">OC030 \u2013 Comunica\u00e7\u00e3o e Mercado<\/a><br \/>\n<a href=\"https:\/\/sacod.ufpr.br\/comunicacao\/wp-content\/uploads\/sites\/9\/2017\/05\/OC31-T%C3%B3picos-Especiais-em-Teoria-da-Comunica%C3%A7%C3%A3o-I-1.pdf\">OC031 \u2013 T\u00f3picos Especiais em Teoria da Comunica\u00e7\u00e3o I<\/a><br \/>\n<a href=\"https:\/\/sacod.ufpr.br\/comunicacao\/wp-content\/uploads\/sites\/9\/2017\/05\/OC32-T%C3%B3picos-Especiais-em-Teoria-da-Comunica%C3%A7%C3%A3o-II-1.pdf\">OC032 \u2013 T\u00f3picos Especiais em Teoria da Comunica\u00e7\u00e3o II<\/a><br \/>\n<a href=\"https:\/\/sacod.ufpr.br\/comunicacao\/wp-content\/uploads\/sites\/9\/2017\/05\/OC33-T%C3%B3picos-Especiais-em-Teoria-da-Comunica%C3%A7%C3%A3o-III-1.pdf\">OC033 \u2013 T\u00f3picos Especiais em Teoria da Comunica\u00e7\u00e3o III<\/a><br \/>\n<a href=\"https:\/\/sacod.ufpr.br\/comunicacao\/wp-content\/uploads\/sites\/9\/2017\/05\/OC34-T%C3%B3picos-Especiais-em-Teoria-da-Comunica%C3%A7%C3%A3o-IV-1.pdf\">OC034 \u2013 T\u00f3picos Especiais em Teoria da Comunica\u00e7\u00e3o IV<\/a><br \/>\n<a href=\"https:\/\/sacod.ufpr.br\/comunicacao\/wp-content\/uploads\/sites\/9\/2017\/05\/OC35-T%C3%B3picos-Especiais-em-Teoria-da-Comunica%C3%A7%C3%A3o-V-1.pdf\">OC035 \u2013 T\u00f3picos Especiais em Teoria da Comunica\u00e7\u00e3o V<\/a><br \/>\n<a href=\"https:\/\/sacod.ufpr.br\/comunicacao\/wp-content\/uploads\/sites\/9\/2017\/05\/OC36-T%C3%B3picos-Especiais-em-Teoria-da-Comunica%C3%A7%C3%A3o-VI-1.pdf\">OC036 \u2013 T\u00f3picos Especiais em Teoria da Comunica\u00e7\u00e3o VI<\/a><br \/>\n<a href=\"https:\/\/sacod.ufpr.br\/comunicacao\/wp-content\/uploads\/sites\/9\/2017\/05\/OC37-T%C3%B3picos-Especiais-em-Teoria-da-Comunica%C3%A7%C3%A3o-VII-1.pdf\">OC037\u00a0\u2013 T\u00f3picos Especiais em Teoria da Comunica\u00e7\u00e3o VII<\/a><br \/>\n<a href=\"https:\/\/sacod.ufpr.br\/comunicacao\/wp-content\/uploads\/sites\/9\/2017\/05\/OC38-T%C3%B3picos-Especiais-em-Teoria-da-Comunica%C3%A7%C3%A3o-VIII-1.pdf\">OC038 \u2013 T\u00f3picos Especiais em Teoria da Comunica\u00e7\u00e3o VIII<\/a><br \/>\n<a href=\"https:\/\/sacod.ufpr.br\/comunicacao\/wp-content\/uploads\/sites\/9\/2017\/05\/OC39-T%C3%B3picos-Especiais-em-Teoria-da-Comunica%C3%A7%C3%A3o-IX-1.pdf\">OC039 \u2013 T\u00f3picos Especiais em Teoria da Comunica\u00e7\u00e3o IX<\/a><br \/>\n<a href=\"https:\/\/sacod.ufpr.br\/comunicacao\/wp-content\/uploads\/sites\/9\/2017\/05\/OC042-Radiojornalismo-1.pdf\">OC042 \u2013 Radiojornalismo<\/a><br \/>\n<a href=\"https:\/\/sacod.ufpr.br\/comunicacao\/wp-content\/uploads\/sites\/9\/2017\/05\/OC043-Laborat%C3%B3rio-de-Jornalismo-I-web-1.pdf\">OC043 \u2013 Laborat\u00f3rio de Jornalismo I \u2013 web<\/a><br \/>\n<a href=\"https:\/\/sacod.ufpr.br\/comunicacao\/wp-content\/uploads\/sites\/9\/2017\/05\/OC044-T%C3%A9cnicas-Avan%C3%A7adas-em-Novas-M%C3%ADdias-1.pdf\">OC044 \u2013 T\u00e9cnicas Avan\u00e7adas em Novas M\u00eddias<\/a><br \/>\n<a href=\"https:\/\/sacod.ufpr.br\/comunicacao\/wp-content\/uploads\/sites\/9\/2017\/05\/OC045-T%C3%A9cnicas-Avan%C3%A7adas-de-R%C3%A1dio-1.pdf\">OC045 \u2013 T\u00e9cnicas Avan\u00e7adas de R\u00e1dio<\/a><br \/>\n<a href=\"https:\/\/sacod.ufpr.br\/comunicacao\/wp-content\/uploads\/sites\/9\/2017\/05\/OC046-Fotojornalismo-1.pdf\">OC046 \u2013 Fotojornalismo<\/a><br \/>\n<a href=\"https:\/\/sacod.ufpr.br\/comunicacao\/wp-content\/uploads\/sites\/9\/2017\/05\/OC047-T%C3%A9cnicas-Avan%C3%A7adas-de-TV-1.pdf\">OC047 \u2013 T\u00e9cnicas Avan\u00e7adas de TV<\/a><br \/>\n<a href=\"https:\/\/sacod.ufpr.br\/comunicacao\/wp-content\/uploads\/sites\/9\/2017\/05\/OC048-Comunica%C3%A7%C3%A3o-e-Politica-1.pdf\">OC048 \u2013 Comunica\u00e7\u00e3o e Politica<\/a><br \/>\n<a href=\"https:\/\/sacod.ufpr.br\/comunicacao\/wp-content\/uploads\/sites\/9\/2017\/05\/OC049-Comunica%C3%A7%C3%A3o-e-G%C3%AAnero.pdf\">OC049 \u2013 Comunica\u00e7\u00e3o e G\u00eanero<\/a><br \/>\n<a href=\"https:\/\/sacod.ufpr.br\/comunicacao\/wp-content\/uploads\/sites\/9\/2017\/05\/OC050-T%C3%B3picos-Especiais-em-Comunica%C3%A7%C3%A3o-e-Tecnologia-1.pdf\">OC050 \u2013 T\u00f3picos Especiais em Comunica\u00e7\u00e3o e Tecnologia<\/a><br \/>\n<a href=\"https:\/\/sacod.ufpr.br\/comunicacao\/wp-content\/uploads\/sites\/9\/2017\/05\/OC051-T%C3%B3picos-Especiais-em-Comunica%C3%A7%C3%A3o-sociedade-e-Cultura-1.pdf\">OC051 \u2013 T\u00f3picos Especiais em Comunica\u00e7\u00e3o, sociedade e Cultura<\/a><br \/>\n<a href=\"https:\/\/sacod.ufpr.br\/comunicacao\/wp-content\/uploads\/sites\/9\/2017\/05\/OC053-Comunica%C3%A7%C3%A3o-e-Sa%C3%BAde-1.pdf\">OC053 \u2013 Comunica\u00e7\u00e3o e Sa\u00fade<\/a><br \/>\n<a href=\"https:\/\/sacod.ufpr.br\/comunicacao\/wp-content\/uploads\/sites\/9\/2017\/05\/OC054-Comunica%C3%A7%C3%A3o-e-Hist%C3%B3ria.pdf\">OC054 \u2013 Comunica\u00e7\u00e3o e Hist\u00f3ria<\/a><br \/>\n<a href=\"https:\/\/sacod.ufpr.br\/comunicacao\/wp-content\/uploads\/sites\/9\/2017\/05\/OC055-T%C3%B3picos-Especiais-em-Comunica%C3%A7%C3%A3o-e-Linguagem-2.pdf\">OC055 \u2013 T\u00f3picos Especiais em Comunica\u00e7\u00e3o e Linguagem<\/a><br \/>\n<a href=\"https:\/\/sacod.ufpr.br\/comunicacao\/wp-content\/uploads\/sites\/9\/2017\/05\/OC056-Comunica%C3%A7%C3%A3o-e-Educa%C3%A7%C3%A3o-1.pdf\">OC056 \u2013 Comunica\u00e7\u00e3o e Educa\u00e7\u00e3o<\/a><br \/>\n<a href=\"https:\/\/sacod.ufpr.br\/comunicacao\/wp-content\/uploads\/sites\/9\/2017\/05\/OC057-Teoria-da-Comunica%C3%A7%C3%A3o-I-1.pdf\">OC057 \u2013 Teoria da Comunica\u00e7\u00e3o I<\/a><br \/>\n<a href=\"https:\/\/sacod.ufpr.br\/comunicacao\/wp-content\/uploads\/sites\/9\/2017\/05\/OC058-Antrpologia-Comunica%C3%A7%C3%A3o-e-cultura-1.pdf\">OC058 \u2013 Antrpologia Comunica\u00e7\u00e3o e cultura<\/a><br \/>\n<a href=\"https:\/\/sacod.ufpr.br\/comunicacao\/wp-content\/uploads\/sites\/9\/2017\/05\/OC059-Ci%C3%AAncias-Sociais-e-Comunica%C3%A7%C3%A3o-2.pdf\">OC059 \u2013 Ci\u00eancias Sociais e Comunica\u00e7\u00e3o<\/a><br \/>\n<a href=\"https:\/\/sacod.ufpr.br\/comunicacao\/wp-content\/uploads\/sites\/9\/2017\/05\/OC060-Telejornalismo-1.pdf\">OC060 \u2013 Telejornalismo<\/a><br \/>\n<a href=\"https:\/\/sacod.ufpr.br\/comunicacao\/wp-content\/uploads\/sites\/9\/2017\/05\/OC061-Laborat%C3%B3rio-de-Jornalismo-II-%E2%80%93-web-e-impresso-1.pdf\">OC061 \u2013 Laborat\u00f3rio de Jornalismo II \u2013 web e impresso<\/a><br \/>\n<a href=\"https:\/\/sacod.ufpr.br\/comunicacao\/wp-content\/uploads\/sites\/9\/2017\/05\/OC062-Laborat%C3%B3rio-de-Radiojornalismo-I-1.pdf\">OC062 \u2013 Laborat\u00f3rio de Radiojornalismo I<\/a><br \/>\n<a href=\"https:\/\/sacod.ufpr.br\/comunicacao\/wp-content\/uploads\/sites\/9\/2017\/05\/OC063-Reda%C3%A7%C3%A3o-Jornal%C3%ADstica-III-1.pdf\">OC063 \u2013 Reda\u00e7\u00e3o Jornal\u00edstica III<\/a><br \/>\n<a href=\"https:\/\/sacod.ufpr.br\/comunicacao\/wp-content\/uploads\/sites\/9\/2017\/05\/OC064-Comunica%C3%A7%C3%A3o-e-Linguagem-2.pdf\">OC064 \u2013 Comunica\u00e7\u00e3o e Linguagem<\/a><br \/>\n<a href=\"https:\/\/sacod.ufpr.br\/comunicacao\/wp-content\/uploads\/sites\/9\/2017\/05\/OC065-Pesquisa-em-Comunica%C3%A7%C3%A3o-I-2.pdf\">OC065 \u2013 Pesquisa em Comunica\u00e7\u00e3o I<\/a><br \/>\n<a href=\"https:\/\/sacod.ufpr.br\/comunicacao\/wp-content\/uploads\/sites\/9\/2017\/05\/OC066-Hist%C3%B3ria-da-Arte-2.pdf\">OC066 \u2013 Hist\u00f3ria da Arte<\/a><br \/>\n<a href=\"https:\/\/sacod.ufpr.br\/comunicacao\/wp-content\/uploads\/sites\/9\/2017\/05\/OC067-Teorias-do-Jornalismo-I-1.pdf\">OC067 \u2013 Teorias do Jornalismo I<\/a><br \/>\n<a href=\"https:\/\/sacod.ufpr.br\/comunicacao\/wp-content\/uploads\/sites\/9\/2017\/05\/OC068-Laborat%C3%B3rio-de-Radiojornalismo-II-1.pdf\">OC068 \u2013 Laborat\u00f3rio de Radiojornalismo II<\/a><br \/>\n<a href=\"https:\/\/sacod.ufpr.br\/comunicacao\/wp-content\/uploads\/sites\/9\/2017\/05\/OC069-Laborat%C3%B3rio-de-Telejornalismo-I-1.pdf\">OC069 \u2013 Laborat\u00f3rio de Telejornalismo I<\/a><br \/>\n<a href=\"https:\/\/sacod.ufpr.br\/comunicacao\/wp-content\/uploads\/sites\/9\/2017\/05\/OC070-Laborat%C3%B3rio-de-Jornalismo-III-%E2%80%93-Impresso-e-revista-1.pdf\">OC070 \u2013 Laborat\u00f3rio de Jornalismo III \u2013 Impresso e revista<\/a><br \/>\n<a href=\"https:\/\/sacod.ufpr.br\/comunicacao\/wp-content\/uploads\/sites\/9\/2017\/05\/OC071-Comunica%C3%A7%C3%A3o-e-Tecnologia-2.pdf\">OC071 \u2013 Comunica\u00e7\u00e3o e Tecnologia<\/a><br \/>\n<a href=\"https:\/\/sacod.ufpr.br\/comunicacao\/wp-content\/uploads\/sites\/9\/2017\/05\/OC072-Pesquisa-em-Comunica%C3%A7%C3%A3o-II-2.pdf\">OC072 \u2013 Pesquisa em Comunica\u00e7\u00e3o II<\/a><br \/>\n<a href=\"https:\/\/sacod.ufpr.br\/comunicacao\/wp-content\/uploads\/sites\/9\/2017\/05\/OC073-Comunica%C3%A7%C3%A3o-e-Cidadania-2.pdf\">OC073 \u2013 Comunica\u00e7\u00e3o e Cidadania<\/a><br \/>\n<a href=\"https:\/\/sacod.ufpr.br\/comunicacao\/wp-content\/uploads\/sites\/9\/2017\/05\/OC074-Teorias-do-Jornalismo-II-1.pdf\">OC074 \u2013 Teorias do Jornalismo II<\/a><br \/>\n<a href=\"https:\/\/sacod.ufpr.br\/comunicacao\/wp-content\/uploads\/sites\/9\/2017\/05\/OC075-Projeto-editorial-e-gr%C3%A1fico-1.pdf\">OC075 \u2013 Projeto editorial e gr\u00e1fico<\/a><br \/>\n<a href=\"https:\/\/sacod.ufpr.br\/comunicacao\/wp-content\/uploads\/sites\/9\/2017\/05\/OC076-Jornalismo-investigativo-e-de-dados-1.pdf\">OC076 \u2013 Jornalismo investigativo e de dados<\/a><br \/>\n<a href=\"https:\/\/sacod.ufpr.br\/comunicacao\/wp-content\/uploads\/sites\/9\/2017\/05\/OC077-Projeto-de-assessoria-de-comunica%C3%A7%C3%A3o-1.pdf\">OC077 \u2013 Projeto de assessoria de comunica\u00e7\u00e3o<\/a><br \/>\n<a href=\"https:\/\/sacod.ufpr.br\/comunicacao\/wp-content\/uploads\/sites\/9\/2017\/05\/OC078-Laborat%C3%B3rio-de-Telejornalismo-II-1.pdf\">OC078 \u2013 Laborat\u00f3rio de Telejornalismo II<\/a><br \/>\n<a href=\"https:\/\/sacod.ufpr.br\/comunicacao\/wp-content\/uploads\/sites\/9\/2017\/05\/OC079-Teoria-da-Comunica%C3%A7%C3%A3o-II-1.pdf\">OC079 \u2013 Teoria da Comunica\u00e7\u00e3o II<\/a><br \/>\n<a href=\"https:\/\/sacod.ufpr.br\/comunicacao\/wp-content\/uploads\/sites\/9\/2017\/05\/OC081-Comunica%C3%A7%C3%A3o-e-Educa%C3%A7%C3%A3o-2.pdf\">OC081 \u2013 Comunica\u00e7\u00e3o e Educa\u00e7\u00e3o<\/a><br \/>\n<a href=\"https:\/\/sacod.ufpr.br\/comunicacao\/wp-content\/uploads\/sites\/9\/2017\/05\/OC082-Semin%C3%A1rio-de-pesquisa-pr%C3%A9-projeto-em-jornalismo-1.pdf\">OC082 \u2013 Semin\u00e1rio de pesquisa pr\u00e9 projeto em jornalismo<\/a><br \/>\n<a href=\"https:\/\/sacod.ufpr.br\/comunicacao\/wp-content\/uploads\/sites\/9\/2017\/05\/OC083-Projeto-jornal%C3%ADstico-1.pdf\">OC083 \u2013 Projeto jornal\u00edstico<\/a><br \/>\n<a href=\"https:\/\/sacod.ufpr.br\/comunicacao\/wp-content\/uploads\/sites\/9\/2017\/05\/OC084-Laborat%C3%B3rio-multim%C3%ADdia-de-jornalismo-I-1.pdf\">OC084 \u2013 Laborat\u00f3rio multim\u00eddia de jornalismo I<\/a><br \/>\n<a href=\"https:\/\/sacod.ufpr.br\/comunicacao\/wp-content\/uploads\/sites\/9\/2017\/05\/OC087-Laborat%C3%B3rio-multim%C3%ADdia-de-jornalismo-II-1.pdf\">OC087 \u2013 Laborat\u00f3rio multim\u00eddia de jornalismo II<\/a><br \/>\n<a href=\"https:\/\/sacod.ufpr.br\/comunicacao\/wp-content\/uploads\/sites\/9\/2017\/05\/OC090-Comunica%C3%A7%C3%A3o-e-Politica-2.pdf\">OC090 \u2013 Comunica\u00e7\u00e3o e Politica<\/a><br \/>\n<a href=\"https:\/\/sacod.ufpr.br\/comunicacao\/wp-content\/uploads\/sites\/9\/2017\/05\/OC091-T%C3%B3picos-Especiais-em-Teoria-do-Conhecimento-I-1.pdf\">OC091 \u2013 T\u00f3picos Especiais em Teoria do Conhecimento I<\/a><br \/>\n<a href=\"https:\/\/sacod.ufpr.br\/comunicacao\/wp-content\/uploads\/sites\/9\/2017\/05\/OC092-T%C3%B3picos-Especiais-em-Teoria-do-Conhecimento-II-1.pdf\">OC092 \u2013 T\u00f3picos Especiais em Teoria do Conhecimento II<\/a><br \/>\n<a href=\"https:\/\/sacod.ufpr.br\/comunicacao\/wp-content\/uploads\/sites\/9\/2017\/05\/OC93-Comunica%C3%A7%C3%A3o-Popular-e-Alternativa-1.pdf\">OC093 \u2013 Comunica\u00e7\u00e3o Popular e Alternativa<\/a><br \/>\n<a href=\"https:\/\/sacod.ufpr.br\/comunicacao\/wp-content\/uploads\/sites\/9\/2017\/05\/OC094-Comunica%C3%A7%C3%A3o-e-Arte-2.pdf\">OC094 \u2013 Comunica\u00e7\u00e3o e Arte<\/a><br \/>\n<a href=\"https:\/\/sacod.ufpr.br\/comunicacao\/wp-content\/uploads\/sites\/9\/2017\/05\/OC095-Analise-do-Discurso.pdf\">OC095 \u2013 Analise do Discurso<\/a><br \/>\n<a href=\"https:\/\/sacod.ufpr.br\/comunicacao\/wp-content\/uploads\/sites\/9\/2017\/05\/OC096-Teoria-da-Interpreta%C3%A7%C3%A3o-1.pdf\">OC096 \u2013 Teoria da Interpreta\u00e7\u00e3o<\/a><br \/>\n<a href=\"https:\/\/sacod.ufpr.br\/comunicacao\/wp-content\/uploads\/sites\/9\/2017\/05\/OC097-Hist%C3%B3ria-do-Cinema-2.pdf\">OC097 \u2013 Hist\u00f3ria do Cinema<\/a><br \/>\n<a href=\"https:\/\/sacod.ufpr.br\/comunicacao\/wp-content\/uploads\/sites\/9\/2017\/05\/OC098-Cinema-I-2.pdf\">OC098 \u2013 Cinema I<\/a><br \/>\n<a href=\"https:\/\/sacod.ufpr.br\/comunicacao\/wp-content\/uploads\/sites\/9\/2017\/05\/OC099-Cinema-II-1.pdf\">OC099 \u2013 Cinema II<\/a><br \/>\n<a href=\"https:\/\/sacod.ufpr.br\/comunicacao\/wp-content\/uploads\/sites\/9\/2017\/05\/OC100-Comunica%C3%A7%C3%A3o-e-Redes-urbanas-1.pdf\">OC100 \u2013 Comunica\u00e7\u00e3o e Redes urbanas<\/a><br \/>\n<a href=\"https:\/\/sacod.ufpr.br\/comunicacao\/wp-content\/uploads\/sites\/9\/2017\/05\/OC102-Foto-Institucional-1.pdf\">OC102 \u2013 Foto Institucional<\/a><br \/>\n<a href=\"https:\/\/sacod.ufpr.br\/comunicacao\/wp-content\/uploads\/sites\/9\/2017\/05\/OC105-Laborat%C3%B3rio-Avan%C3%A7ado-de-Radiojornalismo-I-1.pdf\">OC105 \u2013 Laborat\u00f3rio Avan\u00e7ado de Radiojornalismo I<\/a><br \/>\n<a href=\"https:\/\/sacod.ufpr.br\/comunicacao\/wp-content\/uploads\/sites\/9\/2017\/05\/OC106-Laborat%C3%B3rio-Avan%C3%A7adp-de-Radiojornalismo-II.pdf\">OC106 \u2013 Laborat\u00f3rio Avan\u00e7adp de Radiojornalismo II<\/a><br \/>\n<a href=\"https:\/\/sacod.ufpr.br\/comunicacao\/wp-content\/uploads\/sites\/9\/2017\/05\/OC108-Laborat%C3%B3rio-Avan%C3%A7ado-de-Telejornalismo-II-1.pdf\">OC108 \u2013 Laborat\u00f3rio Avan\u00e7ado de Telejornalismo II<\/a><br \/>\n<a href=\"https:\/\/sacod.ufpr.br\/comunicacao\/wp-content\/uploads\/sites\/9\/2017\/05\/OC109-Fotografia-Publicit%C3%A1ria-1.pdf\">OC109 \u2013 Fotografia Publicit\u00e1ria<\/a><br \/>\n<a href=\"https:\/\/sacod.ufpr.br\/comunicacao\/wp-content\/uploads\/sites\/9\/2017\/05\/OC110-T%C3%B3picos-Especiais-em-Teoria-do-Conhecimento-Meios-de-Comunica%C3%A7%C3%A3o-e-Continente-Africano-2.pdf\">OC110 \u2013 T\u00f3picos Especiais em Teoria do Conhecimento \u2013 Meios de Comunica\u00e7\u00e3o e Continente Africano<\/a><br \/>\n<a href=\"https:\/\/sacod.ufpr.br\/comunicacao\/wp-content\/uploads\/sites\/9\/2017\/05\/OC111-T%C3%B3picos-Especiais-em-Teoria-do-Jornalismo-I-1.pdf\">OC111 \u2013 T\u00f3picos Especiais em Teoria do Jornalismo I<\/a><br \/>\n<a href=\"https:\/\/sacod.ufpr.br\/comunicacao\/wp-content\/uploads\/sites\/9\/2017\/05\/OC112-T%C3%B3picos-Especiais-em-Teoria-do-Jornalismo-II-1.pdf\">OC112 \u2013 T\u00f3picos Especiais em Teoria do Jornalismo II<\/a><br \/>\n<a href=\"https:\/\/sacod.ufpr.br\/comunicacao\/wp-content\/uploads\/sites\/9\/2017\/05\/OC113-T%C3%B3picos-Especiais-em-Teoria-do-Jornalismo-III-1.pdf\">OC113 \u2013 T\u00f3picos Especiais em Teoria do Jornalismo III<\/a><br \/>\n<a href=\"https:\/\/sacod.ufpr.br\/comunicacao\/wp-content\/uploads\/sites\/9\/2017\/05\/OC114-T%C3%B3picos-Especiais-em-Teoria-do-Jornalismo-IV-1.pdf\">OC114 \u2013 T\u00f3picos Especiais em Teoria do Jornalismo IV<\/a><br \/>\n<a href=\"https:\/\/sacod.ufpr.br\/comunicacao\/wp-content\/uploads\/sites\/9\/2017\/05\/OC126-Document%C3%A1rio-Audiovisual-I-1.pdf\">OC126 \u2013 Document\u00e1rio Audiovisual I<\/a><br \/>\n<a href=\"https:\/\/sacod.ufpr.br\/comunicacao\/wp-content\/uploads\/sites\/9\/2017\/05\/OC127-Document%C3%A1rio-Audiovisual-II-1.pdf\">OC127 \u2013 Document\u00e1rio Audiovisual II<\/a><br \/>\n<a href=\"https:\/\/sacod.ufpr.br\/comunicacao\/wp-content\/uploads\/sites\/9\/2017\/05\/OC128-Produ%C3%A7%C3%A3o-de-Audiovisual-1.pdf\">OC128 \u2013 Produ\u00e7\u00e3o de Audiovisual<\/a><br \/>\n<a href=\"https:\/\/sacod.ufpr.br\/comunicacao\/wp-content\/uploads\/sites\/9\/2017\/05\/OC131-Assessoria-de-Imprensa-I-1.pdf\">OC131 \u2013 Assessoria de Imprensa I<\/a><\/p>\n","protected":false},"excerpt":{"rendered":"<p>HH300 \u2013 Hist\u00f3ria Contempor\u00e2nea LIB037 \u2013 Comunica\u00e7\u00e3o em L\u00edngua Brasileira de Sinais \u2013 LIBRAS OC002 \u2013 Fundamentos de comunica\u00e7\u00e3o sonora OC003 \u2013 Fundamentos de fotografia OC004 \u2013 Economia Pol\u00edtica da Comunica\u00e7\u00e3o OC005 \u2013 Oficina de reda\u00e7\u00e3o I OC006 \u2013 Leituras em filosofia OC007 \u2013 Introdu\u00e7\u00e3o ao jornalismo OC008 \u2013 Reda\u00e7\u00e3o jornal\u00edstica 1 OC009 \u2013 Fundamentos [&hellip;]<\/p>\n","protected":false},"author":11,"featured_media":0,"parent":0,"menu_order":0,"comment_status":"closed","ping_status":"closed","template":"","meta":{"_acf_changed":false,"footnotes":""},"class_list":["post-232","page","type-page","status-publish","hentry"],"acf":[],"_links":{"self":[{"href":"https:\/\/sacod.ufpr.br\/decom\/wp-json\/wp\/v2\/pages\/232","targetHints":{"allow":["GET"]}}],"collection":[{"href":"https:\/\/sacod.ufpr.br\/decom\/wp-json\/wp\/v2\/pages"}],"about":[{"href":"https:\/\/sacod.ufpr.br\/decom\/wp-json\/wp\/v2\/types\/page"}],"author":[{"embeddable":true,"href":"https:\/\/sacod.ufpr.br\/decom\/wp-json\/wp\/v2\/users\/11"}],"replies":[{"embeddable":true,"href":"https:\/\/sacod.ufpr.br\/decom\/wp-json\/wp\/v2\/comments?post=232"}],"version-history":[{"count":1,"href":"https:\/\/sacod.ufpr.br\/decom\/wp-json\/wp\/v2\/pages\/232\/revisions"}],"predecessor-version":[{"id":233,"href":"https:\/\/sacod.ufpr.br\/decom\/wp-json\/wp\/v2\/pages\/232\/revisions\/233"}],"wp:attachment":[{"href":"https:\/\/sacod.ufpr.br\/decom\/wp-json\/wp\/v2\/media?parent=232"}],"curies":[{"name":"wp","href":"https:\/\/api.w.org\/{rel}","templated":true}]}}