{"id":225,"date":"2017-08-30T14:57:54","date_gmt":"2017-08-30T17:57:54","guid":{"rendered":"https:\/\/sacod.ufpr.br\/decom\/?page_id=225"},"modified":"2018-07-18T10:46:34","modified_gmt":"2018-07-18T13:46:34","slug":"iniciacao-cientifica","status":"publish","type":"page","link":"https:\/\/sacod.ufpr.br\/decom\/iniciacao-cientifica\/","title":{"rendered":"Inicia\u00e7\u00e3o cient\u00edfica"},"content":{"rendered":"<p><span style=\"font-weight: 400;\">A Inicia\u00e7\u00e3o Cient\u00edfica (IC) \u00e9 uma atividade extracurricular introdut\u00f3ria \u00e0 pesquisa cient\u00edfica para estudantes.<\/span><\/p>\n<p><span style=\"font-weight: 400;\">O participante realiza atividades semanais em um projeto de pesquisa, de acordo com plano de trabalho elaborado pelo professor. Como obrigatoriedade do programa de IC da UFPR, os estudantes apresentam os resultados das pesquisas na Semana Integrada de Ensino, Pesquisa e Extens\u00e3o (SIEPE). Al\u00e9m disso, os alunos s\u00e3o estimulados a publicar artigos cient\u00edficos e a participar de eventos (congressos, simp\u00f3sios, etc.) da \u00e1rea de Comunica\u00e7\u00e3o. <\/span><\/p>\n<p><span style=\"font-weight: 400;\">\u00c9 poss\u00edvel receber bolsa-aux\u00edlio do Conselho Nacional de Pesquisa (CNPq) e Funda\u00e7\u00e3o Arauc\u00e1ria ou atuar como volunt\u00e1rio. Em ambas as modalidades o aluno recebe certificado de horas complementares. <\/span><\/p>\n<p><span style=\"font-weight: 400;\">Os professores que t\u00eam projetos de pesquisa autorizados pela Pr\u00f3-Reitoria de P\u00f3s-Gradua\u00e7\u00e3o (PRPPG) abrem processo seletivo anualmente. Os editais s\u00e3o divulgados pelos pr\u00f3prios professores e no site da <a href=\"http:\/\/www.prppg.ufpr.br\/site\/\">PRPPG<\/a>.<\/span><\/p>\n","protected":false},"excerpt":{"rendered":"<p>A Inicia\u00e7\u00e3o Cient\u00edfica (IC) \u00e9 uma atividade extracurricular introdut\u00f3ria \u00e0 pesquisa cient\u00edfica para estudantes. O participante realiza atividades semanais em um projeto de pesquisa, de acordo com plano de trabalho elaborado pelo professor. Como obrigatoriedade do programa de IC da UFPR, os estudantes apresentam os resultados das pesquisas na Semana Integrada de Ensino, Pesquisa e [&hellip;]<\/p>\n","protected":false},"author":11,"featured_media":0,"parent":0,"menu_order":0,"comment_status":"closed","ping_status":"closed","template":"","meta":{"_acf_changed":false,"footnotes":""},"class_list":["post-225","page","type-page","status-publish","hentry"],"acf":[],"_links":{"self":[{"href":"https:\/\/sacod.ufpr.br\/decom\/wp-json\/wp\/v2\/pages\/225","targetHints":{"allow":["GET"]}}],"collection":[{"href":"https:\/\/sacod.ufpr.br\/decom\/wp-json\/wp\/v2\/pages"}],"about":[{"href":"https:\/\/sacod.ufpr.br\/decom\/wp-json\/wp\/v2\/types\/page"}],"author":[{"embeddable":true,"href":"https:\/\/sacod.ufpr.br\/decom\/wp-json\/wp\/v2\/users\/11"}],"replies":[{"embeddable":true,"href":"https:\/\/sacod.ufpr.br\/decom\/wp-json\/wp\/v2\/comments?post=225"}],"version-history":[{"count":3,"href":"https:\/\/sacod.ufpr.br\/decom\/wp-json\/wp\/v2\/pages\/225\/revisions"}],"predecessor-version":[{"id":556,"href":"https:\/\/sacod.ufpr.br\/decom\/wp-json\/wp\/v2\/pages\/225\/revisions\/556"}],"wp:attachment":[{"href":"https:\/\/sacod.ufpr.br\/decom\/wp-json\/wp\/v2\/media?parent=225"}],"curies":[{"name":"wp","href":"https:\/\/api.w.org\/{rel}","templated":true}]}}