{"id":223,"date":"2017-08-30T14:57:39","date_gmt":"2017-08-30T17:57:39","guid":{"rendered":"https:\/\/sacod.ufpr.br\/decom\/?page_id=223"},"modified":"2017-08-30T14:57:39","modified_gmt":"2017-08-30T17:57:39","slug":"dissertacoes-e-monografias","status":"publish","type":"page","link":"https:\/\/sacod.ufpr.br\/decom\/dissertacoes-e-monografias\/","title":{"rendered":"Disserta\u00e7\u00f5es e monografias"},"content":{"rendered":"<div><a href=\"http:\/\/acervodigital.ufpr.br\/handle\/1884\/39580\">Disserta\u00e7\u00f5es do mestrado em Comunica\u00e7\u00e3o<\/a><\/div>\n<div><a href=\"http:\/\/acervodigital.ufpr.br\/handle\/1884\/38995\">Monografias de Rela\u00e7\u00f5es P\u00fablicas<\/a><\/div>\n<div><a href=\"http:\/\/acervodigital.ufpr.br\/handle\/1884\/38996\">Monografias de Publicidade e Propaganda<\/a><\/div>\n<div><a href=\"http:\/\/acervodigital.ufpr.br\/handle\/1884\/38997\">Monografias de Jornalismo<\/a><\/div>\n","protected":false},"excerpt":{"rendered":"<p>Disserta\u00e7\u00f5es do mestrado em Comunica\u00e7\u00e3o Monografias de Rela\u00e7\u00f5es P\u00fablicas Monografias de Publicidade e Propaganda Monografias de Jornalismo<\/p>\n","protected":false},"author":11,"featured_media":0,"parent":0,"menu_order":0,"comment_status":"closed","ping_status":"closed","template":"","meta":{"_acf_changed":false,"footnotes":""},"class_list":["post-223","page","type-page","status-publish","hentry"],"acf":[],"_links":{"self":[{"href":"https:\/\/sacod.ufpr.br\/decom\/wp-json\/wp\/v2\/pages\/223","targetHints":{"allow":["GET"]}}],"collection":[{"href":"https:\/\/sacod.ufpr.br\/decom\/wp-json\/wp\/v2\/pages"}],"about":[{"href":"https:\/\/sacod.ufpr.br\/decom\/wp-json\/wp\/v2\/types\/page"}],"author":[{"embeddable":true,"href":"https:\/\/sacod.ufpr.br\/decom\/wp-json\/wp\/v2\/users\/11"}],"replies":[{"embeddable":true,"href":"https:\/\/sacod.ufpr.br\/decom\/wp-json\/wp\/v2\/comments?post=223"}],"version-history":[{"count":1,"href":"https:\/\/sacod.ufpr.br\/decom\/wp-json\/wp\/v2\/pages\/223\/revisions"}],"predecessor-version":[{"id":224,"href":"https:\/\/sacod.ufpr.br\/decom\/wp-json\/wp\/v2\/pages\/223\/revisions\/224"}],"wp:attachment":[{"href":"https:\/\/sacod.ufpr.br\/decom\/wp-json\/wp\/v2\/media?parent=223"}],"curies":[{"name":"wp","href":"https:\/\/api.w.org\/{rel}","templated":true}]}}