{"id":217,"date":"2017-08-30T14:52:38","date_gmt":"2017-08-30T17:52:38","guid":{"rendered":"https:\/\/sacod.ufpr.br\/decom\/?page_id=217"},"modified":"2018-07-18T11:06:53","modified_gmt":"2018-07-18T14:06:53","slug":"ponto-pasta","status":"publish","type":"page","link":"https:\/\/sacod.ufpr.br\/decom\/ponto-pasta\/","title":{"rendered":"Ponto Pasta"},"content":{"rendered":"<p>O Ponto Pasta \u00e9 um projeto que realiza atividades de integra\u00e7\u00e3o entre o mercado publicit\u00e1rio e o curso de Publicidade e Propaganda com a promo\u00e7\u00e3o de palestras, oficinas, an\u00e1lise de cases e realiza\u00e7\u00e3o de briefings por parte dos alunos. Al\u00e9m disso, o Ponto Pasta produz um anu\u00e1rio impresso com cria\u00e7\u00f5es dos estudantes, que \u00e9 distribu\u00eddo em ag\u00eancias de Curitiba e regi\u00e3o metropolitana.<\/p>\n<p>Facebook: <a href=\"https:\/\/www.facebook.com\/pontopasta\/\">facebook\/pontopasta<\/a><\/p>\n<p>Email: <a href=\"mailto:pontopastaufpr@gmail.com\">pontopastaufpr@gmail.com<\/a><\/p>\n","protected":false},"excerpt":{"rendered":"<p>O Ponto Pasta \u00e9 um projeto que realiza atividades de integra\u00e7\u00e3o entre o mercado publicit\u00e1rio e o curso de Publicidade e Propaganda com a promo\u00e7\u00e3o de palestras, oficinas, an\u00e1lise de cases e realiza\u00e7\u00e3o de briefings por parte dos alunos. Al\u00e9m disso, o Ponto Pasta produz um anu\u00e1rio impresso com cria\u00e7\u00f5es dos estudantes, que \u00e9 distribu\u00eddo [&hellip;]<\/p>\n","protected":false},"author":11,"featured_media":0,"parent":0,"menu_order":0,"comment_status":"closed","ping_status":"closed","template":"","meta":{"_acf_changed":false,"footnotes":""},"class_list":["post-217","page","type-page","status-publish","hentry"],"acf":[],"_links":{"self":[{"href":"https:\/\/sacod.ufpr.br\/decom\/wp-json\/wp\/v2\/pages\/217","targetHints":{"allow":["GET"]}}],"collection":[{"href":"https:\/\/sacod.ufpr.br\/decom\/wp-json\/wp\/v2\/pages"}],"about":[{"href":"https:\/\/sacod.ufpr.br\/decom\/wp-json\/wp\/v2\/types\/page"}],"author":[{"embeddable":true,"href":"https:\/\/sacod.ufpr.br\/decom\/wp-json\/wp\/v2\/users\/11"}],"replies":[{"embeddable":true,"href":"https:\/\/sacod.ufpr.br\/decom\/wp-json\/wp\/v2\/comments?post=217"}],"version-history":[{"count":9,"href":"https:\/\/sacod.ufpr.br\/decom\/wp-json\/wp\/v2\/pages\/217\/revisions"}],"predecessor-version":[{"id":566,"href":"https:\/\/sacod.ufpr.br\/decom\/wp-json\/wp\/v2\/pages\/217\/revisions\/566"}],"wp:attachment":[{"href":"https:\/\/sacod.ufpr.br\/decom\/wp-json\/wp\/v2\/media?parent=217"}],"curies":[{"name":"wp","href":"https:\/\/api.w.org\/{rel}","templated":true}]}}