{"id":199,"date":"2017-08-30T12:33:48","date_gmt":"2017-08-30T15:33:48","guid":{"rendered":"https:\/\/sacod.ufpr.br\/decom\/?page_id=199"},"modified":"2024-09-12T13:44:44","modified_gmt":"2024-09-12T16:44:44","slug":"regimentos","status":"publish","type":"page","link":"https:\/\/sacod.ufpr.br\/decom\/regimentos\/","title":{"rendered":"Regimentos e resolu\u00e7\u00f5es"},"content":{"rendered":"<p>Regimentos dos cursos de Comunica\u00e7\u00e3o<\/p>\n<p><a href=\"https:\/\/sacod.ufpr.br\/comunicacao\/wp-content\/uploads\/sites\/9\/2015\/03\/Regimento-das-Atividades-Complementares2.pdf\">Atividades formativas &#8211; Comunica\u00e7\u00e3o<\/a><\/p>\n<p><a href=\"https:\/\/sacod.ufpr.br\/comunicacao\/wp-content\/uploads\/sites\/9\/2017\/05\/Regimento-das-Atividades-Extracurriculares-2.pdf\">Atividades formativas &#8211; Jornalismo<\/a><\/p>\n<p><a href=\"https:\/\/sacod.ufpr.br\/decom\/wp-content\/uploads\/sites\/3\/2024\/09\/Regimento-das-Atividades-Extracurriculares-Relacoes-Publicas.pdf\">Atividades formativas &#8211; Rela\u00e7\u00f5es P\u00fablicas<\/a><\/p>\n<p><a href=\"https:\/\/sacod.ufpr.br\/comunicacao\/wp-content\/uploads\/sites\/9\/2017\/05\/Regimento-das-Atividades-Complementares-de-PP-2.pdf\">Atividades formativas &#8211; Publicidade e Propaganda<\/a><\/p>\n<p><a href=\"https:\/\/sacod.ufpr.br\/comunicacao\/wp-content\/uploads\/sites\/9\/2015\/11\/REGIMENTO-DE-EST%C3%81GIO-.pdf\">Est\u00e1gio &#8211; Comunica\u00e7\u00e3o<\/a><\/p>\n<p><a href=\"https:\/\/sacod.ufpr.br\/decom\/wp-content\/uploads\/sites\/3\/2021\/06\/Regimento-de-est\u00e1gio-do-curso-de-Jornalismo-2021.pdf\">Est\u00e1gio &#8211; Jornalismo<\/a><\/p>\n<p><a href=\"https:\/\/sacod.ufpr.br\/decom\/wp-content\/uploads\/sites\/3\/2017\/08\/Regimento-de-Est%C3%A1gio-do-curso-de-RP.pdf\">Est\u00e1gio &#8211; Rela\u00e7\u00f5es P\u00fablicas<\/a><\/p>\n<p><a href=\"https:\/\/sacod.ufpr.br\/decom\/wp-content\/uploads\/sites\/3\/2017\/08\/Regimento-de-Est%C3%A1gio-do-curso-de-PP.pdf\">Est\u00e1gio &#8211; Publicidade e Propaganda<\/a><\/p>\n<p><a href=\"https:\/\/sacod.ufpr.br\/comunicacao\/wp-content\/uploads\/sites\/9\/2017\/05\/Regimento-da-Prattica.pdf\">Prattica &#8211; Ag\u00eancia de Rela\u00e7\u00f5es P\u00fablicas<\/a><\/p>\n<p><a href=\"https:\/\/sacod.ufpr.br\/decom\/wp-content\/uploads\/sites\/3\/2022\/06\/Regimento-TCC-\u2013-Publicidade-e-Propaganda.pdf\">Trabalho de Conclus\u00e3o de Curso\u00a0&#8211; Publicidade e Propaganda<\/a><\/p>\n<p><a href=\"https:\/\/sacod.ufpr.br\/comunicacao\/wp-content\/uploads\/sites\/9\/2015\/11\/Regimento-de-TCC.pdf\">Trabalho de Conclus\u00e3o de Curso &#8211; Comunica\u00e7\u00e3o<\/a><\/p>\n<p><a href=\"https:\/\/sacod.ufpr.br\/decom\/wp-content\/uploads\/sites\/3\/2021\/06\/Microsoft-Word-Regimento-do-TCC-Jornalismo-2020.pdf\">Trabalho de Conclus\u00e3o de Curso &#8211; Jornalismo<\/a><\/p>\n<p><a href=\"https:\/\/sacod.ufpr.br\/decom\/wp-content\/uploads\/sites\/3\/2023\/08\/Regimento-de-TCC-RP.pdf\">Trabalho de Conclus\u00e3o de Curso &#8211; Rela\u00e7\u00f5es P\u00fablicas<\/a><\/p>\n<p><a href=\"https:\/\/sacod.ufpr.br\/decom\/wp-content\/uploads\/sites\/3\/2018\/09\/Dispensa-equival\u00eancia-e-aproveitamento-de-conhecimento.pdf\">Dispensa, equival\u00eancia e aproveitamento de conhecimento<\/a><\/p>\n<p><a href=\"https:\/\/sacod.ufpr.br\/decom\/wp-content\/uploads\/sites\/3\/2018\/09\/Normas-dos-cursos-de-gradua\u00e7\u00e3o.pdf\">Normas dos cursos de gradua\u00e7\u00e3o<\/a><\/p>\n<p>&nbsp;<\/p>\n<p>Regimentos do Departamento de Comunica\u00e7\u00e3o<\/p>\n<p><a href=\"https:\/\/sacod.ufpr.br\/decom\/wp-content\/uploads\/sites\/3\/2024\/02\/Regimento-de-afastamentos-Decom.pdf\">Regimento de afastamentos Decom<\/a><\/p>\n<p><a href=\"https:\/\/sacod.ufpr.br\/decom\/wp-content\/uploads\/sites\/3\/2024\/02\/regimento-armarios.pdf\">Regimento de Empr\u00e9stimo de Arm\u00e1rios<\/a><\/p>\n<p><a href=\"https:\/\/sacod.ufpr.br\/decom\/wp-content\/uploads\/sites\/3\/2017\/08\/Regimento-de-Empr\u00e9stimo-1.pdf\">Regimento de Empr\u00e9stimo de Equipamentos<\/a><\/p>\n<p><a href=\"https:\/\/sacod.ufpr.br\/decom\/wp-content\/uploads\/sites\/3\/2017\/08\/Regimento-encargos-did\u00e1ticos-Decom.pdf\">Regimento encargos did\u00e1ticos Decom<\/a><\/p>\n<p><a href=\"https:\/\/sacod.ufpr.br\/decom\/wp-content\/uploads\/sites\/3\/2017\/08\/Regimento-Geral-do-Decom.pdf\">Regimento Geral do Decom<\/a><\/p>\n<p>Ultima Atualiza\u00e7\u00e3o <span style=\"color: #ff0000\">26\/02\/24<\/span><\/p>\n","protected":false},"excerpt":{"rendered":"<p>Regimentos dos cursos de Comunica\u00e7\u00e3o Atividades formativas &#8211; Comunica\u00e7\u00e3o Atividades formativas &#8211; Jornalismo Atividades formativas &#8211; Rela\u00e7\u00f5es P\u00fablicas Atividades formativas &#8211; Publicidade e Propaganda Est\u00e1gio &#8211; Comunica\u00e7\u00e3o Est\u00e1gio &#8211; Jornalismo Est\u00e1gio &#8211; Rela\u00e7\u00f5es P\u00fablicas Est\u00e1gio &#8211; Publicidade e Propaganda Prattica &#8211; Ag\u00eancia de Rela\u00e7\u00f5es P\u00fablicas Trabalho de Conclus\u00e3o de Curso\u00a0&#8211; Publicidade e Propaganda Trabalho de [&hellip;]<\/p>\n","protected":false},"author":11,"featured_media":0,"parent":0,"menu_order":0,"comment_status":"closed","ping_status":"closed","template":"","meta":{"_acf_changed":false,"footnotes":""},"class_list":["post-199","page","type-page","status-publish","hentry"],"acf":[],"_links":{"self":[{"href":"https:\/\/sacod.ufpr.br\/decom\/wp-json\/wp\/v2\/pages\/199","targetHints":{"allow":["GET"]}}],"collection":[{"href":"https:\/\/sacod.ufpr.br\/decom\/wp-json\/wp\/v2\/pages"}],"about":[{"href":"https:\/\/sacod.ufpr.br\/decom\/wp-json\/wp\/v2\/types\/page"}],"author":[{"embeddable":true,"href":"https:\/\/sacod.ufpr.br\/decom\/wp-json\/wp\/v2\/users\/11"}],"replies":[{"embeddable":true,"href":"https:\/\/sacod.ufpr.br\/decom\/wp-json\/wp\/v2\/comments?post=199"}],"version-history":[{"count":19,"href":"https:\/\/sacod.ufpr.br\/decom\/wp-json\/wp\/v2\/pages\/199\/revisions"}],"predecessor-version":[{"id":3450,"href":"https:\/\/sacod.ufpr.br\/decom\/wp-json\/wp\/v2\/pages\/199\/revisions\/3450"}],"wp:attachment":[{"href":"https:\/\/sacod.ufpr.br\/decom\/wp-json\/wp\/v2\/media?parent=199"}],"curies":[{"name":"wp","href":"https:\/\/api.w.org\/{rel}","templated":true}]}}