{"id":197,"date":"2017-08-30T12:05:13","date_gmt":"2017-08-30T15:05:13","guid":{"rendered":"https:\/\/sacod.ufpr.br\/decom\/?page_id=197"},"modified":"2021-07-19T11:37:26","modified_gmt":"2021-07-19T14:37:26","slug":"formularios","status":"publish","type":"page","link":"https:\/\/sacod.ufpr.br\/decom\/formularios\/","title":{"rendered":"Formul\u00e1rios"},"content":{"rendered":"<p><a href=\"http:\/\/200.17.193.102\/tela_estagio_formularios\/\">EST\u00c1GIO<\/a><\/p>\n<p><a href=\"https:\/\/www.prppg.ufpr.br\/siga\/\" target=\"_blank\" rel=\"noopener\">Adiantamento de conhecimento<\/a><\/p>\n<p><a href=\"https:\/\/www.prppg.ufpr.br\/siga\/\" target=\"_blank\" rel=\"noopener\">Aproveitamento de conhecimento<\/a><\/p>\n<p><a href=\"https:\/\/sacod.ufpr.br\/decom\/wp-content\/uploads\/sites\/3\/2020\/11\/Formul\u00e1rio-Atividades-Formativas.pdf\">Atividades Complementares<\/a><\/p>\n<p><a href=\"https:\/\/www.prppg.ufpr.br\/siga\/\" target=\"_blank\" rel=\"noopener\">Cancelamento de disciplinas<\/a><\/p>\n<p><a href=\"https:\/\/www.prppg.ufpr.br\/siga\/\" target=\"_blank\" rel=\"noopener\">Equival\u00eancia<\/a><\/p>\n<p><a href=\"https:\/\/sacod.ufpr.br\/decom\/wp-content\/uploads\/sites\/3\/2017\/08\/Indica\u00e7\u00e3o-de-disciplinas-est\u00e1gio.pdf\">Indica\u00e7\u00e3o de disciplinas &#8211; est\u00e1gio<\/a><\/p>\n<p><a href=\"https:\/\/sacod.ufpr.br\/decom\/wp-content\/uploads\/sites\/3\/2017\/08\/Plano-de-est\u00e1gio.pdf\">Plano de est\u00e1gio<\/a><\/p>\n<p><a href=\"https:\/\/sacod.ufpr.br\/decom\/wp-content\/uploads\/sites\/3\/2017\/08\/Solicita\u00e7\u00e3o-\u00e0-COE.pdf\">Solicita\u00e7\u00e3o \u00e0 COE<\/a><\/p>\n<p><a href=\"https:\/\/sacod.ufpr.br\/decom\/wp-content\/uploads\/sites\/3\/2017\/08\/Solicita\u00e7\u00e3o-ao-Colegiado.pdf\">Solicita\u00e7\u00e3o ao Colegiado<\/a><\/p>\n<p><a href=\"https:\/\/www.prppg.ufpr.br\/siga\/\" target=\"_blank\" rel=\"noopener\">Trancamento de curso<\/a><\/p>\n","protected":false},"excerpt":{"rendered":"<p>EST\u00c1GIO Adiantamento de conhecimento Aproveitamento de conhecimento Atividades Complementares Cancelamento de disciplinas Equival\u00eancia Indica\u00e7\u00e3o de disciplinas &#8211; est\u00e1gio Plano de est\u00e1gio Solicita\u00e7\u00e3o \u00e0 COE Solicita\u00e7\u00e3o ao Colegiado Trancamento de curso<\/p>\n","protected":false},"author":11,"featured_media":0,"parent":0,"menu_order":0,"comment_status":"closed","ping_status":"closed","template":"","meta":{"_acf_changed":false,"footnotes":""},"class_list":["post-197","page","type-page","status-publish","hentry"],"acf":[],"_links":{"self":[{"href":"https:\/\/sacod.ufpr.br\/decom\/wp-json\/wp\/v2\/pages\/197","targetHints":{"allow":["GET"]}}],"collection":[{"href":"https:\/\/sacod.ufpr.br\/decom\/wp-json\/wp\/v2\/pages"}],"about":[{"href":"https:\/\/sacod.ufpr.br\/decom\/wp-json\/wp\/v2\/types\/page"}],"author":[{"embeddable":true,"href":"https:\/\/sacod.ufpr.br\/decom\/wp-json\/wp\/v2\/users\/11"}],"replies":[{"embeddable":true,"href":"https:\/\/sacod.ufpr.br\/decom\/wp-json\/wp\/v2\/comments?post=197"}],"version-history":[{"count":11,"href":"https:\/\/sacod.ufpr.br\/decom\/wp-json\/wp\/v2\/pages\/197\/revisions"}],"predecessor-version":[{"id":3203,"href":"https:\/\/sacod.ufpr.br\/decom\/wp-json\/wp\/v2\/pages\/197\/revisions\/3203"}],"wp:attachment":[{"href":"https:\/\/sacod.ufpr.br\/decom\/wp-json\/wp\/v2\/media?parent=197"}],"curies":[{"name":"wp","href":"https:\/\/api.w.org\/{rel}","templated":true}]}}