{"id":805,"date":"2020-07-03T17:56:44","date_gmt":"2020-07-03T17:56:44","guid":{"rendered":"https:\/\/sacod.ufpr.br\/coordesign\/?page_id=805"},"modified":"2021-05-29T15:39:27","modified_gmt":"2021-05-29T15:39:27","slug":"planejamento-estrategico-do-curso-de-design-grafico","status":"publish","type":"page","link":"https:\/\/sacod.ufpr.br\/coordesign\/planejamento-estrategico-do-curso-de-design-grafico\/","title":{"rendered":"Planejamento Estrat\u00e9gico do Curso de Design Gr\u00e1fico"},"content":{"rendered":"<p><b>PE.DG | PLANEJAMENTO ESTRAT\u00c9GICO DO&nbsp; <\/b><b>CURSO DE DESIGN GR\u00c1FICO &#8211; UFPR [2020-2024]<\/b><\/p>\n<p>Este documento cont\u00e9m o Planejamento Estrat\u00e9gico do Curso de Design Gr\u00e1fico para o per\u00edodo de 2020 a 2024. Est\u00e1 dividido em oito partes: (1) apresenta\u00e7\u00e3o; (2) implementa\u00e7\u00e3o do novo PPC -Projeto Pedag\u00f3gico do Curso; (3) o perfil do curso; (4) os objetivos do curso; (5) os eixos curriculares; (6) aspectos de ensino, pesquisa e extens\u00e3o; (7)objetivo do planejamento estrat\u00e9gico; e (8) diretrizes e metas.<\/p>\n<p>Confira o documento completo: <a href=\"https:\/\/sacod.ufpr.br\/coordesign\/wp-content\/uploads\/sites\/5\/2020\/07\/PLANEJAMENTO-ESTRAT\u00c9GICO-DG-2020-2024-.pdf\">PLANEJAMENTO ESTRAT\u00c9GICO DG 2020-2024<\/a><\/p>\n","protected":false},"excerpt":{"rendered":"<p>PE.DG | PLANEJAMENTO ESTRAT\u00c9GICO DO&nbsp; CURSO DE DESIGN GR\u00c1FICO &#8211; UFPR [2020-2024] Este documento cont\u00e9m o Planejamento Estrat\u00e9gico do Curso de Design Gr\u00e1fico para o per\u00edodo de 2020 a 2024. Est\u00e1 dividido em oito partes: (1) apresenta\u00e7\u00e3o; (2) implementa\u00e7\u00e3o do novo PPC -Projeto Pedag\u00f3gico do Curso; (3) o perfil do curso; (4) os objetivos do [&hellip;]<\/p>\n","protected":false},"author":1766,"featured_media":0,"parent":0,"menu_order":0,"comment_status":"closed","ping_status":"closed","template":"","meta":{"_acf_changed":false,"ngg_post_thumbnail":0,"footnotes":""},"class_list":["post-805","page","type-page","status-publish","hentry"],"acf":[],"_links":{"self":[{"href":"https:\/\/sacod.ufpr.br\/coordesign\/wp-json\/wp\/v2\/pages\/805","targetHints":{"allow":["GET"]}}],"collection":[{"href":"https:\/\/sacod.ufpr.br\/coordesign\/wp-json\/wp\/v2\/pages"}],"about":[{"href":"https:\/\/sacod.ufpr.br\/coordesign\/wp-json\/wp\/v2\/types\/page"}],"author":[{"embeddable":true,"href":"https:\/\/sacod.ufpr.br\/coordesign\/wp-json\/wp\/v2\/users\/1766"}],"replies":[{"embeddable":true,"href":"https:\/\/sacod.ufpr.br\/coordesign\/wp-json\/wp\/v2\/comments?post=805"}],"version-history":[{"count":2,"href":"https:\/\/sacod.ufpr.br\/coordesign\/wp-json\/wp\/v2\/pages\/805\/revisions"}],"predecessor-version":[{"id":1008,"href":"https:\/\/sacod.ufpr.br\/coordesign\/wp-json\/wp\/v2\/pages\/805\/revisions\/1008"}],"wp:attachment":[{"href":"https:\/\/sacod.ufpr.br\/coordesign\/wp-json\/wp\/v2\/media?parent=805"}],"curies":[{"name":"wp","href":"https:\/\/api.w.org\/{rel}","templated":true}]}}