{"id":784,"date":"2020-07-08T19:27:01","date_gmt":"2020-07-08T19:27:01","guid":{"rendered":"https:\/\/sacod.ufpr.br\/coordesign\/?page_id=784"},"modified":"2020-10-23T15:06:38","modified_gmt":"2020-10-23T15:06:38","slug":"periodo-especial-2020-design-de-produto","status":"publish","type":"page","link":"https:\/\/sacod.ufpr.br\/coordesign\/periodo-especial-2020-design-de-produto\/","title":{"rendered":"2 ERE | Per\u00edodo Especial 2020 Design de Produto"},"content":{"rendered":"<h2><strong>Matr\u00edcula<\/strong><\/h2>\n<p>&nbsp;<\/p>\n<p>Aten\u00e7\u00e3o! Neste novo per\u00edodo especial teremos somente <b>um momento&nbsp;<\/b>para solicitar matr\u00edcula. A solicita\u00e7\u00e3o de matr\u00edcula se inicia na segunda (<strong>26\/out<\/strong>) \u00e0s 8:00 e se encerra na quarta-feira (<strong>28\/out<\/strong>) \u00e0s&nbsp;23:59.&nbsp;<\/p>\n<p>&nbsp;<\/p>\n<p>As matr\u00edculas para o novo Per\u00edodo Especial ser\u00e3o feitas via&nbsp;SIGA.<\/p>\n<p class=\"p1\">Link para acessar o SIGA:&nbsp;<a href=\"https:\/\/www.prppg.ufpr.br\/siga\/\">SIGA UFPR<\/a><\/p>\n<p class=\"p1\">Link para tutoriais sobre o SIGA:&nbsp;<a href=\"https:\/\/ufpraberta.ufpr.br\/course\/view.php?id=9\">UFPR Aberta<\/a><\/p>\n<p>&nbsp;<\/p>\n<p>Outras datas importantes:<\/p>\n<p><strong>01\/nov<\/strong>&nbsp;\u2013 Conferir no SIGA se sua solicita\u00e7\u00e3o de matr\u00edcula foi efetivada.<\/p>\n<p><strong>03 a 14\/nov<\/strong>&nbsp;\u2013 Per\u00edodo para adequa\u00e7\u00e3o das matr\u00edculas pela&nbsp;Coordena\u00e7\u00e3o do Curso.&nbsp;<\/p>\n<p>a partir de <strong>03\/nov<\/strong>&nbsp;e <strong>01\/fev<\/strong> &#8211; In\u00edcio das aulas. \u00c9 de responsabilidade de cada estudante fazer o contato inicial com o\/a(s) docente(s) respons\u00e1vel(is) pela(s) disciplinas(s), atrav\u00e9s dos e-mails disponibilizados no edital.&nbsp;<\/p>\n<p>&nbsp;<\/p>\n<h2><strong>Vis\u00e3o geral&nbsp;<\/strong><\/h2>\n<p>&nbsp;<\/p>\n<p><a href=\"https:\/\/sacod.ufpr.br\/coordesign\/wp-content\/uploads\/sites\/5\/2020\/10\/Edital-Peri\u0301odo-Especial-02-1.pdf\">Edital<\/a><\/p>\n<p><a href=\"https:\/\/sacod.ufpr.br\/coordesign\/wp-content\/uploads\/sites\/5\/2020\/10\/Cronograma-1.pdf\">Cronograma<\/a><\/p>\n<p><a href=\"https:\/\/sacod.ufpr.br\/coordesign\/wp-content\/uploads\/sites\/5\/2020\/10\/Grade-atualizada.pdf\">Grade hor\u00e1ria atualizada &#8211; atividades s\u00edncronas<\/a><\/p>\n<p>&nbsp;<\/p>\n<h2><strong>Planos de ensino<\/strong><\/h2>\n<h4>&nbsp;<\/h4>\n<h4>Disciplinas Obrigat\u00f3rias<\/h4>\n<p>(Clique nos links para visualizar os planos de ensino e cronogramas detalhados)<\/p>\n<p>&nbsp;<\/p>\n<p><strong>1\u02daano<\/strong><\/p>\n<p><a href=\"https:\/\/sacod.ufpr.br\/coordesign\/wp-content\/uploads\/sites\/5\/2020\/10\/PE02_Historia-da-Arte.pdf\">OA309_Hist\u00f3ria da Arte<\/a><\/p>\n<p><a href=\"https:\/\/sacod.ufpr.br\/coordesign\/wp-content\/uploads\/sites\/5\/2020\/10\/PE02_Fotografia.pdf\">OD502_Fotografia aplicada ao Design de Produto<\/a><\/p>\n<p><a href=\"https:\/\/sacod.ufpr.br\/coordesign\/wp-content\/uploads\/sites\/5\/2020\/10\/HS037_Antropologia_Cultural_Joao_Rickli_2020_2ERE.pdf\">HS037_Antropologia Cultural<\/a><\/p>\n<p>&nbsp;<\/p>\n<p><strong>2\u02daano<\/strong><\/p>\n<p><a href=\"https:\/\/sacod.ufpr.br\/coordesign\/wp-content\/uploads\/sites\/5\/2020\/10\/PE02_Ergonomia.pdf\">OD500_Ergonomia aplicada ao Design de Produto<\/a><\/p>\n<p>&nbsp;<\/p>\n<p><strong>3\u02daano<\/strong><\/p>\n<p><a href=\"https:\/\/sacod.ufpr.br\/coordesign\/wp-content\/uploads\/sites\/5\/2020\/10\/PE02_Gestao-1.pdf\">OD503_Gest\u00e3o aplicada ao Design de Produto I<\/a><\/p>\n<p><a href=\"https:\/\/sacod.ufpr.br\/coordesign\/wp-content\/uploads\/sites\/5\/2020\/10\/PE02_Semiotica.pdf\">OD521_Semi\u00f3tica aplicada ao Design de Produto<\/a><\/p>\n<p>&nbsp;<\/p>\n<p><strong>4\u02daano<\/strong><\/p>\n<p><a href=\"https:\/\/sacod.ufpr.br\/coordesign\/wp-content\/uploads\/sites\/5\/2020\/10\/PE02_Estagio.pdf\">OD501_Est\u00e1gio Supervisionado<\/a><\/p>\n<p>&nbsp;<\/p>\n<h4>Disciplinas Optativas<\/h4>\n<p>(Clique nos links para visualizar os planos de ensino e cronogramas detalhados)<\/p>\n<p>&nbsp;<\/p>\n<p><a href=\"https:\/\/sacod.ufpr.br\/coordesign\/wp-content\/uploads\/sites\/5\/2020\/10\/PE02_Sketch.pdf\">OD108b_Sketch como simula\u00e7\u00e3o em ambiente real<\/a><\/p>\n<p><a href=\"https:\/\/sacod.ufpr.br\/coordesign\/wp-content\/uploads\/sites\/5\/2020\/10\/OD112a_Design-e-emoc\u0327a\u0303o.pdf\">OD112a_Design e emoc\u0327a\u0303o<\/a><\/p>\n<p><a href=\"https:\/\/sacod.ufpr.br\/coordesign\/wp-content\/uploads\/sites\/5\/2020\/10\/PE02_Design-pos-antropoc.pdf\">OD111d_Design p\u00f3s antropoc\u00eantrico<\/a><\/p>\n<p><a href=\"https:\/\/sacod.ufpr.br\/coordesign\/wp-content\/uploads\/sites\/5\/2020\/10\/PE02_DfS.pdf\">OD113_Design para sustentabilidade<\/a><\/p>\n<p><a href=\"https:\/\/sacod.ufpr.br\/coordesign\/wp-content\/uploads\/sites\/5\/2020\/10\/PE02_Intro-design-joias.pdf\">OD111a_Introdu\u00e7\u00e3o ao design de joias<\/a><\/p>\n<p><a href=\"https:\/\/sacod.ufpr.br\/coordesign\/wp-content\/uploads\/sites\/5\/2020\/10\/PE02_Design-e-rel-de-genero.pdf\">OD112_Design e rela\u00e7\u00f5es de g\u00eanero<\/a><\/p>\n<p><a href=\"https:\/\/sacod.ufpr.br\/coordesign\/wp-content\/uploads\/sites\/5\/2020\/10\/PE02_Intro-design-interiores.pdf\">OD107a_Introdu\u00e7\u00e3o ao design de interiores<\/a><\/p>\n<p>&nbsp;<\/p>\n<p>&nbsp;<\/p>\n<h2><strong>Mais informa\u00e7\u00f5es<\/strong><\/h2>\n<p>&nbsp;<\/p>\n<p><a href=\"http:\/\/www.soc.ufpr.br\/wp-content\/uploads\/2020\/10\/RESOLU%C3%87%C3%83O-N%C2%BA-65-2020-CEPE.pdf\">Resolu\u00e7\u00e3o 65\/2020 CEPE<\/a><\/p>\n<p><a href=\"http:\/\/www.cipead.ufpr.br1\/index.php\/cipead\/periodo-especial-ufpr\/principais-duvidas-faq\/\">FAQ<\/a><\/p>\n<p><a href=\"https:\/\/www.ufpr.brufpr\/noticias\/matriculas-para-o-segundo-periodo-especial-iniciam-nesta-segunda-feira-26-e-devem-ser-feitas-no-siga\/\">Sobre o ERE 02<\/a><\/p>\n<p>&nbsp;<\/p>\n","protected":false},"excerpt":{"rendered":"<p>Matr\u00edcula &nbsp; Aten\u00e7\u00e3o! Neste novo per\u00edodo especial teremos somente um momento&nbsp;para solicitar matr\u00edcula. A solicita\u00e7\u00e3o de matr\u00edcula se inicia na segunda (26\/out) \u00e0s 8:00 e se encerra na quarta-feira (28\/out) \u00e0s&nbsp;23:59.&nbsp; &nbsp; As matr\u00edculas para o novo Per\u00edodo Especial ser\u00e3o feitas via&nbsp;SIGA. Link para acessar o SIGA:&nbsp;SIGA UFPR Link para tutoriais sobre o SIGA:&nbsp;UFPR Aberta [&hellip;]<\/p>\n","protected":false},"author":1767,"featured_media":0,"parent":0,"menu_order":0,"comment_status":"closed","ping_status":"closed","template":"","meta":{"_acf_changed":false,"ngg_post_thumbnail":0,"footnotes":""},"class_list":["post-784","page","type-page","status-publish","hentry"],"acf":[],"_links":{"self":[{"href":"https:\/\/sacod.ufpr.br\/coordesign\/wp-json\/wp\/v2\/pages\/784","targetHints":{"allow":["GET"]}}],"collection":[{"href":"https:\/\/sacod.ufpr.br\/coordesign\/wp-json\/wp\/v2\/pages"}],"about":[{"href":"https:\/\/sacod.ufpr.br\/coordesign\/wp-json\/wp\/v2\/types\/page"}],"author":[{"embeddable":true,"href":"https:\/\/sacod.ufpr.br\/coordesign\/wp-json\/wp\/v2\/users\/1767"}],"replies":[{"embeddable":true,"href":"https:\/\/sacod.ufpr.br\/coordesign\/wp-json\/wp\/v2\/comments?post=784"}],"version-history":[{"count":43,"href":"https:\/\/sacod.ufpr.br\/coordesign\/wp-json\/wp\/v2\/pages\/784\/revisions"}],"predecessor-version":[{"id":1046,"href":"https:\/\/sacod.ufpr.br\/coordesign\/wp-json\/wp\/v2\/pages\/784\/revisions\/1046"}],"wp:attachment":[{"href":"https:\/\/sacod.ufpr.br\/coordesign\/wp-json\/wp\/v2\/media?parent=784"}],"curies":[{"name":"wp","href":"https:\/\/api.w.org\/{rel}","templated":true}]}}