{"id":776,"date":"2020-07-01T12:42:42","date_gmt":"2020-07-01T12:42:42","guid":{"rendered":"https:\/\/sacod.ufpr.br\/coordesign\/?page_id=776"},"modified":"2021-05-29T18:06:37","modified_gmt":"2021-05-29T18:06:37","slug":"plano-de-adequacao-curricular-curso-de-design-grafico","status":"publish","type":"page","link":"https:\/\/sacod.ufpr.br\/coordesign\/plano-de-adequacao-curricular-curso-de-design-grafico\/","title":{"rendered":"Plano de Adequa\u00e7\u00e3o Curricular &#8211; Curso de Design Gr\u00e1fico"},"content":{"rendered":"<p><b>PLANO DE ADEQUA\u00c7\u00c3O CURRICULAR<\/b><\/p>\n<p><b>Curso de Design Gr\u00e1fico CEPE 32.19 e CEPE 33.19<\/b><\/p>\n<table>\n<tbody>\n<tr>\n<td colspan=\"3\"><b>Curr\u00edculo Novo<\/b><\/td>\n<td colspan=\"4\"><b>Curr\u00edculo Antigo<\/b><\/td>\n<\/tr>\n<tr>\n<td><b>C\u00f3digo<\/b><\/td>\n<td><b>Disciplina<\/b><\/td>\n<td><b>C.H.<\/b><\/td>\n<td colspan=\"2\"><b>C\u00f3digo<\/b><\/td>\n<td><b>Disciplina<\/b><\/td>\n<td><b>C.H.<\/b><\/td>\n<\/tr>\n<tr>\n<td rowspan=\"3\">ODRE1<\/td>\n<td rowspan=\"3\">Representa\u00e7\u00e3o e Express\u00e3o 1<\/td>\n<td rowspan=\"3\">45<\/td>\n<td rowspan=\"3\">ou<\/td>\n<td>OD302<\/td>\n<td>Desenho de Observa\u00e7\u00e3o I<\/td>\n<td>45<\/td>\n<\/tr>\n<tr>\n<td>OD308<\/td>\n<td>Ilustra\u00e7\u00e3o I<\/td>\n<td>45<\/td>\n<\/tr>\n<tr>\n<td>OD300<\/td>\n<td>Anima\u00e7\u00e3o I<\/td>\n<td>45<\/td>\n<\/tr>\n<\/tbody>\n<\/table>\n<p>&nbsp;<\/p>\n<p>O aluno que cursar o<strong> ODRE1 Representa\u00e7\u00e3o e Express\u00e3o 1<\/strong> pode fazer &#8220;ADEQUA\u00c7\u00c3O&#8221; em uma das 3 mat\u00e9rias da coluna da direita<\/p>\n<p>ou seja <strong>OD302 Desenho de Observa\u00e7\u00e3o I<\/strong>,&nbsp; <strong>OD308 Ilustra\u00e7\u00e3o I<\/strong> ou <strong>OD300 Anima\u00e7\u00e3o I<\/strong><\/p>\n<p>Na hora de escolher a adequa\u00e7\u00e3o deve observar quais das 3 mat\u00e9rias \u00e9 mais vantajosa escolher considerando a grade hor\u00e1ria.<\/p>\n<p>&nbsp;<\/p>\n<p>Este quadro serve para &#8220;ADAPTA\u00c7\u00c3O CURRICULAR &#8221; ou seja ao cursar<\/p>\n<p><strong>OD302 Desenho de Observa\u00e7\u00e3o I<\/strong>,&nbsp; <strong>OD308 Ilustra\u00e7\u00e3o I<\/strong> ou <strong>OD300 Anima\u00e7\u00e3o I<\/strong><\/p>\n<p>pode fazer &#8220;Adapta\u00e7\u00e3o&#8221; para <strong>ODRE1 Representa\u00e7\u00e3o e Express\u00e3o 1<\/strong>&nbsp;<\/p>\n<p>&nbsp;<\/p>\n<p>Tecnicamente n\u00e3o \u00e9 uma equival\u00eancia, tendo em vista que n\u00e3o se observa uma correspond\u00eancia do conte\u00fado das disciplinas, mas, na pr\u00e1tica, pode ser entendido como uma &#8220;equival\u00eancia&#8221;.<\/p>\n<p>&#8230;<\/p>\n<p>veja o quadro completo<\/p>\n<p><a href=\"https:\/\/sacod.ufpr.br\/coordesign\/wp-content\/uploads\/sites\/5\/2020\/07\/PLANO-DE-ADEQUA\u00c7\u00c3O-CURRICULAR.pdf\">PLANO DE ADEQUA\u00c7\u00c3O CURRICULAR<\/a><\/p>\n","protected":false},"excerpt":{"rendered":"<p>PLANO DE ADEQUA\u00c7\u00c3O CURRICULAR Curso de Design Gr\u00e1fico CEPE 32.19 e CEPE 33.19 Curr\u00edculo Novo Curr\u00edculo Antigo C\u00f3digo Disciplina C.H. C\u00f3digo Disciplina C.H. ODRE1 Representa\u00e7\u00e3o e Express\u00e3o 1 45 ou OD302 Desenho de Observa\u00e7\u00e3o I 45 OD308 Ilustra\u00e7\u00e3o I 45 OD300 Anima\u00e7\u00e3o I 45 &nbsp; O aluno que cursar o ODRE1 Representa\u00e7\u00e3o e Express\u00e3o 1 [&hellip;]<\/p>\n","protected":false},"author":1766,"featured_media":0,"parent":0,"menu_order":0,"comment_status":"closed","ping_status":"closed","template":"","meta":{"_acf_changed":false,"ngg_post_thumbnail":0,"footnotes":""},"class_list":["post-776","page","type-page","status-publish","hentry"],"acf":[],"_links":{"self":[{"href":"https:\/\/sacod.ufpr.br\/coordesign\/wp-json\/wp\/v2\/pages\/776","targetHints":{"allow":["GET"]}}],"collection":[{"href":"https:\/\/sacod.ufpr.br\/coordesign\/wp-json\/wp\/v2\/pages"}],"about":[{"href":"https:\/\/sacod.ufpr.br\/coordesign\/wp-json\/wp\/v2\/types\/page"}],"author":[{"embeddable":true,"href":"https:\/\/sacod.ufpr.br\/coordesign\/wp-json\/wp\/v2\/users\/1766"}],"replies":[{"embeddable":true,"href":"https:\/\/sacod.ufpr.br\/coordesign\/wp-json\/wp\/v2\/comments?post=776"}],"version-history":[{"count":4,"href":"https:\/\/sacod.ufpr.br\/coordesign\/wp-json\/wp\/v2\/pages\/776\/revisions"}],"predecessor-version":[{"id":1019,"href":"https:\/\/sacod.ufpr.br\/coordesign\/wp-json\/wp\/v2\/pages\/776\/revisions\/1019"}],"wp:attachment":[{"href":"https:\/\/sacod.ufpr.br\/coordesign\/wp-json\/wp\/v2\/media?parent=776"}],"curies":[{"name":"wp","href":"https:\/\/api.w.org\/{rel}","templated":true}]}}