{"id":738,"date":"2020-06-28T20:21:49","date_gmt":"2020-06-28T20:21:49","guid":{"rendered":"https:\/\/sacod.ufpr.br\/coordesign\/?page_id=738"},"modified":"2020-10-17T16:04:53","modified_gmt":"2020-10-17T16:04:53","slug":"perguntas-periodo-especial","status":"publish","type":"page","link":"https:\/\/sacod.ufpr.br\/coordesign\/perguntas-periodo-especial\/","title":{"rendered":"Perguntas Per\u00edodo Especial"},"content":{"rendered":"<p><b>1. Se a suspens\u00e3o acabar antes do t\u00e9rmino das disciplinas do per\u00edodo especial ?<\/b><\/p>\n<p>Art. 16. Na hip\u00f3tese do fim da suspens\u00e3o do calend\u00e1rio acad\u00eamico ocorrer anteriormente ao final do per\u00edodo especial ou na hip\u00f3tese de prorroga\u00e7\u00e3o do per\u00edodo especial, fica assegurado \u00e0s\/aos docentes proporem adequa\u00e7\u00e3o do plano de ensino da disciplina.<\/p>\n<p>&nbsp;<\/p>\n<p><b>2. O que acontece com quem estava p.ex. matriculado na OD129 TEDG IV Visual Thinking ?<\/b><\/p>\n<p>Pode se matricular agora no per\u00edodo especial na<b> ODTE6<\/b> (Ciclo 2). Quando voltar o calend\u00e1rio poder\u00e1 cancelar a disciplina. Isso n\u00e3o vai prejudicar quem n\u00e3o optar por fazer a ODTE6 agora, pois quando voltar o calend\u00e1rio simplesmente estar\u00e1 matriculado e poder\u00e1 continuar de onde parou.<br \/>\nEste \u00e9 um exemplo e serve para outras disciplinas que o aluno esteja matriculado.<\/p>\n<p>&nbsp;<\/p>\n<p><b>3. Como funciona a l\u00f3gica da integraliza\u00e7\u00e3o ?<br \/>\n<\/b><\/p>\n<p>Quem precisa p.ex. integralizar a disciplina <b>OD309 Ilustra\u00e7\u00e3o 2<\/b> poderia escolher fazer a ODRE5 (Ciclo 1). Mas como a \u201cAdequa\u00e7\u00e3o\u201d s\u00f3 serve para cumprir uma disciplina, se precisar integralizar <b>OD309 Ilustra\u00e7\u00e3o II<\/b> e <b>OD306 Fotografia<\/b>, neste caso, mais adiante precisar\u00e1 cursar outra disciplina para integralizar a <b>OD306 Fotografia.<\/b><\/p>\n<p>&nbsp;<\/p>\n<p><strong>4. S\u00f3 ter\u00e3o essas disciplinas ?<\/strong><\/p>\n<p>Poder\u00e3o ser ofertadas no per\u00edodo especial novas turmas de qualquer disciplina. (Artigo 4\u00ba)<\/p>\n<p>&nbsp;<\/p>\n<p><strong>5. Como ficam as mat\u00e9rias do per\u00edodo regular?<\/strong><\/p>\n<p>Artigo 5\u00ba Par\u00e1grafo \u00fanico. \u00c0s\/Aos estudantes matriculados em disciplinas e unidades curriculares ofertadas no per\u00edodo regular do 1\u00ba semestre letivo de 2020, ficam assegurados todos os direitos regularmente conferidos em per\u00edodo de normalidade do calend\u00e1rio acad\u00eamico, de tal modo que a recusa ou impedimento em efetuar matr\u00edcula no per\u00edodo especial n\u00e3o repercutir\u00e1 em nenhuma restri\u00e7\u00e3o ou priva\u00e7\u00e3o daqueles direitos ap\u00f3s o fim da suspens\u00e3o do calend\u00e1rio acad\u00eamico.&nbsp;<\/p>\n<p>&nbsp;<\/p>\n<p><b>6. Com quem tiro as d\u00favidas sobre a condu\u00e7\u00e3o das disciplinas?<\/b><\/p>\n<p>As d\u00favidas sobre como as aulas ser\u00e3o conduzidas devem ser direcionadas diretamente as\/aos professores. Ver contato nos respectivos <a href=\"https:\/\/drive.google.com\/drive\/folders\/1QiE3Vrjm7QXXbkaYWro7EDJJRKfVf875?usp=sharing\">planos de ensino<\/a>.<\/p>\n<p>&nbsp;<\/p>\n<p><strong>7. J\u00e1 posso cancelar as disciplinas do primeiro semestre do per\u00edodo regular?<\/strong><br \/>\nAinda n\u00e3o. O calend\u00e1rio em si est\u00e1 suspenso, assim o cancelamento s\u00f3 poder\u00e1 ser feito quanto o calend\u00e1rio voltar. Os\/as estudantes podem fazer uma disciplina e, se passar, poder\u00e1 cancelar a disciplina quando retornar Calend\u00e1rio (mar\/20) e caso contr\u00e1rio, se n\u00e3o passar ou simplesmente cancelar, pode fazer normalmente, a disciplina que estava matriculado, quando a suspens\u00e3o do calend\u00e1rio for revogada.<\/p>\n<p>&nbsp;<\/p>\n<p><strong>8. O que se deve fazer caso desista de uma disciplina ofertada com a resolu\u00e7\u00e3o 44. Ou seja a disciplinas EaD (OD005) est\u00e1gio e TCC?<\/strong><br \/>\nResposta: na volta do calend\u00e1rio cancelar a disciplina para n\u00e3o prejudicar o seu IRA.<br \/>\nSendo que Est\u00e1gio e TCC ser\u00e3o retomadas na volta do calend\u00e1rio.<\/p>\n<p>&nbsp;<\/p>\n<p>&nbsp;<\/p>\n","protected":false},"excerpt":{"rendered":"<p>1. Se a suspens\u00e3o acabar antes do t\u00e9rmino das disciplinas do per\u00edodo especial ? Art. 16. Na hip\u00f3tese do fim da suspens\u00e3o do calend\u00e1rio acad\u00eamico ocorrer anteriormente ao final do per\u00edodo especial ou na hip\u00f3tese de prorroga\u00e7\u00e3o do per\u00edodo especial, fica assegurado \u00e0s\/aos docentes proporem adequa\u00e7\u00e3o do plano de ensino da disciplina. &nbsp; 2. O [&hellip;]<\/p>\n","protected":false},"author":1766,"featured_media":0,"parent":0,"menu_order":0,"comment_status":"closed","ping_status":"closed","template":"","meta":{"_acf_changed":false,"ngg_post_thumbnail":0,"footnotes":""},"class_list":["post-738","page","type-page","status-publish","hentry"],"acf":[],"_links":{"self":[{"href":"https:\/\/sacod.ufpr.br\/coordesign\/wp-json\/wp\/v2\/pages\/738","targetHints":{"allow":["GET"]}}],"collection":[{"href":"https:\/\/sacod.ufpr.br\/coordesign\/wp-json\/wp\/v2\/pages"}],"about":[{"href":"https:\/\/sacod.ufpr.br\/coordesign\/wp-json\/wp\/v2\/types\/page"}],"author":[{"embeddable":true,"href":"https:\/\/sacod.ufpr.br\/coordesign\/wp-json\/wp\/v2\/users\/1766"}],"replies":[{"embeddable":true,"href":"https:\/\/sacod.ufpr.br\/coordesign\/wp-json\/wp\/v2\/comments?post=738"}],"version-history":[{"count":9,"href":"https:\/\/sacod.ufpr.br\/coordesign\/wp-json\/wp\/v2\/pages\/738\/revisions"}],"predecessor-version":[{"id":891,"href":"https:\/\/sacod.ufpr.br\/coordesign\/wp-json\/wp\/v2\/pages\/738\/revisions\/891"}],"wp:attachment":[{"href":"https:\/\/sacod.ufpr.br\/coordesign\/wp-json\/wp\/v2\/media?parent=738"}],"curies":[{"name":"wp","href":"https:\/\/api.w.org\/{rel}","templated":true}]}}