{"id":732,"date":"2020-06-28T20:14:17","date_gmt":"2020-06-28T20:14:17","guid":{"rendered":"https:\/\/sacod.ufpr.br\/coordesign\/?page_id=732"},"modified":"2022-05-23T13:35:42","modified_gmt":"2022-05-23T13:35:42","slug":"periodo-especial-2020-design-grafico","status":"publish","type":"page","link":"https:\/\/sacod.ufpr.br\/coordesign\/periodo-especial-2020-design-grafico\/","title":{"rendered":"1\u00ba semestre 2022 . Design Gr\u00e1fico jun-set\/2022"},"content":{"rendered":"<p><strong>Bemvindes ao 1\u00ba semeste de 2022 no Design Gr\u00e1fico!!&nbsp; <\/strong><strong>\u2312<\/strong><strong>(o<\/strong><strong>\uff3e\u25bd\uff3e<\/strong><strong>o)<\/strong><strong>\u30ce\uff9f<\/strong><\/p>\n<h4><strong><span style=\"color: #00ccff\">Informa\u00e7\u00f5es, arquivos e links para matr\u00edcula no 1<\/span><\/strong><span style=\"color: #00ccff\">\u00ba semestre\/2022,&nbsp; de 06jun a 17set\/2022<\/span><\/h4>\n<p><span style=\"color: #999999\">&#8230;&#8230;&#8230;&#8230;&#8230;&#8230;&#8230;&#8230;&#8230;&#8230;&#8230;&#8230;&#8230;&#8230;&#8230;&#8230;&#8230;&#8230;&#8230;&#8230;&#8230;&#8230;&#8230;&#8230;&#8230;&#8230;&#8230;&#8230;&#8230;&#8230;&#8230;&#8230;&#8230;&#8230;&#8230;&#8230;&#8230;&#8230;&#8230;&#8230;&#8230;&#8230;&#8230;.<\/span><\/p>\n<p>&nbsp;<\/p>\n<p><strong>( <\/strong><strong>\u2299<\/strong><strong>&nbsp;<\/strong><strong>\u230a<\/strong> <strong>\u2299&nbsp;<\/strong><strong>)&nbsp;DATAS IMPORTANTES!!<\/strong><\/p>\n<p><span style=\"color: #000000\">\u25cc&nbsp;<\/span>21 a 25mai | <strong>solicita\u00e7\u00e3o de MATR\u00cdCULA<\/strong> pelos\/as discentes, direto no SIGA;<\/p>\n<p><span style=\"color: #000000\">\u25cc&nbsp;<\/span>26 e 27mai | processamento de MATR\u00cdCULAS;<\/p>\n<p><span style=\"color: #000000\">\u25cc&nbsp;<\/span>30 e 31mai | <strong>AJUSTE de matr\u00edcula pelos\/as discentes<\/strong>, direto no SIGA;<\/p>\n<p><span style=\"color: #000000\">\u25cc&nbsp;<\/span>02 a 17jun | per\u00edodo de solicita\u00e7\u00e3o de <strong>AJUSTE de matr\u00edcula<\/strong> na Coordena\u00e7\u00e3o do Curso.<\/p>\n<p><span style=\"color: #000000\">\u25cc 06jun |<\/span><b>In\u00edcio do per\u00edodo letivo<\/b>&nbsp;de 2022\/1 para os cursos de 15 semanas<\/p>\n<p><span style=\"color: #999999\">&#8230;&#8230;&#8230;&#8230;&#8230;&#8230;&#8230;&#8230;&#8230;&#8230;&#8230;&#8230;&#8230;&#8230;&#8230;&#8230;&#8230;&#8230;&#8230;&#8230;&#8230;&#8230;&#8230;&#8230;&#8230;&#8230;&#8230;&#8230;&#8230;&#8230;&#8230;&#8230;&#8230;&#8230;&#8230;&#8230;&#8230;&#8230;&#8230;&#8230;&#8230;&#8230;&#8230;.<\/span><\/p>\n<p>&nbsp;<\/p>\n<p><span style=\"color: #008000\"><strong>| matr\u00edculas&nbsp;<\/strong><\/span><\/p>\n<p>\u25cc&nbsp;Nos dias <span style=\"color: #008000\"><strong>21 a 25 de maio<\/strong><\/span>, solicita\u00e7\u00e3o de matr\u00edculas, via <a href=\"https:\/\/www.prppg.ufpr.br\/siga\/login\"><span style=\"color: #3366ff\">SIGA-UFPR<\/span>&nbsp;<\/a>.<\/p>\n<p>\u25cc&nbsp;Se voc\u00ea est\u00e1 utilizando o SIGA a primeira vez, veja os tutoriais para matr\u00edcula e outros temas na <a href=\"https:\/\/ufpraberta.ufpr.br\/course\/view.php?id=9\"><span style=\"color: #3366ff\">UFPR aberta<\/span><\/a>.<\/p>\n<p><span style=\"color: #008000\"><strong>\u25cc 26 e 27mai<\/strong><\/span>&nbsp;. Processamento interno das solicita\u00e7\u00f5es de matr\u00edculas. <span style=\"color: #008000\">Confira se sua solicita\u00e7\u00e3o foi efetivada no SIGA, se algo n\u00e3o se efetivou, fa\u00e7a a &#8220;Corre\u00e7\u00e3o de Matr\u00edculas&#8221;.<\/span><\/p>\n<p>&nbsp;<\/p>\n<p><span style=\"color: #008000\"><strong>| disciplinas: grade&nbsp;hor\u00e1ria,&nbsp;planos de ensino e resolu\u00e7\u00f5es<\/strong><\/span><\/p>\n<p>\uff08\uff61\u25d1\u30ee\u25d1\uff61\uff09&nbsp; Antes de se matricular confira <span style=\"color: #008000\"><a style=\"color: #008000\" href=\"https:\/\/docs.google.com\/spreadsheets\/d\/1qsL0cXMTmklHbxaLSSAdD3oipS7Ed3HJM3n8lkE4-7U\/edit?usp=sharing\"><span style=\"color: #3366ff\">aqui a<\/span><strong><span style=\"color: #3366ff\"> Grade Hor\u00e1ria<\/span><\/strong><\/a><\/span>, os temas e os detalhes nos&nbsp;<span style=\"color: #3366ff\"><a style=\"color: #3366ff\" href=\"https:\/\/drive.google.com\/drive\/folders\/1gyunUz4ipRocF6U0AgZ4AZBcKfHRBbHZ?usp=sharing\"><strong>Planos de Ensino<\/strong> das Disciplinas<\/a> <\/span>e tamb\u00e9m as <span style=\"color: #3366ff\"><a style=\"color: #3366ff\" href=\"https:\/\/drive.google.com\/drive\/folders\/18DCTUMuGsjM9Zvv9jwEmnynqyLpahmNx?usp=sharing\">Resolu\u00e7\u00f5es vigentes<\/a><\/span> para este 1\u00ba semestre\/2022.<\/p>\n<p>&nbsp;<\/p>\n<p><strong><span style=\"color: #008000\">| corre\u00e7\u00e3o de Matr\u00edculas . <span style=\"color: #ff6600\">ATEN\u00c7\u00c3O, novidade!!&nbsp;<\/span><\/span><\/strong><br \/>\n<span style=\"color: #008000\"><strong>\u25cc 30 e 31mai<\/strong><\/span>&nbsp;.&nbsp;dias para AJUSTE de matr\u00edcula <span style=\"color: #ff6600\">pelos\/as discentes<\/span>, direto no SIGA.<\/p>\n<p><span style=\"color: #008000\"><strong>\u25cc <\/strong><\/span>confira dados de <span style=\"color: #3366ff\"><a style=\"color: #3366ff\" href=\"https:\/\/docs.google.com\/spreadsheets\/d\/1LZW9L0UYGT1qLKM7SoOSHse7gAxrkLO1o7VdSX0VUFs\/edit?usp=sharing\"><strong>VAGAS DISPON\u00cdVEIS em disciplinas<\/strong><\/a><\/span>, atualizados diariamente.<\/p>\n<p>&nbsp;<\/p>\n<p><strong><span style=\"color: #008000\">| ainda com problemas com vagas e\/ou erros em matr\u00edculas, ajustes via Coord. DG!!&nbsp;<\/span><\/strong><br \/>\n<span style=\"color: #008000\"><strong>\u25cc 02 a 17jun<\/strong><\/span>&nbsp;. per\u00edodo de solicita\u00e7\u00e3o de AJUSTE de matr\u00edcula na Coordena\u00e7\u00e3o do Curso.<\/p>\n<p><span style=\"color: #008000\"><strong>\u25cc <\/strong><\/span>para<span style=\"color: #333333\">&nbsp;solicitar<strong> inclus\u00e3o<\/strong> ou<strong> exclus\u00e3o<\/strong> de matr\u00edcula em disciplinas para a Coordena\u00e7\u00e3o de Curso DG, utilize <a href=\"https:\/\/docs.google.com\/spreadsheets\/d\/1L-0p3LnrjNE2FEo0qi2lvKXZzFkemlyHDC1t7fA_Fj4\/edit?usp=sharing\"><span style=\"color: #3366ff\"><strong>esta PLANILHA<\/strong><\/span>&nbsp;<\/a><\/span>(nas <strong>abas<\/strong> &#8220;<span style=\"color: #ff0000\">matriculas cancelamentos<\/span>&#8221; e &#8220;<span style=\"color: #008000\">matriculas inclus\u00e3o<\/span>&#8220;) e acompanhe, por ali mesmo, o atendimento da sua solicita\u00e7\u00e3o.<\/p>\n<p><span style=\"color: #008000\"><strong>\u25cc <\/strong><\/span>confira dados de <span style=\"color: #3366ff\"><a style=\"color: #3366ff\" href=\"https:\/\/docs.google.com\/spreadsheets\/d\/1LZW9L0UYGT1qLKM7SoOSHse7gAxrkLO1o7VdSX0VUFs\/edit?usp=sharing\"><strong>VAGAS DISPON\u00cdVEIS em disciplinas<\/strong><\/a><\/span>, atualizados diariamente.<\/p>\n<p>&nbsp;<span style=\"color: #999999\">&#8230;&#8230;&#8230;&#8230;&#8230;&#8230;&#8230;&#8230;&#8230;&#8230;&#8230;&#8230;&#8230;&#8230;&#8230;&#8230;&#8230;&#8230;&#8230;&#8230;&#8230;&#8230;&#8230;&#8230;&#8230;&#8230;&#8230;&#8230;&#8230;&#8230;&#8230;&#8230;&#8230;&#8230;&#8230;&#8230;&#8230;&#8230;&#8230;&#8230;&#8230;&#8230;&#8230;.<\/span><\/p>\n<p>&nbsp;<\/p>\n<p><span style=\"color: #ff6600\"><strong>( <\/strong><strong>\u2299<\/strong><strong>&nbsp;<\/strong><strong>\u230a<\/strong> <strong>\u2299<\/strong><strong>)&nbsp;Aten\u00e7\u00e3o!!<\/strong><\/span><\/p>\n<p><span style=\"color: #ff6600\"><strong>\u25cc <\/strong><\/span>disscentes de <span style=\"color: #ff6600\">GRR2020 a 2022<\/span> devem se matricular somente em c\u00f3digos do seu curr\u00edculo 2020 (e.g. <strong>ODTE5<\/strong>)<\/p>\n<p><span style=\"color: #ff6600\"><strong>\u25cc <\/strong><\/span>veteranos\/as de <span style=\"color: #ff6600\">GRR2019&#8230; 2014<\/span> devem se matricular somente nas <strong>&#8220;disciplinas espelho&#8221;<\/strong>, em seus c\u00f3digos, do seu curr\u00edculo <strong>anterior<\/strong> 2016 (e.g. <strong>OD120<\/strong>)<\/p>\n<p><span style=\"color: #ff6600\"><strong>\u25cc <\/strong>tececendos\/as<\/span> matriculem-se em ODAA6, nas letras da disciplina de <strong>seus\/as Orientadores\/as<\/strong>.&nbsp;<\/p>\n<p>obs. Turmas com n\u00famero inferior a <strong>10 (dez)<\/strong> matriculades podem ser canceladas e estes\/as discentes, caso queiram, podem ser remanejados\/as para outras turmas que tenham vagas.<\/p>\n<p><span style=\"color: #999999\">&#8230;&#8230;&#8230;&#8230;&#8230;&#8230;&#8230;&#8230;&#8230;&#8230;&#8230;&#8230;&#8230;&#8230;&#8230;&#8230;&#8230;&#8230;&#8230;&#8230;&#8230;&#8230;&#8230;&#8230;&#8230;&#8230;&#8230;&#8230;&#8230;&#8230;&#8230;&#8230;&#8230;&#8230;&#8230;&#8230;&#8230;&#8230;&#8230;&#8230;&#8230;&#8230;&#8230;.<\/span><\/p>\n<p>&nbsp;<\/p>\n<p><span style=\"color: #3366ff\"><strong>| in\u00edcio das aulas em 06 de junho\/2022<\/strong><\/span><\/p>\n<p>As aulas ocorrer\u00e3o no per\u00edodo da matutino das<span style=\"color: #3366ff\"> <strong>7h30 \u00e0s 12h30<\/strong><\/span> e no per\u00edodo vespertino das <span style=\"color: #3366ff\"><strong>14h00 \u00e0s 17h00<\/strong><\/span>. Obs.: Desconsiderar o hor\u00e1rio no SIGA, pois l\u00e1 s\u00f3 foi poss\u00edvel cadastrar horas inteiras.<\/p>\n<p>&nbsp;<span style=\"color: #999999\">&#8230;&#8230;&#8230;&#8230;&#8230;&#8230;&#8230;&#8230;&#8230;&#8230;&#8230;&#8230;&#8230;&#8230;&#8230;&#8230;&#8230;&#8230;&#8230;&#8230;&#8230;&#8230;&#8230;&#8230;&#8230;&#8230;&#8230;&#8230;&#8230;&#8230;&#8230;&#8230;&#8230;&#8230;&#8230;&#8230;&#8230;&#8230;&#8230;&#8230;&#8230;&#8230;&#8230;.<\/span><\/p>\n<p>&nbsp;<\/p>\n<p><span style=\"color: #99cc00\">&nbsp;|&nbsp;<strong>disciplinas eletivas<\/strong><\/span><\/p>\n<p>Aten\u00e7\u00e3o<span style=\"color: #99cc00\"> <strong>discentes de outros cursos<\/strong><\/span> que se interessem em cursar disciplinas em nosso curso: voc\u00eas devem se matricular somente em<strong><span style=\"color: #99cc00\"> c\u00f3digos do curr\u00edculo novo, <\/span><\/strong>ver na grade hor\u00e1ria, nos campos superiores da grade, conforme o exemplo: <strong><span style=\"color: #99cc00\">ODMP1 A<\/span><\/strong> (turma A) <span style=\"color: #99cc00\">Metacogni\u00e7\u00e3o; <strong>ODRE1<\/strong>; <strong>ODTE2;<\/strong>..<\/span><\/p>\n<p><span style=\"color: #999999\">&#8230;&#8230;&#8230;&#8230;&#8230;&#8230;&#8230;&#8230;&#8230;&#8230;&#8230;&#8230;&#8230;&#8230;&#8230;&#8230;&#8230;&#8230;&#8230;&#8230;&#8230;&#8230;&#8230;&#8230;&#8230;&#8230;&#8230;&#8230;&#8230;&#8230;&#8230;&#8230;&#8230;&#8230;&#8230;&#8230;&#8230;&#8230;&#8230;&#8230;&#8230;&#8230;&#8230;.<\/span><\/p>\n<p>&nbsp;<\/p>\n<p><span style=\"color: #008080\"><strong>| calend\u00e1rio com datas para Design Gr\u00e1fico<\/strong><\/span><\/p>\n<p><a href=\"https:\/\/sacod.ufpr.br\/coordesign\/wp-content\/uploads\/sites\/5\/2022\/05\/2022-Calendario_1semestre.jpg\"><img loading=\"lazy\" decoding=\"async\" class=\"alignnone size-full wp-image-1258\" src=\"https:\/\/sacod.ufpr.br\/coordesign\/wp-content\/uploads\/sites\/5\/2022\/05\/2022-Calendario_1semestre.jpg\" alt=\"\" width=\"2398\" height=\"1526\" srcset=\"https:\/\/sacod.ufpr.br\/coordesign\/wp-content\/uploads\/sites\/5\/2022\/05\/2022-Calendario_1semestre.jpg 2398w, https:\/\/sacod.ufpr.br\/coordesign\/wp-content\/uploads\/sites\/5\/2022\/05\/2022-Calendario_1semestre-300x191.jpg 300w, https:\/\/sacod.ufpr.br\/coordesign\/wp-content\/uploads\/sites\/5\/2022\/05\/2022-Calendario_1semestre-768x489.jpg 768w, https:\/\/sacod.ufpr.br\/coordesign\/wp-content\/uploads\/sites\/5\/2022\/05\/2022-Calendario_1semestre-1024x652.jpg 1024w\" sizes=\"auto, (max-width: 2398px) 100vw, 2398px\" \/><\/a><\/p>\n<p>&nbsp;<\/p>\n<p><strong><span style=\"color: #33cccc\">\u0669(\u02d8\u25e1\u02d8)\u06f6&nbsp;comprovante vacinal para atividades presenciais<\/span><\/strong><\/p>\n<p>Em uma sess\u00e3o extraordin\u00e1ria e remota, o Conselho Universit\u00e1rio (Coun) da Universidade Federal do Paran\u00e1 aprovou, por unanimidade, nesta quarta-feira (12), a necessidade de <strong>apresenta\u00e7\u00e3o do comprovante vacinal contra a Covid-19<\/strong> para acesso e perman\u00eancia nas depend\u00eancias da institui\u00e7\u00e3o. O passaporte vacinal ser\u00e1 solicitado a <strong>professores, alunos, t\u00e9cnicos, terceirizados e comunidade externa<\/strong>.<\/p>\n<p>Veja a informa\u00e7\u00e3o completa <a href=\"https:\/\/www.ufpr.brufpr\/noticias\/ufpr-aprova-apresentacao-do-comprovante-vacinal-para-atividades-presenciais\/\">nesta p\u00e1gina<\/a>.<\/p>\n<p><span style=\"color: #999999\">&#8230;&#8230;&#8230;&#8230;&#8230;&#8230;&#8230;&#8230;&#8230;&#8230;&#8230;&#8230;&#8230;&#8230;&#8230;&#8230;&#8230;&#8230;&#8230;&#8230;&#8230;&#8230;&#8230;&#8230;&#8230;&#8230;&#8230;&#8230;&#8230;&#8230;&#8230;&#8230;&#8230;&#8230;&#8230;&#8230;&#8230;&#8230;&#8230;&#8230;&#8230;&#8230;&#8230;.<\/span><\/p>\n<p>&nbsp;<\/p>\n<p><span style=\"color: #00ccff\"><strong>\u2312<\/strong><strong>(o<\/strong><strong>\uff3e\u25bd\uff3e<\/strong><strong>o)<\/strong><strong>\u30ce\uff9f<\/strong><strong>&#8230; Observa\u00e7\u00f5es e Recomenda\u00e7\u00f5es !!<\/strong><\/span><\/p>\n<p>\u25cc Nesta oferta a <span style=\"color: #00ccff\"><strong>carga hor\u00e1ria m\u00ednima<\/strong><\/span> a se matricular ser\u00e1 de<strong><span style=\"color: #00ccff\">&nbsp;130 horas<\/span><\/strong> e a <span style=\"color: #00ccff\"><strong>carga hor\u00e1ria m\u00e1xima 730<\/strong>&nbsp;horas<\/span>.<\/p>\n<p>\u25cc <strong>Discentes do curr\u00edculo novo<\/strong> devem fazer <strong>240 horas de ACEs<\/strong> &#8211; Atividades Curriculares de Extens\u00e3o, sendo o ideal de 40 horas por semestre. <span style=\"color: #00ccff\">N\u00e3o deixe para a \u00faltima hora, <\/span>veja as disciplinas <strong>ODACE<\/strong>s e os projetos de extens\u00e3o relacionados ao Curso de Design Gr\u00e1fico:<\/p>\n<p style=\"padding-left: 30px\">&#8211; coLAB Design UFPR &#8211; colabora\u00e7\u00e3o para o desenvolvimento de artefatos, de tecnologias e de processos metodol\u00f3gicos educacionais e\/ou instrucionais <span style=\"font-weight: 400\">(profs. Carol Calomeno, Juliana Bueno, Stephania Padovani e Daniella Munhoz)<\/span><\/p>\n<p style=\"padding-left: 30px\">&#8211;&nbsp;Service Design LAB UFPR [prof. Naotake Fukushima]<\/p>\n<p style=\"padding-left: 30px\">&#8211;&nbsp;Desenvolvimento de materiais gr\u00e1fico-informacionais e de comunica\u00e7\u00e3o de risco para popula\u00e7\u00e3o de baixa escolaridade <span style=\"font-weight: 400\">(profs. Kelli Smythe e Juliana Bueno)<\/span><\/p>\n<p>\u25cc&nbsp;As <span style=\"color: #00ccff\">AFCs &#8211;<\/span>&nbsp;<strong><span style=\"color: #00ccff\">Atividades Formativas Complementares<\/span><\/strong> precisam ser desenvolvidas ao longo dos semestres, sendo o ideal de 30 horas por semestre. <span style=\"color: #00ccff\">N\u00e3o deixe para a \u00faltima hora, no \u00faltimo semestre!!!<\/span><\/p>\n<div>\n<div>Discentes do 7\u00ba\/8\u00ba per\u00edodo que j\u00e1 tenham somado <span style=\"color: #00ccff\">180 horas<\/span> podem solicitar valida\u00e7\u00e3o no per\u00edodo espec\u00edfico (<a href=\"https:\/\/sacod.ufpr.br\/coordesign\/atividades-formativas-complementares-dg\/\">ver arquivos e cronograma<\/a>).<\/div>\n<\/div>\n<p><span style=\"color: #999999\">&#8230;&#8230;&#8230;&#8230;&#8230;&#8230;&#8230;&#8230;&#8230;&#8230;&#8230;&#8230;&#8230;&#8230;&#8230;&#8230;&#8230;&#8230;&#8230;&#8230;&#8230;&#8230;&#8230;&#8230;&#8230;&#8230;&#8230;&#8230;&#8230;&#8230;&#8230;&#8230;&#8230;&#8230;&#8230;&#8230;&#8230;&#8230;&#8230;&#8230;&#8230;&#8230;&#8230;.<\/span><\/p>\n<p>&nbsp;<\/p>\n<p>Se voc\u00ea ainda tiver alguma d\u00favida, nos escreva!&nbsp; &nbsp; (\uff61\u2022\u0300\u1d17-)\u2727&nbsp; &nbsp;ufpr.design.coord@gmail.com&nbsp;<\/p>\n<p><strong>Fiquem bem e continuem a se cuidar!<\/strong><strong>&nbsp;<\/strong><\/p>\n<p>(((;\u25d4\u1d17\u25d4;))) carolcalomeno |<span style=\"color: #999999\">&nbsp;coordenadora de curso<\/span><\/p>\n","protected":false},"excerpt":{"rendered":"<p>Bemvindes ao 1\u00ba semeste de 2022 no Design Gr\u00e1fico!!&nbsp; \u2312(o\uff3e\u25bd\uff3eo)\u30ce\uff9f Informa\u00e7\u00f5es, arquivos e links para matr\u00edcula no 1\u00ba semestre\/2022,&nbsp; de 06jun a 17set\/2022 &#8230;&#8230;&#8230;&#8230;&#8230;&#8230;&#8230;&#8230;&#8230;&#8230;&#8230;&#8230;&#8230;&#8230;&#8230;&#8230;&#8230;&#8230;&#8230;&#8230;&#8230;&#8230;&#8230;&#8230;&#8230;&#8230;&#8230;&#8230;&#8230;&#8230;&#8230;&#8230;&#8230;&#8230;&#8230;&#8230;&#8230;&#8230;&#8230;&#8230;&#8230;&#8230;&#8230;. &nbsp; ( \u2299&nbsp;\u230a \u2299&nbsp;)&nbsp;DATAS IMPORTANTES!! \u25cc&nbsp;21 a 25mai | solicita\u00e7\u00e3o de MATR\u00cdCULA pelos\/as discentes, direto no SIGA; \u25cc&nbsp;26 e 27mai | processamento de MATR\u00cdCULAS; \u25cc&nbsp;30 e 31mai | AJUSTE de matr\u00edcula [&hellip;]<\/p>\n","protected":false},"author":1766,"featured_media":0,"parent":0,"menu_order":0,"comment_status":"closed","ping_status":"closed","template":"","meta":{"_acf_changed":false,"ngg_post_thumbnail":0,"footnotes":""},"class_list":["post-732","page","type-page","status-publish","hentry"],"acf":[],"_links":{"self":[{"href":"https:\/\/sacod.ufpr.br\/coordesign\/wp-json\/wp\/v2\/pages\/732","targetHints":{"allow":["GET"]}}],"collection":[{"href":"https:\/\/sacod.ufpr.br\/coordesign\/wp-json\/wp\/v2\/pages"}],"about":[{"href":"https:\/\/sacod.ufpr.br\/coordesign\/wp-json\/wp\/v2\/types\/page"}],"author":[{"embeddable":true,"href":"https:\/\/sacod.ufpr.br\/coordesign\/wp-json\/wp\/v2\/users\/1766"}],"replies":[{"embeddable":true,"href":"https:\/\/sacod.ufpr.br\/coordesign\/wp-json\/wp\/v2\/comments?post=732"}],"version-history":[{"count":84,"href":"https:\/\/sacod.ufpr.br\/coordesign\/wp-json\/wp\/v2\/pages\/732\/revisions"}],"predecessor-version":[{"id":1267,"href":"https:\/\/sacod.ufpr.br\/coordesign\/wp-json\/wp\/v2\/pages\/732\/revisions\/1267"}],"wp:attachment":[{"href":"https:\/\/sacod.ufpr.br\/coordesign\/wp-json\/wp\/v2\/media?parent=732"}],"curies":[{"name":"wp","href":"https:\/\/api.w.org\/{rel}","templated":true}]}}