{"id":722,"date":"2020-06-24T16:39:53","date_gmt":"2020-06-24T16:39:53","guid":{"rendered":"https:\/\/sacod.ufpr.br\/coordesign\/?page_id=722"},"modified":"2020-06-24T16:41:00","modified_gmt":"2020-06-24T16:41:00","slug":"planejamento-estrategico-design-de-produto","status":"publish","type":"page","link":"https:\/\/sacod.ufpr.br\/coordesign\/planejamento-estrategico-design-de-produto\/","title":{"rendered":"Planejamento Estrat\u00e9gico &#8211; Design de Produto"},"content":{"rendered":"<p><a href=\"https:\/\/sacod.ufpr.br\/coordesign\/wp-content\/uploads\/sites\/5\/2020\/06\/Planejamento-estrat\u00e9gico-Coordena\u00e7\u00e3o-DP-2020-2022.pdf\">Planejamento estrat\u00e9gico &#8211; Curso de Design de Produto &#8211; 2020-2022<\/a><\/p>\n","protected":false},"excerpt":{"rendered":"<p>Planejamento estrat\u00e9gico &#8211; Curso de Design de Produto &#8211; 2020-2022<\/p>\n","protected":false},"author":1767,"featured_media":0,"parent":0,"menu_order":0,"comment_status":"closed","ping_status":"closed","template":"","meta":{"_acf_changed":false,"ngg_post_thumbnail":0,"footnotes":""},"class_list":["post-722","page","type-page","status-publish","hentry"],"acf":[],"_links":{"self":[{"href":"https:\/\/sacod.ufpr.br\/coordesign\/wp-json\/wp\/v2\/pages\/722","targetHints":{"allow":["GET"]}}],"collection":[{"href":"https:\/\/sacod.ufpr.br\/coordesign\/wp-json\/wp\/v2\/pages"}],"about":[{"href":"https:\/\/sacod.ufpr.br\/coordesign\/wp-json\/wp\/v2\/types\/page"}],"author":[{"embeddable":true,"href":"https:\/\/sacod.ufpr.br\/coordesign\/wp-json\/wp\/v2\/users\/1767"}],"replies":[{"embeddable":true,"href":"https:\/\/sacod.ufpr.br\/coordesign\/wp-json\/wp\/v2\/comments?post=722"}],"version-history":[{"count":2,"href":"https:\/\/sacod.ufpr.br\/coordesign\/wp-json\/wp\/v2\/pages\/722\/revisions"}],"predecessor-version":[{"id":726,"href":"https:\/\/sacod.ufpr.br\/coordesign\/wp-json\/wp\/v2\/pages\/722\/revisions\/726"}],"wp:attachment":[{"href":"https:\/\/sacod.ufpr.br\/coordesign\/wp-json\/wp\/v2\/media?parent=722"}],"curies":[{"name":"wp","href":"https:\/\/api.w.org\/{rel}","templated":true}]}}